{"id":2195,"date":"2022-06-10T07:11:23","date_gmt":"2022-06-10T07:11:23","guid":{"rendered":"https:\/\/mlm-engineering.com\/?page_id=2195"},"modified":"2022-07-31T12:50:22","modified_gmt":"2022-07-31T12:50:22","slug":"splosni-pogoji","status":"publish","type":"page","link":"https:\/\/mlm-engineering.com\/cs\/splosni-pogoji\/","title":{"rendered":"V\u0161eobecn\u00e9 podm\u00ednky"},"content":{"rendered":"<div data-elementor-type=\"wp-page\" data-elementor-id=\"2195\" class=\"elementor elementor-2195\">\n\t\t\t\t\t\t<section class=\"elementor-section elementor-top-section elementor-element elementor-element-676f2f3 elementor-section-boxed elementor-section-height-default elementor-section-height-default\" data-id=\"676f2f3\" data-element_type=\"section\" data-settings=\"{&quot;background_background&quot;:&quot;classic&quot;}\">\n\t\t\t\t\t\t<div class=\"elementor-container elementor-column-gap-default\">\n\t\t\t\t\t<div class=\"elementor-column elementor-col-100 elementor-top-column elementor-element elementor-element-cda71a6\" data-id=\"cda71a6\" data-element_type=\"column\">\n\t\t\t<div class=\"elementor-widget-wrap elementor-element-populated\">\n\t\t\t\t\t\t<div class=\"elementor-element elementor-element-53e4b40 elementor-widget elementor-widget-heading\" data-id=\"53e4b40\" data-element_type=\"widget\" data-widget_type=\"heading.default\">\n\t\t\t\t<div class=\"elementor-widget-container\">\n\t\t\t<h2 class=\"elementor-heading-title elementor-size-default\">V\u0161eobecn\u00e9 podm\u00ednky<\/h2>\t\t<\/div>\n\t\t\t\t<\/div>\n\t\t\t\t<div class=\"elementor-element elementor-element-cfd40ef elementor-widget elementor-widget-text-editor\" data-id=\"cfd40ef\" data-element_type=\"widget\" data-widget_type=\"text-editor.default\">\n\t\t\t\t<div class=\"elementor-widget-container\">\n\t\t\t\t\t\t\t<p>Tyto podm\u00ednky stanovuj\u00ed pravidla a p\u0159edpisy pro pou\u017e\u00edv\u00e1n\u00ed webov\u00fdch str\u00e1nek spole\u010dnosti MLM ENGINEERING MIHA FLANDER S.P., ENGINEERING um\u00edst\u011bn\u00fdch na adrese https:\/\/mlm-engineering.com\/ a v\u0161ech jej\u00edch subdom\u00e9n. Vstupem na tyto webov\u00e9 str\u00e1nky p\u0159edpokl\u00e1d\u00e1me, \u017ee tyto podm\u00ednky p\u0159ij\u00edm\u00e1te. Pokud nesouhlas\u00edte se v\u0161emi podm\u00ednkami uveden\u00fdmi na t\u00e9to str\u00e1nce, nepokra\u010dujte v pou\u017e\u00edv\u00e1n\u00ed str\u00e1nek https:\/\/mlm-engineering.com\/.<\/p><p>Pro tyto podm\u00ednky, prohl\u00e1\u0161en\u00ed o ochran\u011b osobn\u00edch \u00fadaj\u016f a prohl\u00e1\u0161en\u00ed o vylou\u010den\u00ed odpov\u011bdnosti a v\u0161echny dohody plat\u00ed n\u00e1sleduj\u00edc\u00ed terminologie: \"z\u00e1kazn\u00edk\", \"vy\" a \"v\u00e1\u0161\" se vztahuje na v\u00e1s, osobu, kter\u00e1 se zaregistruje na t\u011bchto webov\u00fdch str\u00e1nk\u00e1ch a podl\u00e9h\u00e1 podm\u00ednk\u00e1m spole\u010dnosti. \"Spole\u010dnost\", \"vy\", \"my\", \"na\u0161e\" a \"n\u00e1s\" se vztahuje na na\u0161i spole\u010dnost. \"Z\u00e1kazn\u00edk\", \"Strany\" nebo \"My\" odkazuje na z\u00e1kazn\u00edka i na n\u00e1s. Ve\u0161ker\u00e9 podm\u00ednky se vztahuj\u00ed na nab\u00eddku, p\u0159ijet\u00ed a \u00fahradu plateb nezbytn\u00fdch k proveden\u00ed procesu na\u0161\u00ed pomoci z\u00e1kazn\u00edkovi co nej\u00fa\u010deln\u011bj\u0161\u00edm zp\u016fsobem za v\u00fdslovn\u00fdm \u00fa\u010delem uspokojen\u00ed pot\u0159eb z\u00e1kazn\u00edka p\u0159i poskytov\u00e1n\u00ed v\u00fd\u0161e uveden\u00fdch slu\u017eeb v souladu s platn\u00fdmi slovinsk\u00fdmi pr\u00e1vn\u00edmi p\u0159edpisy a s jejich v\u00fdhradou. Jak\u00e9koli pou\u017eit\u00ed v\u00fd\u0161e uveden\u00e9 terminologie nebo jin\u00fdch slov v jednotn\u00e9m \u010d\u00edsle, mno\u017en\u00e9m \u010d\u00edsle, s velk\u00fdm po\u010d\u00e1te\u010dn\u00edm p\u00edsmenem a\/nebo on\/ona nebo oni se pova\u017euje za zam\u011bniteln\u00e9, a proto se vztahuje na tot\u00e9\u017e.<\/p><p><strong>Soubory cookie<\/strong><\/p><p>Tyto webov\u00e9 str\u00e1nky pou\u017e\u00edvaj\u00ed soubory cookie. P\u0159\u00edstupem na str\u00e1nky https:\/\/mlm-engineering.com\/ jste souhlasili s pou\u017e\u00edv\u00e1n\u00edm soubor\u016f cookie v souladu s MLM ENGINEERING MIHA FLANDER S.P., ENGINEERING, a se z\u00e1sadami ochrany osobn\u00edch \u00fadaj\u016f t\u011bchto str\u00e1nek. V\u011bt\u0161ina interaktivn\u00edch webov\u00fdch str\u00e1nek pou\u017e\u00edv\u00e1 soubory cookie, kter\u00e9 n\u00e1m umo\u017e\u0148uj\u00ed z\u00edskat \u00fadaje o u\u017eivateli p\u0159i ka\u017ed\u00e9 n\u00e1v\u0161t\u011bv\u011b. Na na\u0161ich webov\u00fdch str\u00e1nk\u00e1ch pou\u017e\u00edv\u00e1me soubory cookie, abychom umo\u017enili funk\u010dnost ur\u010dit\u00fdch oblast\u00ed a usnadnili jejich pou\u017e\u00edv\u00e1n\u00ed n\u00e1v\u0161t\u011bvn\u00edk\u016fm, kte\u0159\u00ed na\u0161e webov\u00e9 str\u00e1nky nav\u0161t\u00edv\u00ed. Soubory cookie t\u0159et\u00edch stran mohou pou\u017e\u00edvat tak\u00e9 n\u011bkte\u0159\u00ed na\u0161i affiliate \/ reklamn\u00ed partne\u0159i.<\/p><p><strong>Licence<\/strong><\/p><p>Pokud nen\u00ed uvedeno jinak, jsou vlastn\u00edky pr\u00e1v du\u0161evn\u00edho vlastnictv\u00ed k ve\u0161ker\u00e9mu materi\u00e1lu na https:\/\/mlm-engineering.com\/ spole\u010dnosti MLM ENGINEERING MIHA FLANDER S.P., ENGINEERING a\/nebo poskytovatel\u00e9 licence na tyto webov\u00e9 str\u00e1nky. V\u0161echna pr\u00e1va du\u0161evn\u00edho vlastnictv\u00ed jsou vyhrazena. P\u0159\u00edstup na str\u00e1nky https:\/\/mlm-engineering.com\/ m\u016f\u017eete z\u00edskat pro vlastn\u00ed pot\u0159ebu s v\u00fdhradou omezen\u00ed uveden\u00fdch v t\u011bchto podm\u00ednk\u00e1ch.<\/p><p>Nesm\u00edte:<\/p><ul><li>Zve\u0159ejn\u011bn\u00ed materi\u00e1lu https:\/\/mlm-engineering.com\/brez opr\u00e1vn\u011bn\u00ed.<\/li><li>Prod\u00e1vat, p\u016fj\u010dovat nebo poskytovat sublicence na materi\u00e1l se souhlasem https:\/\/mlm-engineering.com\/brez.<\/li><li>Reprodukovat, kop\u00edrovat nebo rozmno\u017eovat materi\u00e1l lze pouze se svolen\u00edm https:\/\/mlm-engineering.com\/brez.<\/li><li>Dal\u0161\u00ed \u0161\u00ed\u0159en\u00ed obsahu s povolen\u00edm https:\/\/mlm-engineering.com\/brez.<\/li><\/ul><p>Tato dohoda vstupuje v platnost dnem uzav\u0159en\u00ed t\u00e9to dohody nebo p\u0159\u00edm\u00fdm p\u0159\u00edstupem na na\u0161e webov\u00e9 str\u00e1nky.<\/p><p>N\u011bkter\u00e9 \u010d\u00e1sti t\u011bchto webov\u00fdch str\u00e1nek nab\u00edzej\u00ed u\u017eivatel\u016fm mo\u017enost zve\u0159ej\u0148ovat a sd\u00edlet n\u00e1zory a informace o konkr\u00e9tn\u00edch oblastech webov\u00fdch str\u00e1nek. Spole\u010dnost MLM ENGINEERING MIHA FLANDER S.P., ENGINEERING nefiltruje, neupravuje, nezve\u0159ej\u0148uje ani nep\u0159ezkoum\u00e1v\u00e1 koment\u00e1\u0159e p\u0159edt\u00edm, ne\u017e se na str\u00e1nk\u00e1ch objev\u00ed. Koment\u00e1\u0159e neodr\u00e1\u017eej\u00ed n\u00e1zory a stanoviska spole\u010dnosti MLM ENGINEERING MIHA FLANDER S.P., ENGINEERING , jej\u00edch z\u00e1stupc\u016f a\/nebo p\u0159idru\u017een\u00fdch spole\u010dnost\u00ed. Koment\u00e1\u0159e odr\u00e1\u017eej\u00ed n\u00e1zory a stanoviska osoby, kter\u00e1 n\u00e1zor zve\u0159ejnila. V rozsahu povolen\u00e9m p\u0159\u00edslu\u0161n\u00fdmi pr\u00e1vn\u00edmi p\u0159edpisy nenese spole\u010dnost MLM ENGINEERING MIHA FLANDER S.P., ENGINEERING , odpov\u011bdnost za Koment\u00e1\u0159e ani za jakoukoli odpov\u011bdnost, \u0161kody nebo v\u00fddaje jak\u00e9hokoli druhu vznikl\u00e9 a\/nebo utrp\u011bn\u00e9 v d\u016fsledku pou\u017eit\u00ed a\/nebo zve\u0159ejn\u011bn\u00ed a\/nebo zobrazen\u00ed Koment\u00e1\u0159\u016f na t\u011bchto webov\u00fdch str\u00e1nk\u00e1ch.<\/p><p>MLM ENGINEERING MIHA FLANDER S.P., ENGINEERING si vyhrazuje pr\u00e1vo sledovat v\u0161echny koment\u00e1\u0159e a odstranit koment\u00e1\u0159e, kter\u00e9 by mohly b\u00fdt pova\u017eov\u00e1ny za nevhodn\u00e9, ur\u00e1\u017eliv\u00e9 nebo by mohly zp\u016fsobit poru\u0161en\u00ed t\u011bchto podm\u00ednek.<\/p><p>Zaru\u010dujete a prohla\u0161ujete, \u017ee:<\/p><ul><li>jste opr\u00e1vn\u011bni zve\u0159ej\u0148ovat koment\u00e1\u0159e na na\u0161ich webov\u00fdch str\u00e1nk\u00e1ch a m\u00e1te k tomu pot\u0159ebn\u00e1 povolen\u00ed a souhlasy;<\/li><li>koment\u00e1\u0159e neporu\u0161uj\u00ed \u017e\u00e1dn\u00e1 pr\u00e1va du\u0161evn\u00edho vlastnictv\u00ed, v\u010detn\u011b autorsk\u00fdch pr\u00e1v, patent\u016f nebo ochrann\u00fdch zn\u00e1mek t\u0159et\u00edch stran;<\/li><li>Koment\u00e1\u0159e neobsahuj\u00ed \u017e\u00e1dn\u00fd hanliv\u00fd, pomlouva\u010dn\u00fd, hanliv\u00fd, obsc\u00e9nn\u00ed nebo jinak nez\u00e1konn\u00fd materi\u00e1l, kter\u00fd by p\u0159edstavoval z\u00e1sah do soukrom\u00ed;<\/li><li>Koment\u00e1\u0159e nebudou pou\u017e\u00edv\u00e1ny k nav\u00e1d\u011bn\u00ed k prodeji nebo k propagaci prodeje nebo k prezentaci komer\u010dn\u00edch \u010di neleg\u00e1ln\u00edch aktivit.<\/li><\/ul><p>T\u00edmto ud\u011blujete spole\u010dnosti MLM ENGINEERING MIHA FLANDER S.P., ENGINEERING nev\u00fdhradn\u00ed licenci k pou\u017e\u00edv\u00e1n\u00ed, reprodukci, \u00faprav\u00e1m a k opr\u00e1vn\u011bn\u00ed ostatn\u00edch pou\u017e\u00edvat, reprodukovat a upravovat va\u0161e koment\u00e1\u0159e v jak\u00e9koli form\u011b, podob\u011b nebo m\u00e9diu.<\/p><p><strong>Hypertextov\u00fd odkaz na n\u00e1\u0161 obsah<\/strong><\/p><p>N\u00e1sleduj\u00edc\u00ed organizace mohou na na\u0161e webov\u00e9 str\u00e1nky odkazovat bez p\u0159edchoz\u00edho p\u00edsemn\u00e9ho souhlasu:<\/p><ul><li>vl\u00e1dn\u00ed agentury<\/li><li>vyhled\u00e1va\u010de;<\/li><li>Novinky;<\/li><li>distributo\u0159i online katalog\u016f, kte\u0159\u00ed mohou odkazovat na na\u0161e webov\u00e9 str\u00e1nky stejn\u00fdm zp\u016fsobem jako hypertextov\u00e9 odkazy na webov\u00e9 str\u00e1nky jin\u00fdch spole\u010dnost\u00ed uveden\u00fdch na seznamu; a<\/li><li>akreditovan\u00e9 podniky v cel\u00e9m syst\u00e9mu, s v\u00fdjimkou neziskov\u00fdch organizac\u00ed, charitativn\u00edch obchod\u016f a skupin pro sb\u00edrku finan\u010dn\u00edch prost\u0159edk\u016f, kter\u00e9 nesm\u011bj\u00ed na na\u0161e webov\u00e9 str\u00e1nky odkazovat.<\/li><\/ul><p>Tyto organizace mohou odkazovat na na\u0161i domovskou str\u00e1nku, publikace nebo jin\u00e9 informace na webov\u00fdch str\u00e1nk\u00e1ch za p\u0159edpokladu, \u017ee odkaz: (a) nen\u00ed v \u017e\u00e1dn\u00e9m p\u0159\u00edpad\u011b klamav\u00fd; (b) nevhodn\u011b nesponzoruje, neschvaluje nebo neschvaluje odkazovanou str\u00e1nku a jej\u00ed produkty a\/nebo slu\u017eby; a (c) zapad\u00e1 do kontextu webov\u00fdch str\u00e1nek odkazovan\u00e9 strany.<\/p><p>M\u016f\u017eeme zv\u00e1\u017eit a schv\u00e1lit dal\u0161\u00ed \u017e\u00e1dosti o odkazy od n\u00e1sleduj\u00edc\u00edch typ\u016f organizac\u00ed:<\/p><ul><li>b\u011b\u017en\u011b zn\u00e1m\u00e9 zdroje spot\u0159ebitelsk\u00fdch a\/nebo obchodn\u00edch informac\u00ed;<\/li><li>community dot.com<\/li><li>sdru\u017een\u00ed nebo jin\u00fdch skupin zastupuj\u00edc\u00edch charitativn\u00ed organizace;<\/li><li>online adres\u00e1\u0159 distributor\u016f;<\/li><li>internetov\u00e9 port\u00e1ly;<\/li><li>\u00fa\u010detn\u00ed, pr\u00e1vn\u00ed a poradensk\u00e9 firmy a<\/li><li>vzd\u011bl\u00e1vac\u00ed instituce a obchodn\u00ed sdru\u017een\u00ed.<\/li><\/ul><p>\u017d\u00e1dosti o odkaz od t\u011bchto organizac\u00ed schv\u00e1l\u00edme, pokud rozhodneme, \u017ee: a) nebudeme vypadat nevhodn\u011b pro sebe nebo pro na\u0161e akreditovan\u00e9 spole\u010dnosti; b) organizace u n\u00e1s nem\u00e1 negativn\u00ed z\u00e1znamy; c) p\u0159\u00ednos viditelnosti hypertextov\u00e9ho odkazu pro n\u00e1s je vyv\u00e1\u017een absenc\u00ed spole\u010dnosti MLM ENGINEERING MIHA FLANDER S.P., ENGINEERING; a d) odkaz je v kontextu obecn\u00fdch informac\u00ed o zdroji.<\/p><p>Tyto organizace mohou odkazovat na na\u0161i domovskou str\u00e1nku, pokud odkaz: (a) nen\u00ed \u017e\u00e1dn\u00fdm zp\u016fsobem klamav\u00fd; (b) nevhodn\u00fdm zp\u016fsobem nesponzoruje, neschvaluje ani neschvaluje odkazuj\u00edc\u00ed str\u00e1nku a jej\u00ed produkty nebo slu\u017eby; a (c) zapad\u00e1 do kontextu str\u00e1nky odkazuj\u00edc\u00ed strany. Pokud jste jednou z v\u00fd\u0161e uveden\u00fdch organizac\u00ed a m\u00e1te z\u00e1jem odkazovat na na\u0161e webov\u00e9 str\u00e1nky, mus\u00edte n\u00e1s o tom informovat zasl\u00e1n\u00edm e-mailu na adresu info@mlm-engineering.com\/.<\/p><p>Uve\u010fte pros\u00edm sv\u00e9 jm\u00e9no, n\u00e1zev organizace, kontaktn\u00ed \u00fadaje a tak\u00e9 adresu URL sv\u00fdch webov\u00fdch str\u00e1nek, seznam v\u0161ech adres URL, ze kter\u00fdch hodl\u00e1te odkazovat na na\u0161e webov\u00e9 str\u00e1nky, a seznam adres URL na na\u0161ich webov\u00fdch str\u00e1nk\u00e1ch, na kter\u00e9 chcete odkazovat. Na odpov\u011b\u010f si pros\u00edm vyhra\u010fte 2-3 t\u00fddny.<\/p><p>Schv\u00e1len\u00e9 organizace mohou na na\u0161e webov\u00e9 str\u00e1nky odkazovat:<\/p><ul><li>pou\u017e\u00edvat n\u00e1zev na\u0161\u00ed spole\u010dnosti nebo<\/li><li>pomoc\u00ed jedin\u00e9ho lok\u00e1toru prost\u0159edk\u016f, kter\u00fd je propojen s nebo<\/li><li>pou\u017eit\u00edm jak\u00e9hokoli jin\u00e9ho popisu na\u0161ich webov\u00fdch str\u00e1nek, kter\u00fd souvis\u00ed s t\u00edm, co d\u00e1v\u00e1 smysl v kontextu a form\u00e1tu obsahu webov\u00fdch str\u00e1nek odkazovan\u00e9 strany.<\/li><\/ul><p>V p\u0159\u00edpad\u011b neexistence licen\u010dn\u00ed smlouvy na ochrannou zn\u00e1mku nen\u00ed povoleno pou\u017e\u00edvat logo spole\u010dnosti MLM ENGINEERING MIHA FLANDER S.P., ENGINEERING ani jin\u00fd obsah odkazu.<\/p><p><strong>iFrame<\/strong><\/p><p>Na na\u0161ich webov\u00fdch str\u00e1nk\u00e1ch nesm\u00edte vytv\u00e1\u0159et r\u00e1my, kter\u00e9 by jak\u00fdmkoli zp\u016fsobem m\u011bnily vizu\u00e1ln\u00ed prezentaci nebo vzhled na\u0161ich webov\u00fdch str\u00e1nek bez na\u0161eho p\u0159edchoz\u00edho souhlasu a p\u00edsemn\u00e9ho povolen\u00ed.<\/p><p><strong>Hmotn\u00e1 odpov\u011bdnost<\/strong><\/p><p>Nejsme zodpov\u011bdn\u00ed za \u017e\u00e1dn\u00fd obsah, kter\u00fd se na va\u0161ich webov\u00fdch str\u00e1nk\u00e1ch objev\u00ed. Souhlas\u00edte s t\u00edm, \u017ee n\u00e1s od\u0161kodn\u00edte, ochr\u00e1n\u00edte a zbav\u00edte odpov\u011bdnosti za jak\u00e9koli n\u00e1roky, kter\u00e9 se objev\u00ed na va\u0161ich webov\u00fdch str\u00e1nk\u00e1ch. Na \u017e\u00e1dn\u00e9 webov\u00e9 str\u00e1nce se nesm\u00ed objevit odkaz, kter\u00fd by mohl b\u00fdt pova\u017eov\u00e1n za nepravdiv\u00fd, obsc\u00e9nn\u00ed nebo trestn\u00fd, nebo kter\u00fd poru\u0161uje, jinak poru\u0161uje nebo propaguje poru\u0161en\u00ed nebo jin\u00e9 poru\u0161en\u00ed pr\u00e1v jak\u00e9koli t\u0159et\u00ed strany.<\/p><p><strong>V\u00fdhrada pr\u00e1v<\/strong><\/p><p>Vyhrazujeme si pr\u00e1vo po\u017e\u00e1dat v\u00e1s o odstran\u011bn\u00ed odkaz\u016f nebo konkr\u00e9tn\u00edho odkazu na na\u0161e webov\u00e9 str\u00e1nky. Souhlas\u00edte s t\u00edm, \u017ee na po\u017e\u00e1d\u00e1n\u00ed okam\u017eit\u011b odstran\u00edte v\u0161echny odkazy na na\u0161e webov\u00e9 str\u00e1nky. Vyhrazujeme si tak\u00e9 pr\u00e1vo kdykoli zm\u011bnit tyto podm\u00ednky a z\u00e1sady odkazov\u00e1n\u00ed. Trval\u00fdm odkazov\u00e1n\u00edm na na\u0161e webov\u00e9 str\u00e1nky souhlas\u00edte s t\u00edm, \u017ee se t\u011bmito podm\u00ednkami budete \u0159\u00eddit a budete je dodr\u017eovat.<\/p><p><strong>Odstran\u011bn\u00ed odkaz\u016f z na\u0161ich webov\u00fdch str\u00e1nek<\/strong><\/p><p>Pokud na na\u0161ich webov\u00fdch str\u00e1nk\u00e1ch najdete odkaz, kter\u00fd je z jak\u00e9hokoli d\u016fvodu ur\u00e1\u017eliv\u00fd, m\u016f\u017eete n\u00e1s kdykoli kontaktovat a informovat n\u00e1s o tom. \u017d\u00e1dosti o odstran\u011bn\u00ed odkaz\u016f zv\u00e1\u017e\u00edme, ale nejsme povinni na n\u011b p\u0159\u00edmo reagovat. Nezaru\u010dujeme, \u017ee informace na t\u011bchto webov\u00fdch str\u00e1nk\u00e1ch jsou spr\u00e1vn\u00e9, ani neru\u010d\u00edme za jejich \u00faplnost nebo p\u0159esnost; neslibujeme ani, \u017ee webov\u00e9 str\u00e1nky z\u016fstanou dostupn\u00e9 nebo \u017ee materi\u00e1ly na nich budou aktualizov\u00e1ny.<\/p><p><strong>Odm\u00edtnut\u00ed odpov\u011bdnosti<\/strong><\/p><p>V maxim\u00e1ln\u00edm rozsahu povolen\u00e9m platn\u00fdmi z\u00e1kony vylu\u010dujeme ve\u0161ker\u00e1 prohl\u00e1\u0161en\u00ed, z\u00e1ruky a podm\u00ednky t\u00fdkaj\u00edc\u00ed se na\u0161ich webov\u00fdch str\u00e1nek a jejich pou\u017e\u00edv\u00e1n\u00ed. \u017d\u00e1dn\u00e9 z ustanoven\u00ed tohoto prohl\u00e1\u0161en\u00ed o vylou\u010den\u00ed odpov\u011bdnosti se nevztahuje na:<\/p><p>Omezen\u00ed a z\u00e1kazy odpov\u011bdnosti uveden\u00e9 v tomto odd\u00edle a na jin\u00fdch m\u00edstech tohoto Prohl\u00e1\u0161en\u00ed o vylou\u010den\u00ed odpov\u011bdnosti: (a) se vztahuj\u00ed na p\u0159edchoz\u00ed odstavec; a (b) upravuj\u00ed v\u0161echny z\u00e1vazky vypl\u00fdvaj\u00edc\u00ed z Prohl\u00e1\u0161en\u00ed o vylou\u010den\u00ed odpov\u011bdnosti, v\u010detn\u011b smluvn\u00edch z\u00e1vazk\u016f vypl\u00fdvaj\u00edc\u00edch ze smlouvy, n\u00e1hrady \u0161kody a poru\u0161en\u00ed z\u00e1konn\u00e9 povinnosti.<\/p><p>Dokud nebudou webov\u00e9 str\u00e1nky a informace a slu\u017eby na nich dostupn\u00e9 bezplatn\u011b, neneseme odpov\u011bdnost za p\u0159\u00edpadn\u00e9 ztr\u00e1ty nebo \u0161kody.<\/p><p><strong>Mimosoudn\u00ed \u0159e\u0161en\u00ed spot\u0159ebitelsk\u00fdch spor\u016f<\/strong><\/p><p>Spole\u010dnost MLM ENGINEERING MIHA FLANDER S.P., ENGINEERING neuzn\u00e1v\u00e1 \u017e\u00e1dn\u00e9ho poskytovatele mimosoudn\u00edho \u0159e\u0161en\u00ed spot\u0159ebitelsk\u00fdch spor\u016f za p\u0159\u00edslu\u0161n\u00e9ho k \u0159e\u0161en\u00ed spot\u0159ebitelsk\u00e9ho sporu, kter\u00fd by mohl b\u00fdt spot\u0159ebitelem uplatn\u011bn podle z\u00e1kona o mimosoudn\u00edm \u0159e\u0161en\u00ed spot\u0159ebitelsk\u00fdch spor\u016f v souladu s pr\u00e1vn\u00edmi normami. Spole\u010dnost jako poskytovatel zbo\u017e\u00ed a slu\u017eeb zve\u0159ej\u0148uje na sv\u00fdch internetov\u00fdch str\u00e1nk\u00e1ch elektronick\u00fd odkaz na Platformu pro \u0159e\u0161en\u00ed spot\u0159ebitelsk\u00fdch spor\u016f on-line (ODRP). ODRP je spot\u0159ebitel\u016fm k dispozici na tomto elektronick\u00e9m odkazu: http:\/\/ec.europa.eu\/odr. V\u00fd\u0161e uveden\u00fd re\u017eim vych\u00e1z\u00ed ze z\u00e1kona o mimosoudn\u00edm \u0159e\u0161en\u00ed spot\u0159ebitelsk\u00fdch spor\u016f, na\u0159\u00edzen\u00ed Evropsk\u00e9ho parlamentu a Rady (EU) \u010d. 524\/2013 o \u0159e\u0161en\u00ed spot\u0159ebitelsk\u00fdch spor\u016f on-line a o zm\u011bn\u011b na\u0159\u00edzen\u00ed (ES) \u010d. 2016\/2004 a sm\u011brnice 200. V souladu s t\u00edmto z\u00e1konem je spole\u010dnost povinna zajistit, aby spot\u0159ebitel\u00e9 m\u011bli k dispozici platformu pro \u0159e\u0161en\u00ed spot\u0159ebitelsk\u00fdch spor\u016f on-line.<\/p>\t\t\t\t\t\t<\/div>\n\t\t\t\t<\/div>\n\t\t\t\t\t<\/div>\n\t\t<\/div>\n\t\t\t\t\t<\/div>\n\t\t<\/section>\n\t\t\t\t<\/div>","protected":false},"excerpt":{"rendered":"<p>Splo\u0161ni pogoji Ti pogoji opisujejo pravila in predpise za uporabo za spletnega mesta MLM ENGINEERING MIHA FLANDER S.P., IN\u017dINIRING, ki se nahaja na https:\/\/mlm-engineering.com\/ in vse njene poddomene. Z dostopom do tega spletnega mesta predpostavljamo, da sprejemate te pogoje. Ne nadaljujte z uporabo\u00a0https:\/\/mlm-engineering.com\/, \u010de se ne strinjate z vsemi pogoji, navedenimi na tej strani. Naslednja [&hellip;]<\/p>","protected":false},"author":3,"featured_media":0,"parent":0,"menu_order":0,"comment_status":"closed","ping_status":"closed","template":"","meta":{"_seopress_robots_primary_cat":"","_seopress_titles_title":"","_seopress_titles_desc":"","_seopress_robots_index":"","ocean_post_layout":"full-screen","ocean_both_sidebars_style":"","ocean_both_sidebars_content_width":0,"ocean_both_sidebars_sidebars_width":0,"ocean_sidebar":"0","ocean_second_sidebar":"0","ocean_disable_margins":"on","ocean_add_body_class":"","ocean_shortcode_before_top_bar":"","ocean_shortcode_after_top_bar":"","ocean_shortcode_before_header":"","ocean_shortcode_after_header":"","ocean_has_shortcode":"","ocean_shortcode_after_title":"","ocean_shortcode_before_footer_widgets":"","ocean_shortcode_after_footer_widgets":"","ocean_shortcode_before_footer_bottom":"","ocean_shortcode_after_footer_bottom":"","ocean_display_top_bar":"default","ocean_display_header":"default","ocean_header_style":"","ocean_center_header_left_menu":"0","ocean_custom_header_template":"0","ocean_custom_logo":0,"ocean_custom_retina_logo":0,"ocean_custom_logo_max_width":0,"ocean_custom_logo_tablet_max_width":0,"ocean_custom_logo_mobile_max_width":0,"ocean_custom_logo_max_height":0,"ocean_custom_logo_tablet_max_height":0,"ocean_custom_logo_mobile_max_height":0,"ocean_header_custom_menu":"0","ocean_menu_typo_font_family":"0","ocean_menu_typo_font_subset":"","ocean_menu_typo_font_size":0,"ocean_menu_typo_font_size_tablet":0,"ocean_menu_typo_font_size_mobile":0,"ocean_menu_typo_font_size_unit":"px","ocean_menu_typo_font_weight":"","ocean_menu_typo_font_weight_tablet":"","ocean_menu_typo_font_weight_mobile":"","ocean_menu_typo_transform":"","ocean_menu_typo_transform_tablet":"","ocean_menu_typo_transform_mobile":"","ocean_menu_typo_line_height":0,"ocean_menu_typo_line_height_tablet":0,"ocean_menu_typo_line_height_mobile":0,"ocean_menu_typo_line_height_unit":"","ocean_menu_typo_spacing":0,"ocean_menu_typo_spacing_tablet":0,"ocean_menu_typo_spacing_mobile":0,"ocean_menu_typo_spacing_unit":"","ocean_menu_link_color":"","ocean_menu_link_color_hover":"","ocean_menu_link_color_active":"","ocean_menu_link_background":"","ocean_menu_link_hover_background":"","ocean_menu_link_active_background":"","ocean_menu_social_links_bg":"","ocean_menu_social_hover_links_bg":"","ocean_menu_social_links_color":"","ocean_menu_social_hover_links_color":"","ocean_disable_title":"on","ocean_disable_heading":"on","ocean_post_title":"","ocean_post_subheading":"","ocean_post_title_style":"","ocean_post_title_background_color":"","ocean_post_title_background":0,"ocean_post_title_bg_image_position":"","ocean_post_title_bg_image_attachment":"","ocean_post_title_bg_image_repeat":"","ocean_post_title_bg_image_size":"","ocean_post_title_height":0,"ocean_post_title_bg_overlay":0.5,"ocean_post_title_bg_overlay_color":"","ocean_disable_breadcrumbs":"off","ocean_breadcrumbs_color":"","ocean_breadcrumbs_separator_color":"","ocean_breadcrumbs_links_color":"","ocean_breadcrumbs_links_hover_color":"","ocean_display_footer_widgets":"default","ocean_display_footer_bottom":"default","ocean_custom_footer_template":"0","footnotes":""},"_links":{"self":[{"href":"https:\/\/mlm-engineering.com\/cs\/wp-json\/wp\/v2\/pages\/2195"}],"collection":[{"href":"https:\/\/mlm-engineering.com\/cs\/wp-json\/wp\/v2\/pages"}],"about":[{"href":"https:\/\/mlm-engineering.com\/cs\/wp-json\/wp\/v2\/types\/page"}],"author":[{"embeddable":true,"href":"https:\/\/mlm-engineering.com\/cs\/wp-json\/wp\/v2\/users\/3"}],"replies":[{"embeddable":true,"href":"https:\/\/mlm-engineering.com\/cs\/wp-json\/wp\/v2\/comments?post=2195"}],"version-history":[{"count":4,"href":"https:\/\/mlm-engineering.com\/cs\/wp-json\/wp\/v2\/pages\/2195\/revisions"}],"predecessor-version":[{"id":2436,"href":"https:\/\/mlm-engineering.com\/cs\/wp-json\/wp\/v2\/pages\/2195\/revisions\/2436"}],"wp:attachment":[{"href":"https:\/\/mlm-engineering.com\/cs\/wp-json\/wp\/v2\/media?parent=2195"}],"curies":[{"name":"wp","href":"https:\/\/api.w.org\/{rel}","templated":true}]}}