{"id":2217,"date":"2022-06-10T07:15:57","date_gmt":"2022-06-10T07:15:57","guid":{"rendered":"https:\/\/mlm-engineering.com\/?page_id=2217"},"modified":"2022-06-10T07:16:21","modified_gmt":"2022-06-10T07:16:21","slug":"kolofon","status":"publish","type":"page","link":"https:\/\/mlm-engineering.com\/cs\/kolofon\/","title":{"rendered":"Kolofon"},"content":{"rendered":"<div data-elementor-type=\"wp-page\" data-elementor-id=\"2217\" class=\"elementor elementor-2217\">\n\t\t\t\t\t\t<section class=\"elementor-section elementor-top-section elementor-element elementor-element-676f2f3 elementor-section-boxed elementor-section-height-default elementor-section-height-default\" data-id=\"676f2f3\" data-element_type=\"section\" data-settings=\"{&quot;background_background&quot;:&quot;classic&quot;}\">\n\t\t\t\t\t\t<div class=\"elementor-container elementor-column-gap-default\">\n\t\t\t\t\t<div class=\"elementor-column elementor-col-100 elementor-top-column elementor-element elementor-element-cda71a6\" data-id=\"cda71a6\" data-element_type=\"column\">\n\t\t\t<div class=\"elementor-widget-wrap elementor-element-populated\">\n\t\t\t\t\t\t<div class=\"elementor-element elementor-element-53e4b40 elementor-widget elementor-widget-heading\" data-id=\"53e4b40\" data-element_type=\"widget\" data-widget_type=\"heading.default\">\n\t\t\t\t<div class=\"elementor-widget-container\">\n\t\t\t<h2 class=\"elementor-heading-title elementor-size-default\">Kolofon<\/h2>\t\t<\/div>\n\t\t\t\t<\/div>\n\t\t\t\t<div class=\"elementor-element elementor-element-cfd40ef elementor-widget elementor-widget-text-editor\" data-id=\"cfd40ef\" data-element_type=\"widget\" data-widget_type=\"text-editor.default\">\n\t\t\t\t<div class=\"elementor-widget-container\">\n\t\t\t\t\t\t\t<p>Webov\u00e9 str\u00e1nky jsme vytvo\u0159ili my a n\u00e1\u0161 poskytovatel webov\u00fdch slu\u017eeb.<\/p><p><strong>\u00da\u010del webov\u00fdch str\u00e1nek<\/strong><br \/>Informace na webov\u00fdch str\u00e1nk\u00e1ch slou\u017e\u00ed pouze pro demonstra\u010dn\u00ed \u00fa\u010dely v oblasti hlavn\u00ed \u010dinnosti, pro kterou jsme registrovan\u00ed - v\u00fdroba truhl\u00e1\u0159sk\u00fdch v\u00fdrobk\u016f a interi\u00e9rov\u00e9ho vybaven\u00ed. Zavazujeme se, \u017ee informace na webov\u00fdch str\u00e1nk\u00e1ch jsou pravdiv\u00e9, spolehliv\u00e9 a kvalitn\u00ed.<br \/>Neneseme odpov\u011bdnost za tiskov\u00e9 chyby a vyhrazujeme si pr\u00e1vo kdykoli a bez p\u0159edchoz\u00edho upozorn\u011bn\u00ed zm\u011bnit obsah, pokud nebude v souladu s na\u0161imi firemn\u00edmi z\u00e1sadami.<\/p><p><strong>Pr\u00e1vo na u\u017e\u00edv\u00e1n\u00ed<\/strong><br \/>Webov\u00e9 str\u00e1nky a ve\u0161ker\u00fd jejich obsah jsou chr\u00e1n\u011bny pr\u00e1vy pr\u016fmyslov\u00e9ho a du\u0161evn\u00edho vlastnictv\u00ed. Ve\u0161ker\u00e9 informace, texty, obr\u00e1zky nebo jin\u00e9 grafick\u00e9 prvky, kter\u00e9 se nach\u00e1zej\u00ed na t\u011bchto webov\u00fdch str\u00e1nk\u00e1ch, lze pou\u017e\u00edvat v\u00fdhradn\u011b pro osobn\u00ed nekomer\u010dn\u00ed pou\u017eit\u00ed a bez p\u0159edchoz\u00edho p\u00edsemn\u00e9ho souhlasu spr\u00e1vce je nelze reprodukovat, upravovat, distribuovat, licencovat ani vyd\u00e1vat ve form\u011b publikac\u00ed, a to ani vcelku, ani po \u010d\u00e1stech, k jin\u00fdm \u00fa\u010del\u016fm ne\u017e k prohl\u00ed\u017een\u00ed.<\/p><p><strong>P\u0159evzet\u00ed odpov\u011bdnosti<\/strong><br \/>P\u0159i tvorb\u011b webov\u00fdch str\u00e1nek se sna\u017e\u00edme zajistit, aby byly informace aktu\u00e1ln\u00ed a p\u0159esn\u00e9. Nezaru\u010dujeme jejich p\u0159esnost ani \u00faplnost a nep\u0159eb\u00edr\u00e1me \u017e\u00e1dnou odpov\u011bdnost vypl\u00fdvaj\u00edc\u00ed z jejich pou\u017e\u00edv\u00e1n\u00ed. V\u0161ichni u\u017eivatel\u00e9 pou\u017e\u00edvaj\u00ed zve\u0159ejn\u011bn\u00fd obsah na vlastn\u00ed nebezpe\u010d\u00ed.<br \/>Vyhrazujeme si pr\u00e1vo kdykoli, jak\u00fdmkoli zp\u016fsobem, z jak\u00e9hokoli d\u016fvodu a bez p\u0159edchoz\u00edho upozorn\u011bn\u00ed zm\u011bnit obsah na\u0161ich webov\u00fdch str\u00e1nek.<\/p><p><strong>Technologick\u00e9 proveden\u00ed<\/strong><br \/>Technologickou realizaci zajistila program\u00e1torsk\u00e1 a design\u00e9rsk\u00e1 agentura ve spolupr\u00e1ci s na\u0161\u00ed spole\u010dnost\u00ed.<\/p><p>\u00a0<\/p><p>N\u00e1zev spole\u010dnosti: MLM ENGINEERING MIHA FLANDER S.P., ENGINEERING<br \/>Adresa: CESTA POD RIFNIKOM 23 , 3230 \u0160ENTJUR<br \/>E-mail: info@mlm-engineering.com\/<br \/>Webov\u00e9 str\u00e1nky: https:\/\/mlm-engineering.com\/<\/p><p>\u0160ENTJUR, 10.6.2022<\/p>\t\t\t\t\t\t<\/div>\n\t\t\t\t<\/div>\n\t\t\t\t\t<\/div>\n\t\t<\/div>\n\t\t\t\t\t<\/div>\n\t\t<\/section>\n\t\t\t\t<\/div>","protected":false},"excerpt":{"rendered":"<p>Kolofon Spletne strani smo pripravili sami skupaj z izvajalcem spletnih storitev. Namen spletnih straniPodatki na spletni strani so predstavitvene narave s podro\u010dja osnovne dejavnosti za katere smo registrirani \u2013 proizvodnja stavbnega in notranjega pohi\u0161tva. Zavezujemo se, da so podatki na spletnem mestu resni\u010dni, zanesljivi in kakovostni.Ne odgovarjamo za morebitne tipkarske napake, pridr\u017eujemo si pravico, da [&hellip;]<\/p>","protected":false},"author":3,"featured_media":0,"parent":0,"menu_order":0,"comment_status":"closed","ping_status":"closed","template":"","meta":{"_seopress_robots_primary_cat":"","_seopress_titles_title":"","_seopress_titles_desc":"","_seopress_robots_index":"","ocean_post_layout":"full-screen","ocean_both_sidebars_style":"","ocean_both_sidebars_content_width":0,"ocean_both_sidebars_sidebars_width":0,"ocean_sidebar":"0","ocean_second_sidebar":"0","ocean_disable_margins":"on","ocean_add_body_class":"","ocean_shortcode_before_top_bar":"","ocean_shortcode_after_top_bar":"","ocean_shortcode_before_header":"","ocean_shortcode_after_header":"","ocean_has_shortcode":"","ocean_shortcode_after_title":"","ocean_shortcode_before_footer_widgets":"","ocean_shortcode_after_footer_widgets":"","ocean_shortcode_before_footer_bottom":"","ocean_shortcode_after_footer_bottom":"","ocean_display_top_bar":"default","ocean_display_header":"default","ocean_header_style":"","ocean_center_header_left_menu":"0","ocean_custom_header_template":"0","ocean_custom_logo":0,"ocean_custom_retina_logo":0,"ocean_custom_logo_max_width":0,"ocean_custom_logo_tablet_max_width":0,"ocean_custom_logo_mobile_max_width":0,"ocean_custom_logo_max_height":0,"ocean_custom_logo_tablet_max_height":0,"ocean_custom_logo_mobile_max_height":0,"ocean_header_custom_menu":"0","ocean_menu_typo_font_family":"0","ocean_menu_typo_font_subset":"","ocean_menu_typo_font_size":0,"ocean_menu_typo_font_size_tablet":0,"ocean_menu_typo_font_size_mobile":0,"ocean_menu_typo_font_size_unit":"px","ocean_menu_typo_font_weight":"","ocean_menu_typo_font_weight_tablet":"","ocean_menu_typo_font_weight_mobile":"","ocean_menu_typo_transform":"","ocean_menu_typo_transform_tablet":"","ocean_menu_typo_transform_mobile":"","ocean_menu_typo_line_height":0,"ocean_menu_typo_line_height_tablet":0,"ocean_menu_typo_line_height_mobile":0,"ocean_menu_typo_line_height_unit":"","ocean_menu_typo_spacing":0,"ocean_menu_typo_spacing_tablet":0,"ocean_menu_typo_spacing_mobile":0,"ocean_menu_typo_spacing_unit":"","ocean_menu_link_color":"","ocean_menu_link_color_hover":"","ocean_menu_link_color_active":"","ocean_menu_link_background":"","ocean_menu_link_hover_background":"","ocean_menu_link_active_background":"","ocean_menu_social_links_bg":"","ocean_menu_social_hover_links_bg":"","ocean_menu_social_links_color":"","ocean_menu_social_hover_links_color":"","ocean_disable_title":"on","ocean_disable_heading":"on","ocean_post_title":"","ocean_post_subheading":"","ocean_post_title_style":"","ocean_post_title_background_color":"","ocean_post_title_background":0,"ocean_post_title_bg_image_position":"","ocean_post_title_bg_image_attachment":"","ocean_post_title_bg_image_repeat":"","ocean_post_title_bg_image_size":"","ocean_post_title_height":0,"ocean_post_title_bg_overlay":0.5,"ocean_post_title_bg_overlay_color":"","ocean_disable_breadcrumbs":"off","ocean_breadcrumbs_color":"","ocean_breadcrumbs_separator_color":"","ocean_breadcrumbs_links_color":"","ocean_breadcrumbs_links_hover_color":"","ocean_display_footer_widgets":"default","ocean_display_footer_bottom":"default","ocean_custom_footer_template":"0","footnotes":""},"_links":{"self":[{"href":"https:\/\/mlm-engineering.com\/cs\/wp-json\/wp\/v2\/pages\/2217"}],"collection":[{"href":"https:\/\/mlm-engineering.com\/cs\/wp-json\/wp\/v2\/pages"}],"about":[{"href":"https:\/\/mlm-engineering.com\/cs\/wp-json\/wp\/v2\/types\/page"}],"author":[{"embeddable":true,"href":"https:\/\/mlm-engineering.com\/cs\/wp-json\/wp\/v2\/users\/3"}],"replies":[{"embeddable":true,"href":"https:\/\/mlm-engineering.com\/cs\/wp-json\/wp\/v2\/comments?post=2217"}],"version-history":[{"count":0,"href":"https:\/\/mlm-engineering.com\/cs\/wp-json\/wp\/v2\/pages\/2217\/revisions"}],"wp:attachment":[{"href":"https:\/\/mlm-engineering.com\/cs\/wp-json\/wp\/v2\/media?parent=2217"}],"curies":[{"name":"wp","href":"https:\/\/api.w.org\/{rel}","templated":true}]}}