{"id":2195,"date":"2022-06-10T07:11:23","date_gmt":"2022-06-10T07:11:23","guid":{"rendered":"https:\/\/mlm-engineering.com\/?page_id=2195"},"modified":"2022-07-31T12:50:22","modified_gmt":"2022-07-31T12:50:22","slug":"splosni-pogoji","status":"publish","type":"page","link":"https:\/\/mlm-engineering.com\/da\/splosni-pogoji\/","title":{"rendered":"Generelle vilk\u00e5r og betingelser"},"content":{"rendered":"<div data-elementor-type=\"wp-page\" data-elementor-id=\"2195\" class=\"elementor elementor-2195\">\n\t\t\t\t\t\t<section class=\"elementor-section elementor-top-section elementor-element elementor-element-676f2f3 elementor-section-boxed elementor-section-height-default elementor-section-height-default\" data-id=\"676f2f3\" data-element_type=\"section\" data-settings=\"{&quot;background_background&quot;:&quot;classic&quot;}\">\n\t\t\t\t\t\t<div class=\"elementor-container elementor-column-gap-default\">\n\t\t\t\t\t<div class=\"elementor-column elementor-col-100 elementor-top-column elementor-element elementor-element-cda71a6\" data-id=\"cda71a6\" data-element_type=\"column\">\n\t\t\t<div class=\"elementor-widget-wrap elementor-element-populated\">\n\t\t\t\t\t\t<div class=\"elementor-element elementor-element-53e4b40 elementor-widget elementor-widget-heading\" data-id=\"53e4b40\" data-element_type=\"widget\" data-widget_type=\"heading.default\">\n\t\t\t\t<div class=\"elementor-widget-container\">\n\t\t\t<h2 class=\"elementor-heading-title elementor-size-default\">Generelle vilk\u00e5r og betingelser<\/h2>\t\t<\/div>\n\t\t\t\t<\/div>\n\t\t\t\t<div class=\"elementor-element elementor-element-cfd40ef elementor-widget elementor-widget-text-editor\" data-id=\"cfd40ef\" data-element_type=\"widget\" data-widget_type=\"text-editor.default\">\n\t\t\t\t<div class=\"elementor-widget-container\">\n\t\t\t\t\t\t\t<p>Disse vilk\u00e5r og betingelser beskriver regler og bestemmelser for brug af MLM ENGINEERING MIHA FLANDER S.P., ENGINEERING's websted, der er placeret p\u00e5 https:\/\/mlm-engineering.com\/ og alle dets underdom\u00e6ner. Ved at tilg\u00e5 denne hjemmeside antager vi, at du accepterer disse vilk\u00e5r og betingelser. Forts\u00e6t ikke med at bruge https:\/\/mlm-engineering.com\/, hvis du ikke accepterer alle de vilk\u00e5r og betingelser, der er angivet p\u00e5 denne side.<\/p><p>F\u00f8lgende terminologi g\u00e6lder for disse vilk\u00e5r og betingelser, fortrolighedserkl\u00e6ringen og meddelelsen om ansvarsfraskrivelse og alle aftaler: \"kunde\", \"du\" og \"din\" henviser til dig, den person, der registrerer sig p\u00e5 denne hjemmeside og er underlagt virksomhedens vilk\u00e5r og betingelser. \"Virksomhed\", \"dig selv\", \"vi\", \"vores\" og \"os\" henviser til vores virksomhed. \"Kunden\", \"parterne\" eller \"os\" henviser til b\u00e5de kunden og os. Alle vilk\u00e5r og betingelser henviser til tilbud, accept og overvejelse af betaling, der er n\u00f8dvendig for at udf\u00f8re processen med vores assistance til kunden p\u00e5 den mest hensigtsm\u00e6ssige m\u00e5de med det udtrykkelige form\u00e5l at im\u00f8dekomme kundens behov for levering af de tjenester, der er n\u00e6vnt ovenfor i overensstemmelse med og underlagt g\u00e6ldende slovensk lov. Enhver brug af ovenst\u00e5ende terminologi eller andre ord i ental, flertal, med stort begyndelsesbogstav og\/eller han\/hun\/det eller de skal anses for at v\u00e6re indbyrdes udskiftelige og henviser derfor til det samme.<\/p><p><strong>Sm\u00e5kager<\/strong><\/p><p>Denne hjemmeside bruger cookies. Ved at g\u00e5 ind p\u00e5 https:\/\/mlm-engineering.com\/ har du accepteret brugen af cookies i overensstemmelse med MLM ENGINEERING MIHA FLANDER S.P., ENGINEERING, og hjemmesidens privatlivspolitik. De fleste interaktive hjemmesider bruger cookies for at g\u00f8re det muligt for os at f\u00e5 brugeroplysninger for hvert bes\u00f8g. Vi bruger cookies p\u00e5 vores hjemmeside for at muligg\u00f8re funktionaliteten af visse omr\u00e5der og for at g\u00f8re det lettere at bruge for bes\u00f8gende, der bes\u00f8ger vores hjemmeside. Nogle af vores affiliate-\/annonceringspartnere kan ogs\u00e5 bruge tredjepartscookies.<\/p><p><strong>Licens<\/strong><\/p><p>Medmindre andet er angivet, er MLM ENGINEERING MIHA FLANDER S.P., ENGINEERING og\/eller webstedets licensgivere ejere af de intellektuelle ejendomsrettigheder til alt materiale p\u00e5 https:\/\/mlm-engineering.com\/. Alle intellektuelle ejendomsrettigheder er forbeholdt. Du kan f\u00e5 adgang til dette fra https:\/\/mlm-engineering.com\/ til din egen personlige brug, underlagt de begr\u00e6nsninger, der er angivet i disse vilk\u00e5r og betingelser.<\/p><p>Det m\u00e5 du ikke:<\/p><ul><li>At offentligg\u00f8re materiale https:\/\/mlm-engineering.com\/brez tilladelser.<\/li><li>S\u00e6lge, udl\u00e5ne eller underlicensere materiale med https:\/\/mlm-engineering.com\/brez tilladelse.<\/li><li>Reproducere, duplikere eller kopiere materiale med tilladelse fra https:\/\/mlm-engineering.com\/brez.<\/li><li>Videredistribuer indhold med https:\/\/mlm-engineering.com\/brez tilladelse.<\/li><\/ul><p>Denne aftale tr\u00e6der i kraft p\u00e5 datoen for denne aftale eller ved direkte adgang til vores hjemmeside.<\/p><p>Dele af dette websted giver brugerne mulighed for at sende og dele meninger og oplysninger om specifikke omr\u00e5der af webstedet. MLM ENGINEERING MIHA FLANDER S.P., ENGINEERING filtrerer, redigerer, offentligg\u00f8r eller gennemg\u00e5r ikke kommentarer, f\u00f8r de vises p\u00e5 webstedet. Kommentarer afspejler ikke synspunkter og meninger hos MLM ENGINEERING MIHA FLANDER S.P., ENGINEERING , dets agenter og\/eller tilknyttede selskaber. Kommentarer afspejler synspunkter og meninger hos den person, der udsender udtalelsen. I det omfang det er tilladt i henhold til g\u00e6ldende lov, kan MLM ENGINEERING MIHA FLANDER S.P., ENGINEERING , ikke holdes ansvarlig for kommentarerne eller for noget ansvar, skader eller udgifter af nogen art, der er p\u00e5draget og\/eller lidt som f\u00f8lge af brug af og\/eller opslag af og\/eller udseende af kommentarerne p\u00e5 dette websted.<\/p><p>MLM ENGINEERING MIHA FLANDER S.P., ENGINEERING forbeholder sig ret til at overv\u00e5ge alle kommentarer og til at fjerne kommentarer, der kan anses for upassende, st\u00f8dende eller for\u00e5rsage en overtr\u00e6delse af disse vilk\u00e5r.<\/p><p>Du garanterer og erkl\u00e6rer, at:<\/p><ul><li>du er berettiget til at skrive kommentarer p\u00e5 vores hjemmeside og har de n\u00f8dvendige tilladelser og samtykker til at g\u00f8re det;<\/li><li>kommentarerne ikke kr\u00e6nker nogen intellektuelle ejendomsrettigheder, herunder copyright, patent eller varem\u00e6rkebegr\u00e6nsninger fra tredjeparter;<\/li><li>Kommentarer m\u00e5 ikke indeholde \u00e6rekr\u00e6nkende, injurierende, injurierende, forn\u00e6rmende, uanst\u00e6ndigt eller p\u00e5 anden m\u00e5de ulovligt materiale, der udg\u00f8r en kr\u00e6nkelse af privatlivets fred;<\/li><li>Kommentarer vil ikke blive brugt til at opfordre til eller fremme salg eller til at repr\u00e6sentere kommercielle eller ulovlige aktiviteter.<\/li><\/ul><p>Du giver hermed MLM ENGINEERING MIHA FLANDER S.P., ENGINEERING en ikke-eksklusiv licens til at bruge, gengive, redigere og give andre tilladelse til at bruge, gengive og redigere dine kommentarer i alle former, figurer eller medier.<\/p><p><strong>Hyperlink til vores indhold<\/strong><\/p><p>F\u00f8lgende organisationer kan linke til vores hjemmeside uden forudg\u00e5ende skriftlig tilladelse:<\/p><ul><li>statslige organer<\/li><li>s\u00f8gemaskiner;<\/li><li>Nyheder;<\/li><li>distribut\u00f8rer af online kataloger, som kan linke til vores hjemmeside p\u00e5 samme m\u00e5de som hyperlinks til andre b\u00f8rsnoterede selskabers hjemmesider; og<\/li><li>akkrediterede virksomheder p\u00e5 tv\u00e6rs af systemet, med undtagelse af non-profit organisationer, velg\u00f8renhedsbutikker og velg\u00f8renhedsindsamlingsgrupper, som ikke m\u00e5 hyperlinke til vores hjemmeside.<\/li><\/ul><p>Disse organisationer kan linke til vores hjemmeside, publikationer eller andre webstedsoplysninger, forudsat at linket: (a) ikke er vildledende p\u00e5 nogen m\u00e5de; (b) ikke uretm\u00e6ssigt sponsorerer, st\u00f8tter eller godkender det linkede websted og dets produkter og\/eller tjenester; og (c) passer ind i sammenh\u00e6ngen p\u00e5 den linkede parts websted.<\/p><p>Vi kan overveje og godkende andre anmodninger om links fra f\u00f8lgende typer af organisationer:<\/p><ul><li>almindeligt kendte kilder til forbruger- og\/eller virksomhedsinformation;<\/li><li>f\u00e6llesskab dot.com<\/li><li>foreninger eller andre grupper, der repr\u00e6senterer velg\u00f8renhedsorganisationer;<\/li><li>distribut\u00f8rer af online kataloger;<\/li><li>internetportaler;<\/li><li>revisions-, advokat- og r\u00e5dgivningsfirmaer; og<\/li><li>uddannelsesinstitutioner og brancheorganisationer.<\/li><\/ul><p>Vi vil godkende anmodninger om links fra disse organisationer, hvis vi beslutter, at: a) vi ikke vil komme til at se upassende ud for os selv eller vores akkrediterede virksomheder; b) organisationen ikke har en negativ fortid hos os; c) fordelen for os ved synligheden af hyperlinket opvejes af frav\u00e6ret af MLM ENGINEERING MIHA FLANDER S.P., ENGINEERING; og d) linket er i forbindelse med generel information om ressourcen.<\/p><p>Disse organisationer kan linke til vores hjemmeside, s\u00e5 l\u00e6nge linket: (a) ikke er vildledende p\u00e5 nogen m\u00e5de; (b) ikke uretm\u00e6ssigt sponsorerer, st\u00f8tter eller godkender den linkende side og dens produkter eller tjenester; og (c) passer ind i sammenh\u00e6ngen p\u00e5 den linkende parts side. Hvis du er en af de organisationer, der er anf\u00f8rt ovenfor, og er interesseret i at linke til vores hjemmeside, skal du underrette os ved at sende en e-mail til info@mlm-engineering.com\/.<\/p><p>Angiv venligst dit navn, navnet p\u00e5 din organisation, kontaktoplysninger samt URL'en p\u00e5 din hjemmeside, en liste over alle URL'er, hvorfra du har til hensigt at linke til vores hjemmeside, og en liste over URL'er p\u00e5 vores hjemmeside, som du \u00f8nsker at linke til. Beregn venligst 2-3 uger til et svar.<\/p><p>Godkendte organisationer kan hyperlinke til vores hjemmeside:<\/p><ul><li>bruge vores firmanavn eller<\/li><li>ved hj\u00e6lp af en enkelt ressourcelokator, der er linket til eller<\/li><li>ved at bruge enhver anden beskrivelse af vores hjemmeside, der er relateret til, hvad der giver mening i sammenh\u00e6ngen og formatet af indholdet p\u00e5 den linkende parts hjemmeside.<\/li><\/ul><p>Ingen brug af MLM ENGINEERING MIHA FLANDER S.P., ENGINEERING-logoet eller andet indhold vil blive tilladt for linket i mangel af en varem\u00e6rkelicensaftale.<\/p><p><strong>iFrame<\/strong><\/p><p>Du m\u00e5 ikke oprette rammer p\u00e5 vores hjemmesider, der \u00e6ndrer den visuelle pr\u00e6sentation eller udseendet af vores hjemmeside p\u00e5 nogen m\u00e5de uden vores forudg\u00e5ende godkendelse og skriftlige tilladelse.<\/p><p><strong>Indholdsm\u00e6ssigt ansvar<\/strong><\/p><p>Vi er ikke ansvarlige for noget indhold, der vises p\u00e5 din hjemmeside. Du accepterer at skadesl\u00f8sholde, forsvare og holde os skadesl\u00f8se fra alle krav, der vises p\u00e5 din hjemmeside. Intet link, der kan opfattes som falsk, uanst\u00e6ndigt eller kriminelt, eller som kr\u00e6nker, p\u00e5 anden m\u00e5de overtr\u00e6der eller opfordrer til kr\u00e6nkelse eller anden overtr\u00e6delse af tredjeparts rettigheder, m\u00e5 vises p\u00e5 nogen hjemmeside.<\/p><p><strong>Forbehold af rettigheder<\/strong><\/p><p>Vi forbeholder os ret til at anmode dig om at fjerne ethvert link eller ethvert specifikt link til vores hjemmeside. Du accepterer straks at fjerne alle links til vores hjemmeside efter anmodning. Vi forbeholder os ogs\u00e5 ret til at \u00e6ndre disse vilk\u00e5r og betingelser og linkpolitikken til enhver tid. Ved l\u00f8bende at linke til vores hjemmeside accepterer du at v\u00e6re bundet af og f\u00f8lge disse vilk\u00e5r og betingelser.<\/p><p><strong>Fjernelse af links fra vores hjemmeside<\/strong><\/p><p>Hvis du finder et link p\u00e5 vores hjemmeside, der af en eller anden grund er st\u00f8dende, kan du til enhver tid kontakte os for at fort\u00e6lle os det. Vi vil overveje anmodninger om at fjerne links, men vi vil ikke v\u00e6re forpligtet til at svare direkte p\u00e5 dem. Vi garanterer ikke, at oplysningerne p\u00e5 dette websted er korrekte, og vi garanterer heller ikke, at de er fuldst\u00e6ndige eller n\u00f8jagtige; vi lover heller ikke at sikre, at webstedet forbliver tilg\u00e6ngeligt, eller at materialet p\u00e5 webstedet holdes opdateret.<\/p><p><strong>Ansvarsfraskrivelse<\/strong><\/p><p>I det omfang det er tilladt i henhold til g\u00e6ldende lov, udelukker vi alle erkl\u00e6ringer, garantier og betingelser i forbindelse med vores hjemmeside og brugen af denne hjemmeside. Intet i denne ansvarsfraskrivelse vil:<\/p><p>De ansvarsbegr\u00e6nsninger og -forbud, der er angivet i dette afsnit og andre steder i denne ansvarsfraskrivelse: (a) g\u00e6lder for det foreg\u00e5ende afsnit; og (b) regulerer alle forpligtelser, der opst\u00e5r i henhold til ansvarsfraskrivelsen, herunder kontraktlige forpligtelser, der opst\u00e5r i henhold til kontrakt, skadesl\u00f8sholdelse og brud p\u00e5 lovbestemt pligt.<\/p><p>Vi er ikke ansvarlige for tab eller skade, f\u00f8r hjemmesiden og oplysningerne og tjenesterne p\u00e5 hjemmesiden stilles gratis til r\u00e5dighed.<\/p><p><strong>Udenretslig l\u00f8sning af forbrugertvister<\/strong><\/p><p>MLM ENGINEERING MIHA FLANDER S.P., ENGINEERING anerkender ikke nogen udbyder af udenretslig bil\u00e6ggelse af forbrugertvister som kompetent til at bil\u00e6gge en forbrugertvist, der kan indbringes af en forbruger i henhold til lov om udenretslig bil\u00e6ggelse af forbrugertvister i overensstemmelse med lovens bestemmelser. Virksomheden, som udbyder af varer og tjenesteydelser, offentligg\u00f8r p\u00e5 sin hjemmeside et elektronisk link til platformen for online l\u00f8sning af forbrugertvister (ODRP). ODRP er tilg\u00e6ngelig for forbrugere p\u00e5 f\u00f8lgende elektroniske link: http:\/\/ec.europa.eu\/odr. Ovenn\u00e6vnte ordning er baseret p\u00e5 loven om udenretslig bil\u00e6ggelse af tvister p\u00e5 forbrugeromr\u00e5det, Europa-Parlamentets og R\u00e5dets forordning (EU) nr. 524\/2013 om onlinetvistbil\u00e6ggelse i forbindelse med tvister p\u00e5 forbrugeromr\u00e5det og om \u00e6ndring af forordning (EF) nr. 2016\/2004 og direktiv 200.<\/p>\t\t\t\t\t\t<\/div>\n\t\t\t\t<\/div>\n\t\t\t\t\t<\/div>\n\t\t<\/div>\n\t\t\t\t\t<\/div>\n\t\t<\/section>\n\t\t\t\t<\/div>","protected":false},"excerpt":{"rendered":"<p>Splo\u0161ni pogoji Ti pogoji opisujejo pravila in predpise za uporabo za spletnega mesta MLM ENGINEERING MIHA FLANDER S.P., IN\u017dINIRING, ki se nahaja na https:\/\/mlm-engineering.com\/ in vse njene poddomene. Z dostopom do tega spletnega mesta predpostavljamo, da sprejemate te pogoje. Ne nadaljujte z uporabo\u00a0https:\/\/mlm-engineering.com\/, \u010de se ne strinjate z vsemi pogoji, navedenimi na tej strani. Naslednja [&hellip;]<\/p>","protected":false},"author":3,"featured_media":0,"parent":0,"menu_order":0,"comment_status":"closed","ping_status":"closed","template":"","meta":{"_seopress_robots_primary_cat":"","_seopress_titles_title":"","_seopress_titles_desc":"","_seopress_robots_index":"","ocean_post_layout":"full-screen","ocean_both_sidebars_style":"","ocean_both_sidebars_content_width":0,"ocean_both_sidebars_sidebars_width":0,"ocean_sidebar":"0","ocean_second_sidebar":"0","ocean_disable_margins":"on","ocean_add_body_class":"","ocean_shortcode_before_top_bar":"","ocean_shortcode_after_top_bar":"","ocean_shortcode_before_header":"","ocean_shortcode_after_header":"","ocean_has_shortcode":"","ocean_shortcode_after_title":"","ocean_shortcode_before_footer_widgets":"","ocean_shortcode_after_footer_widgets":"","ocean_shortcode_before_footer_bottom":"","ocean_shortcode_after_footer_bottom":"","ocean_display_top_bar":"default","ocean_display_header":"default","ocean_header_style":"","ocean_center_header_left_menu":"0","ocean_custom_header_template":"0","ocean_custom_logo":0,"ocean_custom_retina_logo":0,"ocean_custom_logo_max_width":0,"ocean_custom_logo_tablet_max_width":0,"ocean_custom_logo_mobile_max_width":0,"ocean_custom_logo_max_height":0,"ocean_custom_logo_tablet_max_height":0,"ocean_custom_logo_mobile_max_height":0,"ocean_header_custom_menu":"0","ocean_menu_typo_font_family":"0","ocean_menu_typo_font_subset":"","ocean_menu_typo_font_size":0,"ocean_menu_typo_font_size_tablet":0,"ocean_menu_typo_font_size_mobile":0,"ocean_menu_typo_font_size_unit":"px","ocean_menu_typo_font_weight":"","ocean_menu_typo_font_weight_tablet":"","ocean_menu_typo_font_weight_mobile":"","ocean_menu_typo_transform":"","ocean_menu_typo_transform_tablet":"","ocean_menu_typo_transform_mobile":"","ocean_menu_typo_line_height":0,"ocean_menu_typo_line_height_tablet":0,"ocean_menu_typo_line_height_mobile":0,"ocean_menu_typo_line_height_unit":"","ocean_menu_typo_spacing":0,"ocean_menu_typo_spacing_tablet":0,"ocean_menu_typo_spacing_mobile":0,"ocean_menu_typo_spacing_unit":"","ocean_menu_link_color":"","ocean_menu_link_color_hover":"","ocean_menu_link_color_active":"","ocean_menu_link_background":"","ocean_menu_link_hover_background":"","ocean_menu_link_active_background":"","ocean_menu_social_links_bg":"","ocean_menu_social_hover_links_bg":"","ocean_menu_social_links_color":"","ocean_menu_social_hover_links_color":"","ocean_disable_title":"on","ocean_disable_heading":"on","ocean_post_title":"","ocean_post_subheading":"","ocean_post_title_style":"","ocean_post_title_background_color":"","ocean_post_title_background":0,"ocean_post_title_bg_image_position":"","ocean_post_title_bg_image_attachment":"","ocean_post_title_bg_image_repeat":"","ocean_post_title_bg_image_size":"","ocean_post_title_height":0,"ocean_post_title_bg_overlay":0.5,"ocean_post_title_bg_overlay_color":"","ocean_disable_breadcrumbs":"off","ocean_breadcrumbs_color":"","ocean_breadcrumbs_separator_color":"","ocean_breadcrumbs_links_color":"","ocean_breadcrumbs_links_hover_color":"","ocean_display_footer_widgets":"default","ocean_display_footer_bottom":"default","ocean_custom_footer_template":"0","footnotes":""},"_links":{"self":[{"href":"https:\/\/mlm-engineering.com\/da\/wp-json\/wp\/v2\/pages\/2195"}],"collection":[{"href":"https:\/\/mlm-engineering.com\/da\/wp-json\/wp\/v2\/pages"}],"about":[{"href":"https:\/\/mlm-engineering.com\/da\/wp-json\/wp\/v2\/types\/page"}],"author":[{"embeddable":true,"href":"https:\/\/mlm-engineering.com\/da\/wp-json\/wp\/v2\/users\/3"}],"replies":[{"embeddable":true,"href":"https:\/\/mlm-engineering.com\/da\/wp-json\/wp\/v2\/comments?post=2195"}],"version-history":[{"count":4,"href":"https:\/\/mlm-engineering.com\/da\/wp-json\/wp\/v2\/pages\/2195\/revisions"}],"predecessor-version":[{"id":2436,"href":"https:\/\/mlm-engineering.com\/da\/wp-json\/wp\/v2\/pages\/2195\/revisions\/2436"}],"wp:attachment":[{"href":"https:\/\/mlm-engineering.com\/da\/wp-json\/wp\/v2\/media?parent=2195"}],"curies":[{"name":"wp","href":"https:\/\/api.w.org\/{rel}","templated":true}]}}