{"id":2182,"date":"2022-06-09T18:01:45","date_gmt":"2022-06-09T18:01:45","guid":{"rendered":"https:\/\/mlm-engineering.com\/?page_id=2182"},"modified":"2022-07-11T14:19:03","modified_gmt":"2022-07-11T14:19:03","slug":"izdelava-strojnih-delov-po-narocilu","status":"publish","type":"page","link":"https:\/\/mlm-engineering.com\/de\/izdelki-in-konstrukcije\/izdelava-strojnih-delov-po-narocilu\/","title":{"rendered":"Herstellung von Maschinenteilen auf Bestellung"},"content":{"rendered":"<div data-elementor-type=\"wp-page\" data-elementor-id=\"2182\" class=\"elementor elementor-2182\">\n\t\t\t\t\t\t<section class=\"elementor-section elementor-top-section elementor-element elementor-element-3f4b98c elementor-section-boxed elementor-section-height-default elementor-section-height-default\" data-id=\"3f4b98c\" data-element_type=\"section\" data-settings=\"{&quot;background_background&quot;:&quot;classic&quot;}\">\n\t\t\t\t\t\t\t<div class=\"elementor-background-overlay\"><\/div>\n\t\t\t\t\t\t\t<div class=\"elementor-container elementor-column-gap-default\">\n\t\t\t\t\t<div class=\"elementor-column elementor-col-100 elementor-top-column elementor-element elementor-element-6a9d8c8\" data-id=\"6a9d8c8\" data-element_type=\"column\">\n\t\t\t<div class=\"elementor-widget-wrap elementor-element-populated\">\n\t\t\t\t\t\t<section class=\"elementor-section elementor-inner-section elementor-element elementor-element-c898ef3 elementor-section-boxed elementor-section-height-default elementor-section-height-default\" data-id=\"c898ef3\" data-element_type=\"section\">\n\t\t\t\t\t\t<div class=\"elementor-container elementor-column-gap-default\">\n\t\t\t\t\t<div class=\"elementor-column elementor-col-100 elementor-inner-column elementor-element elementor-element-50289be\" data-id=\"50289be\" data-element_type=\"column\">\n\t\t\t<div class=\"elementor-widget-wrap elementor-element-populated\">\n\t\t\t\t\t\t<div class=\"elementor-element elementor-element-4695b7b elementor-widget elementor-widget-heading\" data-id=\"4695b7b\" data-element_type=\"widget\" data-widget_type=\"heading.default\">\n\t\t\t\t<div class=\"elementor-widget-container\">\n\t\t\t<h1 class=\"elementor-heading-title elementor-size-default\">Herstellung von Maschinenteilen auf Bestellung<\/h1>\t\t<\/div>\n\t\t\t\t<\/div>\n\t\t\t\t<div class=\"elementor-element elementor-element-24e7b26 elementor-widget elementor-widget-text-editor\" data-id=\"24e7b26\" data-element_type=\"widget\" data-widget_type=\"text-editor.default\">\n\t\t\t\t<div class=\"elementor-widget-container\">\n\t\t\t\t\t\t\t\t\t\t\t\t\t<\/div>\n\t\t\t\t<\/div>\n\t\t\t\t\t<\/div>\n\t\t<\/div>\n\t\t\t\t\t<\/div>\n\t\t<\/section>\n\t\t\t\t\t<\/div>\n\t\t<\/div>\n\t\t\t\t\t<\/div>\n\t\t<\/section>\n\t\t\t\t<section class=\"elementor-section elementor-top-section elementor-element elementor-element-15aa827 elementor-section-boxed elementor-section-height-default elementor-section-height-default\" data-id=\"15aa827\" data-element_type=\"section\" data-settings=\"{&quot;background_background&quot;:&quot;classic&quot;}\">\n\t\t\t\t\t\t<div class=\"elementor-container elementor-column-gap-default\">\n\t\t\t\t\t<div class=\"elementor-column elementor-col-50 elementor-top-column elementor-element elementor-element-44bef27\" data-id=\"44bef27\" data-element_type=\"column\">\n\t\t\t<div class=\"elementor-widget-wrap elementor-element-populated\">\n\t\t\t\t\t\t<div class=\"elementor-element elementor-element-7876952 elementor-widget elementor-widget-heading\" data-id=\"7876952\" data-element_type=\"widget\" data-widget_type=\"heading.default\">\n\t\t\t\t<div class=\"elementor-widget-container\">\n\t\t\t<h2 class=\"elementor-heading-title elementor-size-default\">Herstellung von Maschinenteilen auf Bestellung<\/h2>\t\t<\/div>\n\t\t\t\t<\/div>\n\t\t\t\t<div class=\"elementor-element elementor-element-bceb0dd elementor-widget elementor-widget-text-editor\" data-id=\"bceb0dd\" data-element_type=\"widget\" data-widget_type=\"text-editor.default\">\n\t\t\t\t<div class=\"elementor-widget-container\">\n\t\t\t\t\t\t\tDank unseres umfangreichen Maschinenparks und unserer Erfahrung sind wir in der Lage, anspruchsvolle Projekte zur Herstellung von Metallteilen f\u00fcr eine Vielzahl von Anwendungen zu \u00fcbernehmen.\nWir k\u00f6nnen Teile in kleinen oder gro\u00dfen Serien und nach unseren oder Ihren Entw\u00fcrfen herstellen.\t\t\t\t\t\t<\/div>\n\t\t\t\t<\/div>\n\t\t\t\t<div class=\"elementor-element elementor-element-c6d6c38 elementor-widget elementor-widget-text-editor\" data-id=\"c6d6c38\" data-element_type=\"widget\" data-widget_type=\"text-editor.default\">\n\t\t\t\t<div class=\"elementor-widget-container\">\n\t\t\t\t\t\t\t<p><strong>Ben\u00f6tigen Sie eine Beratung bei der Auswahl unserer Produkte oder Dienstleistungen, vielleicht ein Angebot?<\/strong><\/p>\t\t\t\t\t\t<\/div>\n\t\t\t\t<\/div>\n\t\t\t\t<div class=\"elementor-element elementor-element-27ee246 oew-align-right elementor-widget elementor-widget-oew-button-effects\" data-id=\"27ee246\" data-element_type=\"widget\" data-widget_type=\"oew-button-effects.default\">\n\t\t\t\t<div class=\"elementor-widget-container\">\n\t\t\t\r\n\r\n\t\t<div class=\"oew-button oew-btn-effect-8\">\r\n\t\t\t<a href=\"#\" class=\"oew-link\">\r\n\t\t\t\t\t\t\t\t\t<span class=\"oew-button-icon elementor-align-icon-left\">\r\n\t\t\t\t\t\t<i aria-hidden=\"true\" class=\"fas fa-ellipsis-h\"><\/i>\t\t\t\t\t<\/span>\r\n\t\t\t\t\r\n\t\t\t\t<span>Kontakt<\/span>\r\n\r\n\t\t\t\t\t\t\t<\/a>\r\n\t\t<\/div>\r\n\r\n\t\t\t<\/div>\n\t\t\t\t<\/div>\n\t\t\t\t\t<\/div>\n\t\t<\/div>\n\t\t\t\t<div class=\"elementor-column elementor-col-50 elementor-top-column elementor-element elementor-element-8afd8fb\" data-id=\"8afd8fb\" data-element_type=\"column\">\n\t\t\t<div class=\"elementor-widget-wrap elementor-element-populated\">\n\t\t\t\t\t\t<div class=\"elementor-element elementor-element-4cdf627 elementor-widget elementor-widget-image\" data-id=\"4cdf627\" data-element_type=\"widget\" data-widget_type=\"image.default\">\n\t\t\t\t<div class=\"elementor-widget-container\">\n\t\t\t\t\t\t\t\t\t\t\t\t\t<img fetchpriority=\"high\" decoding=\"async\" width=\"600\" height=\"400\" src=\"https:\/\/mlm-engineering.com\/wp-content\/uploads\/2022\/07\/mlm-struzenje-10.jpg\" class=\"attachment-large size-large wp-image-2364\" alt=\"\" srcset=\"https:\/\/mlm-engineering.com\/wp-content\/uploads\/2022\/07\/mlm-struzenje-10.jpg 600w, https:\/\/mlm-engineering.com\/wp-content\/uploads\/2022\/07\/mlm-struzenje-10-300x200.jpg 300w\" sizes=\"(max-width: 600px) 100vw, 600px\" \/>\t\t\t\t\t\t\t\t\t\t\t\t\t<\/div>\n\t\t\t\t<\/div>\n\t\t\t\t\t<\/div>\n\t\t<\/div>\n\t\t\t\t\t<\/div>\n\t\t<\/section>\n\t\t\t\t<section class=\"elementor-section elementor-top-section elementor-element elementor-element-d1e98fb elementor-section-boxed elementor-section-height-default elementor-section-height-default\" data-id=\"d1e98fb\" data-element_type=\"section\" data-settings=\"{&quot;background_background&quot;:&quot;classic&quot;}\">\n\t\t\t\t\t\t<div class=\"elementor-container elementor-column-gap-default\">\n\t\t\t\t\t<div class=\"elementor-column elementor-col-100 elementor-top-column elementor-element elementor-element-2485938\" data-id=\"2485938\" data-element_type=\"column\">\n\t\t\t<div class=\"elementor-widget-wrap elementor-element-populated\">\n\t\t\t\t\t\t<div class=\"elementor-element elementor-element-7aeac65 elementor-widget elementor-widget-heading\" data-id=\"7aeac65\" data-element_type=\"widget\" data-widget_type=\"heading.default\">\n\t\t\t\t<div class=\"elementor-widget-container\">\n\t\t\t<h2 class=\"elementor-heading-title elementor-size-default\">Galerie<\/h2>\t\t<\/div>\n\t\t\t\t<\/div>\n\t\t\t\t<div class=\"elementor-element elementor-element-3f7661e elementor-arrows-position-inside elementor-widget elementor-widget-image-carousel\" data-id=\"3f7661e\" data-element_type=\"widget\" data-settings=\"{&quot;slides_to_show&quot;:&quot;4&quot;,&quot;slides_to_scroll&quot;:&quot;4&quot;,&quot;navigation&quot;:&quot;arrows&quot;,&quot;image_spacing_custom&quot;:{&quot;unit&quot;:&quot;px&quot;,&quot;size&quot;:5,&quot;sizes&quot;:[]},&quot;autoplay&quot;:&quot;yes&quot;,&quot;pause_on_hover&quot;:&quot;yes&quot;,&quot;pause_on_interaction&quot;:&quot;yes&quot;,&quot;autoplay_speed&quot;:5000,&quot;infinite&quot;:&quot;yes&quot;,&quot;speed&quot;:500,&quot;image_spacing_custom_tablet&quot;:{&quot;unit&quot;:&quot;px&quot;,&quot;size&quot;:&quot;&quot;,&quot;sizes&quot;:[]},&quot;image_spacing_custom_mobile&quot;:{&quot;unit&quot;:&quot;px&quot;,&quot;size&quot;:&quot;&quot;,&quot;sizes&quot;:[]}}\" data-widget_type=\"image-carousel.default\">\n\t\t\t\t<div class=\"elementor-widget-container\">\n\t\t\t\t\t<div class=\"elementor-image-carousel-wrapper swiper-container\" dir=\"ltr\">\n\t\t\t<div class=\"elementor-image-carousel swiper-wrapper\" aria-live=\"off\">\n\t\t\t\t\t\t\t\t<div class=\"swiper-slide\" role=\"group\" aria-roledescription=\"slide\" aria-label=\"1 of 7\"><a data-elementor-open-lightbox=\"yes\" data-elementor-lightbox-slideshow=\"3f7661e\" data-elementor-lightbox-title=\"Steel coils\" data-e-action-hash=\"#elementor-action%3Aaction%3Dlightbox%26settings%3DeyJpZCI6MTU0OSwidXJsIjoiaHR0cHM6XC9cL21sbS1lbmdpbmVlcmluZy5jb21cL3dwLWNvbnRlbnRcL3VwbG9hZHNcLzIwMjJcLzA2XC9TdGVlbC1jb2lscy5qcGVnIiwic2xpZGVzaG93IjoiM2Y3NjYxZSJ9\" href=\"https:\/\/mlm-engineering.com\/wp-content\/uploads\/2022\/06\/Steel-coils.jpeg\"><figure class=\"swiper-slide-inner\"><img decoding=\"async\" class=\"swiper-slide-image\" src=\"https:\/\/mlm-engineering.com\/wp-content\/uploads\/elementor\/thumbs\/Steel-coils-prnm8k6x28qxvro4omjtklbscwm2dvzn5rrt280yge.jpeg\" alt=\"Steel coils\" \/><\/figure><\/a><\/div><div class=\"swiper-slide\" role=\"group\" aria-roledescription=\"slide\" aria-label=\"2 of 7\"><a data-elementor-open-lightbox=\"yes\" data-elementor-lightbox-slideshow=\"3f7661e\" data-elementor-lightbox-title=\"Steel rod\" data-e-action-hash=\"#elementor-action%3Aaction%3Dlightbox%26settings%3DeyJpZCI6MTUzNiwidXJsIjoiaHR0cHM6XC9cL21sbS1lbmdpbmVlcmluZy5jb21cL3dwLWNvbnRlbnRcL3VwbG9hZHNcLzIwMjJcLzA2XC9TdGVlbC1yb2QuanBnIiwic2xpZGVzaG93IjoiM2Y3NjYxZSJ9\" href=\"https:\/\/mlm-engineering.com\/wp-content\/uploads\/2022\/06\/Steel-rod.jpg\"><figure class=\"swiper-slide-inner\"><img decoding=\"async\" class=\"swiper-slide-image\" src=\"https:\/\/mlm-engineering.com\/wp-content\/uploads\/elementor\/thumbs\/Steel-rod-prnm8pty78yntffxrozkzjwjx7u9o2m16jopxvslf2.jpg\" alt=\"Steel rod\" \/><\/figure><\/a><\/div><div class=\"swiper-slide\" role=\"group\" aria-roledescription=\"slide\" aria-label=\"3 of 7\"><a data-elementor-open-lightbox=\"yes\" data-elementor-lightbox-slideshow=\"3f7661e\" data-elementor-lightbox-title=\"Steel profiles\" data-e-action-hash=\"#elementor-action%3Aaction%3Dlightbox%26settings%3DeyJpZCI6MTUyNywidXJsIjoiaHR0cHM6XC9cL21sbS1lbmdpbmVlcmluZy5jb21cL3dwLWNvbnRlbnRcL3VwbG9hZHNcLzIwMjJcLzA2XC9TdGVlbC1wcm9maWxlcy5qcGciLCJzbGlkZXNob3ciOiIzZjc2NjFlIn0%3D\" href=\"https:\/\/mlm-engineering.com\/wp-content\/uploads\/2022\/06\/Steel-profiles.jpg\"><figure class=\"swiper-slide-inner\"><img decoding=\"async\" class=\"swiper-slide-image\" src=\"https:\/\/mlm-engineering.com\/wp-content\/uploads\/elementor\/thumbs\/Steel-profiles-prnm8tlayl3t3vah5qm39iyearbqiv0yj2anuzn0q6.jpg\" alt=\"Steel profiles\" \/><\/figure><\/a><\/div><div class=\"swiper-slide\" role=\"group\" aria-roledescription=\"slide\" aria-label=\"4 of 7\"><a data-elementor-open-lightbox=\"yes\" data-elementor-lightbox-slideshow=\"3f7661e\" data-elementor-lightbox-title=\"Steel plates 002\" data-e-action-hash=\"#elementor-action%3Aaction%3Dlightbox%26settings%3DeyJpZCI6MTQ5NCwidXJsIjoiaHR0cHM6XC9cL21sbS1lbmdpbmVlcmluZy5jb21cL3dwLWNvbnRlbnRcL3VwbG9hZHNcLzIwMjJcLzA2XC9TdGVlbC1wbGF0ZXMtMDAyLmpwZyIsInNsaWRlc2hvdyI6IjNmNzY2MWUifQ%3D%3D\" href=\"https:\/\/mlm-engineering.com\/wp-content\/uploads\/2022\/06\/Steel-plates-002.jpg\"><figure class=\"swiper-slide-inner\"><img decoding=\"async\" class=\"swiper-slide-image\" src=\"https:\/\/mlm-engineering.com\/wp-content\/uploads\/elementor\/thumbs\/Steel-plates-002-prnm92zouxgobywtmuocygl08m1enu29wctinr92zy.jpg\" alt=\"Steel plates 002\" \/><\/figure><\/a><\/div><div class=\"swiper-slide\" role=\"group\" aria-roledescription=\"slide\" aria-label=\"5 of 7\"><a data-elementor-open-lightbox=\"yes\" data-elementor-lightbox-slideshow=\"3f7661e\" data-elementor-lightbox-title=\"Steel pipes 001\" data-e-action-hash=\"#elementor-action%3Aaction%3Dlightbox%26settings%3DeyJpZCI6MTQ5OCwidXJsIjoiaHR0cHM6XC9cL21sbS1lbmdpbmVlcmluZy5jb21cL3dwLWNvbnRlbnRcL3VwbG9hZHNcLzIwMjJcLzA2XC9TdGVlbC1waXBlcy0wMDEuanBnIiwic2xpZGVzaG93IjoiM2Y3NjYxZSJ9\" href=\"https:\/\/mlm-engineering.com\/wp-content\/uploads\/2022\/06\/Steel-pipes-001.jpg\"><figure class=\"swiper-slide-inner\"><img decoding=\"async\" class=\"swiper-slide-image\" src=\"https:\/\/mlm-engineering.com\/wp-content\/uploads\/elementor\/thumbs\/Steel-pipes-001-prnm97ovt3n3y0pzvephsxeb7je8qbkxl02y25244u.jpg\" alt=\"Steel pipes 001\" \/><\/figure><\/a><\/div><div class=\"swiper-slide\" role=\"group\" aria-roledescription=\"slide\" aria-label=\"6 of 7\"><a data-elementor-open-lightbox=\"yes\" data-elementor-lightbox-slideshow=\"3f7661e\" data-elementor-lightbox-title=\"Steel plates 004\" data-e-action-hash=\"#elementor-action%3Aaction%3Dlightbox%26settings%3DeyJpZCI6MTQyMywidXJsIjoiaHR0cHM6XC9cL21sbS1lbmdpbmVlcmluZy5jb21cL3dwLWNvbnRlbnRcL3VwbG9hZHNcLzIwMjJcLzA2XC9TdGVlbC1wbGF0ZXMtMDA0LmpwZyIsInNsaWRlc2hvdyI6IjNmNzY2MWUifQ%3D%3D\" href=\"https:\/\/mlm-engineering.com\/wp-content\/uploads\/2022\/06\/Steel-plates-004.jpg\"><figure class=\"swiper-slide-inner\"><img decoding=\"async\" class=\"swiper-slide-image\" src=\"https:\/\/mlm-engineering.com\/wp-content\/uploads\/elementor\/thumbs\/Steel-plates-004-prnm9bg8kfs98gkj9gc02wg5l2vpl3zuxiovz8wjfy.jpg\" alt=\"Steel plates 004\" \/><\/figure><\/a><\/div><div class=\"swiper-slide\" role=\"group\" aria-roledescription=\"slide\" aria-label=\"7 of 7\"><a data-elementor-open-lightbox=\"yes\" data-elementor-lightbox-slideshow=\"3f7661e\" data-elementor-lightbox-title=\"steel plate\" data-e-action-hash=\"#elementor-action%3Aaction%3Dlightbox%26settings%3DeyJpZCI6MTM1OSwidXJsIjoiaHR0cHM6XC9cL21sbS1lbmdpbmVlcmluZy5jb21cL3dwLWNvbnRlbnRcL3VwbG9hZHNcLzIwMjJcLzA2XC9zdGVlbC1wbGF0ZS5qcGciLCJzbGlkZXNob3ciOiIzZjc2NjFlIn0%3D\" href=\"https:\/\/mlm-engineering.com\/wp-content\/uploads\/2022\/06\/steel-plate.jpg\"><figure class=\"swiper-slide-inner\"><img decoding=\"async\" class=\"swiper-slide-image\" src=\"https:\/\/mlm-engineering.com\/wp-content\/uploads\/elementor\/thumbs\/steel-plate-prnm9e9r4xw47agfszjvsdqjd8ht87b1xwncf2scxa.jpg\" alt=\"steel plate\" \/><\/figure><\/a><\/div>\t\t\t<\/div>\n\t\t\t\t\t\t\t\t\t\t\t\t<div class=\"elementor-swiper-button elementor-swiper-button-prev\" role=\"button\" tabindex=\"0\">\n\t\t\t\t\t\t<i aria-hidden=\"true\" class=\"eicon-chevron-left\"><\/i>\t\t\t\t\t<\/div>\n\t\t\t\t\t<div class=\"elementor-swiper-button elementor-swiper-button-next\" role=\"button\" tabindex=\"0\">\n\t\t\t\t\t\t<i aria-hidden=\"true\" class=\"eicon-chevron-right\"><\/i>\t\t\t\t\t<\/div>\n\t\t\t\t\n\t\t\t\t\t\t\t\t\t<\/div>\n\t\t\t\t<\/div>\n\t\t\t\t<\/div>\n\t\t\t\t\t<\/div>\n\t\t<\/div>\n\t\t\t\t\t<\/div>\n\t\t<\/section>\n\t\t\t\t<\/div>","protected":false},"excerpt":{"rendered":"<p>Izdelava strojnih delov po naro\u010dilu Izdelava strojnih delov po naro\u010dilu Zaradi obse\u017enega strojnega parka in izku\u0161enj se lahko lotimo zahtevnih projektov izdelave kovinskih delov za razli\u010dne namene. Izdelamo lahko kose v manj\u0161ih ali ve\u010djih serijah, izdelani pa so lahko po na\u0161ih ali va\u0161ih na\u010drtih. Potrebujete nasvet pri izbiri na\u0161ih produktih ali storitvah, morda ponudbo? Kontakt [&hellip;]<\/p>","protected":false},"author":3,"featured_media":0,"parent":477,"menu_order":0,"comment_status":"closed","ping_status":"closed","template":"","meta":{"_seopress_robots_primary_cat":"","_seopress_titles_title":"","_seopress_titles_desc":"","_seopress_robots_index":"","ocean_post_layout":"full-screen","ocean_both_sidebars_style":"","ocean_both_sidebars_content_width":0,"ocean_both_sidebars_sidebars_width":0,"ocean_sidebar":"0","ocean_second_sidebar":"0","ocean_disable_margins":"on","ocean_add_body_class":"","ocean_shortcode_before_top_bar":"","ocean_shortcode_after_top_bar":"","ocean_shortcode_before_header":"","ocean_shortcode_after_header":"","ocean_has_shortcode":"","ocean_shortcode_after_title":"","ocean_shortcode_before_footer_widgets":"","ocean_shortcode_after_footer_widgets":"","ocean_shortcode_before_footer_bottom":"","ocean_shortcode_after_footer_bottom":"","ocean_display_top_bar":"default","ocean_display_header":"default","ocean_header_style":"","ocean_center_header_left_menu":"0","ocean_custom_header_template":"0","ocean_custom_logo":0,"ocean_custom_retina_logo":0,"ocean_custom_logo_max_width":0,"ocean_custom_logo_tablet_max_width":0,"ocean_custom_logo_mobile_max_width":0,"ocean_custom_logo_max_height":0,"ocean_custom_logo_tablet_max_height":0,"ocean_custom_logo_mobile_max_height":0,"ocean_header_custom_menu":"0","ocean_menu_typo_font_family":"0","ocean_menu_typo_font_subset":"","ocean_menu_typo_font_size":0,"ocean_menu_typo_font_size_tablet":0,"ocean_menu_typo_font_size_mobile":0,"ocean_menu_typo_font_size_unit":"px","ocean_menu_typo_font_weight":"","ocean_menu_typo_font_weight_tablet":"","ocean_menu_typo_font_weight_mobile":"","ocean_menu_typo_transform":"","ocean_menu_typo_transform_tablet":"","ocean_menu_typo_transform_mobile":"","ocean_menu_typo_line_height":0,"ocean_menu_typo_line_height_tablet":0,"ocean_menu_typo_line_height_mobile":0,"ocean_menu_typo_line_height_unit":"","ocean_menu_typo_spacing":0,"ocean_menu_typo_spacing_tablet":0,"ocean_menu_typo_spacing_mobile":0,"ocean_menu_typo_spacing_unit":"","ocean_menu_link_color":"","ocean_menu_link_color_hover":"","ocean_menu_link_color_active":"","ocean_menu_link_background":"","ocean_menu_link_hover_background":"","ocean_menu_link_active_background":"","ocean_menu_social_links_bg":"","ocean_menu_social_hover_links_bg":"","ocean_menu_social_links_color":"","ocean_menu_social_hover_links_color":"","ocean_disable_title":"on","ocean_disable_heading":"on","ocean_post_title":"","ocean_post_subheading":"","ocean_post_title_style":"","ocean_post_title_background_color":"","ocean_post_title_background":0,"ocean_post_title_bg_image_position":"","ocean_post_title_bg_image_attachment":"","ocean_post_title_bg_image_repeat":"","ocean_post_title_bg_image_size":"","ocean_post_title_height":0,"ocean_post_title_bg_overlay":0.5,"ocean_post_title_bg_overlay_color":"","ocean_disable_breadcrumbs":"off","ocean_breadcrumbs_color":"","ocean_breadcrumbs_separator_color":"","ocean_breadcrumbs_links_color":"","ocean_breadcrumbs_links_hover_color":"","ocean_display_footer_widgets":"default","ocean_display_footer_bottom":"default","ocean_custom_footer_template":"0","footnotes":""},"_links":{"self":[{"href":"https:\/\/mlm-engineering.com\/de\/wp-json\/wp\/v2\/pages\/2182"}],"collection":[{"href":"https:\/\/mlm-engineering.com\/de\/wp-json\/wp\/v2\/pages"}],"about":[{"href":"https:\/\/mlm-engineering.com\/de\/wp-json\/wp\/v2\/types\/page"}],"author":[{"embeddable":true,"href":"https:\/\/mlm-engineering.com\/de\/wp-json\/wp\/v2\/users\/3"}],"replies":[{"embeddable":true,"href":"https:\/\/mlm-engineering.com\/de\/wp-json\/wp\/v2\/comments?post=2182"}],"version-history":[{"count":0,"href":"https:\/\/mlm-engineering.com\/de\/wp-json\/wp\/v2\/pages\/2182\/revisions"}],"up":[{"embeddable":true,"href":"https:\/\/mlm-engineering.com\/de\/wp-json\/wp\/v2\/pages\/477"}],"wp:attachment":[{"href":"https:\/\/mlm-engineering.com\/de\/wp-json\/wp\/v2\/media?parent=2182"}],"curies":[{"name":"wp","href":"https:\/\/api.w.org\/{rel}","templated":true}]}}