{"id":2195,"date":"2022-06-10T07:11:23","date_gmt":"2022-06-10T07:11:23","guid":{"rendered":"https:\/\/mlm-engineering.com\/?page_id=2195"},"modified":"2022-07-31T12:50:22","modified_gmt":"2022-07-31T12:50:22","slug":"splosni-pogoji","status":"publish","type":"page","link":"https:\/\/mlm-engineering.com\/de\/splosni-pogoji\/","title":{"rendered":"Allgemeine Bedingungen und Konditionen"},"content":{"rendered":"<div data-elementor-type=\"wp-page\" data-elementor-id=\"2195\" class=\"elementor elementor-2195\">\n\t\t\t\t\t\t<section class=\"elementor-section elementor-top-section elementor-element elementor-element-676f2f3 elementor-section-boxed elementor-section-height-default elementor-section-height-default\" data-id=\"676f2f3\" data-element_type=\"section\" data-settings=\"{&quot;background_background&quot;:&quot;classic&quot;}\">\n\t\t\t\t\t\t<div class=\"elementor-container elementor-column-gap-default\">\n\t\t\t\t\t<div class=\"elementor-column elementor-col-100 elementor-top-column elementor-element elementor-element-cda71a6\" data-id=\"cda71a6\" data-element_type=\"column\">\n\t\t\t<div class=\"elementor-widget-wrap elementor-element-populated\">\n\t\t\t\t\t\t<div class=\"elementor-element elementor-element-53e4b40 elementor-widget elementor-widget-heading\" data-id=\"53e4b40\" data-element_type=\"widget\" data-widget_type=\"heading.default\">\n\t\t\t\t<div class=\"elementor-widget-container\">\n\t\t\t<h2 class=\"elementor-heading-title elementor-size-default\">Allgemeine Bedingungen und Konditionen<\/h2>\t\t<\/div>\n\t\t\t\t<\/div>\n\t\t\t\t<div class=\"elementor-element elementor-element-cfd40ef elementor-widget elementor-widget-text-editor\" data-id=\"cfd40ef\" data-element_type=\"widget\" data-widget_type=\"text-editor.default\">\n\t\t\t\t<div class=\"elementor-widget-container\">\n\t\t\t\t\t\t\t<p>Die vorliegenden Bedingungen beschreiben die Regeln und Vorschriften f\u00fcr die Nutzung der Website von MLM ENGINEERING MIHA FLANDER S.P., ENGINEERING unter der Adresse https:\/\/mlm-engineering.com\/ und aller ihrer Subdomains. Mit dem Zugriff auf diese Website gehen wir davon aus, dass Sie diese Bestimmungen und Bedingungen akzeptieren. Fahren Sie nicht mit der Nutzung von https:\/\/mlm-engineering.com\/ fort, wenn Sie nicht mit allen auf dieser Seite aufgef\u00fchrten Bedingungen und Konditionen einverstanden sind.<\/p><p>Die folgende Terminologie gilt f\u00fcr diese Allgemeinen Gesch\u00e4ftsbedingungen, die Datenschutzerkl\u00e4rung und den Haftungsausschluss sowie alle Vereinbarungen: \"Kunde\", \"Sie\" und \"Ihr\" bezieht sich auf Sie, die Person, die sich auf dieser Website registriert und den Allgemeinen Gesch\u00e4ftsbedingungen des Unternehmens unterliegt. \"Unternehmen\", \"Sie\", \"Wir\", \"Unser\" und \"Uns\" beziehen sich auf unser Unternehmen. \"Kunde\", \"Parteien\" oder \"uns\" bezieht sich sowohl auf den Kunden als auch auf uns. Alle Bedingungen beziehen sich auf das Angebot, die Annahme und die Gegenleistung, die erforderlich sind, um den Prozess unserer Unterst\u00fctzung f\u00fcr den Kunden auf die zweckm\u00e4\u00dfigste Weise durchzuf\u00fchren, mit dem ausdr\u00fccklichen Ziel, die Bed\u00fcrfnisse des Kunden f\u00fcr die Erbringung der oben genannten Dienstleistungen in \u00dcbereinstimmung mit und vorbehaltlich des geltenden slowenischen Rechts zu erf\u00fcllen. Jegliche Verwendung der oben genannten Terminologie oder anderer W\u00f6rter im Singular, Plural, in Gro\u00dfbuchstaben und\/oder er\/sie\/es oder sie gelten als austauschbar und beziehen sich daher auf dasselbe.<\/p><p><strong>Cookies<\/strong><\/p><p>Diese Website verwendet Cookies. Wenn Sie auf https:\/\/mlm-engineering.com\/ zugreifen, stimmen Sie der Verwendung von Cookies in \u00dcbereinstimmung mit MLM ENGINEERING MIHA FLANDER S.P., ENGINEERING, und der Datenschutzrichtlinie der Website zu. Die meisten interaktiven Websites verwenden Cookies, um bei jedem Besuch Informationen \u00fcber den Benutzer zu erhalten. Wir verwenden Cookies auf unserer Website, um die Funktionalit\u00e4t bestimmter Bereiche zu erm\u00f6glichen und die Nutzung unserer Website f\u00fcr die Besucher zu erleichtern. Einige unserer Tochtergesellschaften\/Werbepartner verwenden m\u00f6glicherweise auch Cookies von Dritten.<\/p><p><strong>Lizenz<\/strong><\/p><p>Sofern nicht anders angegeben, sind MLM ENGINEERING MIHA FLANDER S.P., ENGINEERING, und\/oder die Lizenzgeber der Website die Inhaber der geistigen Eigentumsrechte f\u00fcr das gesamte Material auf https:\/\/mlm-engineering.com\/. Alle geistigen Eigentumsrechte sind vorbehalten. Sie k\u00f6nnen auf https:\/\/mlm-engineering.com\/ f\u00fcr Ihren pers\u00f6nlichen Gebrauch zugreifen, vorbehaltlich der in diesen Bedingungen und Konditionen dargelegten Einschr\u00e4nkungen.<\/p><p>Das d\u00fcrfen Sie nicht:<\/p><ul><li>Zur Ver\u00f6ffentlichung von Material https:\/\/mlm-engineering.com\/brez Genehmigungen.<\/li><li>Verkauf, Verleih oder Unterlizenzierung von Material mit Genehmigung von https:\/\/mlm-engineering.com\/brez.<\/li><li>Reproduzieren, vervielf\u00e4ltigen oder kopieren Sie Material mit Genehmigung von https:\/\/mlm-engineering.com\/brez.<\/li><li>Weiterverbreitung von Inhalten mit Genehmigung von https:\/\/mlm-engineering.com\/brez.<\/li><\/ul><p>Diese Vereinbarung tritt mit dem Datum dieser Vereinbarung oder mit dem direkten Zugriff auf unsere Website in Kraft.<\/p><p>Teile dieser Website bieten den Nutzern die M\u00f6glichkeit, Meinungen und Informationen zu bestimmten Bereichen der Website zu ver\u00f6ffentlichen und auszutauschen. MLM ENGINEERING MIHA FLANDER S.P., ENGINEERING filtert, bearbeitet, ver\u00f6ffentlicht oder \u00fcberpr\u00fcft Kommentare nicht, bevor sie auf der Website erscheinen. Die Kommentare geben nicht die Ansichten und Meinungen von MLM ENGINEERING MIHA FLANDER S.P., ENGINEERING , ihren Vertretern und\/oder verbundenen Unternehmen wieder. Die Kommentare spiegeln die Ansichten und Meinungen der Person wider, die die Meinung ver\u00f6ffentlicht. MLM ENGINEERING MIHA FLANDER S.P., ENGINEERING haftet, soweit dies gesetzlich zul\u00e4ssig ist, weder f\u00fcr die Kommentare noch f\u00fcr Verbindlichkeiten, Sch\u00e4den oder Kosten jeglicher Art, die infolge der Nutzung und\/oder Ver\u00f6ffentlichung und\/oder des Erscheinens der Kommentare auf dieser Website entstehen und\/oder erlitten werden.<\/p><p>MLM ENGINEERING MIHA FLANDER S.P., ENGINEERING beh\u00e4lt sich das Recht vor, alle Kommentare zu \u00fcberwachen und alle Kommentare zu entfernen, die als unangemessen oder beleidigend erachtet werden oder einen Versto\u00df gegen diese Bedingungen darstellen.<\/p><p>Sie garantieren und sichern zu, dass:<\/p><ul><li>Sie sind berechtigt, Kommentare auf unserer Website zu ver\u00f6ffentlichen und verf\u00fcgen \u00fcber die daf\u00fcr erforderlichen Genehmigungen und Zustimmungen;<\/li><li>die Kommentare keine Rechte an geistigem Eigentum, einschlie\u00dflich Urheberrechte, Patente oder Markenrechte Dritter, verletzen;<\/li><li>Die Kommentare enthalten kein diffamierendes, verleumderisches, beleidigendes, obsz\u00f6nes oder anderweitig ungesetzliches Material, das eine Verletzung der Privatsph\u00e4re darstellt;<\/li><li>Die Kommentare d\u00fcrfen nicht dazu verwendet werden, f\u00fcr Verk\u00e4ufe zu werben oder kommerzielle oder illegale Aktivit\u00e4ten darzustellen.<\/li><\/ul><p>Sie gew\u00e4hren MLM ENGINEERING MIHA FLANDER S.P., ENGINEERING hiermit eine nicht ausschlie\u00dfliche Lizenz zur Nutzung, Vervielf\u00e4ltigung und Bearbeitung Ihrer Kommentare sowie zur Erm\u00e4chtigung anderer zur Nutzung, Vervielf\u00e4ltigung und Bearbeitung Ihrer Kommentare in jeglicher Form, Gestalt oder Medien.<\/p><p><strong>Hyperlink zu unserem Inhalt<\/strong><\/p><p>Die folgenden Organisationen d\u00fcrfen ohne vorherige schriftliche Genehmigung auf unsere Website verlinken:<\/p><ul><li>staatliche Stellen<\/li><li>Suchmaschinen;<\/li><li>Nachrichten;<\/li><li>Verteiler von Online-Verzeichnissen, die ebenso wie Hyperlinks zu den Websites anderer b\u00f6rsennotierter Unternehmen auf unsere Website verweisen k\u00f6nnen; und<\/li><li>akkreditierte Unternehmen im gesamten System, mit Ausnahme von gemeinn\u00fctzigen Organisationen, Wohlt\u00e4tigkeitsl\u00e4den und Wohlt\u00e4tigkeitsgruppen, die keine Hyperlinks zu unserer Website setzen d\u00fcrfen.<\/li><\/ul><p>Diese Organisationen k\u00f6nnen auf unsere Homepage, Ver\u00f6ffentlichungen oder andere Website-Informationen verlinken, vorausgesetzt, dass der Link: (a) in keiner Weise irref\u00fchrend ist; (b) die verlinkte Website und ihre Produkte und\/oder Dienstleistungen nicht in unzul\u00e4ssiger Weise sponsert, bef\u00fcrwortet oder genehmigt; und (c) in den Kontext der Website der verlinkten Partei passt.<\/p><p>Wir k\u00f6nnen andere Anfragen f\u00fcr Links von den folgenden Arten von Organisationen pr\u00fcfen und genehmigen:<\/p><ul><li>allgemein bekannte Quellen f\u00fcr Verbraucher- und\/oder Unternehmensinformationen;<\/li><li>Community dot.com<\/li><li>Verb\u00e4nde oder andere Gruppen, die Wohlt\u00e4tigkeitsorganisationen vertreten;<\/li><li>Online-Verzeichnisse f\u00fcr H\u00e4ndler;<\/li><li>Internetportale;<\/li><li>Wirtschaftspr\u00fcfungs-, Rechtsberatungs- und Beratungsunternehmen; und<\/li><li>Bildungseinrichtungen und Berufsverb\u00e4nde.<\/li><\/ul><p>Wir werden Linkanfragen dieser Organisationen genehmigen, wenn wir zu dem Schluss kommen, dass: a) wir selbst oder die von uns akkreditierten Unternehmen nicht in einem unangemessenen Licht erscheinen w\u00fcrden; b) die Organisation keinen negativen Eintrag bei uns hat; c) der Nutzen der Sichtbarkeit des Hyperlinks f\u00fcr uns durch die Abwesenheit von MLM ENGINEERING MIHA FLANDER S.P., ENGINEERING aufgewogen wird; und d) der Link im Zusammenhang mit allgemeinen Informationen \u00fcber die Ressource steht.<\/p><p>Diese Organisationen d\u00fcrfen auf unsere Homepage verlinken, solange der Link: (a) in keiner Weise irref\u00fchrend ist; (b) die verlinkende Website und ihre Produkte oder Dienstleistungen nicht unangemessen sponsert, unterst\u00fctzt oder billigt; und (c) in den Kontext der Website der verlinkenden Partei passt. Wenn Sie eine der oben aufgef\u00fchrten Organisationen sind und an einer Verlinkung zu unserer Website interessiert sind, m\u00fcssen Sie uns dies per E-Mail an info@mlm-engineering.com\/ mitteilen.<\/p><p>Bitte geben Sie Ihren Namen, den Namen Ihrer Organisation, Ihre Kontaktdaten sowie die URL Ihrer Website, eine Liste aller URLs, von denen aus Sie auf unsere Website verlinken wollen, und eine Liste der URLs auf unserer Website, auf die Sie verlinken wollen, an. Bitte warten Sie 2-3 Wochen auf eine Antwort.<\/p><p>Zugelassene Organisationen k\u00f6nnen Hyperlinks zu unserer Website einrichten:<\/p><ul><li>unter Verwendung unseres Firmennamens oder<\/li><li>unter Verwendung eines einzigen Ressourcen-Locators, der mit<\/li><li>durch Verwendung einer anderen Beschreibung unserer Website, die sich auf das bezieht, was im Kontext und im Format des Inhalts der Website der verlinkten Partei sinnvoll ist.<\/li><\/ul><p>Die Verwendung des Logos von MLM ENGINEERING MIHA FLANDER S.P., ENGINEERING oder anderer Inhalte f\u00fcr den Link ist nicht gestattet, wenn kein Markenlizenzvertrag vorliegt.<\/p><p><strong>iFrame<\/strong><\/p><p>Sie d\u00fcrfen auf unseren Websites keine Frames erstellen, die die visuelle Pr\u00e4sentation oder das Erscheinungsbild unserer Website in irgendeiner Weise ver\u00e4ndern, ohne dass wir dies vorher schriftlich genehmigt haben.<\/p><p><strong>Substanzielle Verantwortung<\/strong><\/p><p>Wir sind nicht f\u00fcr Inhalte verantwortlich, die auf Ihrer Website erscheinen. Sie verpflichten sich, uns von allen Anspr\u00fcchen, die auf Ihrer Website erscheinen, freizustellen, zu verteidigen und schadlos zu halten. Auf keiner Website darf ein Link erscheinen, der als falsch, obsz\u00f6n oder kriminell ausgelegt werden k\u00f6nnte oder der die Rechte eines Dritten verletzt, anderweitig gegen sie verst\u00f6\u00dft oder die Verletzung oder sonstige Verletzung von Rechten eines Dritten bef\u00fcrwortet.<\/p><p><strong>Vorbehalt der Rechte<\/strong><\/p><p>Wir behalten uns das Recht vor, Sie aufzufordern, alle Links oder einen bestimmten Link zu unserer Website zu entfernen. Sie verpflichten sich, alle Links zu unserer Website auf Verlangen unverz\u00fcglich zu entfernen. Wir behalten uns au\u00dferdem das Recht vor, diese Bedingungen und die Linkpolitik jederzeit zu \u00e4ndern. Indem Sie kontinuierlich einen Link zu unserer Website herstellen, erkl\u00e4ren Sie sich mit diesen Bedingungen einverstanden und befolgen sie.<\/p><p><strong>Entfernung von Links von unserer Website<\/strong><\/p><p>Wenn Sie auf unserer Website einen Link finden, der aus irgendeinem Grund anst\u00f6\u00dfig ist, k\u00f6nnen Sie sich jederzeit an uns wenden, um uns dies mitzuteilen. Wir werden Anfragen zur Entfernung von Links pr\u00fcfen, sind aber nicht verpflichtet, ihnen direkt zu antworten. Wir \u00fcbernehmen keine Gew\u00e4hr f\u00fcr die Richtigkeit, Vollst\u00e4ndigkeit oder Genauigkeit der Informationen auf dieser Website und versprechen auch nicht, dass die Website verf\u00fcgbar bleibt oder dass das Material auf der Website auf dem neuesten Stand gehalten wird.<\/p><p><strong>Haftungsausschluss<\/strong><\/p><p>Soweit dies nach geltendem Recht zul\u00e4ssig ist, schlie\u00dfen wir alle Zusicherungen, Garantien und Bedingungen in Bezug auf unsere Website und die Nutzung dieser Website aus. Nichts in diesem Haftungsausschluss wird:<\/p><p>Die in diesem Abschnitt und an anderer Stelle in diesem Haftungsausschluss dargelegten Haftungsbeschr\u00e4nkungen und -verbote: (a) gelten f\u00fcr den vorangehenden Absatz; und (b) regeln alle Verpflichtungen, die sich aus dem Haftungsausschluss ergeben, einschlie\u00dflich vertraglicher Verpflichtungen aus Vertrag, Schadensersatz und Verletzung gesetzlicher Pflichten.<\/p><p>Wir haften nicht f\u00fcr Verluste oder Sch\u00e4den, solange die Website und die Informationen und Dienste auf der Website nicht kostenlos zur Verf\u00fcgung gestellt werden.<\/p><p><strong>Au\u00dfergerichtliche Beilegung von Verbraucherstreitigkeiten<\/strong><\/p><p>MLM ENGINEERING MIHA FLANDER S.P., ENGINEERING erkennt keinen Anbieter von au\u00dfergerichtlichen Verbraucherstreitbeilegungsverfahren als zust\u00e4ndig f\u00fcr die Beilegung von Verbraucherstreitigkeiten an, die von einem Verbraucher gem\u00e4\u00df dem Gesetz \u00fcber die au\u00dfergerichtliche Beilegung von Verbraucherstreitigkeiten in \u00dcbereinstimmung mit den Rechtsnormen eingeleitet werden k\u00f6nnten. Das Unternehmen als Anbieter von Waren und Dienstleistungen ver\u00f6ffentlicht auf seiner Website einen elektronischen Link zur Online-Plattform zur Beilegung von Verbraucherstreitigkeiten (ODRP). Die ODRP steht den Verbrauchern unter folgendem elektronischen Link zur Verf\u00fcgung: http:\/\/ec.europa.eu\/odr. Die oben genannte Regelung basiert auf dem Gesetz \u00fcber die au\u00dfergerichtliche Beilegung von Verbraucherstreitigkeiten, der Verordnung (EU) Nr. 524\/2013 des Europ\u00e4ischen Parlaments und des Rates \u00fcber die Online-Streitbeilegung bei Verbraucherstreitigkeiten und zur \u00c4nderung der Verordnung (EG) Nr. 2016\/2004 und der Richtlinie 200.<\/p>\t\t\t\t\t\t<\/div>\n\t\t\t\t<\/div>\n\t\t\t\t\t<\/div>\n\t\t<\/div>\n\t\t\t\t\t<\/div>\n\t\t<\/section>\n\t\t\t\t<\/div>","protected":false},"excerpt":{"rendered":"<p>Splo\u0161ni pogoji Ti pogoji opisujejo pravila in predpise za uporabo za spletnega mesta MLM ENGINEERING MIHA FLANDER S.P., IN\u017dINIRING, ki se nahaja na https:\/\/mlm-engineering.com\/ in vse njene poddomene. Z dostopom do tega spletnega mesta predpostavljamo, da sprejemate te pogoje. Ne nadaljujte z uporabo\u00a0https:\/\/mlm-engineering.com\/, \u010de se ne strinjate z vsemi pogoji, navedenimi na tej strani. Naslednja [&hellip;]<\/p>","protected":false},"author":3,"featured_media":0,"parent":0,"menu_order":0,"comment_status":"closed","ping_status":"closed","template":"","meta":{"_seopress_robots_primary_cat":"","_seopress_titles_title":"","_seopress_titles_desc":"","_seopress_robots_index":"","ocean_post_layout":"full-screen","ocean_both_sidebars_style":"","ocean_both_sidebars_content_width":0,"ocean_both_sidebars_sidebars_width":0,"ocean_sidebar":"0","ocean_second_sidebar":"0","ocean_disable_margins":"on","ocean_add_body_class":"","ocean_shortcode_before_top_bar":"","ocean_shortcode_after_top_bar":"","ocean_shortcode_before_header":"","ocean_shortcode_after_header":"","ocean_has_shortcode":"","ocean_shortcode_after_title":"","ocean_shortcode_before_footer_widgets":"","ocean_shortcode_after_footer_widgets":"","ocean_shortcode_before_footer_bottom":"","ocean_shortcode_after_footer_bottom":"","ocean_display_top_bar":"default","ocean_display_header":"default","ocean_header_style":"","ocean_center_header_left_menu":"0","ocean_custom_header_template":"0","ocean_custom_logo":0,"ocean_custom_retina_logo":0,"ocean_custom_logo_max_width":0,"ocean_custom_logo_tablet_max_width":0,"ocean_custom_logo_mobile_max_width":0,"ocean_custom_logo_max_height":0,"ocean_custom_logo_tablet_max_height":0,"ocean_custom_logo_mobile_max_height":0,"ocean_header_custom_menu":"0","ocean_menu_typo_font_family":"0","ocean_menu_typo_font_subset":"","ocean_menu_typo_font_size":0,"ocean_menu_typo_font_size_tablet":0,"ocean_menu_typo_font_size_mobile":0,"ocean_menu_typo_font_size_unit":"px","ocean_menu_typo_font_weight":"","ocean_menu_typo_font_weight_tablet":"","ocean_menu_typo_font_weight_mobile":"","ocean_menu_typo_transform":"","ocean_menu_typo_transform_tablet":"","ocean_menu_typo_transform_mobile":"","ocean_menu_typo_line_height":0,"ocean_menu_typo_line_height_tablet":0,"ocean_menu_typo_line_height_mobile":0,"ocean_menu_typo_line_height_unit":"","ocean_menu_typo_spacing":0,"ocean_menu_typo_spacing_tablet":0,"ocean_menu_typo_spacing_mobile":0,"ocean_menu_typo_spacing_unit":"","ocean_menu_link_color":"","ocean_menu_link_color_hover":"","ocean_menu_link_color_active":"","ocean_menu_link_background":"","ocean_menu_link_hover_background":"","ocean_menu_link_active_background":"","ocean_menu_social_links_bg":"","ocean_menu_social_hover_links_bg":"","ocean_menu_social_links_color":"","ocean_menu_social_hover_links_color":"","ocean_disable_title":"on","ocean_disable_heading":"on","ocean_post_title":"","ocean_post_subheading":"","ocean_post_title_style":"","ocean_post_title_background_color":"","ocean_post_title_background":0,"ocean_post_title_bg_image_position":"","ocean_post_title_bg_image_attachment":"","ocean_post_title_bg_image_repeat":"","ocean_post_title_bg_image_size":"","ocean_post_title_height":0,"ocean_post_title_bg_overlay":0.5,"ocean_post_title_bg_overlay_color":"","ocean_disable_breadcrumbs":"off","ocean_breadcrumbs_color":"","ocean_breadcrumbs_separator_color":"","ocean_breadcrumbs_links_color":"","ocean_breadcrumbs_links_hover_color":"","ocean_display_footer_widgets":"default","ocean_display_footer_bottom":"default","ocean_custom_footer_template":"0","footnotes":""},"_links":{"self":[{"href":"https:\/\/mlm-engineering.com\/de\/wp-json\/wp\/v2\/pages\/2195"}],"collection":[{"href":"https:\/\/mlm-engineering.com\/de\/wp-json\/wp\/v2\/pages"}],"about":[{"href":"https:\/\/mlm-engineering.com\/de\/wp-json\/wp\/v2\/types\/page"}],"author":[{"embeddable":true,"href":"https:\/\/mlm-engineering.com\/de\/wp-json\/wp\/v2\/users\/3"}],"replies":[{"embeddable":true,"href":"https:\/\/mlm-engineering.com\/de\/wp-json\/wp\/v2\/comments?post=2195"}],"version-history":[{"count":4,"href":"https:\/\/mlm-engineering.com\/de\/wp-json\/wp\/v2\/pages\/2195\/revisions"}],"predecessor-version":[{"id":2436,"href":"https:\/\/mlm-engineering.com\/de\/wp-json\/wp\/v2\/pages\/2195\/revisions\/2436"}],"wp:attachment":[{"href":"https:\/\/mlm-engineering.com\/de\/wp-json\/wp\/v2\/media?parent=2195"}],"curies":[{"name":"wp","href":"https:\/\/api.w.org\/{rel}","templated":true}]}}