{"id":2225,"date":"2022-06-10T07:17:31","date_gmt":"2022-06-10T07:17:31","guid":{"rendered":"https:\/\/mlm-engineering.com\/?page_id=2225"},"modified":"2022-06-10T07:24:38","modified_gmt":"2022-06-10T07:24:38","slug":"piskotki","status":"publish","type":"page","link":"https:\/\/mlm-engineering.com\/de\/piskotki\/","title":{"rendered":"Cookies"},"content":{"rendered":"<div data-elementor-type=\"wp-page\" data-elementor-id=\"2225\" class=\"elementor elementor-2225\">\n\t\t\t\t\t\t<section class=\"elementor-section elementor-top-section elementor-element elementor-element-676f2f3 elementor-section-boxed elementor-section-height-default elementor-section-height-default\" data-id=\"676f2f3\" data-element_type=\"section\" data-settings=\"{&quot;background_background&quot;:&quot;classic&quot;}\">\n\t\t\t\t\t\t<div class=\"elementor-container elementor-column-gap-default\">\n\t\t\t\t\t<div class=\"elementor-column elementor-col-100 elementor-top-column elementor-element elementor-element-cda71a6\" data-id=\"cda71a6\" data-element_type=\"column\">\n\t\t\t<div class=\"elementor-widget-wrap elementor-element-populated\">\n\t\t\t\t\t\t<div class=\"elementor-element elementor-element-53e4b40 elementor-widget elementor-widget-heading\" data-id=\"53e4b40\" data-element_type=\"widget\" data-widget_type=\"heading.default\">\n\t\t\t\t<div class=\"elementor-widget-container\">\n\t\t\t<h2 class=\"elementor-heading-title elementor-size-default\">Politik \n<\/h2>\t\t<\/div>\n\t\t\t\t<\/div>\n\t\t\t\t<div class=\"elementor-element elementor-element-cfd40ef elementor-widget elementor-widget-text-editor\" data-id=\"cfd40ef\" data-element_type=\"widget\" data-widget_type=\"text-editor.default\">\n\t\t\t\t<div class=\"elementor-widget-container\">\n\t\t\t\t\t\t\t<ol><li><strong>WAS WIR BRAUCHEN<\/strong><\/li><\/ol><p>Unsere Datenschutzrichtlinie regelt die Verwendung und Speicherung personenbezogener Daten. Sie k\u00f6nnen unsere Datenschutzpolitik auf der Seite Datenschutzhinweis (unten angef\u00fcgt) einsehen. MLM ENGINEERING MIHA FLANDER S.P., ENGINEERING, CESTA POD RIFNIKOM 23 , 3230 \u0160ENTJUR ist der f\u00fcr die Verarbeitung personenbezogener Daten Verantwortliche (Datensubjekt: Sie, Kunde, Besucher usw.). Wir erheben die folgenden Arten personenbezogener Daten:<\/p><ul><li>E-Mail Adresse;<\/li><li>Name, Anschrift, E-Mail-Adresse und Telefonnummer;<\/li><li>Zahlungsdaten wie Kredit- oder Debitkartendaten, Paypal und andere Zahlungsarten;<\/li><li>Kopien von Ausweispapieren, die die Richtigkeit der personenbezogenen Daten best\u00e4tigen;<\/li><li>Kekse;<\/li><li>Google Analytics und Yandex und Cloudflare Besuchsverfolgung;<\/li><li>Links zu pers\u00f6nlichen Profilen in sozialen Gruppen.<\/li><\/ul><p>Wir erhalten jede Art von personenbezogenen Daten auf der Grundlage der Notwendigkeit und mit gesonderter Zustimmung.<\/p><ol start=\"2\"><li><strong>WARUM WIR SIE BRAUCHEN<\/strong><\/li><\/ol><p>Wir ben\u00f6tigen Ihre pers\u00f6nlichen Daten f\u00fcr die folgenden Dienstleistungen:<\/p><ol><li style=\"list-style-type: none;\"><ol><li>E-Mail-Adresse f\u00fcr die Beantwortung Ihrer E-Mails oder der \u00fcber Kontaktformulare \u00fcbermittelten Nachrichten;<\/li><li>E-Mail-Adresse f\u00fcr den Versand von Angeboten und Newslettern;<\/li><li>Name, Anschrift, E-Mail-Adresse und Telefonnummer zum Zwecke der Entgegennahme von Reservierungen, Anfragen und der Zusendung von Angeboten oder im Zusammenhang mit der Erf\u00fcllung Ihrer sonstigen W\u00fcnsche;<\/li><li>Name, Adresse, E-Mail-Adresse und Telefonnummer zum Kauf von Geschenkgutscheinen, Gutscheinen oder Dienstleistungen und Artikeln in Verbindung mit unserem Angebot;<\/li><li>Angaben zu den Zahlungsmitteln und Kopien von Ausweispapieren f\u00fcr die Erbringung von Dienstleistungen;<\/li><li>E-Mail-Adresse f\u00fcr automatisiertes Marketing (Buchungsbest\u00e4tigungen, Danksagungen usw.);<\/li><li>Cookies f\u00fcr den Betrieb von Websites;<\/li><li>Kommunikation \u00fcber soziale Gruppen mit pers\u00f6nlichen Profilen, die Ihre Verbindung zu uns best\u00e4tigen;<\/li><li>Name, Adresse, E-Mail-Adresse und Telefonnummer f\u00fcr gelegentliche Verlosungen oder andere Werbeaktionen mit Ihrer vorherigen Zustimmung;<\/li><li>Aggregierte Daten von Google Analytics oder Yandex Direct und Cloudflare zur Verfolgung von Besuchen und internen Analysen zur Verbesserung der Inhalte.<\/li><\/ol><\/li><\/ol><p>\u00a0<\/p><ol><li><strong>WAS WIR MIT PERSONENBEZOGENEN DATEN TUN<\/strong><\/li><\/ol><p>Ihre personenbezogenen Daten werden von MLM ENGINEERING MIHA FLANDER S.P., ENGINEERING, CESTA POD RIFNIKOM 23 , 3230 \u0160ENTJUR verarbeitet, das sich in Slowenien befindet. Die Daten werden bei https:\/\/mlm-engineering.com\/ gehostet und gespeichert, das sich in der Europ\u00e4ischen Union (Deutschland) befindet. Kein Drittanbieter hat Zugang zu Ihren Daten, es sei denn, dies ist gesetzlich vorgeschrieben.<\/p><ol start=\"4\"><li><strong>WIE LANGE SIE AUFBEWAHRT WERDEN<\/strong><\/li><\/ol><p>Wir verwenden dauerhafte Cookies auf unserer Website, um Links zu sozialen Diensten und anderen \"Sharing\"-Anbietern herzustellen, und Cookies, damit Sie immer wieder auf Ihre Lieblingsinhalte auf unserer Website zugreifen k\u00f6nnen.<\/p><ol start=\"5\"><li><strong>WELCHE RECHTE HABEN SIE?<\/strong><\/li><\/ol><p>Wenn Sie der Meinung sind, dass die personenbezogenen Daten, die wir \u00fcber Sie gespeichert haben, unrichtig oder unvollst\u00e4ndig sind, haben Sie die M\u00f6glichkeit, einen Antrag auf \u00dcberpr\u00fcfung, Berichtigung oder L\u00f6schung dieser Daten zu stellen. Wenden Sie sich bitte an uns (Data Access Request Form). Wenn Sie sich dar\u00fcber beschweren m\u00f6chten, wie wir Ihre personenbezogenen Daten verarbeitet haben, wenden Sie sich bitte an den Datenschutzbeauftragten oder den Datenschutzkontakt (DPC) unter info@mlm-engineering.com\/ oder schriftlich an MLM ENGINEERING MIHA FLANDER S.P., ENGINEERING, CESTA POD RIFNIKOM 23 , 3230 \u0160ENTJUR. Unser DPC wird dann Ihre Beschwerde untersuchen und Sie \u00fcber die L\u00f6sung der Angelegenheit informieren. Wenn Sie immer noch der Meinung sind, dass Ihre personenbezogenen Daten nicht ordnungsgem\u00e4\u00df und im Einklang mit dem Gesetz verarbeitet wurden, k\u00f6nnen Sie sich an den Informationsbeauftragten wenden und bei ihm eine Beschwerde einreichen. Sie k\u00f6nnen den Zugang zu datenschutzbezogenen Ma\u00dfnahmen und Dokumenten mit einem speziellen Formular beantragen, das Sie auf der Seite Datenschutz finden.\u00a0<strong>Verwandte Dokumente:<\/strong><\/p><ul><li>Politik zum Schutz personenbezogener Daten<\/li><li>Richtlinie zur Aufbewahrung personenbezogener Daten (auf Anfrage per E-Mail oder pers\u00f6nlich)<\/li><li>Zeitplan f\u00fcr die Aufbewahrung von personenbezogenen Daten (auf Anfrage per E-Mail oder pers\u00f6nlich)<\/li><li>Hinweis zum Datenschutz<\/li><li>Allgemeine Bedingungen und Konditionen<\/li><li>Zustimmungsformular<\/li><li>Formular zum Widerruf der Zustimmung<\/li><\/ul><p>\u0160ENTJUR, 10.6.2022, Ver. Dokument: 1.0<\/p>\t\t\t\t\t\t<\/div>\n\t\t\t\t<\/div>\n\t\t\t\t\t<\/div>\n\t\t<\/div>\n\t\t\t\t\t<\/div>\n\t\t<\/section>\n\t\t\t\t<\/div>","protected":false},"excerpt":{"rendered":"<p>Politika KAJ POTREBUJEMO Na\u0161a politika varovanja osebnih podatkov ureja uporabo in shranjevanje podatkov. Politiko varovanja osebnih podatkov si lahko ogledate na strani Obvestilo o zasebnosti (priloga spodaj). MLM ENGINEERING MIHA FLANDER S.P., IN\u017dINIRING, CESTA POD RIFNIKOM 23 , 3230 \u0160ENTJUR je upravljalec osebnih podatkov, ki jih posreduje (subjekt podatkov: vi, kupec, obiskovalec itd.). Zbiramo naslednje [&hellip;]<\/p>","protected":false},"author":3,"featured_media":0,"parent":0,"menu_order":0,"comment_status":"closed","ping_status":"closed","template":"","meta":{"_seopress_robots_primary_cat":"","_seopress_titles_title":"","_seopress_titles_desc":"","_seopress_robots_index":"","ocean_post_layout":"full-screen","ocean_both_sidebars_style":"","ocean_both_sidebars_content_width":0,"ocean_both_sidebars_sidebars_width":0,"ocean_sidebar":"0","ocean_second_sidebar":"0","ocean_disable_margins":"on","ocean_add_body_class":"","ocean_shortcode_before_top_bar":"","ocean_shortcode_after_top_bar":"","ocean_shortcode_before_header":"","ocean_shortcode_after_header":"","ocean_has_shortcode":"","ocean_shortcode_after_title":"","ocean_shortcode_before_footer_widgets":"","ocean_shortcode_after_footer_widgets":"","ocean_shortcode_before_footer_bottom":"","ocean_shortcode_after_footer_bottom":"","ocean_display_top_bar":"default","ocean_display_header":"default","ocean_header_style":"","ocean_center_header_left_menu":"0","ocean_custom_header_template":"0","ocean_custom_logo":0,"ocean_custom_retina_logo":0,"ocean_custom_logo_max_width":0,"ocean_custom_logo_tablet_max_width":0,"ocean_custom_logo_mobile_max_width":0,"ocean_custom_logo_max_height":0,"ocean_custom_logo_tablet_max_height":0,"ocean_custom_logo_mobile_max_height":0,"ocean_header_custom_menu":"0","ocean_menu_typo_font_family":"0","ocean_menu_typo_font_subset":"","ocean_menu_typo_font_size":0,"ocean_menu_typo_font_size_tablet":0,"ocean_menu_typo_font_size_mobile":0,"ocean_menu_typo_font_size_unit":"px","ocean_menu_typo_font_weight":"","ocean_menu_typo_font_weight_tablet":"","ocean_menu_typo_font_weight_mobile":"","ocean_menu_typo_transform":"","ocean_menu_typo_transform_tablet":"","ocean_menu_typo_transform_mobile":"","ocean_menu_typo_line_height":0,"ocean_menu_typo_line_height_tablet":0,"ocean_menu_typo_line_height_mobile":0,"ocean_menu_typo_line_height_unit":"","ocean_menu_typo_spacing":0,"ocean_menu_typo_spacing_tablet":0,"ocean_menu_typo_spacing_mobile":0,"ocean_menu_typo_spacing_unit":"","ocean_menu_link_color":"","ocean_menu_link_color_hover":"","ocean_menu_link_color_active":"","ocean_menu_link_background":"","ocean_menu_link_hover_background":"","ocean_menu_link_active_background":"","ocean_menu_social_links_bg":"","ocean_menu_social_hover_links_bg":"","ocean_menu_social_links_color":"","ocean_menu_social_hover_links_color":"","ocean_disable_title":"on","ocean_disable_heading":"on","ocean_post_title":"","ocean_post_subheading":"","ocean_post_title_style":"","ocean_post_title_background_color":"","ocean_post_title_background":0,"ocean_post_title_bg_image_position":"","ocean_post_title_bg_image_attachment":"","ocean_post_title_bg_image_repeat":"","ocean_post_title_bg_image_size":"","ocean_post_title_height":0,"ocean_post_title_bg_overlay":0.5,"ocean_post_title_bg_overlay_color":"","ocean_disable_breadcrumbs":"off","ocean_breadcrumbs_color":"","ocean_breadcrumbs_separator_color":"","ocean_breadcrumbs_links_color":"","ocean_breadcrumbs_links_hover_color":"","ocean_display_footer_widgets":"default","ocean_display_footer_bottom":"default","ocean_custom_footer_template":"0","footnotes":""},"_links":{"self":[{"href":"https:\/\/mlm-engineering.com\/de\/wp-json\/wp\/v2\/pages\/2225"}],"collection":[{"href":"https:\/\/mlm-engineering.com\/de\/wp-json\/wp\/v2\/pages"}],"about":[{"href":"https:\/\/mlm-engineering.com\/de\/wp-json\/wp\/v2\/types\/page"}],"author":[{"embeddable":true,"href":"https:\/\/mlm-engineering.com\/de\/wp-json\/wp\/v2\/users\/3"}],"replies":[{"embeddable":true,"href":"https:\/\/mlm-engineering.com\/de\/wp-json\/wp\/v2\/comments?post=2225"}],"version-history":[{"count":0,"href":"https:\/\/mlm-engineering.com\/de\/wp-json\/wp\/v2\/pages\/2225\/revisions"}],"wp:attachment":[{"href":"https:\/\/mlm-engineering.com\/de\/wp-json\/wp\/v2\/media?parent=2225"}],"curies":[{"name":"wp","href":"https:\/\/api.w.org\/{rel}","templated":true}]}}