{"id":2195,"date":"2022-06-10T07:11:23","date_gmt":"2022-06-10T07:11:23","guid":{"rendered":"https:\/\/mlm-engineering.com\/?page_id=2195"},"modified":"2022-07-31T12:50:22","modified_gmt":"2022-07-31T12:50:22","slug":"splosni-pogoji","status":"publish","type":"page","link":"https:\/\/mlm-engineering.com\/et\/splosni-pogoji\/","title":{"rendered":"\u00dcldtingimused"},"content":{"rendered":"<div data-elementor-type=\"wp-page\" data-elementor-id=\"2195\" class=\"elementor elementor-2195\">\n\t\t\t\t\t\t<section class=\"elementor-section elementor-top-section elementor-element elementor-element-676f2f3 elementor-section-boxed elementor-section-height-default elementor-section-height-default\" data-id=\"676f2f3\" data-element_type=\"section\" data-settings=\"{&quot;background_background&quot;:&quot;classic&quot;}\">\n\t\t\t\t\t\t<div class=\"elementor-container elementor-column-gap-default\">\n\t\t\t\t\t<div class=\"elementor-column elementor-col-100 elementor-top-column elementor-element elementor-element-cda71a6\" data-id=\"cda71a6\" data-element_type=\"column\">\n\t\t\t<div class=\"elementor-widget-wrap elementor-element-populated\">\n\t\t\t\t\t\t<div class=\"elementor-element elementor-element-53e4b40 elementor-widget elementor-widget-heading\" data-id=\"53e4b40\" data-element_type=\"widget\" data-widget_type=\"heading.default\">\n\t\t\t\t<div class=\"elementor-widget-container\">\n\t\t\t<h2 class=\"elementor-heading-title elementor-size-default\">\u00dcldtingimused<\/h2>\t\t<\/div>\n\t\t\t\t<\/div>\n\t\t\t\t<div class=\"elementor-element elementor-element-cfd40ef elementor-widget elementor-widget-text-editor\" data-id=\"cfd40ef\" data-element_type=\"widget\" data-widget_type=\"text-editor.default\">\n\t\t\t\t<div class=\"elementor-widget-container\">\n\t\t\t\t\t\t\t<p>K\u00e4esolevad tingimused kirjeldavad reegleid ja eeskirju, mis k\u00e4sitlevad MLM ENGINEERING MIHA FLANDER S.P., ENGINEERINGi veebisaidi aadressil https:\/\/mlm-engineering.com\/ ja k\u00f5igi selle alamdomeenide kasutamist. Sellele veebisaidile juurdep\u00e4\u00e4suga eeldame, et te n\u00f5ustute nende tingimustega. \u00c4rge j\u00e4tkake veebilehe https:\/\/mlm-engineering.com\/ kasutamist, kui te ei n\u00f5ustu k\u00f5igi sellel lehek\u00fcljel esitatud tingimustega.<\/p><p>J\u00e4rgnev terminoloogia kehtib k\u00e4esolevate tingimuste, privaatsusavalduse ja vastutuse v\u00e4listamise teate ning k\u00f5igi lepingute puhul: \"klient\", \"teie\" ja \"teie\" viitab teile, kes te registreerite end sellel veebisaidil ja kelle suhtes kehtivad ettev\u00f5tte tingimused. \"Ettev\u00f5te\", \"teie\", \"meie\", \"meie\" ja \"meid\" viitavad meie ettev\u00f5ttele. \"Klient\", \"Pooled\" v\u00f5i \"Meie\" viitab nii Kliendile kui ka Meile. K\u00f5ik tingimused viitavad pakkumisele, aktsepteerimisele ja maksmise arvestamisele, mis on vajalik selleks, et viia meie abi protsess Kliendile k\u00f5ige otstarbekamal viisil l\u00e4bi, et t\u00e4ita Kliendi vajadusi eespool nimetatud teenuste osutamiseks koosk\u00f5las ja vastavalt kehtivatele Sloveenia seadustele. Eespool nimetatud terminite v\u00f5i muude s\u00f5nade kasutamine ainsuses, mitmuses, suurt\u00e4htedega ja\/v\u00f5i ta\/see v\u00f5i nad on omavahel asendatavad ja viitavad seega samale.<\/p><p><strong>K\u00fcpsised<\/strong><\/p><p>See veebileht kasutab k\u00fcpsiseid. Saates veebilehele https:\/\/mlm-engineering.com\/ olete n\u00f5ustunud k\u00fcpsiste kasutamisega koosk\u00f5las MLM ENGINEERING MIHA FLANDER S.P., ENGINEERING ja veebilehe privaatsuspoliitikaga. Enamik interaktiivseid veebisaite kasutab k\u00fcpsiseid, mis v\u00f5imaldavad meil saada kasutaja andmeid iga k\u00fclastuse kohta. Me kasutame oma veebisaidil k\u00fcpsiseid, et v\u00f5imaldada teatud valdkondade funktsionaalsust ja lihtsustada meie veebisaiti k\u00fclastavate k\u00fclastajate jaoks selle kasutamist. M\u00f5ned meie partnerid \/ reklaamipartnerid v\u00f5ivad samuti kasutada kolmandate isikute k\u00fcpsiseid.<\/p><p><strong>Litsents<\/strong><\/p><p>Kui ei ole m\u00e4rgitud teisiti, on intellektuaalomandi \u00f5iguste omanikuks kogu veebilehel https:\/\/mlm-engineering.com\/ oleva materjali osas MLM ENGINEERING MIHA FLANDER S.P., ENGINEERING ja\/v\u00f5i veebilehe litsentsiandjad. K\u00f5ik intellektuaalomandi \u00f5igused on reserveeritud. Te v\u00f5ite kasutada seda veebilehte aadressil https:\/\/mlm-engineering.com\/ isiklikuks kasutamiseks k\u00e4esolevates tingimustes s\u00e4testatud piirangute kohaselt.<\/p><p>Te ei tohi:<\/p><ul><li>Materjalide avaldamiseks https:\/\/mlm-engineering.com\/brez load.<\/li><li>M\u00fc\u00fca, laenutada v\u00f5i all-litsentsida materjali https:\/\/mlm-engineering.com\/brez loal.<\/li><li>Materjalide reprodutseerimine, paljundamine v\u00f5i kopeerimine on lubatud aadressil https:\/\/mlm-engineering.com\/brez.<\/li><li>Sisu levitamine https:\/\/mlm-engineering.com\/brez loal.<\/li><\/ul><p>K\u00e4esolev leping j\u00f5ustub k\u00e4esoleva lepingu s\u00f5lmimise kuup\u00e4eval v\u00f5i meie veebisaidile otsek\u00e4igul.<\/p><p>Selle veebisaidi osad pakuvad kasutajatele v\u00f5imalust avaldada ja jagada arvamusi ja teavet veebisaidi konkreetsete valdkondade kohta. MLM ENGINEERING MIHA FLANDER S.P., ENGINEERING ei filtreeri, redigeeri, avalda ega vaata kommentaare enne nende avaldamist veebilehel l\u00e4bi. Kommentaarid ei kajasta MLM ENGINEERING MIHA FLANDER S.P., ENGINEERING , tema esindajate ja\/v\u00f5i sidusettev\u00f5tete seisukohti ja arvamusi. Kommentaarid kajastavad arvamuse avaldanud isiku seisukohti ja arvamusi. Kohaldatava \u00f5igusega lubatud ulatuses ei vastuta MLM ENGINEERING MIHA FLANDER S.P., ENGINEERING , kommentaaride eest ega mis tahes vastutuse, kahju v\u00f5i kulude eest, mis on tekkinud ja\/v\u00f5i tekkinud seoses kommentaaride kasutamise ja\/v\u00f5i avaldamisega ja\/v\u00f5i ilmumisega sellel veebisaidil.<\/p><p>MLM ENGINEERING MIHA FLANDER S.P., ENGINEERING j\u00e4tab endale \u00f5iguse j\u00e4lgida k\u00f5iki kommentaare ja eemaldada k\u00f5ik kommentaarid, mida v\u00f5idakse pidada sobimatuks, solvavaks v\u00f5i mis p\u00f5hjustavad nende tingimuste rikkumist.<\/p><p>Te garanteerite ja kinnitate, et:<\/p><ul><li>teil on \u00f5igus avaldada meie veebisaidil kommentaare ning teil on selleks vajalikud load ja n\u00f5usolekud;<\/li><li>kommentaarid ei riku intellektuaalomandi \u00f5igusi, sealhulgas kolmandate isikute autori-, patendi- v\u00f5i kaubam\u00e4rgipiiranguid;<\/li><li>Kommentaarid ei sisalda laimavaid, laimavaid, laimavaid, solvavaid, r\u00fcvetavaid, r\u00f5vedaid v\u00f5i muul viisil ebaseaduslikke materjale, mis kujutavad endast eraelu puutumatuse rikkumist;<\/li><li>Kommentaarid ei kasutata m\u00fc\u00fcgiedenduseks v\u00f5i m\u00fc\u00fcgi edendamiseks ega kaubandusliku v\u00f5i ebaseadusliku tegevuse esindamiseks.<\/li><\/ul><p>K\u00e4esolevaga annate MLM ENGINEERING MIHA FLANDER S.P., ENGINEERINGile mitteeksklusiivse litsentsi kasutada, reprodutseerida, muuta ja lubada teistel kasutada, reprodutseerida ja muuta teie kommentaare mis tahes vormis, vormis v\u00f5i meedias.<\/p><p><strong>H\u00fcperlink meie sisule<\/strong><\/p><p>J\u00e4rgmised organisatsioonid v\u00f5ivad meie veebisaidile linkida ilma eelneva kirjaliku loata:<\/p><ul><li>valitsusasutused<\/li><li>otsingumootorid;<\/li><li>Uudised;<\/li><li>veebip\u00f5histe kataloogide levitajad, kes v\u00f5ivad meie veebisaidile linkida samamoodi nagu h\u00fcperlingid teiste noteeritud ettev\u00f5tete veebisaitidele; ja<\/li><li>akrediteeritud ettev\u00f5tted kogu s\u00fcsteemis, v\u00e4lja arvatud mittetulundus\u00fchingud, heategevuskauplused ja heategevusgrupid, mis ei tohi meie veebisaidile h\u00fcperlinki luua.<\/li><\/ul><p>Need organisatsioonid v\u00f5ivad linkida meie kodulehele, v\u00e4ljaannetele v\u00f5i muule veebisaidi teabele, tingimusel et link: a) ei ole mingil viisil petlik; b) ei sponsoreeri, toeta ega kiida seotud saiti ja selle tooteid ja\/v\u00f5i teenuseid ebasobivalt; ja c) sobib lingitud osapoole veebisaidi konteksti.<\/p><p>Me v\u00f5ime kaaluda ja heaks kiita ka muud t\u00fc\u00fcpi organisatsioonide lingitaotlused:<\/p><ul><li>\u00fcldtuntud tarbija- ja\/v\u00f5i \u00e4riteabe allikad;<\/li><li>community dot.com<\/li><li>\u00fchendused v\u00f5i muud heategevusorganisatsioone esindavad r\u00fchmad;<\/li><li>online kataloogi levitajad;<\/li><li>internetiportaalid;<\/li><li>raamatupidamis-, \u00f5igus- ja n\u00f5ustamisfirmad ning<\/li><li>haridusasutused ja kutse\u00fchingud.<\/li><\/ul><p>Me kiidame heaks nende organisatsioonide lingitaotlused, kui me otsustame, et: a) me ise v\u00f5i meie akrediteeritud ettev\u00f5tted ei paistaks ebasobivana; b) organisatsioonil ei ole meie juures negatiivseid andmeid; c) h\u00fcperlingi n\u00e4htavusest saadav kasu meie jaoks tasakaalustab MLM ENGINEERING MIHA FLANDER S.P., ENGINEERING puudumist; ja d) link on seotud \u00fcldise teabega ressursi kohta.<\/p><p>Need organisatsioonid v\u00f5ivad meie kodulehele linkida, kui link: (a) ei ole mingil viisil petlik; (b) ei sponsoreeri, toeta ega kinnita linkiva saidi ja selle tooteid v\u00f5i teenuseid ebasobivalt; ja (c) sobib linkiva osapoole saidi konteksti. Kui te olete \u00fcks eespool loetletud organisatsioonidest ja olete huvitatud meie veebisaidi linkimisest, peate meid sellest teavitama, saates e-kirja aadressil info@mlm-engineering.com\/.<\/p><p>Palun esitage oma nimi, oma organisatsiooni nimi, kontaktandmed, samuti oma veebisaidi URL, nimekiri k\u00f5igist URL-dest, kust te kavatsete meie veebisaidile linkida, ja nimekiri meie veebisaidi URL-dest, millele soovite linkida. Palun arvestage vastuse saamisega 2-3 n\u00e4dalat.<\/p><p>Heakskiidetud organisatsioonid v\u00f5ivad meie veebisaidile h\u00fcperlingi luua:<\/p><ul><li>kasutades meie ettev\u00f5tte nime v\u00f5i<\/li><li>kasutades \u00fchte ressursilokaatorit, mis on seotud v\u00f5i<\/li><li>kasutades meie veebisaidi mis tahes muud kirjeldust, mis on seotud sellega, mis on lingitud osapoole veebisaidi sisu kontekstis ja formaadis m\u00f5istlik.<\/li><\/ul><p>MLM ENGINEERING MIHA FLANDER S.P., ENGINEERING logo v\u00f5i muu sisu kasutamine lingi puhul ei ole lubatud, kui puudub kaubam\u00e4rgi litsentsileping.<\/p><p><strong>iFrame<\/strong><\/p><p>Te ei tohi luua meie veebilehtedel raame, mis muudavad meie veebilehe visuaalset esitlust v\u00f5i v\u00e4limust mingil viisil ilma meie eelneva n\u00f5usoleku ja kirjaliku loata.<\/p><p><strong>Sisuline vastutus<\/strong><\/p><p>Me ei vastuta teie veebisaidil ilmuva sisu eest. Te n\u00f5ustute h\u00fcvitama, kaitsma ja hoidma meid vabaks k\u00f5igist teie veebisaidil ilmunud v\u00e4idetest. \u00dchelgi veebisaidil ei tohi olla \u00fchtegi linki, mida v\u00f5ib pidada valeks, r\u00f5vedaks v\u00f5i kuritegelikuks v\u00f5i mis rikub v\u00f5i muul viisil rikub v\u00f5i propageerib kolmandate isikute \u00f5iguste rikkumist v\u00f5i muud rikkumist.<\/p><p><strong>\u00d5iguste reserveerimine<\/strong><\/p><p>Meil on \u00f5igus n\u00f5uda, et eemaldaksite k\u00f5ik lingid v\u00f5i konkreetsed lingid meie veebisaidile. Te n\u00f5ustute n\u00f5udmise korral viivitamatult eemaldama k\u00f5ik lingid meie veebisaidile. Samuti j\u00e4tame endale \u00f5iguse igal ajal muuta neid tingimusi ja linkimise p\u00f5him\u00f5tteid. Meie veebisaidile pidevalt linkides n\u00f5ustute, et olete kohustatud j\u00e4rgima ja j\u00e4rgima neid tingimusi.<\/p><p><strong>Linkide eemaldamine meie veebisaidilt<\/strong><\/p><p>Kui leiate meie veebisaidil m\u00f5ne lingi, mis on mingil p\u00f5hjusel solvav, v\u00f5ite meiega igal ajal \u00fchendust v\u00f5tta, et meile sellest teada anda. Me kaalume taotlusi linkide eemaldamiseks, kuid me ei ole kohustatud neile otseselt vastama. Me ei garanteeri, et sellel veebisaidil olev teave on \u00f5ige, ega garanteeri selle t\u00e4ielikkust v\u00f5i t\u00e4psust; samuti ei luba me tagada, et veebisait j\u00e4\u00e4b k\u00e4ttesaadavaks v\u00f5i et veebisaidil olev materjal on ajakohane.<\/p><p><strong>Vastutusn\u00f5ue<\/strong><\/p><p>Kohaldatava \u00f5igusega lubatud ulatuses v\u00e4listame k\u00f5ik meie veebilehe ja selle kasutamisega seotud kinnitused, garantiid ja tingimused. Mitte miski selles vastutuse v\u00e4listamise avalduses ei ole:<\/p><p>K\u00e4esolevas jaos ja mujal k\u00e4esolevas vastutuse v\u00e4listamise osas s\u00e4testatud vastutuse piirangud ja keelud: (a) kehtivad eelmise l\u00f5ike suhtes ja (b) reguleerivad k\u00f5iki k\u00e4esolevast vabastusest tulenevaid kohustusi, sealhulgas lepingulisi kohustusi, mis tulenevad lepingust, kahju h\u00fcvitamisest ja seadusj\u00e4rgsete kohustuste rikkumisest.<\/p><p>Me ei vastuta kahju eest enne, kui veebisait ning sellel olev teave ja teenused on tasuta k\u00e4ttesaadavad.<\/p><p><strong>Tarbijavaidluste kohtuv\u00e4line lahendamine<\/strong><\/p><p>MLM ENGINEERING MIHA FLANDER S.P., ENGINEERING ei tunnusta \u00fchtegi kohtuv\u00e4list tarbijavaidluste lahendamise pakkujat p\u00e4devaks tarbijavaidluse lahendamiseks, mille tarbija v\u00f5iks esitada vastavalt tarbijavaidluste kohtuv\u00e4lise lahendamise seadusele vastavalt \u00f5igusnormidele. Ettev\u00f5tja kui kaupade ja teenuste pakkuja avaldab oma veebilehel elektroonilise lingi tarbijavaidluste kohtuv\u00e4lise lahendamise platvormile (ODRP). ODRP on tarbijatele k\u00e4ttesaadav j\u00e4rgmisel elektroonilisel lingil: http:\/\/ec.europa.eu\/odr. Eespool nimetatud kord p\u00f5hineb tarbijavaidluste kohtuv\u00e4lise lahendamise seadusel, Euroopa Parlamendi ja n\u00f5ukogu m\u00e4\u00e4rusel (EL) nr 524\/2013 tarbijavaidluste kohtuv\u00e4lise lahendamise kohta internetis ning m\u00e4\u00e4ruse (E\u00dc) nr 2016\/2004 muutmise kohta ja direktiivil 200.<\/p>\t\t\t\t\t\t<\/div>\n\t\t\t\t<\/div>\n\t\t\t\t\t<\/div>\n\t\t<\/div>\n\t\t\t\t\t<\/div>\n\t\t<\/section>\n\t\t\t\t<\/div>","protected":false},"excerpt":{"rendered":"<p>Splo\u0161ni pogoji Ti pogoji opisujejo pravila in predpise za uporabo za spletnega mesta MLM ENGINEERING MIHA FLANDER S.P., IN\u017dINIRING, ki se nahaja na https:\/\/mlm-engineering.com\/ in vse njene poddomene. Z dostopom do tega spletnega mesta predpostavljamo, da sprejemate te pogoje. Ne nadaljujte z uporabo\u00a0https:\/\/mlm-engineering.com\/, \u010de se ne strinjate z vsemi pogoji, navedenimi na tej strani. Naslednja [&hellip;]<\/p>","protected":false},"author":3,"featured_media":0,"parent":0,"menu_order":0,"comment_status":"closed","ping_status":"closed","template":"","meta":{"_seopress_robots_primary_cat":"","_seopress_titles_title":"","_seopress_titles_desc":"","_seopress_robots_index":"","ocean_post_layout":"full-screen","ocean_both_sidebars_style":"","ocean_both_sidebars_content_width":0,"ocean_both_sidebars_sidebars_width":0,"ocean_sidebar":"0","ocean_second_sidebar":"0","ocean_disable_margins":"on","ocean_add_body_class":"","ocean_shortcode_before_top_bar":"","ocean_shortcode_after_top_bar":"","ocean_shortcode_before_header":"","ocean_shortcode_after_header":"","ocean_has_shortcode":"","ocean_shortcode_after_title":"","ocean_shortcode_before_footer_widgets":"","ocean_shortcode_after_footer_widgets":"","ocean_shortcode_before_footer_bottom":"","ocean_shortcode_after_footer_bottom":"","ocean_display_top_bar":"default","ocean_display_header":"default","ocean_header_style":"","ocean_center_header_left_menu":"0","ocean_custom_header_template":"0","ocean_custom_logo":0,"ocean_custom_retina_logo":0,"ocean_custom_logo_max_width":0,"ocean_custom_logo_tablet_max_width":0,"ocean_custom_logo_mobile_max_width":0,"ocean_custom_logo_max_height":0,"ocean_custom_logo_tablet_max_height":0,"ocean_custom_logo_mobile_max_height":0,"ocean_header_custom_menu":"0","ocean_menu_typo_font_family":"0","ocean_menu_typo_font_subset":"","ocean_menu_typo_font_size":0,"ocean_menu_typo_font_size_tablet":0,"ocean_menu_typo_font_size_mobile":0,"ocean_menu_typo_font_size_unit":"px","ocean_menu_typo_font_weight":"","ocean_menu_typo_font_weight_tablet":"","ocean_menu_typo_font_weight_mobile":"","ocean_menu_typo_transform":"","ocean_menu_typo_transform_tablet":"","ocean_menu_typo_transform_mobile":"","ocean_menu_typo_line_height":0,"ocean_menu_typo_line_height_tablet":0,"ocean_menu_typo_line_height_mobile":0,"ocean_menu_typo_line_height_unit":"","ocean_menu_typo_spacing":0,"ocean_menu_typo_spacing_tablet":0,"ocean_menu_typo_spacing_mobile":0,"ocean_menu_typo_spacing_unit":"","ocean_menu_link_color":"","ocean_menu_link_color_hover":"","ocean_menu_link_color_active":"","ocean_menu_link_background":"","ocean_menu_link_hover_background":"","ocean_menu_link_active_background":"","ocean_menu_social_links_bg":"","ocean_menu_social_hover_links_bg":"","ocean_menu_social_links_color":"","ocean_menu_social_hover_links_color":"","ocean_disable_title":"on","ocean_disable_heading":"on","ocean_post_title":"","ocean_post_subheading":"","ocean_post_title_style":"","ocean_post_title_background_color":"","ocean_post_title_background":0,"ocean_post_title_bg_image_position":"","ocean_post_title_bg_image_attachment":"","ocean_post_title_bg_image_repeat":"","ocean_post_title_bg_image_size":"","ocean_post_title_height":0,"ocean_post_title_bg_overlay":0.5,"ocean_post_title_bg_overlay_color":"","ocean_disable_breadcrumbs":"off","ocean_breadcrumbs_color":"","ocean_breadcrumbs_separator_color":"","ocean_breadcrumbs_links_color":"","ocean_breadcrumbs_links_hover_color":"","ocean_display_footer_widgets":"default","ocean_display_footer_bottom":"default","ocean_custom_footer_template":"0","footnotes":""},"_links":{"self":[{"href":"https:\/\/mlm-engineering.com\/et\/wp-json\/wp\/v2\/pages\/2195"}],"collection":[{"href":"https:\/\/mlm-engineering.com\/et\/wp-json\/wp\/v2\/pages"}],"about":[{"href":"https:\/\/mlm-engineering.com\/et\/wp-json\/wp\/v2\/types\/page"}],"author":[{"embeddable":true,"href":"https:\/\/mlm-engineering.com\/et\/wp-json\/wp\/v2\/users\/3"}],"replies":[{"embeddable":true,"href":"https:\/\/mlm-engineering.com\/et\/wp-json\/wp\/v2\/comments?post=2195"}],"version-history":[{"count":4,"href":"https:\/\/mlm-engineering.com\/et\/wp-json\/wp\/v2\/pages\/2195\/revisions"}],"predecessor-version":[{"id":2436,"href":"https:\/\/mlm-engineering.com\/et\/wp-json\/wp\/v2\/pages\/2195\/revisions\/2436"}],"wp:attachment":[{"href":"https:\/\/mlm-engineering.com\/et\/wp-json\/wp\/v2\/media?parent=2195"}],"curies":[{"name":"wp","href":"https:\/\/api.w.org\/{rel}","templated":true}]}}