{"id":2195,"date":"2022-06-10T07:11:23","date_gmt":"2022-06-10T07:11:23","guid":{"rendered":"https:\/\/mlm-engineering.com\/?page_id=2195"},"modified":"2022-07-31T12:50:22","modified_gmt":"2022-07-31T12:50:22","slug":"splosni-pogoji","status":"publish","type":"page","link":"https:\/\/mlm-engineering.com\/fi\/splosni-pogoji\/","title":{"rendered":"Yleiset ehdot"},"content":{"rendered":"<div data-elementor-type=\"wp-page\" data-elementor-id=\"2195\" class=\"elementor elementor-2195\">\n\t\t\t\t\t\t<section class=\"elementor-section elementor-top-section elementor-element elementor-element-676f2f3 elementor-section-boxed elementor-section-height-default elementor-section-height-default\" data-id=\"676f2f3\" data-element_type=\"section\" data-settings=\"{&quot;background_background&quot;:&quot;classic&quot;}\">\n\t\t\t\t\t\t<div class=\"elementor-container elementor-column-gap-default\">\n\t\t\t\t\t<div class=\"elementor-column elementor-col-100 elementor-top-column elementor-element elementor-element-cda71a6\" data-id=\"cda71a6\" data-element_type=\"column\">\n\t\t\t<div class=\"elementor-widget-wrap elementor-element-populated\">\n\t\t\t\t\t\t<div class=\"elementor-element elementor-element-53e4b40 elementor-widget elementor-widget-heading\" data-id=\"53e4b40\" data-element_type=\"widget\" data-widget_type=\"heading.default\">\n\t\t\t\t<div class=\"elementor-widget-container\">\n\t\t\t<h2 class=\"elementor-heading-title elementor-size-default\">Yleiset ehdot<\/h2>\t\t<\/div>\n\t\t\t\t<\/div>\n\t\t\t\t<div class=\"elementor-element elementor-element-cfd40ef elementor-widget elementor-widget-text-editor\" data-id=\"cfd40ef\" data-element_type=\"widget\" data-widget_type=\"text-editor.default\">\n\t\t\t\t<div class=\"elementor-widget-container\">\n\t\t\t\t\t\t\t<p>N\u00e4iss\u00e4 ehdoissa esitet\u00e4\u00e4n s\u00e4\u00e4nn\u00f6t ja m\u00e4\u00e4r\u00e4ykset MLM ENGINEERING MIHA FLANDER S.P., ENGINEERINGin verkkosivuston, joka sijaitsee osoitteessa https:\/\/mlm-engineering.com\/, ja kaikkien sen aladomainien k\u00e4ytt\u00f6\u00e4 varten. K\u00e4ytt\u00e4m\u00e4ll\u00e4 t\u00e4t\u00e4 verkkosivustoa oletamme, ett\u00e4 hyv\u00e4ksyt n\u00e4m\u00e4 ehdot. \u00c4l\u00e4 jatka sivuston https:\/\/mlm-engineering.com\/ k\u00e4ytt\u00f6\u00e4, jos et hyv\u00e4ksy kaikkia t\u00e4ll\u00e4 sivulla mainittuja ehtoja ja edellytyksi\u00e4.<\/p><p>Seuraavaa terminologiaa sovelletaan n\u00e4ihin ehtoihin, tietosuojaselosteeseen ja vastuuvapauslausekkeeseen sek\u00e4 kaikkiin sopimuksiin: \"asiakas\", \"sin\u00e4\" ja \"sinun\" viittaavat sinuun, henkil\u00f6\u00f6n, joka rekister\u00f6ityy t\u00e4lle verkkosivustolle ja johon sovelletaan yhti\u00f6n ehtoja. \"Yritys\", \"Te\", \"Me\", \"Meid\u00e4n\" ja \"Me\" viittaavat yritykseemme. \"Asiakas\", \"Osapuolet\" tai \"Me\" viittaa sek\u00e4 asiakkaaseen ett\u00e4 meihin. Kaikki ehdot viittaavat tarjoukseen, hyv\u00e4ksynt\u00e4\u00e4n ja maksun suorittamiseen, joka on tarpeen, jotta voimme toteuttaa prosessin, jossa avustamme asiakasta mahdollisimman tarkoituksenmukaisella tavalla nimenomaisena tarkoituksena t\u00e4ytt\u00e4\u00e4 asiakkaan tarpeet edell\u00e4 mainittujen palvelujen tarjoamiseksi sovellettavan Slovenian lains\u00e4\u00e4d\u00e4nn\u00f6n mukaisesti ja sit\u00e4 noudattaen. Kaikki edell\u00e4 mainittujen termien tai muiden sanojen k\u00e4ytt\u00f6 yksik\u00f6ss\u00e4, monikossa, isolla alkukirjaimella ja\/tai h\u00e4n\/se tai he katsotaan vaihdettaviksi kesken\u00e4\u00e4n ja viittaavat n\u00e4in ollen samaan henkil\u00f6\u00f6n.<\/p><p><strong>Ev\u00e4steet<\/strong><\/p><p>T\u00e4m\u00e4 verkkosivusto k\u00e4ytt\u00e4\u00e4 ev\u00e4steit\u00e4. K\u00e4ytt\u00e4ess\u00e4si sivustoa https:\/\/mlm-engineering.com\/ olet hyv\u00e4ksynyt ev\u00e4steiden k\u00e4yt\u00f6n MLM ENGINEERING MIHA FLANDER S.P., ENGINEERINGin ja verkkosivuston tietosuojak\u00e4yt\u00e4nn\u00f6n mukaisesti. Useimmat vuorovaikutteiset verkkosivustot k\u00e4ytt\u00e4v\u00e4t ev\u00e4steit\u00e4, jotta voimme saada k\u00e4ytt\u00e4j\u00e4tiedot jokaista vierailua varten. K\u00e4yt\u00e4mme verkkosivustollamme ev\u00e4steit\u00e4, jotta tietyt alueet toimisivat ja jotta verkkosivustollamme vierailevien k\u00e4vij\u00f6iden olisi helpompi k\u00e4ytt\u00e4\u00e4 sit\u00e4. My\u00f6s jotkut kumppanimme \/ mainoskumppanimme saattavat k\u00e4ytt\u00e4\u00e4 kolmansien osapuolten ev\u00e4steit\u00e4.<\/p><p><strong>Lisenssi<\/strong><\/p><p>Ellei toisin mainita, MLM ENGINEERING MIHA FLANDER S.P., ENGINEERING ja\/tai verkkosivuston lisenssinantajat ovat kaiken osoitteessa https:\/\/mlm-engineering.com\/ olevan aineiston immateriaalioikeuksien haltijoita. Kaikki immateriaalioikeudet pid\u00e4tet\u00e4\u00e4n. Voit k\u00e4ytt\u00e4\u00e4 t\u00e4t\u00e4 sivustoa osoitteesta https:\/\/mlm-engineering.com\/ omaan henkil\u00f6kohtaiseen k\u00e4ytt\u00f6\u00f6si n\u00e4iss\u00e4 k\u00e4ytt\u00f6ehdoissa esitettyjen rajoitusten mukaisesti.<\/p><p>Et saa:<\/p><ul><li>Aineiston julkaiseminen https:\/\/mlm-engineering.com\/brez luvat.<\/li><li>Myyd\u00e4, lainata tai alilisensoida aineistoa https:\/\/mlm-engineering.com\/brez luvalla.<\/li><li>J\u00e4ljenn\u00e4, monista tai kopioi materiaalia https:\/\/mlm-engineering.com\/brez luvalla.<\/li><li>Sis\u00e4ll\u00f6n uudelleenjakelu https:\/\/mlm-engineering.com\/brez luvalla.<\/li><\/ul><p>T\u00e4m\u00e4 sopimus tulee voimaan t\u00e4m\u00e4n sopimuksen p\u00e4iv\u00e4m\u00e4\u00e4r\u00e4n\u00e4 tai verkkosivustomme suoran k\u00e4yt\u00f6n yhteydess\u00e4.<\/p><p>T\u00e4m\u00e4n verkkosivuston osissa k\u00e4ytt\u00e4jill\u00e4 on mahdollisuus l\u00e4hett\u00e4\u00e4 ja jakaa mielipiteit\u00e4 ja tietoja verkkosivuston tietyill\u00e4 alueilla. MLM ENGINEERING MIHA FLANDER S.P., ENGINEERING ei suodata, muokkaa, julkaise tai tarkista kommentteja ennen niiden esitt\u00e4mist\u00e4 sivustolla. Kommentit eiv\u00e4t heijasta MLM ENGINEERING MIHA FLANDER S.P., ENGINEERINGin, sen edustajien ja\/tai tyt\u00e4ryhti\u00f6iden n\u00e4kemyksi\u00e4 ja mielipiteit\u00e4. Kommentit heijastavat mielipiteen l\u00e4hett\u00e4neen henkil\u00f6n n\u00e4kemyksi\u00e4 ja mielipiteit\u00e4. Sovellettavan lains\u00e4\u00e4d\u00e4nn\u00f6n sallimissa rajoissa MLM ENGINEERING MIHA FLANDER S.P., ENGINEERING , ei ole vastuussa kommenteista eik\u00e4 mist\u00e4\u00e4n vastuista, vahingoista tai kustannuksista, jotka ovat aiheutuneet ja\/tai k\u00e4rsineet kommenttien k\u00e4yt\u00f6st\u00e4 ja\/tai julkaisemisesta ja\/tai esiintymisest\u00e4 t\u00e4ll\u00e4 verkkosivustolla.<\/p><p>MLM ENGINEERING MIHA FLANDER S.P., ENGINEERING pid\u00e4tt\u00e4\u00e4 oikeuden valvoa kaikkia kommentteja ja poistaa kaikki kommentit, joita voidaan pit\u00e4\u00e4 sopimattomina, loukkaavina tai n\u00e4iden ehtojen vastaisina.<\/p><p>Vakuutat ja vakuutat, ett\u00e4:<\/p><ul><li>sinulla on oikeus julkaista kommentteja verkkosivustollamme ja sinulla on siihen tarvittavat luvat ja suostumukset;<\/li><li>kommentit eiv\u00e4t loukkaa mit\u00e4\u00e4n kolmansien osapuolten immateriaalioikeuksia, mukaan lukien tekij\u00e4noikeuksia, patentteja tai tavaramerkkej\u00e4 koskevia rajoituksia;<\/li><li>Kommentit eiv\u00e4t sis\u00e4ll\u00e4 herjaavaa, panettelevaa, herjaavaa, loukkaavaa, s\u00e4\u00e4dyt\u00f6nt\u00e4 tai muuten lainvastaista materiaalia, joka loukkaa yksityisyytt\u00e4;<\/li><li>Kommentteja ei k\u00e4ytet\u00e4 myynninedist\u00e4miseen tai myynnin edist\u00e4miseen tai kaupallisen tai laittoman toiminnan edustamiseen.<\/li><\/ul><p>My\u00f6nn\u00e4t t\u00e4ten MLM ENGINEERING MIHA FLANDER S.P., ENGINEERINGille ei-yksinomaisen lisenssin k\u00e4ytt\u00e4\u00e4, j\u00e4ljent\u00e4\u00e4, muokata ja antaa muille luvan k\u00e4ytt\u00e4\u00e4, j\u00e4ljent\u00e4\u00e4 ja muokata kommenttejasi miss\u00e4 tahansa muodossa, muodossa tai mediassa.<\/p><p><strong>Hyperlinkki sis\u00e4lt\u00f6\u00f6mme<\/strong><\/p><p>Seuraavat organisaatiot voivat linkitt\u00e4\u00e4 verkkosivuillemme ilman kirjallista lupaa:<\/p><ul><li>valtion virastot<\/li><li>hakukoneet;<\/li><li>Uutiset;<\/li><li>verkkohakemistojen jakelijat, jotka voivat linkitt\u00e4\u00e4 verkkosivuillemme samalla tavalla kuin hyperlinkit muiden listattujen yhti\u00f6iden verkkosivuille; ja<\/li><li>akkreditoidut yritykset koko j\u00e4rjestelm\u00e4ss\u00e4, lukuun ottamatta voittoa tavoittelemattomia organisaatioita, hyv\u00e4ntekev\u00e4isyyskauppoja ja hyv\u00e4ntekev\u00e4isyysj\u00e4rjest\u00f6jen varainker\u00e4ysryhmi\u00e4, jotka eiv\u00e4t saa linkitt\u00e4\u00e4 verkkosivuillemme.<\/li><\/ul><p>N\u00e4m\u00e4 organisaatiot voivat linkitt\u00e4\u00e4 kotisivuillemme, julkaisuihimme tai muihin verkkosivutietoihin edellytt\u00e4en, ett\u00e4 linkki: (a) ei ole mill\u00e4\u00e4n tavoin harhaanjohtava; (b) ei sponsoroi, tue tai hyv\u00e4ksy linkitetty\u00e4 sivustoa ja sen tuotteita ja\/tai palveluja; ja (c) sopii linkitetyn osapuolen verkkosivujen yhteyteen.<\/p><p>Voimme harkita ja hyv\u00e4ksy\u00e4 muita linkkipyynt\u00f6j\u00e4 seuraavantyyppisilt\u00e4 organisaatioilta:<\/p><ul><li>yleisesti tunnetut kuluttaja- ja\/tai yritystietojen l\u00e4hteet;<\/li><li>yhteis\u00f6 dot.com<\/li><li>yhdistykset tai muut hyv\u00e4ntekev\u00e4isyysj\u00e4rjest\u00f6j\u00e4 edustavat ryhm\u00e4t;<\/li><li>verkkohakemiston jakelijat;<\/li><li>Internet-portaalit;<\/li><li>tilintarkastus-, lakimies- ja neuvontayritykset; ja<\/li><li>oppilaitokset ja ammattij\u00e4rjest\u00f6t.<\/li><\/ul><p>Hyv\u00e4ksymme n\u00e4iden organisaatioiden linkkipyynn\u00f6t, jos p\u00e4\u00e4t\u00e4mme, ett\u00e4: a) emme n\u00e4ytt\u00e4isi sopimattomalta itsellemme tai akkreditoiduille yrityksillemme; b) organisaatiolla ei ole negatiivista rekisteri\u00e4 kanssamme; c) hyperlinkin n\u00e4kyvyydest\u00e4 meille koituva hy\u00f6ty kompensoituu sill\u00e4, ett\u00e4 MLM ENGINEERING MIHA FLANDER S.P., ENGINEERING ei ole l\u00e4sn\u00e4; ja d) linkki liittyy resurssia koskevaan yleiseen tiedottamiseen.<\/p><p>N\u00e4m\u00e4 organisaatiot voivat linkitt\u00e4\u00e4 kotisivuillemme, kunhan linkki: (a) ei ole mill\u00e4\u00e4n tavalla harhaanjohtava; (b) ei sponsoroi, tue tai hyv\u00e4ksy linkitt\u00e4v\u00e4\u00e4 sivustoa ja sen tuotteita tai palveluita; ja (c) sopii linkitt\u00e4v\u00e4n osapuolen sivuston yhteyteen. Jos olet jokin edell\u00e4 luetelluista organisaatioista ja olet kiinnostunut linkitt\u00e4misest\u00e4 sivustollemme, sinun on ilmoitettava siit\u00e4 meille l\u00e4hett\u00e4m\u00e4ll\u00e4 s\u00e4hk\u00f6postia osoitteeseen info@mlm-engineering.com\/.<\/p><p>Ilmoita nimesi, organisaatiosi nimi, yhteystietosi sek\u00e4 verkkosivustosi URL-osoite, luettelo kaikista URL-osoitteista, joista aiot linkitt\u00e4\u00e4 verkkosivustollemme, ja luettelo verkkosivustomme URL-osoitteista, joihin haluat linkitt\u00e4\u00e4. Vastauksen saamiseen on varattava 2-3 viikkoa.<\/p><p>Hyv\u00e4ksytyt organisaatiot voivat linkitt\u00e4\u00e4 verkkosivuillemme:<\/p><ul><li>k\u00e4ytt\u00e4m\u00e4ll\u00e4 yhti\u00f6mme nime\u00e4 tai<\/li><li>k\u00e4ytt\u00e4m\u00e4ll\u00e4 yht\u00e4 resurssinhakutunnusta, joka on linkitetty tai<\/li><li>k\u00e4ytt\u00e4m\u00e4ll\u00e4 mit\u00e4 tahansa muuta verkkosivustomme kuvausta, joka liittyy siihen, mik\u00e4 on j\u00e4rkev\u00e4\u00e4 linkitetyn osapuolen verkkosivuston sis\u00e4ll\u00f6n yhteydess\u00e4 ja muodossa.<\/li><\/ul><p>MLM ENGINEERING MIHA FLANDER S.P., ENGINEERING -logon tai muun sis\u00e4ll\u00f6n k\u00e4ytt\u00f6 linkiss\u00e4 ei ole sallittua ilman tavaramerkin lisenssisopimusta.<\/p><p><strong>iFrame<\/strong><\/p><p>Et saa luoda verkkosivuillemme kehyksi\u00e4, jotka muuttavat verkkosivujemme visuaalista esitystapaa tai ulkoasua mill\u00e4\u00e4n tavalla ilman etuk\u00e4teissuostumustamme ja kirjallista lupaa.<\/p><p><strong>Aineellinen vastuu<\/strong><\/p><p>Emme ole vastuussa verkkosivustollasi olevasta sis\u00e4ll\u00f6st\u00e4. Sitoudut korvaamaan, puolustamaan ja pit\u00e4m\u00e4\u00e4n meid\u00e4t vahingoittumattomina kaikista verkkosivustollasi esiintyvist\u00e4 v\u00e4itteist\u00e4. Verkkosivuilla ei saa olla linkkej\u00e4, jotka voidaan tulkita v\u00e4\u00e4riksi, s\u00e4\u00e4dytt\u00f6miksi tai rikollisiksi tai jotka loukkaavat, muutoin rikkovat tai puolustavat kolmannen osapuolen oikeuksien loukkaamista tai muuta loukkaamista.<\/p><p><strong>Oikeuksien varaaminen<\/strong><\/p><p>Pid\u00e4t\u00e4mme oikeuden pyyt\u00e4\u00e4 sinua poistamaan kaikki linkit tai tietyn linkin verkkosivustollemme. Suostut poistamaan v\u00e4litt\u00f6m\u00e4sti kaikki linkit verkkosivustollemme pyynn\u00f6st\u00e4. Pid\u00e4t\u00e4mme my\u00f6s oikeuden muuttaa n\u00e4it\u00e4 ehtoja ja linkitysk\u00e4yt\u00e4nt\u00f6\u00e4 milloin tahansa. Linkitt\u00e4m\u00e4ll\u00e4 jatkuvasti verkkosivuillemme sitoudut noudattamaan n\u00e4it\u00e4 ehtoja ja edellytyksi\u00e4.<\/p><p><strong>Linkkien poistaminen verkkosivustoltamme<\/strong><\/p><p>Jos l\u00f6yd\u00e4t verkkosivustollamme linkin, joka on jostain syyst\u00e4 loukkaava, voit ottaa meihin yhteytt\u00e4 milloin tahansa ja ilmoittaa siit\u00e4 meille. Harkitsemme linkkien poistamista koskevia pyynt\u00f6j\u00e4, mutta emme ole velvollisia vastaamaan niihin suoraan. Emme takaa, ett\u00e4 t\u00e4ll\u00e4 verkkosivustolla olevat tiedot ovat oikeita, emmek\u00e4 takaa niiden t\u00e4ydellisyytt\u00e4 tai tarkkuutta, emmek\u00e4 lupaa varmistaa, ett\u00e4 verkkosivusto pysyy saatavilla tai ett\u00e4 verkkosivustolla oleva materiaali pidet\u00e4\u00e4n ajan tasalla.<\/p><p><strong>Vastuuvapauslauseke<\/strong><\/p><p>Sovellettavan lain sallimissa rajoissa suljemme pois kaikki verkkosivustoamme ja sen k\u00e4ytt\u00f6\u00e4 koskevat vakuutukset, takuut ja ehdot. Mik\u00e4\u00e4n t\u00e4ss\u00e4 vastuuvapauslausekkeessa ei:<\/p><p>T\u00e4ss\u00e4 kohdassa ja muualla t\u00e4ss\u00e4 vastuuvapauslausekkeessa esitetyt vastuunrajoitukset ja -kiellot: (a) koskevat edellist\u00e4 kohtaa; ja (b) koskevat kaikkia vastuuvapauslausekkeesta johtuvia velvoitteita, mukaan lukien sopimusvelvoitteet, jotka johtuvat sopimuksesta, vahingonkorvauksesta ja lakis\u00e4\u00e4teisen velvollisuuden rikkomisesta.<\/p><p>Emme ole vastuussa mist\u00e4\u00e4n menetyksest\u00e4 tai vahingosta, ennen kuin verkkosivusto ja sen sis\u00e4lt\u00e4m\u00e4t tiedot ja palvelut ovat saatavilla maksutta.<\/p><p><strong>Kuluttajariitojen ratkaiseminen tuomioistuinten ulkopuolella<\/strong><\/p><p>MLM ENGINEERING MIHA FLANDER S.P., ENGINEERING ei tunnusta mit\u00e4\u00e4n tuomioistuinten ulkopuolista kuluttajariitojen ratkaisun tarjoajaa toimivaltaiseksi ratkaisemaan kuluttajariitaa, jonka kuluttaja voisi saattaa vireille tuomioistuinten ulkopuolista kuluttajariitojen ratkaisua koskevan lain nojalla oikeusnormien mukaisesti. Yritys tavaroiden ja palvelujen tarjoajana julkaisee verkkosivustollaan s\u00e4hk\u00f6isen linkin kuluttajariitojen verkkov\u00e4litteiseen riidanratkaisufoorumiin (ODRP). ODRP on kuluttajien saatavilla seuraavasta s\u00e4hk\u00f6isest\u00e4 linkist\u00e4: http:\/\/ec.europa.eu\/odr. Edell\u00e4 mainittu j\u00e4rjestelm\u00e4 perustuu lakiin kuluttajariitojen tuomioistuinten ulkopuolisesta riidanratkaisusta, Euroopan parlamentin ja neuvoston asetukseen (EU) N:o 524\/2013 kuluttajariitojen verkkov\u00e4litteisest\u00e4 riidanratkaisusta ja asetuksen (EY) N:o 2016\/2004 muuttamisesta sek\u00e4 direktiiviin 200.<\/p>\t\t\t\t\t\t<\/div>\n\t\t\t\t<\/div>\n\t\t\t\t\t<\/div>\n\t\t<\/div>\n\t\t\t\t\t<\/div>\n\t\t<\/section>\n\t\t\t\t<\/div>","protected":false},"excerpt":{"rendered":"<p>Splo\u0161ni pogoji Ti pogoji opisujejo pravila in predpise za uporabo za spletnega mesta MLM ENGINEERING MIHA FLANDER S.P., IN\u017dINIRING, ki se nahaja na https:\/\/mlm-engineering.com\/ in vse njene poddomene. Z dostopom do tega spletnega mesta predpostavljamo, da sprejemate te pogoje. Ne nadaljujte z uporabo\u00a0https:\/\/mlm-engineering.com\/, \u010de se ne strinjate z vsemi pogoji, navedenimi na tej strani. Naslednja [&hellip;]<\/p>","protected":false},"author":3,"featured_media":0,"parent":0,"menu_order":0,"comment_status":"closed","ping_status":"closed","template":"","meta":{"_seopress_robots_primary_cat":"","_seopress_titles_title":"","_seopress_titles_desc":"","_seopress_robots_index":"","ocean_post_layout":"full-screen","ocean_both_sidebars_style":"","ocean_both_sidebars_content_width":0,"ocean_both_sidebars_sidebars_width":0,"ocean_sidebar":"0","ocean_second_sidebar":"0","ocean_disable_margins":"on","ocean_add_body_class":"","ocean_shortcode_before_top_bar":"","ocean_shortcode_after_top_bar":"","ocean_shortcode_before_header":"","ocean_shortcode_after_header":"","ocean_has_shortcode":"","ocean_shortcode_after_title":"","ocean_shortcode_before_footer_widgets":"","ocean_shortcode_after_footer_widgets":"","ocean_shortcode_before_footer_bottom":"","ocean_shortcode_after_footer_bottom":"","ocean_display_top_bar":"default","ocean_display_header":"default","ocean_header_style":"","ocean_center_header_left_menu":"0","ocean_custom_header_template":"0","ocean_custom_logo":0,"ocean_custom_retina_logo":0,"ocean_custom_logo_max_width":0,"ocean_custom_logo_tablet_max_width":0,"ocean_custom_logo_mobile_max_width":0,"ocean_custom_logo_max_height":0,"ocean_custom_logo_tablet_max_height":0,"ocean_custom_logo_mobile_max_height":0,"ocean_header_custom_menu":"0","ocean_menu_typo_font_family":"0","ocean_menu_typo_font_subset":"","ocean_menu_typo_font_size":0,"ocean_menu_typo_font_size_tablet":0,"ocean_menu_typo_font_size_mobile":0,"ocean_menu_typo_font_size_unit":"px","ocean_menu_typo_font_weight":"","ocean_menu_typo_font_weight_tablet":"","ocean_menu_typo_font_weight_mobile":"","ocean_menu_typo_transform":"","ocean_menu_typo_transform_tablet":"","ocean_menu_typo_transform_mobile":"","ocean_menu_typo_line_height":0,"ocean_menu_typo_line_height_tablet":0,"ocean_menu_typo_line_height_mobile":0,"ocean_menu_typo_line_height_unit":"","ocean_menu_typo_spacing":0,"ocean_menu_typo_spacing_tablet":0,"ocean_menu_typo_spacing_mobile":0,"ocean_menu_typo_spacing_unit":"","ocean_menu_link_color":"","ocean_menu_link_color_hover":"","ocean_menu_link_color_active":"","ocean_menu_link_background":"","ocean_menu_link_hover_background":"","ocean_menu_link_active_background":"","ocean_menu_social_links_bg":"","ocean_menu_social_hover_links_bg":"","ocean_menu_social_links_color":"","ocean_menu_social_hover_links_color":"","ocean_disable_title":"on","ocean_disable_heading":"on","ocean_post_title":"","ocean_post_subheading":"","ocean_post_title_style":"","ocean_post_title_background_color":"","ocean_post_title_background":0,"ocean_post_title_bg_image_position":"","ocean_post_title_bg_image_attachment":"","ocean_post_title_bg_image_repeat":"","ocean_post_title_bg_image_size":"","ocean_post_title_height":0,"ocean_post_title_bg_overlay":0.5,"ocean_post_title_bg_overlay_color":"","ocean_disable_breadcrumbs":"off","ocean_breadcrumbs_color":"","ocean_breadcrumbs_separator_color":"","ocean_breadcrumbs_links_color":"","ocean_breadcrumbs_links_hover_color":"","ocean_display_footer_widgets":"default","ocean_display_footer_bottom":"default","ocean_custom_footer_template":"0","footnotes":""},"_links":{"self":[{"href":"https:\/\/mlm-engineering.com\/fi\/wp-json\/wp\/v2\/pages\/2195"}],"collection":[{"href":"https:\/\/mlm-engineering.com\/fi\/wp-json\/wp\/v2\/pages"}],"about":[{"href":"https:\/\/mlm-engineering.com\/fi\/wp-json\/wp\/v2\/types\/page"}],"author":[{"embeddable":true,"href":"https:\/\/mlm-engineering.com\/fi\/wp-json\/wp\/v2\/users\/3"}],"replies":[{"embeddable":true,"href":"https:\/\/mlm-engineering.com\/fi\/wp-json\/wp\/v2\/comments?post=2195"}],"version-history":[{"count":4,"href":"https:\/\/mlm-engineering.com\/fi\/wp-json\/wp\/v2\/pages\/2195\/revisions"}],"predecessor-version":[{"id":2436,"href":"https:\/\/mlm-engineering.com\/fi\/wp-json\/wp\/v2\/pages\/2195\/revisions\/2436"}],"wp:attachment":[{"href":"https:\/\/mlm-engineering.com\/fi\/wp-json\/wp\/v2\/media?parent=2195"}],"curies":[{"name":"wp","href":"https:\/\/api.w.org\/{rel}","templated":true}]}}