{"id":2217,"date":"2022-06-10T07:15:57","date_gmt":"2022-06-10T07:15:57","guid":{"rendered":"https:\/\/mlm-engineering.com\/?page_id=2217"},"modified":"2022-06-10T07:16:21","modified_gmt":"2022-06-10T07:16:21","slug":"kolofon","status":"publish","type":"page","link":"https:\/\/mlm-engineering.com\/fi\/kolofon\/","title":{"rendered":"Kolofoni"},"content":{"rendered":"<div data-elementor-type=\"wp-page\" data-elementor-id=\"2217\" class=\"elementor elementor-2217\">\n\t\t\t\t\t\t<section class=\"elementor-section elementor-top-section elementor-element elementor-element-676f2f3 elementor-section-boxed elementor-section-height-default elementor-section-height-default\" data-id=\"676f2f3\" data-element_type=\"section\" data-settings=\"{&quot;background_background&quot;:&quot;classic&quot;}\">\n\t\t\t\t\t\t<div class=\"elementor-container elementor-column-gap-default\">\n\t\t\t\t\t<div class=\"elementor-column elementor-col-100 elementor-top-column elementor-element elementor-element-cda71a6\" data-id=\"cda71a6\" data-element_type=\"column\">\n\t\t\t<div class=\"elementor-widget-wrap elementor-element-populated\">\n\t\t\t\t\t\t<div class=\"elementor-element elementor-element-53e4b40 elementor-widget elementor-widget-heading\" data-id=\"53e4b40\" data-element_type=\"widget\" data-widget_type=\"heading.default\">\n\t\t\t\t<div class=\"elementor-widget-container\">\n\t\t\t<h2 class=\"elementor-heading-title elementor-size-default\">Kolofoni<\/h2>\t\t<\/div>\n\t\t\t\t<\/div>\n\t\t\t\t<div class=\"elementor-element elementor-element-cfd40ef elementor-widget elementor-widget-text-editor\" data-id=\"cfd40ef\" data-element_type=\"widget\" data-widget_type=\"text-editor.default\">\n\t\t\t\t<div class=\"elementor-widget-container\">\n\t\t\t\t\t\t\t<p>Verkkosivustot ovat meid\u00e4n ja verkkopalveluntarjoajamme kehitt\u00e4mi\u00e4.<\/p><p><strong>Verkkosivustojen tarkoitus<\/strong><br \/>Verkkosivustolla olevat tiedot ovat ainoastaan esittelytarkoituksessa, ja ne koskevat ydintoimintaamme, jota varten meid\u00e4t on rekister\u00f6ity - puusep\u00e4nteollisuuden ja sisustustuotteiden valmistusta. Sitoudumme siihen, ett\u00e4 verkkosivuston tiedot ovat totuudenmukaisia, luotettavia ja laadukkaita.<br \/>Emme ole vastuussa mahdollisista kirjoitusvirheist\u00e4, ja pid\u00e4t\u00e4mme oikeuden muuttaa sis\u00e4lt\u00f6\u00e4 milloin tahansa ja ilman ennakkoilmoitusta, jos se ei ole yhti\u00f6mme politiikan mukaista.<\/p><p><strong>K\u00e4ytt\u00f6oikeus<\/strong><br \/>Verkkosivusto ja kaikki sen sis\u00e4lt\u00f6 on suojattu teollis- ja tekij\u00e4noikeuksilla. Kaikkia t\u00e4ll\u00e4 verkkosivustolla olevia tietoja, tekstej\u00e4, kuvia tai muita graafisia elementtej\u00e4 saa k\u00e4ytt\u00e4\u00e4 ainoastaan henkil\u00f6kohtaiseen, ei-kaupalliseen k\u00e4ytt\u00f6\u00f6n, eik\u00e4 niit\u00e4 saa j\u00e4ljent\u00e4\u00e4, muuttaa, jakaa, lisensoida tai julkaista julkaisujen muodossa kokonaan tai osittain muuhun tarkoitukseen kuin katseluun ilman yll\u00e4pit\u00e4j\u00e4n etuk\u00e4teen antamaa kirjallista lupaa.<\/p><p><strong>Vastuun ottaminen<\/strong><br \/>Sivustoa suunniteltaessa pyrimme varmistamaan, ett\u00e4 tiedot ovat ajantasaisia ja tarkkoja. Emme takaa niiden tarkkuutta tai t\u00e4ydellisyytt\u00e4 emmek\u00e4 ota vastuuta niiden k\u00e4yt\u00f6st\u00e4. Kaikki k\u00e4ytt\u00e4j\u00e4t k\u00e4ytt\u00e4v\u00e4t julkaistua sis\u00e4lt\u00f6\u00e4 omalla vastuullaan.<br \/>Pid\u00e4t\u00e4mme oikeuden muuttaa verkkosivustojemme sis\u00e4lt\u00f6\u00e4 milloin tahansa, mill\u00e4 tahansa tavalla, mist\u00e4 tahansa syyst\u00e4 ja ilman ennakkoilmoitusta.<\/p><p><strong>Teknologinen toteutus<\/strong><br \/>Teknologisesta toteutuksesta vastasi ohjelmointi- ja suunnittelutoimisto yhteisty\u00f6ss\u00e4 yrityksemme kanssa.<\/p><p>\u00a0<\/p><p>Yrityksen nimi: MLM ENGINEERING MIHA FLANDER S.P., ENGINEERING<br \/>Osoite: CESTA POD RIFNIKOM 23 , 3230 \u0160ENTJUR<br \/>S\u00e4hk\u00f6posti: info@mlm-engineering.com\/<br \/>Verkkosivusto: https:\/\/mlm-engineering.com\/<\/p><p>\u0160ENTJUR, 10.6.2022<\/p>\t\t\t\t\t\t<\/div>\n\t\t\t\t<\/div>\n\t\t\t\t\t<\/div>\n\t\t<\/div>\n\t\t\t\t\t<\/div>\n\t\t<\/section>\n\t\t\t\t<\/div>","protected":false},"excerpt":{"rendered":"<p>Kolofon Spletne strani smo pripravili sami skupaj z izvajalcem spletnih storitev. Namen spletnih straniPodatki na spletni strani so predstavitvene narave s podro\u010dja osnovne dejavnosti za katere smo registrirani \u2013 proizvodnja stavbnega in notranjega pohi\u0161tva. Zavezujemo se, da so podatki na spletnem mestu resni\u010dni, zanesljivi in kakovostni.Ne odgovarjamo za morebitne tipkarske napake, pridr\u017eujemo si pravico, da [&hellip;]<\/p>","protected":false},"author":3,"featured_media":0,"parent":0,"menu_order":0,"comment_status":"closed","ping_status":"closed","template":"","meta":{"_seopress_robots_primary_cat":"","_seopress_titles_title":"","_seopress_titles_desc":"","_seopress_robots_index":"","ocean_post_layout":"full-screen","ocean_both_sidebars_style":"","ocean_both_sidebars_content_width":0,"ocean_both_sidebars_sidebars_width":0,"ocean_sidebar":"0","ocean_second_sidebar":"0","ocean_disable_margins":"on","ocean_add_body_class":"","ocean_shortcode_before_top_bar":"","ocean_shortcode_after_top_bar":"","ocean_shortcode_before_header":"","ocean_shortcode_after_header":"","ocean_has_shortcode":"","ocean_shortcode_after_title":"","ocean_shortcode_before_footer_widgets":"","ocean_shortcode_after_footer_widgets":"","ocean_shortcode_before_footer_bottom":"","ocean_shortcode_after_footer_bottom":"","ocean_display_top_bar":"default","ocean_display_header":"default","ocean_header_style":"","ocean_center_header_left_menu":"0","ocean_custom_header_template":"0","ocean_custom_logo":0,"ocean_custom_retina_logo":0,"ocean_custom_logo_max_width":0,"ocean_custom_logo_tablet_max_width":0,"ocean_custom_logo_mobile_max_width":0,"ocean_custom_logo_max_height":0,"ocean_custom_logo_tablet_max_height":0,"ocean_custom_logo_mobile_max_height":0,"ocean_header_custom_menu":"0","ocean_menu_typo_font_family":"0","ocean_menu_typo_font_subset":"","ocean_menu_typo_font_size":0,"ocean_menu_typo_font_size_tablet":0,"ocean_menu_typo_font_size_mobile":0,"ocean_menu_typo_font_size_unit":"px","ocean_menu_typo_font_weight":"","ocean_menu_typo_font_weight_tablet":"","ocean_menu_typo_font_weight_mobile":"","ocean_menu_typo_transform":"","ocean_menu_typo_transform_tablet":"","ocean_menu_typo_transform_mobile":"","ocean_menu_typo_line_height":0,"ocean_menu_typo_line_height_tablet":0,"ocean_menu_typo_line_height_mobile":0,"ocean_menu_typo_line_height_unit":"","ocean_menu_typo_spacing":0,"ocean_menu_typo_spacing_tablet":0,"ocean_menu_typo_spacing_mobile":0,"ocean_menu_typo_spacing_unit":"","ocean_menu_link_color":"","ocean_menu_link_color_hover":"","ocean_menu_link_color_active":"","ocean_menu_link_background":"","ocean_menu_link_hover_background":"","ocean_menu_link_active_background":"","ocean_menu_social_links_bg":"","ocean_menu_social_hover_links_bg":"","ocean_menu_social_links_color":"","ocean_menu_social_hover_links_color":"","ocean_disable_title":"on","ocean_disable_heading":"on","ocean_post_title":"","ocean_post_subheading":"","ocean_post_title_style":"","ocean_post_title_background_color":"","ocean_post_title_background":0,"ocean_post_title_bg_image_position":"","ocean_post_title_bg_image_attachment":"","ocean_post_title_bg_image_repeat":"","ocean_post_title_bg_image_size":"","ocean_post_title_height":0,"ocean_post_title_bg_overlay":0.5,"ocean_post_title_bg_overlay_color":"","ocean_disable_breadcrumbs":"off","ocean_breadcrumbs_color":"","ocean_breadcrumbs_separator_color":"","ocean_breadcrumbs_links_color":"","ocean_breadcrumbs_links_hover_color":"","ocean_display_footer_widgets":"default","ocean_display_footer_bottom":"default","ocean_custom_footer_template":"0","footnotes":""},"_links":{"self":[{"href":"https:\/\/mlm-engineering.com\/fi\/wp-json\/wp\/v2\/pages\/2217"}],"collection":[{"href":"https:\/\/mlm-engineering.com\/fi\/wp-json\/wp\/v2\/pages"}],"about":[{"href":"https:\/\/mlm-engineering.com\/fi\/wp-json\/wp\/v2\/types\/page"}],"author":[{"embeddable":true,"href":"https:\/\/mlm-engineering.com\/fi\/wp-json\/wp\/v2\/users\/3"}],"replies":[{"embeddable":true,"href":"https:\/\/mlm-engineering.com\/fi\/wp-json\/wp\/v2\/comments?post=2217"}],"version-history":[{"count":0,"href":"https:\/\/mlm-engineering.com\/fi\/wp-json\/wp\/v2\/pages\/2217\/revisions"}],"wp:attachment":[{"href":"https:\/\/mlm-engineering.com\/fi\/wp-json\/wp\/v2\/media?parent=2217"}],"curies":[{"name":"wp","href":"https:\/\/api.w.org\/{rel}","templated":true}]}}