{"id":2209,"date":"2022-06-10T07:13:58","date_gmt":"2022-06-10T07:13:58","guid":{"rendered":"https:\/\/mlm-engineering.com\/?page_id=2209"},"modified":"2022-06-10T07:14:49","modified_gmt":"2022-06-10T07:14:49","slug":"politika-zasebnosti","status":"publish","type":"page","link":"https:\/\/mlm-engineering.com\/fr\/politika-zasebnosti\/","title":{"rendered":"Politique de confidentialit\u00e9"},"content":{"rendered":"<div data-elementor-type=\"wp-page\" data-elementor-id=\"2209\" class=\"elementor elementor-2209\">\n\t\t\t\t\t\t<section class=\"elementor-section elementor-top-section elementor-element elementor-element-676f2f3 elementor-section-boxed elementor-section-height-default elementor-section-height-default\" data-id=\"676f2f3\" data-element_type=\"section\" data-settings=\"{&quot;background_background&quot;:&quot;classic&quot;}\">\n\t\t\t\t\t\t<div class=\"elementor-container elementor-column-gap-default\">\n\t\t\t\t\t<div class=\"elementor-column elementor-col-100 elementor-top-column elementor-element elementor-element-cda71a6\" data-id=\"cda71a6\" data-element_type=\"column\">\n\t\t\t<div class=\"elementor-widget-wrap elementor-element-populated\">\n\t\t\t\t\t\t<div class=\"elementor-element elementor-element-53e4b40 elementor-widget elementor-widget-heading\" data-id=\"53e4b40\" data-element_type=\"widget\" data-widget_type=\"heading.default\">\n\t\t\t\t<div class=\"elementor-widget-container\">\n\t\t\t<h2 class=\"elementor-heading-title elementor-size-default\">Politique de confidentialit\u00e9<\/h2>\t\t<\/div>\n\t\t\t\t<\/div>\n\t\t\t\t<div class=\"elementor-element elementor-element-cfd40ef elementor-widget elementor-widget-text-editor\" data-id=\"cfd40ef\" data-element_type=\"widget\" data-widget_type=\"text-editor.default\">\n\t\t\t\t<div class=\"elementor-widget-container\">\n\t\t\t\t\t\t\t<ol><li><strong>CE DONT NOUS AVONS BESOIN<\/strong><\/li><\/ol><p>Notre politique de confidentialit\u00e9 r\u00e9git l'utilisation et le stockage des donn\u00e9es personnelles. Vous pouvez consulter notre politique de confidentialit\u00e9 sur la page Avis de confidentialit\u00e9 (jointe ci-dessous). MLM ENGINEERING MIHA FLANDER S.P., ENGINEERING, CESTA POD RIFNIKOM 23 , 3230 \u0160ENTJUR est le responsable du traitement des donn\u00e9es \u00e0 caract\u00e8re personnel qu'il fournit (personne concern\u00e9e : vous, client, visiteur, etc.) Nous collectons les types de donn\u00e9es \u00e0 caract\u00e8re personnel suivants :<\/p><ul><li>Adresse \u00e9lectronique ;<\/li><li>Nom, adresse, adresse \u00e9lectronique et num\u00e9ro de t\u00e9l\u00e9phone ;<\/li><li>Les d\u00e9tails de paiement tels que les d\u00e9tails de la carte de cr\u00e9dit ou de d\u00e9bit, Paypal et d'autres m\u00e9thodes de paiement ;<\/li><li>Copies des documents d'identit\u00e9 confirmant l'exactitude des donn\u00e9es personnelles ;<\/li><li>Cookies ;<\/li><li>Google Analytics et Yandex et Cloudflare pour le suivi des visites ;<\/li><li>Liens vers des profils personnels sur des groupes sociaux.<\/li><\/ul><p>Chaque type de donn\u00e9es personnelles est obtenu sur la base de la n\u00e9cessit\u00e9 et avec un consentement distinct.<\/p><ol start=\"2\"><li><strong>POURQUOI NOUS EN AVONS BESOIN<\/strong><\/li><\/ol><p>Nous avons besoin de vos donn\u00e9es personnelles pour les services suivants :<\/p><ol><li style=\"list-style-type: none;\"><ol><li>Adresse \u00e9lectronique pour r\u00e9pondre \u00e0 vos courriels ou aux messages envoy\u00e9s via les formulaires de contact ;<\/li><li>Adresse \u00e9lectronique pour l'envoi d'offres et de bulletins d'information ;<\/li><li>Nom, adresse, adresse \u00e9lectronique et num\u00e9ro de t\u00e9l\u00e9phone dans le but de recevoir des r\u00e9servations, des demandes de renseignements et d'envoyer des devis ou dans le cadre de l'ex\u00e9cution de vos autres demandes ;<\/li><li>Nom, adresse, adresse \u00e9lectronique et num\u00e9ro de t\u00e9l\u00e9phone pour l'achat de ch\u00e8ques-cadeaux, de bons ou de services et d'articles en rapport avec notre offre ;<\/li><li>D\u00e9tails des moyens de paiement et copies des documents d'identit\u00e9 pour la prestation de services ;<\/li><li>Adresse \u00e9lectronique pour le marketing automatis\u00e9 (confirmations de r\u00e9servation, notes de remerciement, etc ;)<\/li><li>Cookies pour le fonctionnement des sites web ;<\/li><li>Communiquer par l'interm\u00e9diaire de groupes sociaux avec des profils personnels qui confirment votre lien avec nous ;<\/li><li>Nom, adresse, adresse \u00e9lectronique et num\u00e9ro de t\u00e9l\u00e9phone pour des tirages au sort occasionnels ou d'autres promotions avec votre autorisation pr\u00e9alable ;<\/li><li>Donn\u00e9es agr\u00e9g\u00e9es provenant de Google Analytics ou Yandex Direct et Cloudflare pour le suivi des visites et l'analyse interne afin d'am\u00e9liorer le contenu.<\/li><\/ol><\/li><\/ol><p>\u00a0<\/p><ol><li><strong>CE QUE NOUS FAISONS AVEC LES DONN\u00c9ES PERSONNELLES<\/strong><\/li><\/ol><p>Vos donn\u00e9es personnelles sont trait\u00e9es par MLM ENGINEERING MIHA FLANDER S.P., ENGINEERING, CESTA POD RIFNIKOM 23 , 3230 \u0160ENTJUR, qui est situ\u00e9 en Slov\u00e9nie. Les donn\u00e9es sont h\u00e9berg\u00e9es et stock\u00e9es sur le site https:\/\/mlm-engineering.com\/, situ\u00e9 dans l'Union europ\u00e9enne (Allemagne). Aucun fournisseur tiers n'a acc\u00e8s \u00e0 vos donn\u00e9es, sauf si la loi l'exige.<\/p><ol start=\"4\"><li><strong>LA DUR\u00c9E DE CONSERVATION<\/strong><\/li><\/ol><p>Nous utilisons des cookies persistants sur notre site web pour \u00e9tablir des liens avec des services sociaux et d'autres fournisseurs de \"partage\", ainsi que des cookies pour vous aider \u00e0 acc\u00e9der encore et encore \u00e0 vos contenus favoris sur notre site web.<\/p><ol start=\"5\"><li><strong>QUELS SONT VOS DROITS ?<\/strong><\/li><\/ol><p>Si vous pensez que les donn\u00e9es personnelles que nous d\u00e9tenons \u00e0 votre sujet sont incorrectes ou incompl\u00e8tes, vous avez la possibilit\u00e9 de soumettre une demande de r\u00e9vision, de correction ou de suppression de ces donn\u00e9es. Veuillez nous contacter via (formulaire de demande d'acc\u00e8s aux donn\u00e9es). Si vous souhaitez vous plaindre de la mani\u00e8re dont nous avons trait\u00e9 vos donn\u00e9es \u00e0 caract\u00e8re personnel, veuillez contacter le d\u00e9l\u00e9gu\u00e9 \u00e0 la protection des donn\u00e9es ou le contact pour la protection des donn\u00e9es (CPD) \u00e0 l'adresse info@mlm-engineering.com\/ ou par \u00e9crit \u00e0 MLM ENGINEERING MIHA FLANDER S.P., ENGINEERING, CESTA POD RIFNIKOM 23 , 3230 \u0160ENTJUR. Notre CPD examinera alors votre plainte et vous informera de la r\u00e9solution de l'affaire. Si vous estimez toujours que vos donn\u00e9es \u00e0 caract\u00e8re personnel n'ont pas \u00e9t\u00e9 trait\u00e9es correctement conform\u00e9ment \u00e0 la loi, vous pouvez contacter le commissaire \u00e0 l'information et d\u00e9poser une plainte aupr\u00e8s de lui. Vous pouvez demander l'acc\u00e8s aux politiques et documents relatifs \u00e0 la protection de la vie priv\u00e9e en utilisant un formulaire sp\u00e9cial qui se trouve sur la page Avis de confidentialit\u00e9.\u00a0<strong>Documents connexes :<\/strong><\/p><ul><li>Politique de protection des donn\u00e9es personnelles<\/li><li>Politique de conservation des donn\u00e9es personnelles (sur demande par courriel ou en personne)<\/li><li>Calendrier de conservation des donn\u00e9es \u00e0 caract\u00e8re personnel (sur demande par courriel ou en personne)<\/li><li>Avis de confidentialit\u00e9<\/li><li>Conditions g\u00e9n\u00e9rales d'utilisation<\/li><li>Formulaire de consentement<\/li><li>Retrait du formulaire de consentement<\/li><\/ul><p>\u0160ENTJUR, 10.6.2022, Ver. Document : 1.0<\/p>\t\t\t\t\t\t<\/div>\n\t\t\t\t<\/div>\n\t\t\t\t\t<\/div>\n\t\t<\/div>\n\t\t\t\t\t<\/div>\n\t\t<\/section>\n\t\t\t\t<\/div>","protected":false},"excerpt":{"rendered":"<p>Politika zasebnosti KAJ POTREBUJEMO Na\u0161a politika varovanja osebnih podatkov ureja uporabo in shranjevanje podatkov. Politiko varovanja osebnih podatkov si lahko ogledate na strani Obvestilo o zasebnosti (priloga spodaj). MLM ENGINEERING MIHA FLANDER S.P., IN\u017dINIRING, CESTA POD RIFNIKOM 23 , 3230 \u0160ENTJUR je upravljalec osebnih podatkov, ki jih posreduje (subjekt podatkov: vi, kupec, obiskovalec itd.). Zbiramo [&hellip;]<\/p>","protected":false},"author":3,"featured_media":0,"parent":0,"menu_order":0,"comment_status":"closed","ping_status":"closed","template":"","meta":{"_seopress_robots_primary_cat":"","_seopress_titles_title":"","_seopress_titles_desc":"","_seopress_robots_index":"","ocean_post_layout":"full-screen","ocean_both_sidebars_style":"","ocean_both_sidebars_content_width":0,"ocean_both_sidebars_sidebars_width":0,"ocean_sidebar":"0","ocean_second_sidebar":"0","ocean_disable_margins":"on","ocean_add_body_class":"","ocean_shortcode_before_top_bar":"","ocean_shortcode_after_top_bar":"","ocean_shortcode_before_header":"","ocean_shortcode_after_header":"","ocean_has_shortcode":"","ocean_shortcode_after_title":"","ocean_shortcode_before_footer_widgets":"","ocean_shortcode_after_footer_widgets":"","ocean_shortcode_before_footer_bottom":"","ocean_shortcode_after_footer_bottom":"","ocean_display_top_bar":"default","ocean_display_header":"default","ocean_header_style":"","ocean_center_header_left_menu":"0","ocean_custom_header_template":"0","ocean_custom_logo":0,"ocean_custom_retina_logo":0,"ocean_custom_logo_max_width":0,"ocean_custom_logo_tablet_max_width":0,"ocean_custom_logo_mobile_max_width":0,"ocean_custom_logo_max_height":0,"ocean_custom_logo_tablet_max_height":0,"ocean_custom_logo_mobile_max_height":0,"ocean_header_custom_menu":"0","ocean_menu_typo_font_family":"0","ocean_menu_typo_font_subset":"","ocean_menu_typo_font_size":0,"ocean_menu_typo_font_size_tablet":0,"ocean_menu_typo_font_size_mobile":0,"ocean_menu_typo_font_size_unit":"px","ocean_menu_typo_font_weight":"","ocean_menu_typo_font_weight_tablet":"","ocean_menu_typo_font_weight_mobile":"","ocean_menu_typo_transform":"","ocean_menu_typo_transform_tablet":"","ocean_menu_typo_transform_mobile":"","ocean_menu_typo_line_height":0,"ocean_menu_typo_line_height_tablet":0,"ocean_menu_typo_line_height_mobile":0,"ocean_menu_typo_line_height_unit":"","ocean_menu_typo_spacing":0,"ocean_menu_typo_spacing_tablet":0,"ocean_menu_typo_spacing_mobile":0,"ocean_menu_typo_spacing_unit":"","ocean_menu_link_color":"","ocean_menu_link_color_hover":"","ocean_menu_link_color_active":"","ocean_menu_link_background":"","ocean_menu_link_hover_background":"","ocean_menu_link_active_background":"","ocean_menu_social_links_bg":"","ocean_menu_social_hover_links_bg":"","ocean_menu_social_links_color":"","ocean_menu_social_hover_links_color":"","ocean_disable_title":"on","ocean_disable_heading":"on","ocean_post_title":"","ocean_post_subheading":"","ocean_post_title_style":"","ocean_post_title_background_color":"","ocean_post_title_background":0,"ocean_post_title_bg_image_position":"","ocean_post_title_bg_image_attachment":"","ocean_post_title_bg_image_repeat":"","ocean_post_title_bg_image_size":"","ocean_post_title_height":0,"ocean_post_title_bg_overlay":0.5,"ocean_post_title_bg_overlay_color":"","ocean_disable_breadcrumbs":"off","ocean_breadcrumbs_color":"","ocean_breadcrumbs_separator_color":"","ocean_breadcrumbs_links_color":"","ocean_breadcrumbs_links_hover_color":"","ocean_display_footer_widgets":"default","ocean_display_footer_bottom":"default","ocean_custom_footer_template":"0","footnotes":""},"_links":{"self":[{"href":"https:\/\/mlm-engineering.com\/fr\/wp-json\/wp\/v2\/pages\/2209"}],"collection":[{"href":"https:\/\/mlm-engineering.com\/fr\/wp-json\/wp\/v2\/pages"}],"about":[{"href":"https:\/\/mlm-engineering.com\/fr\/wp-json\/wp\/v2\/types\/page"}],"author":[{"embeddable":true,"href":"https:\/\/mlm-engineering.com\/fr\/wp-json\/wp\/v2\/users\/3"}],"replies":[{"embeddable":true,"href":"https:\/\/mlm-engineering.com\/fr\/wp-json\/wp\/v2\/comments?post=2209"}],"version-history":[{"count":0,"href":"https:\/\/mlm-engineering.com\/fr\/wp-json\/wp\/v2\/pages\/2209\/revisions"}],"wp:attachment":[{"href":"https:\/\/mlm-engineering.com\/fr\/wp-json\/wp\/v2\/media?parent=2209"}],"curies":[{"name":"wp","href":"https:\/\/api.w.org\/{rel}","templated":true}]}}