{"id":2217,"date":"2022-06-10T07:15:57","date_gmt":"2022-06-10T07:15:57","guid":{"rendered":"https:\/\/mlm-engineering.com\/?page_id=2217"},"modified":"2022-06-10T07:16:21","modified_gmt":"2022-06-10T07:16:21","slug":"kolofon","status":"publish","type":"page","link":"https:\/\/mlm-engineering.com\/fr\/kolofon\/","title":{"rendered":"Colophon"},"content":{"rendered":"<div data-elementor-type=\"wp-page\" data-elementor-id=\"2217\" class=\"elementor elementor-2217\">\n\t\t\t\t\t\t<section class=\"elementor-section elementor-top-section elementor-element elementor-element-676f2f3 elementor-section-boxed elementor-section-height-default elementor-section-height-default\" data-id=\"676f2f3\" data-element_type=\"section\" data-settings=\"{&quot;background_background&quot;:&quot;classic&quot;}\">\n\t\t\t\t\t\t<div class=\"elementor-container elementor-column-gap-default\">\n\t\t\t\t\t<div class=\"elementor-column elementor-col-100 elementor-top-column elementor-element elementor-element-cda71a6\" data-id=\"cda71a6\" data-element_type=\"column\">\n\t\t\t<div class=\"elementor-widget-wrap elementor-element-populated\">\n\t\t\t\t\t\t<div class=\"elementor-element elementor-element-53e4b40 elementor-widget elementor-widget-heading\" data-id=\"53e4b40\" data-element_type=\"widget\" data-widget_type=\"heading.default\">\n\t\t\t\t<div class=\"elementor-widget-container\">\n\t\t\t<h2 class=\"elementor-heading-title elementor-size-default\">Colophon<\/h2>\t\t<\/div>\n\t\t\t\t<\/div>\n\t\t\t\t<div class=\"elementor-element elementor-element-cfd40ef elementor-widget elementor-widget-text-editor\" data-id=\"cfd40ef\" data-element_type=\"widget\" data-widget_type=\"text-editor.default\">\n\t\t\t\t<div class=\"elementor-widget-container\">\n\t\t\t\t\t\t\t<p>Les sites web ont \u00e9t\u00e9 d\u00e9velopp\u00e9s par nous-m\u00eames et par notre fournisseur de services web.<\/p><p><strong>Objectif des sites web<\/strong><br \/>Les informations figurant sur le site Internet sont uniquement destin\u00e9es \u00e0 des fins de d\u00e9monstration dans le domaine de l'activit\u00e9 principale pour laquelle nous sommes enregistr\u00e9s, \u00e0 savoir la fabrication de menuiseries et de mobilier d'int\u00e9rieur. Nous nous engageons \u00e0 ce que les informations contenues dans le site soient v\u00e9ridiques, fiables et de qualit\u00e9.<br \/>Nous ne sommes pas responsables des erreurs typographiques et nous nous r\u00e9servons le droit de modifier le contenu \u00e0 tout moment et sans pr\u00e9avis s'il n'est pas conforme \u00e0 notre politique d'entreprise.<\/p><p><strong>Droit d'utilisation<\/strong><br \/>Le site web et l'ensemble de son contenu sont prot\u00e9g\u00e9s par des droits de propri\u00e9t\u00e9 industrielle et intellectuelle. Toute information, texte, image ou autre \u00e9l\u00e9ment graphique figurant sur ce site web ne peut \u00eatre utilis\u00e9 qu'\u00e0 des fins personnelles et non commerciales et ne peut \u00eatre reproduit, modifi\u00e9, distribu\u00e9, conc\u00e9d\u00e9 sous licence ou publi\u00e9, en tout ou en partie, \u00e0 d'autres fins que la visualisation, sans l'autorisation \u00e9crite pr\u00e9alable de l'administrateur.<\/p><p><strong>Prendre ses responsabilit\u00e9s<\/strong><br \/>Lors de la conception du site web, nous nous effor\u00e7ons de veiller \u00e0 ce que les informations soient \u00e0 jour et exactes. Nous ne garantissons pas leur exactitude ou leur exhaustivit\u00e9 et n'acceptons aucune responsabilit\u00e9 d\u00e9coulant de leur utilisation. Tous les utilisateurs se servent du contenu publi\u00e9 \u00e0 leurs propres risques.<br \/>Nous nous r\u00e9servons le droit de modifier le contenu de nos sites web \u00e0 tout moment, de quelque mani\u00e8re que ce soit, pour quelque raison que ce soit et sans pr\u00e9avis.<\/p><p><strong>Mise en \u0153uvre technologique<\/strong><br \/>La mise en \u0153uvre technologique a \u00e9t\u00e9 assur\u00e9e par une agence de programmation et de conception en coop\u00e9ration avec notre entreprise.<\/p><p>\u00a0<\/p><p>Nom de l'entreprise : MLM ENGINEERING MIHA FLANDER S.P., ENGINEERING<br \/>Adresse : CESTA POD RIFNIKOM 23 , 3230 \u0160ENTJUR<br \/>Courriel : info@mlm-engineering.com\/<br \/>Site web : https:\/\/mlm-engineering.com\/<\/p><p>\u0160ENTJUR, 10.6.2022<\/p>\t\t\t\t\t\t<\/div>\n\t\t\t\t<\/div>\n\t\t\t\t\t<\/div>\n\t\t<\/div>\n\t\t\t\t\t<\/div>\n\t\t<\/section>\n\t\t\t\t<\/div>","protected":false},"excerpt":{"rendered":"<p>Kolofon Spletne strani smo pripravili sami skupaj z izvajalcem spletnih storitev. Namen spletnih straniPodatki na spletni strani so predstavitvene narave s podro\u010dja osnovne dejavnosti za katere smo registrirani \u2013 proizvodnja stavbnega in notranjega pohi\u0161tva. Zavezujemo se, da so podatki na spletnem mestu resni\u010dni, zanesljivi in kakovostni.Ne odgovarjamo za morebitne tipkarske napake, pridr\u017eujemo si pravico, da [&hellip;]<\/p>","protected":false},"author":3,"featured_media":0,"parent":0,"menu_order":0,"comment_status":"closed","ping_status":"closed","template":"","meta":{"_seopress_robots_primary_cat":"","_seopress_titles_title":"","_seopress_titles_desc":"","_seopress_robots_index":"","ocean_post_layout":"full-screen","ocean_both_sidebars_style":"","ocean_both_sidebars_content_width":0,"ocean_both_sidebars_sidebars_width":0,"ocean_sidebar":"0","ocean_second_sidebar":"0","ocean_disable_margins":"on","ocean_add_body_class":"","ocean_shortcode_before_top_bar":"","ocean_shortcode_after_top_bar":"","ocean_shortcode_before_header":"","ocean_shortcode_after_header":"","ocean_has_shortcode":"","ocean_shortcode_after_title":"","ocean_shortcode_before_footer_widgets":"","ocean_shortcode_after_footer_widgets":"","ocean_shortcode_before_footer_bottom":"","ocean_shortcode_after_footer_bottom":"","ocean_display_top_bar":"default","ocean_display_header":"default","ocean_header_style":"","ocean_center_header_left_menu":"0","ocean_custom_header_template":"0","ocean_custom_logo":0,"ocean_custom_retina_logo":0,"ocean_custom_logo_max_width":0,"ocean_custom_logo_tablet_max_width":0,"ocean_custom_logo_mobile_max_width":0,"ocean_custom_logo_max_height":0,"ocean_custom_logo_tablet_max_height":0,"ocean_custom_logo_mobile_max_height":0,"ocean_header_custom_menu":"0","ocean_menu_typo_font_family":"0","ocean_menu_typo_font_subset":"","ocean_menu_typo_font_size":0,"ocean_menu_typo_font_size_tablet":0,"ocean_menu_typo_font_size_mobile":0,"ocean_menu_typo_font_size_unit":"px","ocean_menu_typo_font_weight":"","ocean_menu_typo_font_weight_tablet":"","ocean_menu_typo_font_weight_mobile":"","ocean_menu_typo_transform":"","ocean_menu_typo_transform_tablet":"","ocean_menu_typo_transform_mobile":"","ocean_menu_typo_line_height":0,"ocean_menu_typo_line_height_tablet":0,"ocean_menu_typo_line_height_mobile":0,"ocean_menu_typo_line_height_unit":"","ocean_menu_typo_spacing":0,"ocean_menu_typo_spacing_tablet":0,"ocean_menu_typo_spacing_mobile":0,"ocean_menu_typo_spacing_unit":"","ocean_menu_link_color":"","ocean_menu_link_color_hover":"","ocean_menu_link_color_active":"","ocean_menu_link_background":"","ocean_menu_link_hover_background":"","ocean_menu_link_active_background":"","ocean_menu_social_links_bg":"","ocean_menu_social_hover_links_bg":"","ocean_menu_social_links_color":"","ocean_menu_social_hover_links_color":"","ocean_disable_title":"on","ocean_disable_heading":"on","ocean_post_title":"","ocean_post_subheading":"","ocean_post_title_style":"","ocean_post_title_background_color":"","ocean_post_title_background":0,"ocean_post_title_bg_image_position":"","ocean_post_title_bg_image_attachment":"","ocean_post_title_bg_image_repeat":"","ocean_post_title_bg_image_size":"","ocean_post_title_height":0,"ocean_post_title_bg_overlay":0.5,"ocean_post_title_bg_overlay_color":"","ocean_disable_breadcrumbs":"off","ocean_breadcrumbs_color":"","ocean_breadcrumbs_separator_color":"","ocean_breadcrumbs_links_color":"","ocean_breadcrumbs_links_hover_color":"","ocean_display_footer_widgets":"default","ocean_display_footer_bottom":"default","ocean_custom_footer_template":"0","footnotes":""},"_links":{"self":[{"href":"https:\/\/mlm-engineering.com\/fr\/wp-json\/wp\/v2\/pages\/2217"}],"collection":[{"href":"https:\/\/mlm-engineering.com\/fr\/wp-json\/wp\/v2\/pages"}],"about":[{"href":"https:\/\/mlm-engineering.com\/fr\/wp-json\/wp\/v2\/types\/page"}],"author":[{"embeddable":true,"href":"https:\/\/mlm-engineering.com\/fr\/wp-json\/wp\/v2\/users\/3"}],"replies":[{"embeddable":true,"href":"https:\/\/mlm-engineering.com\/fr\/wp-json\/wp\/v2\/comments?post=2217"}],"version-history":[{"count":0,"href":"https:\/\/mlm-engineering.com\/fr\/wp-json\/wp\/v2\/pages\/2217\/revisions"}],"wp:attachment":[{"href":"https:\/\/mlm-engineering.com\/fr\/wp-json\/wp\/v2\/media?parent=2217"}],"curies":[{"name":"wp","href":"https:\/\/api.w.org\/{rel}","templated":true}]}}