{"id":2195,"date":"2022-06-10T07:11:23","date_gmt":"2022-06-10T07:11:23","guid":{"rendered":"https:\/\/mlm-engineering.com\/?page_id=2195"},"modified":"2022-07-31T12:50:22","modified_gmt":"2022-07-31T12:50:22","slug":"splosni-pogoji","status":"publish","type":"page","link":"https:\/\/mlm-engineering.com\/hu\/splosni-pogoji\/","title":{"rendered":"\u00c1ltal\u00e1nos Szerz\u0151d\u00e9si Felt\u00e9telek"},"content":{"rendered":"<div data-elementor-type=\"wp-page\" data-elementor-id=\"2195\" class=\"elementor elementor-2195\">\n\t\t\t\t\t\t<section class=\"elementor-section elementor-top-section elementor-element elementor-element-676f2f3 elementor-section-boxed elementor-section-height-default elementor-section-height-default\" data-id=\"676f2f3\" data-element_type=\"section\" data-settings=\"{&quot;background_background&quot;:&quot;classic&quot;}\">\n\t\t\t\t\t\t<div class=\"elementor-container elementor-column-gap-default\">\n\t\t\t\t\t<div class=\"elementor-column elementor-col-100 elementor-top-column elementor-element elementor-element-cda71a6\" data-id=\"cda71a6\" data-element_type=\"column\">\n\t\t\t<div class=\"elementor-widget-wrap elementor-element-populated\">\n\t\t\t\t\t\t<div class=\"elementor-element elementor-element-53e4b40 elementor-widget elementor-widget-heading\" data-id=\"53e4b40\" data-element_type=\"widget\" data-widget_type=\"heading.default\">\n\t\t\t\t<div class=\"elementor-widget-container\">\n\t\t\t<h2 class=\"elementor-heading-title elementor-size-default\">\u00c1ltal\u00e1nos Szerz\u0151d\u00e9si Felt\u00e9telek<\/h2>\t\t<\/div>\n\t\t\t\t<\/div>\n\t\t\t\t<div class=\"elementor-element elementor-element-cfd40ef elementor-widget elementor-widget-text-editor\" data-id=\"cfd40ef\" data-element_type=\"widget\" data-widget_type=\"text-editor.default\">\n\t\t\t\t<div class=\"elementor-widget-container\">\n\t\t\t\t\t\t\t<p>Ezek a felt\u00e9telek az MLM ENGINEERING MIHA FLANDER S.P., ENGINEERING weboldal\u00e1nak (https:\/\/mlm-engineering.com\/) \u00e9s annak minden aldomainj\u00e9nek haszn\u00e1lat\u00e1ra vonatkoz\u00f3 szab\u00e1lyokat \u00e9s el\u0151\u00edr\u00e1sokat tartalmazz\u00e1k. A weboldalhoz val\u00f3 hozz\u00e1f\u00e9r\u00e9ssel felt\u00e9telezz\u00fck, hogy \u00d6n elfogadja ezeket a felt\u00e9teleket. Ne haszn\u00e1lja tov\u00e1bb a https:\/\/mlm-engineering.com\/ oldalt, ha nem \u00e9rt egyet az ezen az oldalon szerepl\u0151 \u00f6sszes felt\u00e9tellel.<\/p><p>A k\u00f6vetkez\u0151 terminol\u00f3gia vonatkozik ezekre a felt\u00e9telekre, az adatv\u00e9delmi nyilatkozatra, a nyilatkozat a felel\u0151ss\u00e9g kiz\u00e1r\u00e1s\u00e1r\u00f3l \u00e9s minden meg\u00e1llapod\u00e1sra: az \"\u00fcgyf\u00e9l\", \"\u00d6n\" \u00e9s \"az \u00d6n\" kifejez\u00e9s \u00d6nre, a weboldalon regisztr\u00e1l\u00f3 szem\u00e9lyre vonatkozik, akire a T\u00e1rsas\u00e1g felt\u00e9telei vonatkoznak. \"C\u00e9g\", \"\u00d6n\", \"mi\", \"mi\u00e9nk\" \u00e9s \"minket\" a v\u00e1llalatunkra utal. Az \"\u00dcgyf\u00e9l\", \"Felek\" vagy \"Mi\" az \u00dcgyf\u00e9lre \u00e9s R\u00e1nk egyar\u00e1nt vonatkozik. Minden felt\u00e9tel az aj\u00e1nlatra, elfogad\u00e1sra \u00e9s a fizet\u00e9s ellen\u00e9rt\u00e9k\u00e9re vonatkozik, amely ahhoz sz\u00fcks\u00e9ges, hogy az \u00dcgyf\u00e9lnek ny\u00fajtott seg\u00edts\u00e9g\u00fcnk folyamat\u00e1t a legc\u00e9lszer\u0171bb m\u00f3don hajtsuk v\u00e9gre, kifejezetten az \u00dcgyf\u00e9l fent eml\u00edtett szolg\u00e1ltat\u00e1sok ny\u00fajt\u00e1s\u00e1ra vonatkoz\u00f3 ig\u00e9nyeinek kiel\u00e9g\u00edt\u00e9se c\u00e9lj\u00e1b\u00f3l, az alkalmazand\u00f3 szlov\u00e9n jogszab\u00e1lyokkal \u00f6sszhangban \u00e9s azokra is figyelemmel. A fenti terminol\u00f3gia vagy m\u00e1s szavak egyes sz\u00e1mban, t\u00f6bbes sz\u00e1mban, nagybet\u0171vel \u00e9s\/vagy \u0151\/az vagy \u0151k haszn\u00e1lata felcser\u00e9lhet\u0151nek tekintend\u0151, \u00e9s ez\u00e9rt ugyanarra vonatkozik.<\/p><p><strong>S\u00fctik<\/strong><\/p><p>Ez a weboldal s\u00fctiket haszn\u00e1l. A https:\/\/mlm-engineering.com\/ oldalra val\u00f3 bel\u00e9p\u00e9ssel \u00d6n beleegyezik a cookie-k haszn\u00e1lat\u00e1ba, az MLM ENGINEERING MIHA FLANDER S.P., ENGINEERING \u00e9s a weboldal adatv\u00e9delmi szab\u00e1lyzat\u00e1nak megfelel\u0151en. A legt\u00f6bb interakt\u00edv weboldal cookie-kat haszn\u00e1l, hogy minden egyes l\u00e1togat\u00e1skor megkapjuk a felhaszn\u00e1l\u00f3 adatait. Weboldalunkon s\u00fctiket haszn\u00e1lunk, hogy lehet\u0151v\u00e9 tegy\u00fck bizonyos ter\u00fcletek m\u0171k\u00f6d\u00e9s\u00e9t, \u00e9s megk\u00f6nny\u00edts\u00fck a weboldalunkra l\u00e1togat\u00f3 l\u00e1togat\u00f3k sz\u00e1m\u00e1ra a haszn\u00e1latot. Egyes affiliate \/ hirdet\u00e9si partnereink is haszn\u00e1lhatnak harmadik f\u00e9lt\u0151l sz\u00e1rmaz\u00f3 s\u00fctiket.<\/p><p><strong>Enged\u00e9ly<\/strong><\/p><p>Elt\u00e9r\u0151 rendelkez\u00e9s hi\u00e1ny\u00e1ban az MLM ENGINEERING MIHA FLANDER S.P., ENGINEERING \u00e9s\/vagy a weboldal licencad\u00f3i a szellemi tulajdonjogok tulajdonosai a https:\/\/mlm-engineering.com\/ weboldalon tal\u00e1lhat\u00f3 valamennyi anyag tekintet\u00e9ben. Minden szellemi tulajdonjog fenntartva. A https:\/\/mlm-engineering.com\/ oldalr\u00f3l saj\u00e1t szem\u00e9lyes haszn\u00e1latra, a jelen \u00e1ltal\u00e1nos szerz\u0151d\u00e9si felt\u00e9telekben meghat\u00e1rozott korl\u00e1toz\u00e1sok mellett f\u00e9rhet hozz\u00e1.<\/p><p>Nem szabad:<\/p><ul><li>Az anyag k\u00f6zz\u00e9t\u00e9tel\u00e9hez https:\/\/mlm-engineering.com\/brez enged\u00e9lyek.<\/li><li>Az anyagok elad\u00e1sa, k\u00f6lcs\u00f6nz\u00e9se vagy allicencbe ad\u00e1sa a https:\/\/mlm-engineering.com\/brez enged\u00e9ly\u00e9vel.<\/li><li>Az anyagok sokszoros\u00edt\u00e1sa, m\u00e1sol\u00e1sa vagy m\u00e1sol\u00e1sa a https:\/\/mlm-engineering.com\/brez enged\u00e9ly\u00e9vel lehets\u00e9ges.<\/li><li>A tartalom \u00fajraeloszt\u00e1sa a https:\/\/mlm-engineering.com\/brez enged\u00e9ly\u00e9vel.<\/li><\/ul><p>Ez a meg\u00e1llapod\u00e1s e meg\u00e1llapod\u00e1s napj\u00e1n vagy a weboldalunkhoz val\u00f3 k\u00f6zvetlen hozz\u00e1f\u00e9r\u00e9ssel l\u00e9p hat\u00e1lyba.<\/p><p>A weboldal egyes r\u00e9szei lehet\u0151s\u00e9get biztos\u00edtanak a felhaszn\u00e1l\u00f3knak arra, hogy v\u00e9lem\u00e9nyeket \u00e9s inform\u00e1ci\u00f3kat tegyenek k\u00f6zz\u00e9 \u00e9s osszanak meg a weboldal egyes ter\u00fcleteir\u0151l. Az MLM ENGINEERING MIHA FLANDER S.P., ENGINEERING nem sz\u0171ri, nem szerkeszti, nem teszi k\u00f6zz\u00e9 \u00e9s nem vizsg\u00e1lja fel\u00fcl a hozz\u00e1sz\u00f3l\u00e1sokat a weboldalon val\u00f3 megjelen\u00e9s\u00fck el\u0151tt. A megjegyz\u00e9sek nem t\u00fckr\u00f6zik az MLM ENGINEERING MIHA FLANDER S.P., ENGINEERING , annak \u00fcgyn\u00f6kei \u00e9s\/vagy kapcsolt v\u00e1llalkoz\u00e1sai n\u00e9zeteit \u00e9s v\u00e9lem\u00e9ny\u00e9t. A hozz\u00e1sz\u00f3l\u00e1sok a v\u00e9lem\u00e9nyt k\u00f6zz\u00e9tev\u0151 szem\u00e9ly n\u00e9zeteit \u00e9s v\u00e9lem\u00e9ny\u00e9t t\u00fckr\u00f6zik. A vonatkoz\u00f3 jogszab\u00e1lyok \u00e1ltal megengedett m\u00e9rt\u00e9kben az MLM ENGINEERING MIHA FLANDER S.P., ENGINEERING , nem tehet\u0151 felel\u0151ss\u00e9 a megjegyz\u00e9sek\u00e9rt, illetve a megjegyz\u00e9seknek a weboldalon t\u00f6rt\u00e9n\u0151 felhaszn\u00e1l\u00e1sa \u00e9s\/vagy k\u00f6zz\u00e9t\u00e9tele \u00e9s\/vagy megjelen\u00e9se miatt felmer\u00fcl\u0151 \u00e9s\/vagy elszenvedett b\u00e1rmilyen felel\u0151ss\u00e9g\u00e9rt, k\u00e1r\u00e9rt vagy k\u00f6lts\u00e9g\u00e9rt.<\/p><p>Az MLM ENGINEERING MIHA FLANDER S.P., ENGINEERING fenntartja mag\u00e1nak a jogot, hogy minden hozz\u00e1sz\u00f3l\u00e1st ellen\u0151rizzen, \u00e9s elt\u00e1vol\u00edtson minden olyan hozz\u00e1sz\u00f3l\u00e1st, amelyet nem megfelel\u0151nek, s\u00e9rt\u0151nek vagy a jelen felt\u00e9telek megs\u00e9rt\u00e9s\u00e9nek tart.<\/p><p>\u00d6n garant\u00e1lja \u00e9s kijelenti, hogy:<\/p><ul><li>\u00d6n jogosult arra, hogy megjegyz\u00e9seket tegyen k\u00f6zz\u00e9 a weboldalunkon, \u00e9s rendelkezik az ehhez sz\u00fcks\u00e9ges enged\u00e9lyekkel \u00e9s hozz\u00e1j\u00e1rul\u00e1sokkal;<\/li><li>a megjegyz\u00e9sek nem s\u00e9rtik a szellemi tulajdonjogokat, bele\u00e9rtve harmadik felek szerz\u0151i jogi, szabadalmi vagy v\u00e9djegykorl\u00e1toz\u00e1sait;<\/li><li>A hozz\u00e1sz\u00f3l\u00e1sok nem tartalmaznak becs\u00fclets\u00e9rt\u0151, r\u00e1galmaz\u00f3, becs\u00fclets\u00e9rt\u0151, s\u00e9rt\u0151, obszc\u00e9n vagy m\u00e1s m\u00f3don jogellenes, a mag\u00e1n\u00e9letet s\u00e9rt\u0151 anyagokat;<\/li><li>A hozz\u00e1sz\u00f3l\u00e1sok nem haszn\u00e1lhat\u00f3k \u00e9rt\u00e9kes\u00edt\u00e9sre val\u00f3 felh\u00edv\u00e1sra vagy rekl\u00e1moz\u00e1sra, illetve kereskedelmi vagy illeg\u00e1lis tev\u00e9kenys\u00e9gek k\u00e9pviselet\u00e9re.<\/li><\/ul><p>\u00d6n ezennel nem kiz\u00e1r\u00f3lagos enged\u00e9lyt ad az MLM ENGINEERING MIHA FLANDER S.P., ENGINEERING sz\u00e1m\u00e1ra az \u00d6n hozz\u00e1sz\u00f3l\u00e1sainak b\u00e1rmilyen form\u00e1ban, form\u00e1ban vagy m\u00e9di\u00e1ban t\u00f6rt\u00e9n\u0151 felhaszn\u00e1l\u00e1s\u00e1ra, sokszoros\u00edt\u00e1s\u00e1ra, szerkeszt\u00e9s\u00e9re \u00e9s m\u00e1sok sz\u00e1m\u00e1ra t\u00f6rt\u00e9n\u0151 felhaszn\u00e1l\u00e1s\u00e1ra, sokszoros\u00edt\u00e1s\u00e1ra \u00e9s szerkeszt\u00e9s\u00e9re.<\/p><p><strong>Hiperlink a tartalmunkra<\/strong><\/p><p>A k\u00f6vetkez\u0151 szervezetek el\u0151zetes \u00edr\u00e1sbeli enged\u00e9ly n\u00e9lk\u00fcl hivatkozhatnak weboldalunkra:<\/p><ul><li>korm\u00e1nyzati szervek<\/li><li>keres\u0151motorok;<\/li><li>H\u00edrek;<\/li><li>online k\u00f6nyvt\u00e1rak forgalmaz\u00f3i, amelyek ugyan\u00fagy hivatkozhatnak a weboldalunkra, mint m\u00e1s jegyzett v\u00e1llalatok weboldalaira mutat\u00f3 hiperlinkek; \u00e9s<\/li><li>akkredit\u00e1lt v\u00e1llalkoz\u00e1sok a rendszerben, kiv\u00e9ve a nonprofit szervezeteket, j\u00f3t\u00e9konys\u00e1gi boltokat \u00e9s j\u00f3t\u00e9konys\u00e1gi adom\u00e1nygy\u0171jt\u0151 csoportokat, amelyek nem hivatkozhatnak a weboldalunkra.<\/li><\/ul><p>Ezek a szervezetek hivatkozhatnak honlapunkra, kiadv\u00e1nyainkra vagy egy\u00e9b weboldalainkra, felt\u00e9ve, hogy a hivatkoz\u00e1s: (a) semmilyen m\u00f3don nem megt\u00e9veszt\u0151; (b) nem szponzor\u00e1lja, t\u00e1mogatja vagy hagyja j\u00f3v\u00e1 a hivatkozott oldalt \u00e9s annak term\u00e9keit \u00e9s\/vagy szolg\u00e1ltat\u00e1sait; \u00e9s (c) illeszkedik a hivatkozott f\u00e9l weboldal\u00e1nak kontextus\u00e1ba.<\/p><p>A k\u00f6vetkez\u0151 t\u00edpus\u00fa szervezetek egy\u00e9b linkk\u00e9relmeit is figyelembe vehetj\u00fck \u00e9s j\u00f3v\u00e1hagyhatjuk:<\/p><ul><li>a fogyaszt\u00f3i \u00e9s\/vagy \u00fczleti inform\u00e1ci\u00f3k \u00e1ltal\u00e1nosan ismert forr\u00e1sai;<\/li><li>k\u00f6z\u00f6ss\u00e9g dot.com<\/li><li>egyes\u00fcletek vagy m\u00e1s, j\u00f3t\u00e9konys\u00e1gi szervezeteket k\u00e9pvisel\u0151 csoportok;<\/li><li>online c\u00edmt\u00e1r forgalmaz\u00f3k;<\/li><li>internetes port\u00e1lok;<\/li><li>k\u00f6nyvvizsg\u00e1l\u00f3, jogi \u00e9s tan\u00e1csad\u00f3 c\u00e9gek; \u00e9s<\/li><li>oktat\u00e1si int\u00e9zm\u00e9nyek \u00e9s szakmai sz\u00f6vets\u00e9gek.<\/li><\/ul><p>Az ilyen szervezetekt\u0151l \u00e9rkez\u0151 linkk\u00e9relmeket akkor hagyjuk j\u00f3v\u00e1, ha \u00fagy d\u00f6nt\u00fcnk, hogy: a) nem \u00e1ll\u00edtan\u00e1nk be magunkat vagy akkredit\u00e1lt v\u00e1llalatainkat rossz sz\u00ednben; b) a szervezetnek nincs negat\u00edv el\u0151\u00e9lete vel\u00fcnk szemben; c) a hiperlink l\u00e1that\u00f3s\u00e1g\u00e1b\u00f3l sz\u00e1rmaz\u00f3 el\u0151ny\u00f6ket ellens\u00falyozza az MLM ENGINEERING MIHA FLANDER S.P., ENGINEERING hi\u00e1nya; \u00e9s d) a link az er\u0151forr\u00e1sr\u00f3l sz\u00f3l\u00f3 \u00e1ltal\u00e1nos t\u00e1j\u00e9koztat\u00e1ssal \u00f6sszef\u00fcgg\u00e9sben van.<\/p><p>Ezek a szervezetek hivatkozhatnak a honlapunkra, amennyiben a hivatkoz\u00e1s: (a) semmilyen m\u00f3don nem megt\u00e9veszt\u0151; (b) nem szponzor\u00e1lja, t\u00e1mogatja vagy hagyja j\u00f3v\u00e1 a hivatkoz\u00f3 webhelyet \u00e9s annak term\u00e9keit vagy szolg\u00e1ltat\u00e1sait; \u00e9s (c) illeszkedik a hivatkoz\u00f3 f\u00e9l webhely\u00e9nek kontextus\u00e1ba. Ha \u00d6n a fent felsorolt szervezetek egyike, \u00e9s szeretne linkelni a weboldalunkra, akkor err\u0151l \u00e9rtes\u00edtenie kell minket a info@mlm-engineering.com\/ e-mail c\u00edmen.<\/p><p>K\u00e9rj\u00fck, adja meg nev\u00e9t, szervezet\u00e9nek nev\u00e9t, el\u00e9rhet\u0151s\u00e9g\u00e9t, valamint weboldal\u00e1nak URL-c\u00edm\u00e9t, az \u00f6sszes olyan URL-c\u00edm list\u00e1j\u00e1t, ahonnan a mi weboldalunkra k\u00edv\u00e1n hivatkozni, valamint a weboldalunk azon URL-c\u00edmeit, amelyekre hivatkozni k\u00edv\u00e1n. K\u00e9rj\u00fck, hogy a v\u00e1laszad\u00e1sra 2-3 hetet sz\u00e1njon.<\/p><p>A j\u00f3v\u00e1hagyott szervezetek hiperlinket helyezhetnek el weboldalunkon:<\/p><ul><li>a c\u00e9g\u00fcnk nev\u00e9nek vagy<\/li><li>egyetlen er\u0151forr\u00e1s-lokaliz\u00e1tor haszn\u00e1lat\u00e1val, amely kapcsol\u00f3dik vagy<\/li><li>a weboldalunk b\u00e1rmely m\u00e1s olyan le\u00edr\u00e1s\u00e1nak haszn\u00e1lat\u00e1val, amely a linkel\u0151 f\u00e9l weboldal\u00e1n tal\u00e1lhat\u00f3 tartalom kontextus\u00e1ban \u00e9s form\u00e1tum\u00e1ban \u00e9rtelmesnek t\u0171nik.<\/li><\/ul><p>Az MLM ENGINEERING MIHA FLANDER S.P., ENGINEERING log\u00f3 vagy m\u00e1s tartalom haszn\u00e1lata a hivatkoz\u00e1shoz nem enged\u00e9lyezett v\u00e9djegyhaszn\u00e1lati licencszerz\u0151d\u00e9s hi\u00e1ny\u00e1ban.<\/p><p><strong>iFrame<\/strong><\/p><p>\u00d6n nem hozhat l\u00e9tre olyan kereteket a weboldalainkon, amelyek b\u00e1rmilyen m\u00f3don megv\u00e1ltoztatj\u00e1k a weboldalunk vizu\u00e1lis megjelen\u00edt\u00e9s\u00e9t vagy megjelen\u00e9s\u00e9t el\u0151zetes j\u00f3v\u00e1hagy\u00e1sunk \u00e9s \u00edr\u00e1sbeli enged\u00e9ly\u00fcnk n\u00e9lk\u00fcl.<\/p><p><strong>Anyagi felel\u0151ss\u00e9g<\/strong><\/p><p>Nem vagyunk felel\u0151sek a weboldal\u00e1n megjelen\u0151 tartalmak\u00e9rt. \u00d6n v\u00e1llalja, hogy k\u00e1rtalan\u00edt, megv\u00e9d minket \u00e9s \u00e1rtalmatlan\u00edt minket a weboldal\u00e1n megjelen\u0151 b\u00e1rmely \u00e1ll\u00edt\u00e1ssal kapcsolatban. Egyetlen weboldalon sem jelenhet meg olyan link, amely hamisnak, obszc\u00e9nnek vagy b\u0171ncselekm\u00e9nynek min\u0151s\u00fclhet, vagy amely harmadik f\u00e9l jogait s\u00e9rti, m\u00e1s m\u00f3don s\u00e9rti vagy t\u00e1mogatja azok megs\u00e9rt\u00e9s\u00e9t vagy m\u00e1s m\u00f3don t\u00f6rt\u00e9n\u0151 megs\u00e9rt\u00e9s\u00e9t.<\/p><p><strong>Jogfenntart\u00e1s<\/strong><\/p><p>Fenntartjuk a jogot arra, hogy a weboldalunkra mutat\u00f3 linkek vagy b\u00e1rmely konkr\u00e9t link elt\u00e1vol\u00edt\u00e1s\u00e1t k\u00e9rhess\u00fck. \u00d6n v\u00e1llalja, hogy k\u00e9r\u00e9sre azonnal elt\u00e1vol\u00edtja a weboldalunkra mutat\u00f3 \u00f6sszes linket. Fenntartjuk tov\u00e1bb\u00e1 a jogot, hogy b\u00e1rmikor megv\u00e1ltoztassuk ezeket a felt\u00e9teleket \u00e9s a linkel\u00e9si szab\u00e1lyzatot. A weboldalunkra t\u00f6rt\u00e9n\u0151 folyamatos hivatkoz\u00e1ssal \u00d6n beleegyezik, hogy ezeket a felt\u00e9teleket \u00e9s kik\u00f6t\u00e9seket betartja \u00e9s betartatja.<\/p><p><strong>Linkek elt\u00e1vol\u00edt\u00e1sa a weboldalunkr\u00f3l<\/strong><\/p><p>Ha b\u00e1rmilyen okb\u00f3l s\u00e9rt\u0151 linket tal\u00e1l a weboldalunkon, b\u00e1rmikor kapcsolatba l\u00e9phet vel\u00fcnk, hogy t\u00e1j\u00e9koztasson minket. A linkek elt\u00e1vol\u00edt\u00e1s\u00e1ra vonatkoz\u00f3 k\u00e9r\u00e9seket megfontoljuk, de nem vagyunk k\u00f6telesek k\u00f6zvetlen\u00fcl v\u00e1laszolni r\u00e1juk. Nem garant\u00e1ljuk, hogy a weboldalon tal\u00e1lhat\u00f3 inform\u00e1ci\u00f3k helyt\u00e1ll\u00f3ak, \u00e9s nem v\u00e1llalunk garanci\u00e1t azok teljess\u00e9g\u00e9re vagy pontoss\u00e1g\u00e1ra; nem v\u00e1llalunk garanci\u00e1t arra sem, hogy a weboldal el\u00e9rhet\u0151 marad, illetve hogy a weboldalon tal\u00e1lhat\u00f3 anyagokat naprak\u00e9szen tartjuk.<\/p><p><strong>Felel\u0151ss\u00e9gi nyilatkozat<\/strong><\/p><p>Az alkalmazand\u00f3 jogszab\u00e1lyok \u00e1ltal megengedett legteljesebb m\u00e9rt\u00e9kben kiz\u00e1runk minden, a weboldalunkkal \u00e9s a weboldal haszn\u00e1lat\u00e1val kapcsolatos kijelent\u00e9st, garanci\u00e1t \u00e9s felt\u00e9telt. A jelen kiz\u00e1r\u00f3 nyilatkozatban foglaltak k\u00f6z\u00fcl semmi sem:<\/p><p>A felel\u0151ss\u00e9g korl\u00e1toz\u00e1sai \u00e9s tilalmak, amelyek ebben a szakaszban \u00e9s a jelen Felel\u0151ss\u00e9gi nyilatkozat m\u00e1s r\u00e9szeiben szerepelnek: (a) az el\u0151z\u0151 bekezd\u00e9sre vonatkoznak; \u00e9s (b) a Felel\u0151ss\u00e9gi nyilatkozatb\u00f3l ered\u0151 valamennyi k\u00f6telezetts\u00e9gre vonatkoznak, bele\u00e9rtve a szerz\u0151d\u00e9ses k\u00f6telezetts\u00e9geket, a k\u00e1rt\u00e9r\u00edt\u00e9st \u00e9s a t\u00f6rv\u00e9nyes k\u00f6telezetts\u00e9g megszeg\u00e9s\u00e9t.<\/p><p>Nem v\u00e1llalunk felel\u0151ss\u00e9get semmilyen vesztes\u00e9g\u00e9rt vagy k\u00e1r\u00e9rt, am\u00edg a weboldal \u00e9s a weboldalon tal\u00e1lhat\u00f3 inform\u00e1ci\u00f3k \u00e9s szolg\u00e1ltat\u00e1sok ingyenesen rendelkez\u00e9sre nem \u00e1llnak.<\/p><p><strong>Fogyaszt\u00f3i jogvit\u00e1k peren k\u00edv\u00fcli rendez\u00e9se<\/strong><\/p><p>Az MLM ENGINEERING MIHA FLANDER S.P., ENGINEERING nem ismeri el a fogyaszt\u00f3 \u00e1ltal a fogyaszt\u00f3 \u00e1ltal a b\u00edr\u00f3s\u00e1gon k\u00edv\u00fcli fogyaszt\u00f3i vitarendez\u00e9sr\u0151l sz\u00f3l\u00f3 t\u00f6rv\u00e9ny alapj\u00e1n a jogszab\u00e1lyi norm\u00e1knak megfelel\u0151en ind\u00edthat\u00f3 fogyaszt\u00f3i jogvita rendez\u00e9s\u00e9re illet\u00e9kesnek a b\u00edr\u00f3s\u00e1gon k\u00edv\u00fcli fogyaszt\u00f3i vitarendez\u00e9s szolg\u00e1ltat\u00f3j\u00e1t. A T\u00e1rsas\u00e1g, mint term\u00e9k- \u00e9s szolg\u00e1ltat\u00e1sny\u00fajt\u00f3 a honlapj\u00e1n k\u00f6zz\u00e9teszi az Online Fogyaszt\u00f3i Jogvitarendez\u00e9si Platformra (ODRP) mutat\u00f3 elektronikus linket. Az ODRP a fogyaszt\u00f3k sz\u00e1m\u00e1ra az al\u00e1bbi elektronikus linken \u00e9rhet\u0151 el: http:\/\/ec.europa.eu\/odr. A fenti rendszer alapja a fogyaszt\u00f3i jogvit\u00e1k b\u00edr\u00f3s\u00e1gon k\u00edv\u00fcli rendez\u00e9s\u00e9r\u0151l sz\u00f3l\u00f3 t\u00f6rv\u00e9ny, az Eur\u00f3pai Parlament \u00e9s a Tan\u00e1cs 524\/2013\/EU rendelete a fogyaszt\u00f3i jogvit\u00e1k online rendez\u00e9s\u00e9r\u0151l \u00e9s a 2016\/2004\/EK rendelet m\u00f3dos\u00edt\u00e1s\u00e1r\u00f3l, valamint a 200\/2014\/EU ir\u00e1nyelv.<\/p>\t\t\t\t\t\t<\/div>\n\t\t\t\t<\/div>\n\t\t\t\t\t<\/div>\n\t\t<\/div>\n\t\t\t\t\t<\/div>\n\t\t<\/section>\n\t\t\t\t<\/div>","protected":false},"excerpt":{"rendered":"<p>Splo\u0161ni pogoji Ti pogoji opisujejo pravila in predpise za uporabo za spletnega mesta MLM ENGINEERING MIHA FLANDER S.P., IN\u017dINIRING, ki se nahaja na https:\/\/mlm-engineering.com\/ in vse njene poddomene. Z dostopom do tega spletnega mesta predpostavljamo, da sprejemate te pogoje. Ne nadaljujte z uporabo\u00a0https:\/\/mlm-engineering.com\/, \u010de se ne strinjate z vsemi pogoji, navedenimi na tej strani. Naslednja [&hellip;]<\/p>","protected":false},"author":3,"featured_media":0,"parent":0,"menu_order":0,"comment_status":"closed","ping_status":"closed","template":"","meta":{"_seopress_robots_primary_cat":"","_seopress_titles_title":"","_seopress_titles_desc":"","_seopress_robots_index":"","ocean_post_layout":"full-screen","ocean_both_sidebars_style":"","ocean_both_sidebars_content_width":0,"ocean_both_sidebars_sidebars_width":0,"ocean_sidebar":"0","ocean_second_sidebar":"0","ocean_disable_margins":"on","ocean_add_body_class":"","ocean_shortcode_before_top_bar":"","ocean_shortcode_after_top_bar":"","ocean_shortcode_before_header":"","ocean_shortcode_after_header":"","ocean_has_shortcode":"","ocean_shortcode_after_title":"","ocean_shortcode_before_footer_widgets":"","ocean_shortcode_after_footer_widgets":"","ocean_shortcode_before_footer_bottom":"","ocean_shortcode_after_footer_bottom":"","ocean_display_top_bar":"default","ocean_display_header":"default","ocean_header_style":"","ocean_center_header_left_menu":"0","ocean_custom_header_template":"0","ocean_custom_logo":0,"ocean_custom_retina_logo":0,"ocean_custom_logo_max_width":0,"ocean_custom_logo_tablet_max_width":0,"ocean_custom_logo_mobile_max_width":0,"ocean_custom_logo_max_height":0,"ocean_custom_logo_tablet_max_height":0,"ocean_custom_logo_mobile_max_height":0,"ocean_header_custom_menu":"0","ocean_menu_typo_font_family":"0","ocean_menu_typo_font_subset":"","ocean_menu_typo_font_size":0,"ocean_menu_typo_font_size_tablet":0,"ocean_menu_typo_font_size_mobile":0,"ocean_menu_typo_font_size_unit":"px","ocean_menu_typo_font_weight":"","ocean_menu_typo_font_weight_tablet":"","ocean_menu_typo_font_weight_mobile":"","ocean_menu_typo_transform":"","ocean_menu_typo_transform_tablet":"","ocean_menu_typo_transform_mobile":"","ocean_menu_typo_line_height":0,"ocean_menu_typo_line_height_tablet":0,"ocean_menu_typo_line_height_mobile":0,"ocean_menu_typo_line_height_unit":"","ocean_menu_typo_spacing":0,"ocean_menu_typo_spacing_tablet":0,"ocean_menu_typo_spacing_mobile":0,"ocean_menu_typo_spacing_unit":"","ocean_menu_link_color":"","ocean_menu_link_color_hover":"","ocean_menu_link_color_active":"","ocean_menu_link_background":"","ocean_menu_link_hover_background":"","ocean_menu_link_active_background":"","ocean_menu_social_links_bg":"","ocean_menu_social_hover_links_bg":"","ocean_menu_social_links_color":"","ocean_menu_social_hover_links_color":"","ocean_disable_title":"on","ocean_disable_heading":"on","ocean_post_title":"","ocean_post_subheading":"","ocean_post_title_style":"","ocean_post_title_background_color":"","ocean_post_title_background":0,"ocean_post_title_bg_image_position":"","ocean_post_title_bg_image_attachment":"","ocean_post_title_bg_image_repeat":"","ocean_post_title_bg_image_size":"","ocean_post_title_height":0,"ocean_post_title_bg_overlay":0.5,"ocean_post_title_bg_overlay_color":"","ocean_disable_breadcrumbs":"off","ocean_breadcrumbs_color":"","ocean_breadcrumbs_separator_color":"","ocean_breadcrumbs_links_color":"","ocean_breadcrumbs_links_hover_color":"","ocean_display_footer_widgets":"default","ocean_display_footer_bottom":"default","ocean_custom_footer_template":"0","footnotes":""},"_links":{"self":[{"href":"https:\/\/mlm-engineering.com\/hu\/wp-json\/wp\/v2\/pages\/2195"}],"collection":[{"href":"https:\/\/mlm-engineering.com\/hu\/wp-json\/wp\/v2\/pages"}],"about":[{"href":"https:\/\/mlm-engineering.com\/hu\/wp-json\/wp\/v2\/types\/page"}],"author":[{"embeddable":true,"href":"https:\/\/mlm-engineering.com\/hu\/wp-json\/wp\/v2\/users\/3"}],"replies":[{"embeddable":true,"href":"https:\/\/mlm-engineering.com\/hu\/wp-json\/wp\/v2\/comments?post=2195"}],"version-history":[{"count":4,"href":"https:\/\/mlm-engineering.com\/hu\/wp-json\/wp\/v2\/pages\/2195\/revisions"}],"predecessor-version":[{"id":2436,"href":"https:\/\/mlm-engineering.com\/hu\/wp-json\/wp\/v2\/pages\/2195\/revisions\/2436"}],"wp:attachment":[{"href":"https:\/\/mlm-engineering.com\/hu\/wp-json\/wp\/v2\/media?parent=2195"}],"curies":[{"name":"wp","href":"https:\/\/api.w.org\/{rel}","templated":true}]}}