{"id":2209,"date":"2022-06-10T07:13:58","date_gmt":"2022-06-10T07:13:58","guid":{"rendered":"https:\/\/mlm-engineering.com\/?page_id=2209"},"modified":"2022-06-10T07:14:49","modified_gmt":"2022-06-10T07:14:49","slug":"politika-zasebnosti","status":"publish","type":"page","link":"https:\/\/mlm-engineering.com\/hu\/politika-zasebnosti\/","title":{"rendered":"Adatv\u00e9delmi ir\u00e1nyelvek"},"content":{"rendered":"<div data-elementor-type=\"wp-page\" data-elementor-id=\"2209\" class=\"elementor elementor-2209\">\n\t\t\t\t\t\t<section class=\"elementor-section elementor-top-section elementor-element elementor-element-676f2f3 elementor-section-boxed elementor-section-height-default elementor-section-height-default\" data-id=\"676f2f3\" data-element_type=\"section\" data-settings=\"{&quot;background_background&quot;:&quot;classic&quot;}\">\n\t\t\t\t\t\t<div class=\"elementor-container elementor-column-gap-default\">\n\t\t\t\t\t<div class=\"elementor-column elementor-col-100 elementor-top-column elementor-element elementor-element-cda71a6\" data-id=\"cda71a6\" data-element_type=\"column\">\n\t\t\t<div class=\"elementor-widget-wrap elementor-element-populated\">\n\t\t\t\t\t\t<div class=\"elementor-element elementor-element-53e4b40 elementor-widget elementor-widget-heading\" data-id=\"53e4b40\" data-element_type=\"widget\" data-widget_type=\"heading.default\">\n\t\t\t\t<div class=\"elementor-widget-container\">\n\t\t\t<h2 class=\"elementor-heading-title elementor-size-default\">Adatv\u00e9delmi ir\u00e1nyelvek<\/h2>\t\t<\/div>\n\t\t\t\t<\/div>\n\t\t\t\t<div class=\"elementor-element elementor-element-cfd40ef elementor-widget elementor-widget-text-editor\" data-id=\"cfd40ef\" data-element_type=\"widget\" data-widget_type=\"text-editor.default\">\n\t\t\t\t<div class=\"elementor-widget-container\">\n\t\t\t\t\t\t\t<ol><li><strong>MIRE VAN SZ\u00dcKS\u00c9G\u00dcNK<\/strong><\/li><\/ol><p>Adatv\u00e9delmi szab\u00e1lyzatunk szab\u00e1lyozza a szem\u00e9lyes adatok felhaszn\u00e1l\u00e1s\u00e1t \u00e9s t\u00e1rol\u00e1s\u00e1t. Adatv\u00e9delmi szab\u00e1lyzatunkat az Adatv\u00e9delmi nyilatkozat oldalon (al\u00e1bb csatolva) tekintheti meg. Az MLM ENGINEERING MIHA FLANDER S.P., ENGINEERING, CESTA POD RIFNIKOM 23 , 3230 \u0160ENTJUR az \u00e1ltala megadott szem\u00e9lyes adatok (\u00e9rintett: \u00d6n, \u00fcgyf\u00e9l, l\u00e1togat\u00f3 stb.) adatkezel\u0151je. A k\u00f6vetkez\u0151 t\u00edpus\u00fa szem\u00e9lyes adatokat gy\u0171jtj\u00fck:<\/p><ul><li>E-mail c\u00edm;<\/li><li>N\u00e9v, c\u00edm, e-mail c\u00edm \u00e9s telefonsz\u00e1m;<\/li><li>Fizet\u00e9si adatok, p\u00e9ld\u00e1ul hitel- vagy bankk\u00e1rtyaadatok, Paypal \u00e9s egy\u00e9b fizet\u00e9si m\u00f3dok;<\/li><li>A szem\u00e9lyes adatok pontoss\u00e1g\u00e1t igazol\u00f3 szem\u00e9lyazonoss\u00e1gi okm\u00e1nyok m\u00e1solatai;<\/li><li>S\u00fctik;<\/li><li>Google Analytics \u00e9s Yandex \u00e9s Cloudflare l\u00e1togat\u00e1sk\u00f6vet\u00e9s;<\/li><li>Linkek a k\u00f6z\u00f6ss\u00e9gi csoportok szem\u00e9lyes profiljaihoz.<\/li><\/ul><p>A szem\u00e9lyes adatok minden egyes t\u00edpus\u00e1t a sz\u00fcks\u00e9gess\u00e9g alapj\u00e1n \u00e9s k\u00fcl\u00f6n hozz\u00e1j\u00e1rul\u00e1ssal szerezz\u00fck be.<\/p><ol start=\"2\"><li><strong>MI\u00c9RT VAN R\u00c1JUK SZ\u00dcKS\u00c9G\u00dcNK<\/strong><\/li><\/ol><p>Az \u00d6n szem\u00e9lyes adataira a k\u00f6vetkez\u0151 szolg\u00e1ltat\u00e1sokhoz van sz\u00fcks\u00e9g\u00fcnk:<\/p><ol><li style=\"list-style-type: none;\"><ol><li>E-mail c\u00edm az \u00d6n e-mailjeire vagy a kapcsolatfelv\u00e9teli \u0171rlapokon kereszt\u00fcl k\u00fcld\u00f6tt \u00fczenetekre val\u00f3 v\u00e1laszad\u00e1shoz;<\/li><li>E-mail c\u00edm aj\u00e1nlatok \u00e9s h\u00edrlevelek k\u00fcld\u00e9s\u00e9hez;<\/li><li>N\u00e9v, c\u00edm, e-mail c\u00edm \u00e9s telefonsz\u00e1m a foglal\u00e1sok, \u00e9rdekl\u0151d\u00e9sek fogad\u00e1sa \u00e9s \u00e1raj\u00e1nlatok k\u00fcld\u00e9se c\u00e9lj\u00e1b\u00f3l, illetve egy\u00e9b k\u00e9r\u00e9sek teljes\u00edt\u00e9s\u00e9vel kapcsolatban;<\/li><li>N\u00e9v, c\u00edm, e-mail c\u00edm \u00e9s telefonsz\u00e1m az aj\u00e1nlatunkkal kapcsolatos aj\u00e1nd\u00e9kutalv\u00e1nyok, utalv\u00e1nyok vagy szolg\u00e1ltat\u00e1sok \u00e9s term\u00e9kek megv\u00e1s\u00e1rl\u00e1s\u00e1hoz;<\/li><li>A szolg\u00e1ltat\u00e1sok ny\u00fajt\u00e1s\u00e1hoz sz\u00fcks\u00e9ges fizet\u00e9si eszk\u00f6z\u00f6k \u00e9s a szem\u00e9lyazonoss\u00e1got igazol\u00f3 okm\u00e1nyok m\u00e1solatai;<\/li><li>E-mail c\u00edm az automatiz\u00e1lt marketinghez (foglal\u00e1si visszaigazol\u00e1sok, k\u00f6sz\u00f6n\u0151levelek stb.);<\/li><li>A weboldalak m\u0171k\u00f6d\u00e9s\u00e9hez sz\u00fcks\u00e9ges s\u00fctik;<\/li><li>A vel\u00fcnk val\u00f3 kapcsolat\u00e1t meger\u0151s\u00edt\u0151 szem\u00e9lyes profilokkal rendelkez\u0151 k\u00f6z\u00f6ss\u00e9gi csoportokon kereszt\u00fcl t\u00f6rt\u00e9n\u0151 kommunik\u00e1ci\u00f3;<\/li><li>N\u00e9v, c\u00edm, e-mail c\u00edm \u00e9s telefonsz\u00e1m alkalmi nyerem\u00e9nyj\u00e1t\u00e9kok vagy egy\u00e9b prom\u00f3ci\u00f3k c\u00e9lj\u00e1b\u00f3l, az \u00d6n el\u0151zetes enged\u00e9ly\u00e9vel;<\/li><li>A Google Analytics vagy a Yandex Direct \u00e9s a Cloudflare \u00f6sszes\u00edtett adatai a l\u00e1togat\u00e1sok nyomon k\u00f6vet\u00e9s\u00e9re \u00e9s a bels\u0151 elemz\u00e9sekre a tartalom jav\u00edt\u00e1sa \u00e9rdek\u00e9ben.<\/li><\/ol><\/li><\/ol><p>\u00a0<\/p><ol><li><strong>MIT TESZ\u00dcNK A SZEM\u00c9LYES ADATOKKAL<\/strong><\/li><\/ol><p>Az \u00d6n szem\u00e9lyes adatait az MLM ENGINEERING MIHA FLANDER S.P., ENGINEERING, CESTA POD RIFNIKOM 23 , 3230 \u0160ENTJUR kezeli, amely Szlov\u00e9ni\u00e1ban tal\u00e1lhat\u00f3. Az adatokat az Eur\u00f3pai Uni\u00f3ban (N\u00e9metorsz\u00e1gban) tal\u00e1lhat\u00f3 https:\/\/mlm-engineering.com\/ oldalon t\u00e1roljuk \u00e9s t\u00e1roljuk. Harmadik f\u00e9l szolg\u00e1ltat\u00f3 nem f\u00e9r hozz\u00e1 az \u00d6n adataihoz, kiv\u00e9ve, ha azt t\u00f6rv\u00e9ny \u00edrja el\u0151.<\/p><ol start=\"4\"><li><strong>MENNYI IDEIG TARTJ\u00c1K \u0150KET<\/strong><\/li><\/ol><p>Weboldalunkon \u00e1lland\u00f3 s\u00fctiket haszn\u00e1lunk a k\u00f6z\u00f6ss\u00e9gi szolg\u00e1ltat\u00e1sokhoz \u00e9s m\u00e1s \"megoszt\u00e1si\" szolg\u00e1ltat\u00f3khoz val\u00f3 kapcsol\u00f3d\u00e1shoz, valamint s\u00fctiket, amelyek seg\u00edts\u00e9g\u00e9vel \u00fajra \u00e9s \u00fajra hozz\u00e1f\u00e9rhet a weboldalunkon tal\u00e1lhat\u00f3 kedvenc tartalmaihoz.<\/p><ol start=\"5\"><li><strong>MIK AZ \u00d6N JOGAI<\/strong><\/li><\/ol><p>Ha \u00fagy v\u00e9li, hogy az \u00d6nr\u0151l t\u00e1rolt szem\u00e9lyes adataink helytelenek vagy hi\u00e1nyosak, lehet\u0151s\u00e9ge van arra, hogy az adatok fel\u00fclvizsg\u00e1lat\u00e1ra, helyesb\u00edt\u00e9s\u00e9re vagy t\u00f6rl\u00e9s\u00e9re ir\u00e1nyul\u00f3 k\u00e9relmet ny\u00fajtson be. K\u00e9rj\u00fck, l\u00e9pjen kapcsolatba vel\u00fcnk az (Adathozz\u00e1f\u00e9r\u00e9si k\u00e9relem nyomtatv\u00e1nyon) kereszt\u00fcl. Ha panaszt k\u00edv\u00e1n tenni azzal kapcsolatban, hogy hogyan kezelt\u00fck az \u00d6n szem\u00e9lyes adatait, k\u00e9rj\u00fck, forduljon az adatv\u00e9delmi tisztvisel\u0151h\u00f6z vagy az adatv\u00e9delmi kapcsolattart\u00f3hoz (DPC) a info@mlm-engineering.com\/ c\u00edmen vagy \u00edr\u00e1sban az MLM ENGINEERING MIHA FLANDER S.P., ENGINEERING, CESTA POD RIFNIKOM 23 , 3230 \u0160ENTJUR c\u00edmre. DPC-nk ezt k\u00f6vet\u0151en kivizsg\u00e1lja a panasz\u00e1t, \u00e9s t\u00e1j\u00e9koztatja \u00d6nt az \u00fcgy megold\u00e1s\u00e1r\u00f3l. Ha tov\u00e1bbra is \u00fagy \u00e9rzi, hogy szem\u00e9lyes adatait nem a t\u00f6rv\u00e9nyeknek megfelel\u0151en kezelt\u00e9k, akkor az Inform\u00e1ci\u00f3s Biztoshoz fordulhat, \u00e9s panaszt ny\u00fajthat be n\u00e1la. Az adatv\u00e9delemmel kapcsolatos ir\u00e1nyelvekhez \u00e9s dokumentumokhoz val\u00f3 hozz\u00e1f\u00e9r\u00e9st egy speci\u00e1lis \u0171rlap seg\u00edts\u00e9g\u00e9vel k\u00e9rheti, amelyet az Adatv\u00e9delmi t\u00e1j\u00e9koztat\u00f3 oldalon tal\u00e1l.\u00a0<strong>Kapcsol\u00f3d\u00f3 dokumentumok:<\/strong><\/p><ul><li>Szem\u00e9lyes adatok v\u00e9delm\u00e9re vonatkoz\u00f3 politika<\/li><li>Szem\u00e9lyes adatok meg\u0151rz\u00e9si politik\u00e1ja (k\u00e9r\u00e9sre e-mailben vagy szem\u00e9lyesen)<\/li><li>A szem\u00e9lyes adatok meg\u0151rz\u00e9s\u00e9nek \u00fctemterve (e-mailben vagy szem\u00e9lyesen beny\u00fajtott k\u00e9relemre)<\/li><li>Adatv\u00e9delmi nyilatkozat<\/li><li>\u00c1ltal\u00e1nos Szerz\u0151d\u00e9si Felt\u00e9telek<\/li><li>Hozz\u00e1j\u00e1rul\u00f3 nyilatkozat<\/li><li>A hozz\u00e1j\u00e1rul\u00e1s visszavon\u00e1sa<\/li><\/ul><p>\u0160ENTJUR, 10.6.2022, Ver. Dokumentum: 1.0<\/p>\t\t\t\t\t\t<\/div>\n\t\t\t\t<\/div>\n\t\t\t\t\t<\/div>\n\t\t<\/div>\n\t\t\t\t\t<\/div>\n\t\t<\/section>\n\t\t\t\t<\/div>","protected":false},"excerpt":{"rendered":"<p>Politika zasebnosti KAJ POTREBUJEMO Na\u0161a politika varovanja osebnih podatkov ureja uporabo in shranjevanje podatkov. Politiko varovanja osebnih podatkov si lahko ogledate na strani Obvestilo o zasebnosti (priloga spodaj). MLM ENGINEERING MIHA FLANDER S.P., IN\u017dINIRING, CESTA POD RIFNIKOM 23 , 3230 \u0160ENTJUR je upravljalec osebnih podatkov, ki jih posreduje (subjekt podatkov: vi, kupec, obiskovalec itd.). Zbiramo [&hellip;]<\/p>","protected":false},"author":3,"featured_media":0,"parent":0,"menu_order":0,"comment_status":"closed","ping_status":"closed","template":"","meta":{"_seopress_robots_primary_cat":"","_seopress_titles_title":"","_seopress_titles_desc":"","_seopress_robots_index":"","ocean_post_layout":"full-screen","ocean_both_sidebars_style":"","ocean_both_sidebars_content_width":0,"ocean_both_sidebars_sidebars_width":0,"ocean_sidebar":"0","ocean_second_sidebar":"0","ocean_disable_margins":"on","ocean_add_body_class":"","ocean_shortcode_before_top_bar":"","ocean_shortcode_after_top_bar":"","ocean_shortcode_before_header":"","ocean_shortcode_after_header":"","ocean_has_shortcode":"","ocean_shortcode_after_title":"","ocean_shortcode_before_footer_widgets":"","ocean_shortcode_after_footer_widgets":"","ocean_shortcode_before_footer_bottom":"","ocean_shortcode_after_footer_bottom":"","ocean_display_top_bar":"default","ocean_display_header":"default","ocean_header_style":"","ocean_center_header_left_menu":"0","ocean_custom_header_template":"0","ocean_custom_logo":0,"ocean_custom_retina_logo":0,"ocean_custom_logo_max_width":0,"ocean_custom_logo_tablet_max_width":0,"ocean_custom_logo_mobile_max_width":0,"ocean_custom_logo_max_height":0,"ocean_custom_logo_tablet_max_height":0,"ocean_custom_logo_mobile_max_height":0,"ocean_header_custom_menu":"0","ocean_menu_typo_font_family":"0","ocean_menu_typo_font_subset":"","ocean_menu_typo_font_size":0,"ocean_menu_typo_font_size_tablet":0,"ocean_menu_typo_font_size_mobile":0,"ocean_menu_typo_font_size_unit":"px","ocean_menu_typo_font_weight":"","ocean_menu_typo_font_weight_tablet":"","ocean_menu_typo_font_weight_mobile":"","ocean_menu_typo_transform":"","ocean_menu_typo_transform_tablet":"","ocean_menu_typo_transform_mobile":"","ocean_menu_typo_line_height":0,"ocean_menu_typo_line_height_tablet":0,"ocean_menu_typo_line_height_mobile":0,"ocean_menu_typo_line_height_unit":"","ocean_menu_typo_spacing":0,"ocean_menu_typo_spacing_tablet":0,"ocean_menu_typo_spacing_mobile":0,"ocean_menu_typo_spacing_unit":"","ocean_menu_link_color":"","ocean_menu_link_color_hover":"","ocean_menu_link_color_active":"","ocean_menu_link_background":"","ocean_menu_link_hover_background":"","ocean_menu_link_active_background":"","ocean_menu_social_links_bg":"","ocean_menu_social_hover_links_bg":"","ocean_menu_social_links_color":"","ocean_menu_social_hover_links_color":"","ocean_disable_title":"on","ocean_disable_heading":"on","ocean_post_title":"","ocean_post_subheading":"","ocean_post_title_style":"","ocean_post_title_background_color":"","ocean_post_title_background":0,"ocean_post_title_bg_image_position":"","ocean_post_title_bg_image_attachment":"","ocean_post_title_bg_image_repeat":"","ocean_post_title_bg_image_size":"","ocean_post_title_height":0,"ocean_post_title_bg_overlay":0.5,"ocean_post_title_bg_overlay_color":"","ocean_disable_breadcrumbs":"off","ocean_breadcrumbs_color":"","ocean_breadcrumbs_separator_color":"","ocean_breadcrumbs_links_color":"","ocean_breadcrumbs_links_hover_color":"","ocean_display_footer_widgets":"default","ocean_display_footer_bottom":"default","ocean_custom_footer_template":"0","footnotes":""},"_links":{"self":[{"href":"https:\/\/mlm-engineering.com\/hu\/wp-json\/wp\/v2\/pages\/2209"}],"collection":[{"href":"https:\/\/mlm-engineering.com\/hu\/wp-json\/wp\/v2\/pages"}],"about":[{"href":"https:\/\/mlm-engineering.com\/hu\/wp-json\/wp\/v2\/types\/page"}],"author":[{"embeddable":true,"href":"https:\/\/mlm-engineering.com\/hu\/wp-json\/wp\/v2\/users\/3"}],"replies":[{"embeddable":true,"href":"https:\/\/mlm-engineering.com\/hu\/wp-json\/wp\/v2\/comments?post=2209"}],"version-history":[{"count":0,"href":"https:\/\/mlm-engineering.com\/hu\/wp-json\/wp\/v2\/pages\/2209\/revisions"}],"wp:attachment":[{"href":"https:\/\/mlm-engineering.com\/hu\/wp-json\/wp\/v2\/media?parent=2209"}],"curies":[{"name":"wp","href":"https:\/\/api.w.org\/{rel}","templated":true}]}}