{"id":2195,"date":"2022-06-10T07:11:23","date_gmt":"2022-06-10T07:11:23","guid":{"rendered":"https:\/\/mlm-engineering.com\/?page_id=2195"},"modified":"2022-07-31T12:50:22","modified_gmt":"2022-07-31T12:50:22","slug":"splosni-pogoji","status":"publish","type":"page","link":"https:\/\/mlm-engineering.com\/it\/splosni-pogoji\/","title":{"rendered":"Termini e condizioni generali"},"content":{"rendered":"<div data-elementor-type=\"wp-page\" data-elementor-id=\"2195\" class=\"elementor elementor-2195\">\n\t\t\t\t\t\t<section class=\"elementor-section elementor-top-section elementor-element elementor-element-676f2f3 elementor-section-boxed elementor-section-height-default elementor-section-height-default\" data-id=\"676f2f3\" data-element_type=\"section\" data-settings=\"{&quot;background_background&quot;:&quot;classic&quot;}\">\n\t\t\t\t\t\t<div class=\"elementor-container elementor-column-gap-default\">\n\t\t\t\t\t<div class=\"elementor-column elementor-col-100 elementor-top-column elementor-element elementor-element-cda71a6\" data-id=\"cda71a6\" data-element_type=\"column\">\n\t\t\t<div class=\"elementor-widget-wrap elementor-element-populated\">\n\t\t\t\t\t\t<div class=\"elementor-element elementor-element-53e4b40 elementor-widget elementor-widget-heading\" data-id=\"53e4b40\" data-element_type=\"widget\" data-widget_type=\"heading.default\">\n\t\t\t\t<div class=\"elementor-widget-container\">\n\t\t\t<h2 class=\"elementor-heading-title elementor-size-default\">Termini e condizioni generali<\/h2>\t\t<\/div>\n\t\t\t\t<\/div>\n\t\t\t\t<div class=\"elementor-element elementor-element-cfd40ef elementor-widget elementor-widget-text-editor\" data-id=\"cfd40ef\" data-element_type=\"widget\" data-widget_type=\"text-editor.default\">\n\t\t\t\t<div class=\"elementor-widget-container\">\n\t\t\t\t\t\t\t<p>I presenti termini e condizioni delineano le norme e i regolamenti per l'utilizzo del sito Web di MLM ENGINEERING MIHA FLANDER S.P., ENGINEERING situato all'indirizzo https:\/\/mlm-engineering.com\/ e di tutti i suoi sottodomini. Accedendo a questo sito Web, si presume che l'utente accetti tali termini e condizioni. Non continuare a utilizzare https:\/\/mlm-engineering.com\/ se non si accettano tutti i termini e le condizioni riportati in questa pagina.<\/p><p>La seguente terminologia si applica ai presenti termini e condizioni, alla dichiarazione sulla privacy e all'avviso di esclusione della responsabilit\u00e0 e a tutti gli accordi: \"cliente\", \"voi\" e \"vostro\" si riferiscono a voi, la persona che si registra su questo sito web ed \u00e8 soggetta ai termini e alle condizioni della Societ\u00e0. \"Azienda\", \"Voi\", \"Noi\", \"Nostro\" e \"Noi\" si riferiscono alla nostra azienda. \"Cliente\", \"Parti\" o \"Noi\" si riferiscono sia al Cliente che a Noi. Tutti i termini e le condizioni si riferiscono all'offerta, all'accettazione e al corrispettivo del pagamento necessario per portare a termine il processo di assistenza da parte nostra al cliente nel modo pi\u00f9 opportuno al fine esplicito di soddisfare le esigenze del cliente per la fornitura dei servizi di cui sopra in conformit\u00e0 e nel rispetto della legge slovena applicabile. Qualsiasi uso della terminologia di cui sopra o di altre parole al singolare, al plurale, in maiuscolo e\/o lui\/lei o loro sar\u00e0 considerato intercambiabile e si riferir\u00e0 pertanto alla stessa persona.<\/p><p><strong>Biscotti<\/strong><\/p><p>Questo sito web utilizza i cookie. Accedendo al sito https:\/\/mlm-engineering.com\/ si accetta l'uso dei cookie in accordo con MLM ENGINEERING MIHA FLANDER S.P., ENGINEERING, e la politica sulla privacy del sito. La maggior parte dei siti web interattivi utilizza i cookie per consentire di ottenere i dettagli dell'utente per ogni visita. Sul nostro sito web utilizziamo i cookie per consentire la funzionalit\u00e0 di alcune aree e per facilitare l'utilizzo da parte dei visitatori che visitano il nostro sito web. Anche alcuni dei nostri partner affiliati\/pubblicitari possono utilizzare cookie di terze parti.<\/p><p><strong>Licenza<\/strong><\/p><p>Se non diversamente indicato, MLM ENGINEERING MIHA FLANDER S.P., ENGINEERING, e\/o i licenziatari del sito web sono i proprietari dei diritti di propriet\u00e0 intellettuale per tutto il materiale presente su https:\/\/mlm-engineering.com\/. Tutti i diritti di propriet\u00e0 intellettuale sono riservati. L'utente pu\u00f2 accedere a questo sito https:\/\/mlm-engineering.com\/ per uso personale, nel rispetto delle restrizioni stabilite in questi termini e condizioni.<\/p><p>Non si deve:<\/p><ul><li>Per pubblicare materiale https:\/\/mlm-engineering.com\/brez autorizzazioni.<\/li><li>Vendere, prestare o sub-licenziare il materiale con il permesso di https:\/\/mlm-engineering.com\/brez.<\/li><li>Riprodurre, duplicare o copiare materiale con il permesso di https:\/\/mlm-engineering.com\/brez.<\/li><li>Ridistribuire i contenuti con il permesso di https:\/\/mlm-engineering.com\/brez.<\/li><\/ul><p>Il presente accordo entra in vigore alla data del presente accordo o all'accesso diretto al nostro sito web.<\/p><p>Alcune parti di questo sito web offrono agli utenti la possibilit\u00e0 di pubblicare e condividere opinioni e informazioni su aree specifiche del sito. MLM ENGINEERING MIHA FLANDER S.P., ENGINEERING non filtra, modifica, pubblica o rivede i commenti prima che appaiano sul sito. I commenti non riflettono i punti di vista e le opinioni di MLM ENGINEERING MIHA FLANDER S.P., ENGINEERING, dei suoi agenti e\/o affiliati. I commenti riflettono i punti di vista e le opinioni della persona che li pubblica. Nella misura consentita dalla legge applicabile, MLM ENGINEERING MIHA FLANDER S.P., ENGINEERING , non potr\u00e0 essere ritenuta responsabile per i Commenti o per qualsiasi responsabilit\u00e0, danno o spesa di qualsiasi tipo sostenuti e\/o subiti in seguito all'utilizzo e\/o alla pubblicazione e\/o all'apparizione dei Commenti su questo sito web.<\/p><p>MLM ENGINEERING MIHA FLANDER S.P., ENGINEERING si riserva il diritto di monitorare tutti i commenti e di rimuovere qualsiasi commento che possa essere ritenuto inappropriato, offensivo o che causi una violazione di questi termini.<\/p><p>L'utente garantisce e dichiara che:<\/p><ul><li>siete autorizzati a pubblicare commenti sul nostro sito web e disponete delle autorizzazioni e dei consensi necessari per farlo;<\/li><li>i commenti non violano alcun diritto di propriet\u00e0 intellettuale, compresi i diritti d'autore, i brevetti o i marchi di fabbrica di terzi;<\/li><li>I commenti non contengono materiale diffamatorio, calunnioso, ingiurioso, osceno o comunque illegale che costituisca una violazione della privacy;<\/li><li>I commenti non saranno utilizzati per sollecitare o promuovere vendite o per rappresentare attivit\u00e0 commerciali o illegali.<\/li><\/ul><p>Con la presente concedete a MLM ENGINEERING MIHA FLANDER S.P., ENGINEERING una licenza non esclusiva per utilizzare, riprodurre, modificare e autorizzare altri a utilizzare, riprodurre e modificare i vostri commenti in qualsiasi forma, forma o media.<\/p><p><strong>Collegamento ipertestuale ai nostri contenuti<\/strong><\/p><p>Le seguenti organizzazioni possono collegarsi al nostro sito web senza previa autorizzazione scritta:<\/p><ul><li>agenzie governative<\/li><li>motori di ricerca;<\/li><li>Notizie;<\/li><li>distributori di elenchi online, che possono collegarsi al nostro sito web allo stesso modo dei collegamenti ipertestuali ai siti web di altre societ\u00e0 quotate; e<\/li><li>le aziende accreditate in tutto il sistema, ad eccezione delle organizzazioni no-profit, dei negozi di beneficenza e dei gruppi di raccolta fondi per beneficenza, che non possono collegarsi in modo ipertestuale al nostro sito web.<\/li><\/ul><p>Queste organizzazioni possono collegarsi alla nostra home page, alle nostre pubblicazioni o ad altre informazioni del sito web a condizione che il collegamento: (a) non sia in alcun modo ingannevole; (b) non sponsorizzi, appoggi o approvi impropriamente il sito collegato e i suoi prodotti e\/o servizi; e (c) si inserisca nel contesto del sito web della parte collegata.<\/p><p>Possiamo prendere in considerazione e approvare altre richieste di link da parte dei seguenti tipi di organizzazioni:<\/p><ul><li>fonti comunemente conosciute di informazioni sui consumatori e\/o sulle imprese;<\/li><li>comunit\u00e0 dot.com<\/li><li>associazioni o altri gruppi che rappresentano enti di beneficenza;<\/li><li>distributori di elenchi online;<\/li><li>portali internet;<\/li><li>societ\u00e0 di contabilit\u00e0, legali e di consulenza; e<\/li><li>istituzioni educative e associazioni di categoria.<\/li><\/ul><p>Approveremo le richieste di link da parte di queste organizzazioni se decideremo che: a) non saremo messi in cattiva luce rispetto a noi stessi o alle nostre aziende accreditate; b) l'organizzazione non ha precedenti negativi con noi; c) il vantaggio per noi della visibilit\u00e0 del collegamento ipertestuale \u00e8 compensato dall'assenza di MLM ENGINEERING MIHA FLANDER S.P., ENGINEERING; e d) il link \u00e8 nel contesto di informazioni generali sulla risorsa.<\/p><p>Queste organizzazioni possono collegarsi alla nostra home page a condizione che il collegamento: (a) non sia in alcun modo ingannevole; (b) non sponsorizzi, appoggi o approvi impropriamente il sito di collegamento e i suoi prodotti o servizi; e (c) si inserisca nel contesto del sito della parte che si collega. Se siete una delle organizzazioni sopra elencate e siete interessati a collegarvi al nostro sito web, dovete comunicarcelo inviando un'e-mail all'indirizzo info@mlm-engineering.com\/.<\/p><p>Vi preghiamo di fornire il vostro nome, il nome della vostra organizzazione, i dettagli di contatto, nonch\u00e9 l'URL del vostro sito web, un elenco di tutti gli URL da cui intendete collegarvi al nostro sito web e un elenco degli URL del nostro sito web a cui desiderate collegarvi. Si prega di attendere 2-3 settimane per una risposta.<\/p><p>Le organizzazioni autorizzate possono collegarsi al nostro sito web tramite hyperlink:<\/p><ul><li>utilizzando il nome della nostra azienda o<\/li><li>utilizzando un unico localizzatore di risorse collegato a o<\/li><li>utilizzando qualsiasi altra descrizione del nostro sito web che sia correlata a ci\u00f2 che ha senso nel contesto e nel formato del contenuto del sito web della parte collegata.<\/li><\/ul><p>Non sar\u00e0 consentito l'uso del logo MLM ENGINEERING MIHA FLANDER S.P., ENGINEERING o di altri contenuti per il link in assenza di un accordo di licenza del marchio.<\/p><p><strong>iFrame<\/strong><\/p><p>L'utente non pu\u00f2 creare cornici sui nostri siti web che alterino la presentazione visiva o l'aspetto del nostro sito web in alcun modo senza la nostra preventiva approvazione e autorizzazione scritta.<\/p><p><strong>Responsabilit\u00e0 sostanziale<\/strong><\/p><p>Non siamo responsabili per i contenuti che appaiono sul vostro sito web. L'utente accetta di indennizzare, difendere e tenere indenne la Societ\u00e0 da qualsiasi reclamo che appaia sul suo sito web. Nessun link che possa essere interpretato come falso, osceno o criminale, o che infranga, violi in altro modo o sostenga l'infrazione o altra violazione dei diritti di terzi pu\u00f2 apparire su qualsiasi sito web.<\/p><p><strong>Riserva di diritti<\/strong><\/p><p>Ci riserviamo il diritto di richiedere la rimozione di qualsiasi link o di qualsiasi specifico link al nostro sito web. L'utente accetta di rimuovere immediatamente tutti i link al nostro sito web su richiesta. Ci riserviamo inoltre il diritto di modificare i presenti termini e condizioni e la politica di collegamento in qualsiasi momento. Collegandovi continuamente al nostro sito web, accettate di essere vincolati e di seguire questi termini e condizioni.<\/p><p><strong>Rimozione di link dal nostro sito web<\/strong><\/p><p>Se sul nostro sito web trovate un link offensivo per qualsiasi motivo, potete contattarci in qualsiasi momento per comunicarcelo. Prenderemo in considerazione le richieste di rimozione dei link, ma non saremo obbligati a rispondere direttamente. Non garantiamo che le informazioni contenute in questo sito web siano corrette, n\u00e9 ne garantiamo la completezza o l'accuratezza; n\u00e9 promettiamo di assicurare che il sito web rimanga disponibile o che il materiale presente sul sito web sia aggiornato.<\/p><p><strong>Dichiarazione di non responsabilit\u00e0<\/strong><\/p><p>Nella misura massima consentita dalla legge applicabile, escludiamo tutte le dichiarazioni, garanzie e condizioni in relazione al nostro sito web e all'uso di questo sito web. Nulla di quanto contenuto nella presente clausola di esclusione della responsabilit\u00e0:<\/p><p>Le limitazioni e i divieti di responsabilit\u00e0 indicati in questa sezione e in altre parti del presente Esonero di responsabilit\u00e0: (a) si applicano al paragrafo precedente; e (b) regolano tutti gli obblighi derivanti dall'Esonero di responsabilit\u00e0, compresi gli obblighi contrattuali derivanti da contratto, indennit\u00e0 e violazione di obblighi di legge.<\/p><p>Non saremo responsabili di eventuali perdite o danni fino a quando il sito web e le informazioni e i servizi presenti sul sito web non saranno resi disponibili gratuitamente.<\/p><p><strong>Risoluzione extragiudiziale delle controversie dei consumatori<\/strong><\/p><p>MLM ENGINEERING MIHA FLANDER S.P., ENGINEERING non riconosce alcun fornitore di servizi di risoluzione extragiudiziale delle controversie in materia di consumo come competente per la risoluzione di una controversia in materia di consumo che potrebbe essere presentata da un consumatore ai sensi della legge sulla risoluzione extragiudiziale delle controversie in materia di consumo in conformit\u00e0 con le norme giuridiche. La Societ\u00e0, in qualit\u00e0 di fornitore di beni e servizi, pubblica sul proprio sito web un link elettronico alla piattaforma di risoluzione delle controversie online dei consumatori (ODRP), disponibile per i consumatori al seguente link elettronico: http:\/\/ec.europa.eu\/odr. Il regime di cui sopra si basa sulla Legge sulla risoluzione extragiudiziale delle controversie dei consumatori, sul Regolamento (UE) n. 524\/2013 del Parlamento europeo e del Consiglio relativo alla risoluzione delle controversie online dei consumatori e che modifica il Regolamento (CE) n. 2016\/2004 e sulla Direttiva 200.\/...\/...\/CE del Parlamento europeo e del Consiglio.<\/p>\t\t\t\t\t\t<\/div>\n\t\t\t\t<\/div>\n\t\t\t\t\t<\/div>\n\t\t<\/div>\n\t\t\t\t\t<\/div>\n\t\t<\/section>\n\t\t\t\t<\/div>","protected":false},"excerpt":{"rendered":"<p>Splo\u0161ni pogoji Ti pogoji opisujejo pravila in predpise za uporabo za spletnega mesta MLM ENGINEERING MIHA FLANDER S.P., IN\u017dINIRING, ki se nahaja na https:\/\/mlm-engineering.com\/ in vse njene poddomene. Z dostopom do tega spletnega mesta predpostavljamo, da sprejemate te pogoje. Ne nadaljujte z uporabo\u00a0https:\/\/mlm-engineering.com\/, \u010de se ne strinjate z vsemi pogoji, navedenimi na tej strani. Naslednja [&hellip;]<\/p>","protected":false},"author":3,"featured_media":0,"parent":0,"menu_order":0,"comment_status":"closed","ping_status":"closed","template":"","meta":{"_seopress_robots_primary_cat":"","_seopress_titles_title":"","_seopress_titles_desc":"","_seopress_robots_index":"","ocean_post_layout":"full-screen","ocean_both_sidebars_style":"","ocean_both_sidebars_content_width":0,"ocean_both_sidebars_sidebars_width":0,"ocean_sidebar":"0","ocean_second_sidebar":"0","ocean_disable_margins":"on","ocean_add_body_class":"","ocean_shortcode_before_top_bar":"","ocean_shortcode_after_top_bar":"","ocean_shortcode_before_header":"","ocean_shortcode_after_header":"","ocean_has_shortcode":"","ocean_shortcode_after_title":"","ocean_shortcode_before_footer_widgets":"","ocean_shortcode_after_footer_widgets":"","ocean_shortcode_before_footer_bottom":"","ocean_shortcode_after_footer_bottom":"","ocean_display_top_bar":"default","ocean_display_header":"default","ocean_header_style":"","ocean_center_header_left_menu":"0","ocean_custom_header_template":"0","ocean_custom_logo":0,"ocean_custom_retina_logo":0,"ocean_custom_logo_max_width":0,"ocean_custom_logo_tablet_max_width":0,"ocean_custom_logo_mobile_max_width":0,"ocean_custom_logo_max_height":0,"ocean_custom_logo_tablet_max_height":0,"ocean_custom_logo_mobile_max_height":0,"ocean_header_custom_menu":"0","ocean_menu_typo_font_family":"0","ocean_menu_typo_font_subset":"","ocean_menu_typo_font_size":0,"ocean_menu_typo_font_size_tablet":0,"ocean_menu_typo_font_size_mobile":0,"ocean_menu_typo_font_size_unit":"px","ocean_menu_typo_font_weight":"","ocean_menu_typo_font_weight_tablet":"","ocean_menu_typo_font_weight_mobile":"","ocean_menu_typo_transform":"","ocean_menu_typo_transform_tablet":"","ocean_menu_typo_transform_mobile":"","ocean_menu_typo_line_height":0,"ocean_menu_typo_line_height_tablet":0,"ocean_menu_typo_line_height_mobile":0,"ocean_menu_typo_line_height_unit":"","ocean_menu_typo_spacing":0,"ocean_menu_typo_spacing_tablet":0,"ocean_menu_typo_spacing_mobile":0,"ocean_menu_typo_spacing_unit":"","ocean_menu_link_color":"","ocean_menu_link_color_hover":"","ocean_menu_link_color_active":"","ocean_menu_link_background":"","ocean_menu_link_hover_background":"","ocean_menu_link_active_background":"","ocean_menu_social_links_bg":"","ocean_menu_social_hover_links_bg":"","ocean_menu_social_links_color":"","ocean_menu_social_hover_links_color":"","ocean_disable_title":"on","ocean_disable_heading":"on","ocean_post_title":"","ocean_post_subheading":"","ocean_post_title_style":"","ocean_post_title_background_color":"","ocean_post_title_background":0,"ocean_post_title_bg_image_position":"","ocean_post_title_bg_image_attachment":"","ocean_post_title_bg_image_repeat":"","ocean_post_title_bg_image_size":"","ocean_post_title_height":0,"ocean_post_title_bg_overlay":0.5,"ocean_post_title_bg_overlay_color":"","ocean_disable_breadcrumbs":"off","ocean_breadcrumbs_color":"","ocean_breadcrumbs_separator_color":"","ocean_breadcrumbs_links_color":"","ocean_breadcrumbs_links_hover_color":"","ocean_display_footer_widgets":"default","ocean_display_footer_bottom":"default","ocean_custom_footer_template":"0","footnotes":""},"_links":{"self":[{"href":"https:\/\/mlm-engineering.com\/it\/wp-json\/wp\/v2\/pages\/2195"}],"collection":[{"href":"https:\/\/mlm-engineering.com\/it\/wp-json\/wp\/v2\/pages"}],"about":[{"href":"https:\/\/mlm-engineering.com\/it\/wp-json\/wp\/v2\/types\/page"}],"author":[{"embeddable":true,"href":"https:\/\/mlm-engineering.com\/it\/wp-json\/wp\/v2\/users\/3"}],"replies":[{"embeddable":true,"href":"https:\/\/mlm-engineering.com\/it\/wp-json\/wp\/v2\/comments?post=2195"}],"version-history":[{"count":4,"href":"https:\/\/mlm-engineering.com\/it\/wp-json\/wp\/v2\/pages\/2195\/revisions"}],"predecessor-version":[{"id":2436,"href":"https:\/\/mlm-engineering.com\/it\/wp-json\/wp\/v2\/pages\/2195\/revisions\/2436"}],"wp:attachment":[{"href":"https:\/\/mlm-engineering.com\/it\/wp-json\/wp\/v2\/media?parent=2195"}],"curies":[{"name":"wp","href":"https:\/\/api.w.org\/{rel}","templated":true}]}}