{"id":2225,"date":"2022-06-10T07:17:31","date_gmt":"2022-06-10T07:17:31","guid":{"rendered":"https:\/\/mlm-engineering.com\/?page_id=2225"},"modified":"2022-06-10T07:24:38","modified_gmt":"2022-06-10T07:24:38","slug":"piskotki","status":"publish","type":"page","link":"https:\/\/mlm-engineering.com\/it\/piskotki\/","title":{"rendered":"Biscotti"},"content":{"rendered":"<div data-elementor-type=\"wp-page\" data-elementor-id=\"2225\" class=\"elementor elementor-2225\">\n\t\t\t\t\t\t<section class=\"elementor-section elementor-top-section elementor-element elementor-element-676f2f3 elementor-section-boxed elementor-section-height-default elementor-section-height-default\" data-id=\"676f2f3\" data-element_type=\"section\" data-settings=\"{&quot;background_background&quot;:&quot;classic&quot;}\">\n\t\t\t\t\t\t<div class=\"elementor-container elementor-column-gap-default\">\n\t\t\t\t\t<div class=\"elementor-column elementor-col-100 elementor-top-column elementor-element elementor-element-cda71a6\" data-id=\"cda71a6\" data-element_type=\"column\">\n\t\t\t<div class=\"elementor-widget-wrap elementor-element-populated\">\n\t\t\t\t\t\t<div class=\"elementor-element elementor-element-53e4b40 elementor-widget elementor-widget-heading\" data-id=\"53e4b40\" data-element_type=\"widget\" data-widget_type=\"heading.default\">\n\t\t\t\t<div class=\"elementor-widget-container\">\n\t\t\t<h2 class=\"elementor-heading-title elementor-size-default\">Politica \n<\/h2>\t\t<\/div>\n\t\t\t\t<\/div>\n\t\t\t\t<div class=\"elementor-element elementor-element-cfd40ef elementor-widget elementor-widget-text-editor\" data-id=\"cfd40ef\" data-element_type=\"widget\" data-widget_type=\"text-editor.default\">\n\t\t\t\t<div class=\"elementor-widget-container\">\n\t\t\t\t\t\t\t<ol><li><strong>DI COSA ABBIAMO BISOGNO<\/strong><\/li><\/ol><p>La nostra politica sulla privacy regola l'uso e la conservazione dei dati personali. \u00c8 possibile consultare la nostra informativa sulla privacy alla pagina Informativa sulla privacy (allegata di seguito). MLM ENGINEERING MIHA FLANDER S.P., ENGINEERING, CESTA POD RIFNIKOM 23 , 3230 \u0160ENTJUR \u00e8 il titolare del trattamento dei dati personali che fornisce (soggetto interessato: voi, cliente, visitatore, ecc.). Raccogliamo i seguenti tipi di dati personali:<\/p><ul><li>Indirizzo e-mail;<\/li><li>Nome, indirizzo, indirizzo e-mail e numero di telefono;<\/li><li>Dettagli di pagamento, come i dati della carta di credito o di debito, Paypal e altri metodi di pagamento;<\/li><li>Copie di documenti di identit\u00e0 che confermino l'esattezza dei dati personali;<\/li><li>Cookie;<\/li><li>Google Analytics e monitoraggio delle visite di Yandex e Cloudflare;<\/li><li>Link ai profili personali sui gruppi sociali.<\/li><\/ul><p>Ogni tipo di dati personali \u00e8 ottenuto sulla base della necessit\u00e0 e con il consenso separato.<\/p><ol start=\"2\"><li><strong>PERCH\u00c9 NE ABBIAMO BISOGNO<\/strong><\/li><\/ol><p>I vostri dati personali ci servono per i seguenti servizi:<\/p><ol><li style=\"list-style-type: none;\"><ol><li>Indirizzo e-mail per rispondere alle vostre e-mail o ai messaggi inviati tramite i moduli di contatto;<\/li><li>Indirizzo e-mail per l'invio di offerte e newsletter;<\/li><li>Nome, indirizzo, indirizzo e-mail e numero di telefono allo scopo di ricevere prenotazioni, richieste e inviare preventivi o in relazione all'adempimento di altre richieste;<\/li><li>Nome, indirizzo, indirizzo e-mail e numero di telefono per l'acquisto di buoni regalo, voucher o servizi e articoli in relazione alla nostra offerta;<\/li><li>Dettagli sui mezzi di pagamento e copie dei documenti d'identit\u00e0 per la fornitura di servizi;<\/li><li>Indirizzo e-mail per il marketing automatizzato (conferme di prenotazione, note di ringraziamento, ecc.);<\/li><li>Cookie per il funzionamento dei siti web;<\/li><li>Comunicare attraverso gruppi sociali con profili personali che confermano il vostro legame con noi;<\/li><li>Nome, indirizzo, indirizzo e-mail e numero di telefono per lotterie occasionali o altre promozioni, previa autorizzazione dell'utente;<\/li><li>Dati aggregati provenienti da Google Analytics o Yandex Direct e Cloudflare per il monitoraggio delle visite e l'analisi interna per migliorare i contenuti.<\/li><\/ol><\/li><\/ol><p>\u00a0<\/p><ol><li><strong>COSA FACCIAMO CON I DATI PERSONALI<\/strong><\/li><\/ol><p>I vostri dati personali sono trattati da MLM ENGINEERING MIHA FLANDER S.P., ENGINEERING, CESTA POD RIFNIKOM 23 , 3230 \u0160ENTJUR, che si trova in Slovenia. I dati sono ospitati e archiviati presso https:\/\/mlm-engineering.com\/, che si trova nell'Unione Europea (Germania). Nessun fornitore terzo ha accesso ai vostri dati, a meno che non sia richiesto dalla legge.<\/p><ol start=\"4\"><li><strong>PER QUANTO TEMPO VENGONO CONSERVATI<\/strong><\/li><\/ol><p>Sul nostro sito web utilizziamo cookie persistenti per collegarci ai servizi sociali e ad altri fornitori di \"condivisione\", e cookie per consentirvi di accedere pi\u00f9 volte ai vostri contenuti preferiti sul nostro sito web.<\/p><ol start=\"5\"><li><strong>QUALI SONO I VOSTRI DIRITTI<\/strong><\/li><\/ol><p>Se ritenete che i dati personali in nostro possesso siano errati o incompleti, avete la possibilit\u00e0 di presentare una richiesta di revisione, correzione o cancellazione di tali dati. Se desiderate presentare un reclamo sul modo in cui abbiamo trattato i vostri dati personali, siete pregati di contattare il responsabile della protezione dei dati o il referente per la protezione dei dati (DPC) all'indirizzo info@mlm-engineering.com\/ o per iscritto a MLM ENGINEERING MIHA FLANDER S.P., ENGINEERING, CESTA POD RIFNIKOM 23 , 3230 \u0160ENTJUR. Il nostro DPC esaminer\u00e0 il vostro reclamo e vi informer\u00e0 sulla risoluzione della questione. Se ritenete ancora che i vostri dati personali non siano stati trattati correttamente in conformit\u00e0 alla legge, potete contattare il Commissario per le informazioni e presentare un reclamo. \u00c8 possibile richiedere l'accesso alle politiche e ai documenti relativi alla privacy utilizzando un modulo speciale che si trova alla pagina Informazioni sulla privacy.\u00a0<strong>Documenti correlati:<\/strong><\/p><ul><li>Politica di protezione dei dati personali<\/li><li>Politica di conservazione dei dati personali (su richiesta via e-mail o di persona)<\/li><li>Schema per la conservazione dei dati personali (su richiesta via e-mail o di persona)<\/li><li>Informativa sulla privacy<\/li><li>Termini e condizioni generali<\/li><li>Modulo di consenso<\/li><li>Ritiro del modulo di consenso<\/li><\/ul><p>\u0160ENTJUR, 10.6.2022, Ver. Documento: 1.0<\/p>\t\t\t\t\t\t<\/div>\n\t\t\t\t<\/div>\n\t\t\t\t\t<\/div>\n\t\t<\/div>\n\t\t\t\t\t<\/div>\n\t\t<\/section>\n\t\t\t\t<\/div>","protected":false},"excerpt":{"rendered":"<p>Politika KAJ POTREBUJEMO Na\u0161a politika varovanja osebnih podatkov ureja uporabo in shranjevanje podatkov. Politiko varovanja osebnih podatkov si lahko ogledate na strani Obvestilo o zasebnosti (priloga spodaj). MLM ENGINEERING MIHA FLANDER S.P., IN\u017dINIRING, CESTA POD RIFNIKOM 23 , 3230 \u0160ENTJUR je upravljalec osebnih podatkov, ki jih posreduje (subjekt podatkov: vi, kupec, obiskovalec itd.). Zbiramo naslednje [&hellip;]<\/p>","protected":false},"author":3,"featured_media":0,"parent":0,"menu_order":0,"comment_status":"closed","ping_status":"closed","template":"","meta":{"_seopress_robots_primary_cat":"","_seopress_titles_title":"","_seopress_titles_desc":"","_seopress_robots_index":"","ocean_post_layout":"full-screen","ocean_both_sidebars_style":"","ocean_both_sidebars_content_width":0,"ocean_both_sidebars_sidebars_width":0,"ocean_sidebar":"0","ocean_second_sidebar":"0","ocean_disable_margins":"on","ocean_add_body_class":"","ocean_shortcode_before_top_bar":"","ocean_shortcode_after_top_bar":"","ocean_shortcode_before_header":"","ocean_shortcode_after_header":"","ocean_has_shortcode":"","ocean_shortcode_after_title":"","ocean_shortcode_before_footer_widgets":"","ocean_shortcode_after_footer_widgets":"","ocean_shortcode_before_footer_bottom":"","ocean_shortcode_after_footer_bottom":"","ocean_display_top_bar":"default","ocean_display_header":"default","ocean_header_style":"","ocean_center_header_left_menu":"0","ocean_custom_header_template":"0","ocean_custom_logo":0,"ocean_custom_retina_logo":0,"ocean_custom_logo_max_width":0,"ocean_custom_logo_tablet_max_width":0,"ocean_custom_logo_mobile_max_width":0,"ocean_custom_logo_max_height":0,"ocean_custom_logo_tablet_max_height":0,"ocean_custom_logo_mobile_max_height":0,"ocean_header_custom_menu":"0","ocean_menu_typo_font_family":"0","ocean_menu_typo_font_subset":"","ocean_menu_typo_font_size":0,"ocean_menu_typo_font_size_tablet":0,"ocean_menu_typo_font_size_mobile":0,"ocean_menu_typo_font_size_unit":"px","ocean_menu_typo_font_weight":"","ocean_menu_typo_font_weight_tablet":"","ocean_menu_typo_font_weight_mobile":"","ocean_menu_typo_transform":"","ocean_menu_typo_transform_tablet":"","ocean_menu_typo_transform_mobile":"","ocean_menu_typo_line_height":0,"ocean_menu_typo_line_height_tablet":0,"ocean_menu_typo_line_height_mobile":0,"ocean_menu_typo_line_height_unit":"","ocean_menu_typo_spacing":0,"ocean_menu_typo_spacing_tablet":0,"ocean_menu_typo_spacing_mobile":0,"ocean_menu_typo_spacing_unit":"","ocean_menu_link_color":"","ocean_menu_link_color_hover":"","ocean_menu_link_color_active":"","ocean_menu_link_background":"","ocean_menu_link_hover_background":"","ocean_menu_link_active_background":"","ocean_menu_social_links_bg":"","ocean_menu_social_hover_links_bg":"","ocean_menu_social_links_color":"","ocean_menu_social_hover_links_color":"","ocean_disable_title":"on","ocean_disable_heading":"on","ocean_post_title":"","ocean_post_subheading":"","ocean_post_title_style":"","ocean_post_title_background_color":"","ocean_post_title_background":0,"ocean_post_title_bg_image_position":"","ocean_post_title_bg_image_attachment":"","ocean_post_title_bg_image_repeat":"","ocean_post_title_bg_image_size":"","ocean_post_title_height":0,"ocean_post_title_bg_overlay":0.5,"ocean_post_title_bg_overlay_color":"","ocean_disable_breadcrumbs":"off","ocean_breadcrumbs_color":"","ocean_breadcrumbs_separator_color":"","ocean_breadcrumbs_links_color":"","ocean_breadcrumbs_links_hover_color":"","ocean_display_footer_widgets":"default","ocean_display_footer_bottom":"default","ocean_custom_footer_template":"0","footnotes":""},"_links":{"self":[{"href":"https:\/\/mlm-engineering.com\/it\/wp-json\/wp\/v2\/pages\/2225"}],"collection":[{"href":"https:\/\/mlm-engineering.com\/it\/wp-json\/wp\/v2\/pages"}],"about":[{"href":"https:\/\/mlm-engineering.com\/it\/wp-json\/wp\/v2\/types\/page"}],"author":[{"embeddable":true,"href":"https:\/\/mlm-engineering.com\/it\/wp-json\/wp\/v2\/users\/3"}],"replies":[{"embeddable":true,"href":"https:\/\/mlm-engineering.com\/it\/wp-json\/wp\/v2\/comments?post=2225"}],"version-history":[{"count":0,"href":"https:\/\/mlm-engineering.com\/it\/wp-json\/wp\/v2\/pages\/2225\/revisions"}],"wp:attachment":[{"href":"https:\/\/mlm-engineering.com\/it\/wp-json\/wp\/v2\/media?parent=2225"}],"curies":[{"name":"wp","href":"https:\/\/api.w.org\/{rel}","templated":true}]}}