{"id":2209,"date":"2022-06-10T07:13:58","date_gmt":"2022-06-10T07:13:58","guid":{"rendered":"https:\/\/mlm-engineering.com\/?page_id=2209"},"modified":"2022-06-10T07:14:49","modified_gmt":"2022-06-10T07:14:49","slug":"politika-zasebnosti","status":"publish","type":"page","link":"https:\/\/mlm-engineering.com\/ja\/politika-zasebnosti\/","title":{"rendered":"\u30d7\u30e9\u30a4\u30d0\u30b7\u30fc\u30dd\u30ea\u30b7\u30fc"},"content":{"rendered":"<div data-elementor-type=\"wp-page\" data-elementor-id=\"2209\" class=\"elementor elementor-2209\">\n\t\t\t\t\t\t<section class=\"elementor-section elementor-top-section elementor-element elementor-element-676f2f3 elementor-section-boxed elementor-section-height-default elementor-section-height-default\" data-id=\"676f2f3\" data-element_type=\"section\" data-settings=\"{&quot;background_background&quot;:&quot;classic&quot;}\">\n\t\t\t\t\t\t<div class=\"elementor-container elementor-column-gap-default\">\n\t\t\t\t\t<div class=\"elementor-column elementor-col-100 elementor-top-column elementor-element elementor-element-cda71a6\" data-id=\"cda71a6\" data-element_type=\"column\">\n\t\t\t<div class=\"elementor-widget-wrap elementor-element-populated\">\n\t\t\t\t\t\t<div class=\"elementor-element elementor-element-53e4b40 elementor-widget elementor-widget-heading\" data-id=\"53e4b40\" data-element_type=\"widget\" data-widget_type=\"heading.default\">\n\t\t\t\t<div class=\"elementor-widget-container\">\n\t\t\t<h2 class=\"elementor-heading-title elementor-size-default\">\u30d7\u30e9\u30a4\u30d0\u30b7\u30fc\u30dd\u30ea\u30b7\u30fc<\/h2>\t\t<\/div>\n\t\t\t\t<\/div>\n\t\t\t\t<div class=\"elementor-element elementor-element-cfd40ef elementor-widget elementor-widget-text-editor\" data-id=\"cfd40ef\" data-element_type=\"widget\" data-widget_type=\"text-editor.default\">\n\t\t\t\t<div class=\"elementor-widget-container\">\n\t\t\t\t\t\t\t<ol><li><strong>\u5fc5\u8981\u306a\u3082\u306e<\/strong><\/li><\/ol><p>\u5f53\u793e\u306e\u30d7\u30e9\u30a4\u30d0\u30b7\u30fc\u30dd\u30ea\u30b7\u30fc\u306f\u3001\u500b\u4eba\u30c7\u30fc\u30bf\u306e\u4f7f\u7528\u3068\u4fdd\u5b58\u306b\u3064\u3044\u3066\u898f\u5b9a\u3057\u3066\u3044\u307e\u3059\u3002\u5f53\u793e\u306e\u500b\u4eba\u60c5\u5831\u4fdd\u8b77\u65b9\u91dd\u306f\u3001\u500b\u4eba\u60c5\u5831\u4fdd\u8b77\u65b9\u91dd\u306e\u30da\u30fc\u30b8\uff08\u4ee5\u4e0b\u306b\u6dfb\u4ed8\uff09\u3067\u3054\u89a7\u3044\u305f\u3060\u3051\u307e\u3059\u3002MLM ENGINEERING MIHA FLANDER S.P., ENGINEERING, CESTA POD RIFNIKOM 23 , 3230 \u0160ENTJUR\u306f\u3001\u63d0\u4f9b\u3059\u308b\u500b\u4eba\u30c7\u30fc\u30bf\u306e\u7ba1\u7406\u8005\u3067\u3059\uff08\u30c7\u30fc\u30bf\u4e3b\u4f53\uff1a\u304a\u5ba2\u69d8\u3001\u9867\u5ba2\u3001\u8a2a\u554f\u8005\u306a\u3069\uff09\u3002 \u5f53\u793e\u306f\u3001\u4ee5\u4e0b\u306e\u7a2e\u985e\u306e\u500b\u4eba\u30c7\u30fc\u30bf\u3092\u53ce\u96c6\u3057\u307e\u3059\uff1a<\/p><ul><li>E\u30e1\u30fc\u30eb\u30a2\u30c9\u30ec\u30b9<\/li><li>\u6c0f\u540d\u3001\u4f4f\u6240\u3001E\u30e1\u30fc\u30eb\u30a2\u30c9\u30ec\u30b9\u3001\u96fb\u8a71\u756a\u53f7<\/li><li>\u30af\u30ec\u30b8\u30c3\u30c8\u30ab\u30fc\u30c9\u3084\u30c7\u30d3\u30c3\u30c8\u30ab\u30fc\u30c9\u306e\u8a73\u7d30\u3001Paypal\u3084\u305d\u306e\u4ed6\u306e\u652f\u6255\u3044\u65b9\u6cd5\u306a\u3069\u306e\u652f\u6255\u3044\u306b\u95a2\u3059\u308b\u8a73\u7d30\uff1b<\/li><li>\u500b\u4eba\u30c7\u30fc\u30bf\u306e\u6b63\u78ba\u6027\u3092\u78ba\u8a8d\u3059\u308b\u305f\u3081\u306e\u8eab\u5206\u8a3c\u660e\u66f8\u306e\u30b3\u30d4\u30fc\uff1b<\/li><li>\u30af\u30c3\u30ad\u30fc<\/li><li>Google Analytics\u3001Yandex\u304a\u3088\u3073Cloudflare\u306e\u8a2a\u554f\u30c8\u30e9\u30c3\u30ad\u30f3\u30b0\uff1b<\/li><li>\u30bd\u30fc\u30b7\u30e3\u30eb\u30b0\u30eb\u30fc\u30d7\u306e\u500b\u4eba\u30d7\u30ed\u30d5\u30a3\u30fc\u30eb\u3078\u306e\u30ea\u30f3\u30af\u3002<\/li><\/ul><p>\u5404\u500b\u4eba\u60c5\u5831\u306f\u3001\u5fc5\u8981\u6027\u306b\u57fa\u3065\u304d\u3001\u500b\u5225\u306e\u540c\u610f\u306e\u3082\u3068\u306b\u53d6\u5f97\u3055\u308c\u307e\u3059\u3002<\/p><ol start=\"2\"><li><strong>\u306a\u305c\u5fc5\u8981\u306a\u306e\u304b<\/strong><\/li><\/ol><p>\u5f53\u793e\u306f\u3001\u4ee5\u4e0b\u306e\u30b5\u30fc\u30d3\u30b9\u3092\u63d0\u4f9b\u3059\u308b\u305f\u3081\u306b\u304a\u5ba2\u69d8\u306e\u500b\u4eba\u60c5\u5831\u3092\u5fc5\u8981\u3068\u3057\u307e\u3059\uff1a<\/p><ol><li style=\"list-style-type: none;\"><ol><li>\u304a\u554f\u3044\u5408\u308f\u305b\u30d5\u30a9\u30fc\u30e0\u304b\u3089\u9001\u4fe1\u3055\u308c\u305f\u96fb\u5b50\u30e1\u30fc\u30eb\u307e\u305f\u306f\u30e1\u30c3\u30bb\u30fc\u30b8\u306b\u8fd4\u4fe1\u3059\u308b\u305f\u3081\u306e\u96fb\u5b50\u30e1\u30fc\u30eb\u30a2\u30c9\u30ec\u30b9\uff1b<\/li><li>\u30aa\u30d5\u30a1\u30fc\u3084\u30cb\u30e5\u30fc\u30b9\u30ec\u30bf\u30fc\u3092\u9001\u4fe1\u3059\u308b\u305f\u3081\u306e\u96fb\u5b50\u30e1\u30fc\u30eb\u30a2\u30c9\u30ec\u30b9\uff1b<\/li><li>\u304a\u540d\u524d\u3001\u3054\u4f4f\u6240\u3001E-mail\u30a2\u30c9\u30ec\u30b9\u3001\u96fb\u8a71\u756a\u53f7\u306f\u3001\u3054\u4e88\u7d04\u3001\u304a\u554f\u3044\u5408\u308f\u305b\u3001\u304a\u898b\u7a4d\u3082\u308a\u306e\u9001\u4ed8\u306e\u305f\u3081\u3001\u307e\u305f\u306f\u305d\u306e\u4ed6\u306e\u3054\u8981\u671b\u306b\u304a\u5fdc\u3048\u3059\u308b\u305f\u3081\u306b\u5229\u7528\u3055\u305b\u3066\u3044\u305f\u3060\u304d\u307e\u3059\uff1b<\/li><li>\u304a\u540d\u524d\u3001\u3054\u4f4f\u6240\u3001E\u30e1\u30fc\u30eb\u30a2\u30c9\u30ec\u30b9\u3001\u96fb\u8a71\u756a\u53f7\u306f\u3001\u30ae\u30d5\u30c8\u30d0\u30a6\u30c1\u30e3\u30fc\u3001\u30d0\u30a6\u30c1\u30e3\u30fc\u3001\u307e\u305f\u306f\u5f53\u793e\u306e\u30aa\u30d5\u30a1\u30fc\u306b\u95a2\u9023\u3059\u308b\u30b5\u30fc\u30d3\u30b9\u3084\u30a2\u30a4\u30c6\u30e0\u3092\u8cfc\u5165\u3059\u308b\u305f\u3081\u306b\u4f7f\u7528\u3055\u308c\u307e\u3059\uff1b<\/li><li>\u30b5\u30fc\u30d3\u30b9\u63d0\u4f9b\u306e\u305f\u3081\u306e\u652f\u6255\u624b\u6bb5\u304a\u3088\u3073\u8eab\u5206\u8a3c\u660e\u66f8\u306e\u30b3\u30d4\u30fc\u306e\u8a73\u7d30\uff1b<\/li><li>\u81ea\u52d5\u5316\u3055\u308c\u305f\u30de\u30fc\u30b1\u30c6\u30a3\u30f3\u30b0\uff08\u4e88\u7d04\u78ba\u8a8d\u3001\u304a\u793c\u72b6\u306a\u3069\uff09\u7528\u306e\u30e1\u30fc\u30eb\u30a2\u30c9\u30ec\u30b9\uff1b<\/li><li>\u30a6\u30a7\u30d6\u30b5\u30a4\u30c8\u904b\u55b6\u306e\u305f\u3081\u306e\u30af\u30c3\u30ad\u30fc<\/li><li>\u5f53\u793e\u3068\u306e\u3064\u306a\u304c\u308a\u3092\u78ba\u8a8d\u3067\u304d\u308b\u500b\u4eba\u30d7\u30ed\u30d5\u30a3\u30fc\u30eb\u3092\u6301\u3064\u30bd\u30fc\u30b7\u30e3\u30eb\u30b0\u30eb\u30fc\u30d7\u3092\u901a\u3058\u305f\u30b3\u30df\u30e5\u30cb\u30b1\u30fc\u30b7\u30e7\u30f3\uff1b<\/li><li>\u304a\u540d\u524d\u3001\u3054\u4f4f\u6240\u3001E\u30e1\u30fc\u30eb\u30a2\u30c9\u30ec\u30b9\u3001\u96fb\u8a71\u756a\u53f7\u306f\u3001\u304a\u5ba2\u69d8\u306e\u4e8b\u524d\u306e\u8a31\u53ef\u306e\u3082\u3068\u3001\u61f8\u8cde\u3084\u305d\u306e\u4ed6\u306e\u30d7\u30ed\u30e2\u30fc\u30b7\u30e7\u30f3\u306e\u305f\u3081\u306b\u4f7f\u7528\u3055\u308c\u308b\u3053\u3068\u304c\u3042\u308a\u307e\u3059\uff1b<\/li><li>Google Analytics\u307e\u305f\u306fYandex Direct\u304a\u3088\u3073Cloudflare\u304b\u3089\u306e\u96c6\u8a08\u30c7\u30fc\u30bf\u306f\u3001\u8a2a\u554f\u306e\u8ffd\u8de1\u304a\u3088\u3073\u30b3\u30f3\u30c6\u30f3\u30c4\u6539\u5584\u306e\u305f\u3081\u306e\u5185\u90e8\u5206\u6790\u306e\u305f\u3081\u306b\u4f7f\u7528\u3055\u308c\u307e\u3059\u3002<\/li><\/ol><\/li><\/ol><p>\u00a0<\/p><ol><li><strong>\u500b\u4eba\u30c7\u30fc\u30bf\u306e\u53d6\u308a\u6271\u3044<\/strong><\/li><\/ol><p>\u304a\u5ba2\u69d8\u306e\u500b\u4eba\u60c5\u5831\u306f\u3001\u30b9\u30ed\u30d9\u30cb\u30a2\u306b\u6240\u5728\u3059\u308bMLM ENGINEERING MIHA FLANDER S.P., ENGINEERING, CESTA POD RIFNIKOM 23 , 3230 \u0160ENTJUR\u306b\u3088\u3063\u3066\u51e6\u7406\u3055\u308c\u307e\u3059\u3002\u30c7\u30fc\u30bf\u306f\u3001\u6b27\u5dde\u9023\u5408\uff08\u30c9\u30a4\u30c4\uff09\u306b\u3042\u308b https:\/\/mlm-engineering.com\/ \u3067\u30db\u30b9\u30c8\u3055\u308c\u3001\u4fdd\u5b58\u3055\u308c\u307e\u3059\u3002\u6cd5\u5f8b\u3067\u7fa9\u52d9\u4ed8\u3051\u3089\u308c\u3066\u3044\u308b\u5834\u5408\u3092\u9664\u304d\u3001\u7b2c\u4e09\u8005\u306e\u30d7\u30ed\u30d0\u30a4\u30c0\u30fc\u304c\u304a\u5ba2\u69d8\u306e\u30c7\u30fc\u30bf\u306b\u30a2\u30af\u30bb\u30b9\u3059\u308b\u3053\u3068\u306f\u3042\u308a\u307e\u305b\u3093\u3002<\/p><ol start=\"4\"><li><strong>\u4fdd\u5b58\u671f\u9593<\/strong><\/li><\/ol><p>\u5f53\u793e\u30a6\u30a7\u30d6\u30b5\u30a4\u30c8\u3067\u306f\u3001\u30bd\u30fc\u30b7\u30e3\u30eb\u30b5\u30fc\u30d3\u30b9\u3084\u305d\u306e\u4ed6\u306e\u300c\u5171\u6709\u300d\u30d7\u30ed\u30d0\u30a4\u30c0\u30fc\u306b\u30ea\u30f3\u30af\u3059\u308b\u305f\u3081\u306b\u6c38\u7d9a\u7684\u30af\u30c3\u30ad\u30fc\u3092\u4f7f\u7528\u3057\u3001\u307e\u305f\u3001\u5f53\u793e\u30a6\u30a7\u30d6\u30b5\u30a4\u30c8\u4e0a\u306e\u304a\u6c17\u306b\u5165\u308a\u306e\u30b3\u30f3\u30c6\u30f3\u30c4\u306b\u4f55\u5ea6\u3082\u30a2\u30af\u30bb\u30b9\u3067\u304d\u308b\u3088\u3046\u306b\u3059\u308b\u305f\u3081\u306b\u30af\u30c3\u30ad\u30fc\u3092\u4f7f\u7528\u3057\u3066\u3044\u307e\u3059\u3002<\/p><ol start=\"5\"><li><strong>\u3042\u306a\u305f\u306e\u6a29\u5229\u3068\u306f<\/strong><\/li><\/ol><p>\u5f53\u793e\u304c\u4fdd\u6709\u3059\u308b\u304a\u5ba2\u69d8\u306e\u500b\u4eba\u30c7\u30fc\u30bf\u304c\u4e0d\u6b63\u78ba\u307e\u305f\u306f\u4e0d\u5b8c\u5168\u3067\u3042\u308b\u3068\u601d\u308f\u308c\u308b\u5834\u5408\u3001\u304a\u5ba2\u69d8\u306f\u305d\u306e\u30c7\u30fc\u30bf\u306e\u78ba\u8a8d\u3001\u8a02\u6b63\u307e\u305f\u306f\u524a\u9664\u306e\u8981\u6c42\u3092\u63d0\u51fa\u3059\u308b\u6a5f\u4f1a\u304c\u3042\u308a\u307e\u3059\u3002\u30c7\u30fc\u30bf\u30a2\u30af\u30bb\u30b9\u30ea\u30af\u30a8\u30b9\u30c8\u30d5\u30a9\u30fc\u30e0\uff09\u3092\u901a\u3058\u3066\u5f53\u793e\u306b\u3054\u9023\u7d61\u304f\u3060\u3055\u3044\u3002 \u5f53\u793e\u304c\u304a\u5ba2\u69d8\u306e\u500b\u4eba\u30c7\u30fc\u30bf\u3092\u3069\u306e\u3088\u3046\u306b\u51e6\u7406\u3057\u305f\u304b\u306b\u3064\u3044\u3066\u82e6\u60c5\u3092\u7533\u3057\u7acb\u3066\u308b\u5834\u5408\u306f\u3001\u30c7\u30fc\u30bf\u4fdd\u8b77\u8cac\u4efb\u8005\u307e\u305f\u306f\u30c7\u30fc\u30bf\u4fdd\u8b77\u62c5\u5f53\u8005\uff08DPC\uff09\uff08info@mlm-engineering.com\/\uff09\u307e\u305f\u306f\u66f8\u9762\u306b\u3066MLM ENGINEERING MIHA FLANDER S.P., ENGINEERING, CESTA POD RIFNIKOM 23 , 3230 \u0160ENTJUR\uff09\u307e\u3067\u3054\u9023\u7d61\u304f\u3060\u3055\u3044\u3002\u5f53\u793e\u306eDPC\u304c\u304a\u5ba2\u69d8\u306e\u82e6\u60c5\u3092\u8abf\u67fb\u3057\u3001\u554f\u984c\u306e\u89e3\u6c7a\u306b\u3064\u3044\u3066\u304a\u77e5\u3089\u305b\u3057\u307e\u3059\u3002\u305d\u308c\u3067\u3082\u306a\u304a\u3001\u304a\u5ba2\u69d8\u306e\u500b\u4eba\u60c5\u5831\u304c\u6cd5\u5f8b\u306b\u5f93\u3063\u3066\u9069\u5207\u306b\u51e6\u7406\u3055\u308c\u3066\u3044\u306a\u3044\u3068\u601d\u308f\u308c\u308b\u5834\u5408\u306f\u3001\u60c5\u5831\u30b3\u30df\u30c3\u30b7\u30e7\u30ca\u30fc\u306b\u9023\u7d61\u3057\u3001\u82e6\u60c5\u3092\u7533\u3057\u7acb\u3066\u308b\u3053\u3068\u304c\u3067\u304d\u307e\u3059\u3002\u500b\u4eba\u60c5\u5831\u4fdd\u8b77\u306b\u95a2\u3059\u308b\u65b9\u91dd\u304a\u3088\u3073\u6587\u66f8\u3078\u306e\u30a2\u30af\u30bb\u30b9\u306f\u3001\u500b\u4eba\u60c5\u5831\u4fdd\u8b77\u306b\u95a2\u3059\u308b\u304a\u77e5\u3089\u305b\u306e\u30da\u30fc\u30b8\u306b\u3042\u308b\u5c02\u7528\u30d5\u30a9\u30fc\u30e0\u3092\u4f7f\u7528\u3057\u3066\u8acb\u6c42\u3059\u308b\u3053\u3068\u304c\u3067\u304d\u307e\u3059\u3002\u00a0<strong>\u95a2\u9023\u6587\u66f8<\/strong><\/p><ul><li>\u500b\u4eba\u60c5\u5831\u4fdd\u8b77\u65b9\u91dd<\/li><li>\u500b\u4eba\u30c7\u30fc\u30bf\u4fdd\u6301\u65b9\u91dd\uff08\u96fb\u5b50\u30e1\u30fc\u30eb\u307e\u305f\u306f\u76f4\u63a5\u306e\u3054\u8acb\u6c42\u306b\u3088\u308b\uff09<\/li><li>\u500b\u4eba\u60c5\u5831\u306e\u4fdd\u7ba1\u306b\u95a2\u3059\u308b\u30b9\u30b1\u30b8\u30e5\u30fc\u30eb\uff08\u96fb\u5b50\u30e1\u30fc\u30eb\u307e\u305f\u306f\u9762\u8ac7\u306b\u3088\u308b\u8acb\u6c42\u306e\u5834\u5408\uff09<\/li><li>\u30d7\u30e9\u30a4\u30d0\u30b7\u30fc\u30dd\u30ea\u30b7\u30fc<\/li><li>\u4e00\u822c\u53d6\u5f15\u6761\u4ef6<\/li><li>\u540c\u610f\u66f8<\/li><li>\u540c\u610f\u66f8\u306e\u64a4\u56de<\/li><\/ul><p>\u0160ENTJUR, 10.6.2022, Ver.\u30c9\u30ad\u30e5\u30e1\u30f3\u30c8: 1.0<\/p>\t\t\t\t\t\t<\/div>\n\t\t\t\t<\/div>\n\t\t\t\t\t<\/div>\n\t\t<\/div>\n\t\t\t\t\t<\/div>\n\t\t<\/section>\n\t\t\t\t<\/div>","protected":false},"excerpt":{"rendered":"<p>Politika zasebnosti KAJ POTREBUJEMO Na\u0161a politika varovanja osebnih podatkov ureja uporabo in shranjevanje podatkov. Politiko varovanja osebnih podatkov si lahko ogledate na strani Obvestilo o zasebnosti (priloga spodaj). MLM ENGINEERING MIHA FLANDER S.P., IN\u017dINIRING, CESTA POD RIFNIKOM 23 , 3230 \u0160ENTJUR je upravljalec osebnih podatkov, ki jih posreduje (subjekt podatkov: vi, kupec, obiskovalec itd.). Zbiramo naslednje vrste osebnih podatkov: E-mail naslov; Ime in Priimek, Naslov, E-naslov in Telefonska \u0161tevilka; Podatke o pla\u010dilnih sredstvih, kot so podatki kreditnih ali pla\u010dilnih kartic, Paypal in ostali na\u010dini pla\u010dil; Kopije osebnih dokumentov, ki potrdijo to\u010dnost osebnih podatkov; Pi\u0161kotke; Google Analytics in Yandex ter Cloudflare sledenje obiska; Povezave z osebnimi profili na socialnih skupinah. Vsak [&hellip;]<\/p>","protected":false},"author":3,"featured_media":0,"parent":0,"menu_order":0,"comment_status":"closed","ping_status":"closed","template":"","meta":{"_seopress_robots_primary_cat":"","_seopress_titles_title":"","_seopress_titles_desc":"","_seopress_robots_index":"","ocean_post_layout":"full-screen","ocean_both_sidebars_style":"","ocean_both_sidebars_content_width":0,"ocean_both_sidebars_sidebars_width":0,"ocean_sidebar":"0","ocean_second_sidebar":"0","ocean_disable_margins":"on","ocean_add_body_class":"","ocean_shortcode_before_top_bar":"","ocean_shortcode_after_top_bar":"","ocean_shortcode_before_header":"","ocean_shortcode_after_header":"","ocean_has_shortcode":"","ocean_shortcode_after_title":"","ocean_shortcode_before_footer_widgets":"","ocean_shortcode_after_footer_widgets":"","ocean_shortcode_before_footer_bottom":"","ocean_shortcode_after_footer_bottom":"","ocean_display_top_bar":"default","ocean_display_header":"default","ocean_header_style":"","ocean_center_header_left_menu":"0","ocean_custom_header_template":"0","ocean_custom_logo":0,"ocean_custom_retina_logo":0,"ocean_custom_logo_max_width":0,"ocean_custom_logo_tablet_max_width":0,"ocean_custom_logo_mobile_max_width":0,"ocean_custom_logo_max_height":0,"ocean_custom_logo_tablet_max_height":0,"ocean_custom_logo_mobile_max_height":0,"ocean_header_custom_menu":"0","ocean_menu_typo_font_family":"0","ocean_menu_typo_font_subset":"","ocean_menu_typo_font_size":0,"ocean_menu_typo_font_size_tablet":0,"ocean_menu_typo_font_size_mobile":0,"ocean_menu_typo_font_size_unit":"px","ocean_menu_typo_font_weight":"","ocean_menu_typo_font_weight_tablet":"","ocean_menu_typo_font_weight_mobile":"","ocean_menu_typo_transform":"","ocean_menu_typo_transform_tablet":"","ocean_menu_typo_transform_mobile":"","ocean_menu_typo_line_height":0,"ocean_menu_typo_line_height_tablet":0,"ocean_menu_typo_line_height_mobile":0,"ocean_menu_typo_line_height_unit":"","ocean_menu_typo_spacing":0,"ocean_menu_typo_spacing_tablet":0,"ocean_menu_typo_spacing_mobile":0,"ocean_menu_typo_spacing_unit":"","ocean_menu_link_color":"","ocean_menu_link_color_hover":"","ocean_menu_link_color_active":"","ocean_menu_link_background":"","ocean_menu_link_hover_background":"","ocean_menu_link_active_background":"","ocean_menu_social_links_bg":"","ocean_menu_social_hover_links_bg":"","ocean_menu_social_links_color":"","ocean_menu_social_hover_links_color":"","ocean_disable_title":"on","ocean_disable_heading":"on","ocean_post_title":"","ocean_post_subheading":"","ocean_post_title_style":"","ocean_post_title_background_color":"","ocean_post_title_background":0,"ocean_post_title_bg_image_position":"","ocean_post_title_bg_image_attachment":"","ocean_post_title_bg_image_repeat":"","ocean_post_title_bg_image_size":"","ocean_post_title_height":0,"ocean_post_title_bg_overlay":0.5,"ocean_post_title_bg_overlay_color":"","ocean_disable_breadcrumbs":"off","ocean_breadcrumbs_color":"","ocean_breadcrumbs_separator_color":"","ocean_breadcrumbs_links_color":"","ocean_breadcrumbs_links_hover_color":"","ocean_display_footer_widgets":"default","ocean_display_footer_bottom":"default","ocean_custom_footer_template":"0","footnotes":""},"_links":{"self":[{"href":"https:\/\/mlm-engineering.com\/ja\/wp-json\/wp\/v2\/pages\/2209"}],"collection":[{"href":"https:\/\/mlm-engineering.com\/ja\/wp-json\/wp\/v2\/pages"}],"about":[{"href":"https:\/\/mlm-engineering.com\/ja\/wp-json\/wp\/v2\/types\/page"}],"author":[{"embeddable":true,"href":"https:\/\/mlm-engineering.com\/ja\/wp-json\/wp\/v2\/users\/3"}],"replies":[{"embeddable":true,"href":"https:\/\/mlm-engineering.com\/ja\/wp-json\/wp\/v2\/comments?post=2209"}],"version-history":[{"count":0,"href":"https:\/\/mlm-engineering.com\/ja\/wp-json\/wp\/v2\/pages\/2209\/revisions"}],"wp:attachment":[{"href":"https:\/\/mlm-engineering.com\/ja\/wp-json\/wp\/v2\/media?parent=2209"}],"curies":[{"name":"wp","href":"https:\/\/api.w.org\/{rel}","templated":true}]}}