{"id":2195,"date":"2022-06-10T07:11:23","date_gmt":"2022-06-10T07:11:23","guid":{"rendered":"https:\/\/mlm-engineering.com\/?page_id=2195"},"modified":"2022-07-31T12:50:22","modified_gmt":"2022-07-31T12:50:22","slug":"splosni-pogoji","status":"publish","type":"page","link":"https:\/\/mlm-engineering.com\/lv\/splosni-pogoji\/","title":{"rendered":"Visp\u0101r\u012bgie noteikumi un nosac\u012bjumi"},"content":{"rendered":"<div data-elementor-type=\"wp-page\" data-elementor-id=\"2195\" class=\"elementor elementor-2195\">\n\t\t\t\t\t\t<section class=\"elementor-section elementor-top-section elementor-element elementor-element-676f2f3 elementor-section-boxed elementor-section-height-default elementor-section-height-default\" data-id=\"676f2f3\" data-element_type=\"section\" data-settings=\"{&quot;background_background&quot;:&quot;classic&quot;}\">\n\t\t\t\t\t\t<div class=\"elementor-container elementor-column-gap-default\">\n\t\t\t\t\t<div class=\"elementor-column elementor-col-100 elementor-top-column elementor-element elementor-element-cda71a6\" data-id=\"cda71a6\" data-element_type=\"column\">\n\t\t\t<div class=\"elementor-widget-wrap elementor-element-populated\">\n\t\t\t\t\t\t<div class=\"elementor-element elementor-element-53e4b40 elementor-widget elementor-widget-heading\" data-id=\"53e4b40\" data-element_type=\"widget\" data-widget_type=\"heading.default\">\n\t\t\t\t<div class=\"elementor-widget-container\">\n\t\t\t<h2 class=\"elementor-heading-title elementor-size-default\">Visp\u0101r\u012bgie noteikumi un nosac\u012bjumi<\/h2>\t\t<\/div>\n\t\t\t\t<\/div>\n\t\t\t\t<div class=\"elementor-element elementor-element-cfd40ef elementor-widget elementor-widget-text-editor\" data-id=\"cfd40ef\" data-element_type=\"widget\" data-widget_type=\"text-editor.default\">\n\t\t\t\t<div class=\"elementor-widget-container\">\n\t\t\t\t\t\t\t<p>\u0160ajos noteikumos un nosac\u012bjumos ir izkl\u0101st\u012bti noteikumi un noteikumi par MLM ENGINEERING MIHA FLANDER S.P., ENGINEERING t\u012bmek\u013ca vietnes, kas atrodas https:\/\/mlm-engineering.com\/, un visu t\u0101s apak\u0161dom\u0113nu izmanto\u0161anu. Piek\u013c\u016bstot \u0161ai vietnei, m\u0113s pie\u0146emam, ka j\u016bs piekr\u012btat \u0161iem noteikumiem un nosac\u012bjumiem. Ja nepiekr\u012btat visiem \u0161aj\u0101 lap\u0101 min\u0113tajiem noteikumiem un nosac\u012bjumiem, neturpiniet izmantot t\u012bmek\u013ca vietni https:\/\/mlm-engineering.com\/.<\/p><p>\u0160ajos noteikumos un nosac\u012bjumos, pazi\u0146ojum\u0101 par konfidencialit\u0101ti un pazi\u0146ojum\u0101 par atteik\u0161anos no atbild\u012bbas, k\u0101 ar\u012b visos l\u012bgumos tiek lietota \u0161\u0101da terminolo\u0123ija: \"klients\", \"j\u016bs\" un \"j\u016bsu\" attiecas uz jums, personu, kas re\u0123istr\u0113jas \u0161aj\u0101 vietn\u0113 un uz kuru attiecas uz\u0146\u0113muma noteikumi un nosac\u012bjumi. \"Uz\u0146\u0113mums\", \"J\u016bs\", \"M\u0113s\", \"M\u016bsu\" un \"M\u0113s\" attiecas uz m\u016bsu uz\u0146\u0113mumu. \"Klients\", \"Puses\" vai \"M\u0113s\" attiecas gan uz Klientu, gan uz Mums. Visi noteikumi un nosac\u012bjumi attiecas uz pied\u0101v\u0101jumu, pie\u0146em\u0161anu un samaksas veik\u0161anu, kas nepiecie\u0161ama, lai veiktu m\u016bsu pal\u012bdz\u012bbas procesu klientam vispiem\u0113rot\u0101kaj\u0101 veid\u0101 ar skaidru m\u0113r\u0137i apmierin\u0101t klienta vajadz\u012bbas p\u0113c iepriek\u0161 min\u0113to pakalpojumu snieg\u0161anas saska\u0146\u0101 ar sp\u0113k\u0101 eso\u0161ajiem Slov\u0113nijas ties\u012bbu aktiem un iev\u0113rojot tos. Jebkur\u0161 iepriek\u0161 min\u0113t\u0101s terminolo\u0123ijas vai citu v\u0101rdu lietojums vienskaitl\u012b, daudzskaitl\u012b, ar lielo s\u0101kumburtu un\/vai vi\u0146\u0161\/vi\u0146a vai vi\u0146i tiek uzskat\u012bts par savstarp\u0113ji aizvietojamu un t\u0101d\u0113j\u0101di attiecas uz to pa\u0161u.<\/p><p><strong>S\u012bkfaili<\/strong><\/p><p>\u0160aj\u0101 vietn\u0113 tiek izmantotas s\u012bkdatnes. Piek\u013c\u016bstot t\u012bmek\u013ca vietnei https:\/\/mlm-engineering.com\/, j\u016bs esat piekritis s\u012bkdat\u0146u izmanto\u0161anai saska\u0146\u0101 ar MLM ENGINEERING MIHA FLANDER S.P., ENGINEERING un t\u012bmek\u013ca vietnes priv\u0101tuma politiku. Liel\u0101kaj\u0101 da\u013c\u0101 interakt\u012bvo t\u012bmek\u013ca viet\u0146u tiek izmantotas s\u012bkdatnes, lai m\u0113s var\u0113tu ieg\u016bt inform\u0101ciju par lietot\u0101ju katr\u0101 apmekl\u0113juma reiz\u0113. M\u0113s izmantojam s\u012bkfailus sav\u0101 t\u012bmek\u013ca vietn\u0113, lai nodro\u0161in\u0101tu noteiktu jomu funkcionalit\u0101ti un atvieglotu t\u0101s lieto\u0161anu apmekl\u0113t\u0101jiem, kas apmekl\u0113 m\u016bsu t\u012bmek\u013ca vietni. Da\u017ei no m\u016bsu sadarb\u012bbas partneriem\/rekl\u0101mas partneriem var izmantot ar\u012b tre\u0161o pu\u0161u s\u012bkfailus.<\/p><p><strong>Licence<\/strong><\/p><p>Ja vien nav nor\u0101d\u012bts cit\u0101di, intelektu\u0101l\u0101 \u012bpa\u0161uma ties\u012bbas uz visiem vietn\u0113 https:\/\/mlm-engineering.com\/ public\u0113tajiem materi\u0101liem pieder MLM ENGINEERING MIHA FLANDER S.P., ENGINEERING un\/vai vietnes licen\u010du izsniedz\u0113jiem.Visas intelektu\u0101l\u0101 \u012bpa\u0161uma ties\u012bbas ir aizsarg\u0101tas. J\u016bs varat piek\u013c\u016bt \u0161ai vietnei no https:\/\/mlm-engineering.com\/ personiskai lieto\u0161anai, iev\u0113rojot \u0161ajos noteikumos un nosac\u012bjumos noteiktos ierobe\u017eojumus.<\/p><p>J\u016bs nedr\u012bkstat:<\/p><ul><li>Public\u0113t materi\u0101lu https:\/\/mlm-engineering.com\/brez at\u013caujas.<\/li><li>P\u0101rdodiet, aizdodiet vai apak\u0161licenc\u0113jiet materi\u0101lu ar https:\/\/mlm-engineering.com\/brez at\u013cauju.<\/li><li>Reproduc\u0113jiet, pavairojiet vai kop\u0113jiet materi\u0101lu ar https:\/\/mlm-engineering.com\/brez at\u013cauju.<\/li><li>T\u0101l\u0101k izplatiet saturu ar https:\/\/mlm-engineering.com\/brez at\u013cauju.<\/li><\/ul><p>\u0160is L\u012bgums st\u0101jas sp\u0113k\u0101 \u0161\u012b L\u012bguma parakst\u012b\u0161anas dien\u0101 vai tie\u0161\u0101s piek\u013cuves br\u012bd\u012b m\u016bsu t\u012bmek\u013ca vietnei.<\/p><p>Da\u013c\u0101s \u0161\u012bs vietnes lietot\u0101jiem tiek pied\u0101v\u0101ta iesp\u0113ja public\u0113t un dal\u012bties ar viedok\u013ciem un inform\u0101ciju par konkr\u0113t\u0101m vietnes jom\u0101m. MLM ENGINEERING MIHA FLANDER S.P., ENGINEERING nefiltr\u0113, neredi\u0123\u0113, nepublic\u0113 un nep\u0101rskata koment\u0101rus pirms to par\u0101d\u012b\u0161an\u0101s vietn\u0113. Koment\u0101ri neatspogu\u013co MLM ENGINEERING MIHA FLANDER S.P., ENGINEERING , t\u0101s p\u0101rst\u0101vju un\/vai saist\u012bto uz\u0146\u0113mumu uzskatus un viedok\u013cus. Koment\u0101ri atspogu\u013co viedokli un uzskatus, ko izsaka persona, kas public\u0113 viedokli. Cikt\u0101l to pie\u013cauj piem\u0113rojamie ties\u012bbu akti, MLM ENGINEERING MIHA FLANDER S.P., ENGINEERING , neuz\u0146emas atbild\u012bbu par Koment\u0101riem vai jebk\u0101da veida atbild\u012bbu, zaud\u0113jumiem vai izdevumiem, kas radu\u0161ies un\/vai radu\u0161ies Koment\u0101ru izmanto\u0161anas un\/vai public\u0113\u0161anas un\/vai par\u0101d\u012b\u0161an\u0101s \u0161aj\u0101 t\u012bmek\u013ca vietn\u0113 rezult\u0101t\u0101.<\/p><p>MLM ENGINEERING MIHA FLANDER S.P., ENGINEERING patur ties\u012bbas uzraudz\u012bt visus koment\u0101rus un dz\u0113st visus koment\u0101rus, kas var tikt uzskat\u012bti par nepiem\u0113rotiem, aizskaro\u0161iem vai rad\u012bt \u0161o noteikumu p\u0101rk\u0101pumus.<\/p><p>J\u016bs garant\u0113jat un apliecin\u0101t, ka:<\/p><ul><li>jums ir ties\u012bbas public\u0113t koment\u0101rus m\u016bsu t\u012bmek\u013ca vietn\u0113, un jums ir nepiecie\u0161am\u0101s at\u013caujas un piekri\u0161ana to dar\u012bt;<\/li><li>koment\u0101ri nep\u0101rk\u0101pj nek\u0101das intelektu\u0101l\u0101 \u012bpa\u0161uma ties\u012bbas, tostarp tre\u0161o personu autorties\u012bbas, patentu vai pre\u010du z\u012bmju ierobe\u017eojumus;<\/li><li>Koment\u0101ri nesatur nek\u0101dus apmelojo\u0161us, apmelojo\u0161us, apmelojo\u0161us, aizskaro\u0161us, nepiekl\u0101j\u012bgus vai cit\u0101di nelikum\u012bgus materi\u0101lus, kas rada priv\u0101tuma aizsk\u0101rumu;<\/li><li>Koment\u0101ri netiks izmantoti, lai piepras\u012btu vai veicin\u0101tu p\u0101rdo\u0161anu vai p\u0101rst\u0101v\u0113tu komerci\u0101las vai nelikum\u012bgas darb\u012bbas.<\/li><\/ul><p>Ar \u0161o j\u016bs pie\u0161\u0137irat MLM ENGINEERING MIHA FLANDER S.P., ENGINEERING neekskluz\u012bvu licenci izmantot, reproduc\u0113t, redi\u0123\u0113t un at\u013caut citiem izmantot, reproduc\u0113t un redi\u0123\u0113t j\u016bsu koment\u0101rus jebk\u0101d\u0101 form\u0101, form\u0101 vai medij\u0101.<\/p><p><strong>Hipersaite uz m\u016bsu saturu<\/strong><\/p><p>T\u0101l\u0101k nor\u0101d\u012bt\u0101s organiz\u0101cijas var pievienot saites uz m\u016bsu vietni bez iepriek\u0161\u0113jas rakstiskas at\u013caujas:<\/p><ul><li>vald\u012bbas a\u0123ent\u016bras<\/li><li>mekl\u0113t\u0101jprogrammas;<\/li><li>Jaunumi;<\/li><li>tie\u0161saistes direktoriju izplat\u012bt\u0101ji, kas var izveidot saites uz m\u016bsu t\u012bmek\u013ca vietni t\u0101pat k\u0101 hipersaites uz citu sarakst\u0101 iek\u013cauto uz\u0146\u0113mumu t\u012bmek\u013ca vietn\u0113m; un<\/li><li>akredit\u0113tiem uz\u0146\u0113mumiem vis\u0101 sist\u0113m\u0101, iz\u0146emot bezpe\u013c\u0146as organiz\u0101cijas, labdar\u012bbas veikalus un labdar\u012bbas l\u012bdzek\u013cu v\u0101k\u0161anas grupas, kas nedr\u012bkst izmantot hipersaites uz m\u016bsu t\u012bmek\u013ca vietni.<\/li><\/ul><p>\u0160\u012bs organiz\u0101cijas var pievienot saiti uz m\u016bsu m\u0101jas lapu, publik\u0101cij\u0101m vai citu t\u012bmek\u013ca vietnes inform\u0101ciju ar nosac\u012bjumu, ka saite: (a) nek\u0101d\u0101 veid\u0101 nav maldino\u0161a; (b) nepiedien\u012bgi sponsor\u0113, neatbalsta vai neapstiprina saist\u012bto vietni un t\u0101s produktus un\/vai pakalpojumus; un (c) iek\u013caujas saist\u012bt\u0101s puses t\u012bmek\u013ca vietnes kontekst\u0101.<\/p><p>M\u0113s varam izskat\u012bt un apstiprin\u0101t citu veidu organiz\u0101ciju piepras\u012bjumus p\u0113c sait\u0113m:<\/p><ul><li>visp\u0101rzin\u0101miem pat\u0113r\u0113t\u0101ju un\/vai uz\u0146\u0113m\u0113jdarb\u012bbas inform\u0101cijas avotiem;<\/li><li>kopiena dot.com<\/li><li>asoci\u0101cijas vai citas labdar\u012bbas organiz\u0101ciju grupas;<\/li><li>tie\u0161saistes kataloga izplat\u012bt\u0101ji;<\/li><li>interneta port\u0101los;<\/li><li>gr\u0101matved\u012bbas, juridiskie un konsult\u0101ciju uz\u0146\u0113mumi; un<\/li><li>izgl\u012bt\u012bbas iest\u0101d\u0113m un tirdzniec\u012bbas asoci\u0101cij\u0101m.<\/li><\/ul><p>M\u0113s apstiprin\u0101sim \u0161o organiz\u0101ciju saites piepras\u012bjumus, ja m\u0113s nolemsim, ka: a) m\u0113s netiksim padar\u012bti nepiedien\u012bgi sev vai m\u016bsu akredit\u0113tajiem uz\u0146\u0113mumiem; b) organiz\u0101cijai nav negat\u012bvas reput\u0101cijas m\u016bsu vid\u016b; c) ieguvums, ko mums sniedz hipersaites redzam\u012bba, tiek kompens\u0113ts ar MLM ENGINEERING MIHA FLANDER S.P., ENGINEERING tr\u016bkumu; un d) saite ir visp\u0101r\u0113jas inform\u0101cijas par resursu kontekst\u0101.<\/p><p>\u0160\u012bs organiz\u0101cijas var izveidot saiti uz m\u016bsu galveno lapu, ja saite: (a) nek\u0101d\u0101 veid\u0101 nav maldino\u0161a; (b) nepiedien\u012bgi sponsor\u0113, neatbalsta vai neapstiprina saiti saturo\u0161o vietni un t\u0101s produktus vai pakalpojumus; un (c) iek\u013caujas saiti saturo\u0161\u0101s puses vietnes kontekst\u0101. Ja esat viena no iepriek\u0161 min\u0113taj\u0101m organiz\u0101cij\u0101m un v\u0113laties izveidot saiti uz m\u016bsu t\u012bmek\u013ca vietni, jums par to j\u0101pazi\u0146o, nos\u016btot e-pastu uz adresi info@mlm-engineering.com\/.<\/p><p>L\u016bdzu, nor\u0101diet savu v\u0101rdu, uzv\u0101rdu, organiz\u0101cijas nosaukumu, kontaktinform\u0101ciju, k\u0101 ar\u012b savas t\u012bmek\u013ca vietnes URL, sarakstu ar visiem URL, no kuriem v\u0113laties izveidot saiti uz m\u016bsu t\u012bmek\u013ca vietni, un sarakstu ar URL m\u016bsu t\u012bmek\u013ca vietn\u0113, uz kuriem v\u0113laties izveidot saiti. L\u016bdzu, paredziet 2-3 ned\u0113\u013cas, lai sa\u0146emtu atbildi.<\/p><p>Apstiprin\u0101tas organiz\u0101cijas var izmantot hipersaites uz m\u016bsu t\u012bmek\u013ca vietni:<\/p><ul><li>izmantojot m\u016bsu uz\u0146\u0113muma nosaukumu vai<\/li><li>izmantojot vienu resursu mekl\u0113t\u0101ju, kas ir saist\u012bts ar vai<\/li><li>izmantojot jebkuru citu m\u016bsu vietnes aprakstu, kas ir saist\u012bts ar to, kas ir j\u0113gpilni sasaist\u012bt\u0101s puses vietnes satura kontekst\u0101 un form\u0101t\u0101.<\/li><\/ul><p>Ja nav nosl\u0113gts licences l\u012bgums par pre\u010du z\u012bmes izmanto\u0161anu, nav at\u013cauts izmantot MLM ENGINEERING MIHA FLANDER S.P., ENGINEERING logotipu vai citu saturu saitei.<\/p><p><strong>iFrame<\/strong><\/p><p>Bez m\u016bsu iepriek\u0161\u0113ja apstiprin\u0101juma un rakstiskas at\u013caujas m\u016bsu vietn\u0113s nedr\u012bkstat izveidot r\u0101mjus, kas jebk\u0101d\u0101 veid\u0101 izmaina m\u016bsu vietnes vizu\u0101lo noform\u0113jumu vai izskatu.<\/p><p><strong>Materi\u0101l\u0101 atbild\u012bba<\/strong><\/p><p>M\u0113s neesam atbild\u012bgi par saturu, kas par\u0101d\u0101s j\u016bsu vietn\u0113. J\u016bs piekr\u012btat atl\u012bdzin\u0101t, aizst\u0101v\u0113t un pasarg\u0101t m\u016bs no jebk\u0101d\u0101m pras\u012bb\u0101m, kas par\u0101d\u0101s j\u016bsu t\u012bmek\u013ca vietn\u0113. Nevien\u0101 t\u012bmek\u013ca vietn\u0113 nedr\u012bkst par\u0101d\u012bties saite, ko var\u0113tu uzskat\u012bt par nepatiesu, nepiekl\u0101j\u012bgu vai noziedz\u012bgu, vai kas p\u0101rk\u0101pj, cit\u0101di p\u0101rk\u0101pj vai atbalsta jebkuras tre\u0161\u0101s personas ties\u012bbu p\u0101rk\u0101pumu vai citu p\u0101rk\u0101pumu.<\/p><p><strong>Ties\u012bbu rezerv\u0113\u0161ana<\/strong><\/p><p>M\u0113s paturam ties\u012bbas piepras\u012bt, lai j\u016bs dz\u0113\u0161at jebkuru saiti vai konkr\u0113tu saiti uz m\u016bsu vietni. J\u016bs piekr\u012btat p\u0113c piepras\u012bjuma nekav\u0113joties dz\u0113st visas saites uz m\u016bsu vietni. M\u0113s ar\u012b paturam ties\u012bbas jebkur\u0101 laik\u0101 main\u012bt \u0161os noteikumus un nosac\u012bjumus, k\u0101 ar\u012b sai\u0161u politiku. Past\u0101v\u012bgi veidojot saites uz m\u016bsu t\u012bmek\u013ca vietni, j\u016bs piekr\u012btat iev\u0113rot \u0161os noteikumus un nosac\u012bjumus.<\/p><p><strong>Saites no\u0146em\u0161ana no m\u016bsu vietnes<\/strong><\/p><p>Ja m\u016bsu vietn\u0113 atrodat k\u0101du saiti, kas jebk\u0101da iemesla d\u0113\u013c ir aizskaro\u0161a, jebkur\u0101 laik\u0101 varat sazin\u0101ties ar mums un pazi\u0146ot mums par to. M\u0113s izskat\u012bsim piepras\u012bjumus dz\u0113st saites, ta\u010du mums neb\u016bs pien\u0101kums uz tiem atbild\u0113t tie\u0161i. M\u0113s negarant\u0113jam, ka \u0161aj\u0101 t\u012bmek\u013ca vietn\u0113 sniegt\u0101 inform\u0101cija ir pareiza, k\u0101 ar\u012b negarant\u0113jam t\u0101s piln\u012bgumu vai precizit\u0101ti; m\u0113s ar\u012b nesol\u0101m nodro\u0161in\u0101t, ka t\u012bmek\u013ca vietne b\u016bs pieejama un ka taj\u0101 pieejamie materi\u0101li tiks atjaunin\u0101ti.<\/p><p><strong>Atruna<\/strong><\/p><p>Piem\u0113rojamajos ties\u012bbu aktos at\u013cautaj\u0101 apjom\u0101 m\u0113s izsl\u0113dzam visus apgalvojumus, garantijas un nosac\u012bjumus saist\u012bb\u0101 ar m\u016bsu vietni un \u0161\u012bs vietnes lieto\u0161anu. Nekas \u0161aj\u0101 atrun\u0101:<\/p><p>Atbild\u012bbas ierobe\u017eojumi un aizliegumi, kas izkl\u0101st\u012bti \u0161aj\u0101 sada\u013c\u0101 un citur \u0161aj\u0101 Atruna: (a) attiecas uz iepriek\u0161\u0113jo punktu; un (b) reglament\u0113 visas saist\u012bbas, kas izriet no Atruna, tostarp l\u012bgumsaist\u012bbas, kas izriet no l\u012bguma, atl\u012bdz\u012bbas un likum\u0101 noteikto pien\u0101kumu p\u0101rk\u0101puma.<\/p><p>M\u0113s neesam atbild\u012bgi par jebk\u0101diem zaud\u0113jumiem vai boj\u0101jumiem, kam\u0113r t\u012bmek\u013ca vietne un taj\u0101 pieejam\u0101 inform\u0101cija un pakalpojumi nav pieejami bez maksas.<\/p><p><strong>Pat\u0113r\u0113t\u0101ju str\u012bdu \u0101rpustiesas iz\u0161\u0137ir\u0161ana<\/strong><\/p><p>MLM ENGINEERING MIHA FLANDER S.P., ENGINEERING neatz\u012bst nevienu \u0101rpustiesas pat\u0113r\u0113t\u0101ju str\u012bdu risin\u0101t\u0101ju par kompetentu risin\u0101t pat\u0113r\u0113t\u0101ju str\u012bdu, ko pat\u0113r\u0113t\u0101js var\u0113tu ierosin\u0101t saska\u0146\u0101 ar Pat\u0113r\u0113t\u0101ju str\u012bdu \u0101rpustiesas risin\u0101\u0161anas likumu atbilsto\u0161i ties\u012bbu norm\u0101m. Sabiedr\u012bba k\u0101 pre\u010du un pakalpojumu sniedz\u0113js sav\u0101 t\u012bmek\u013ca vietn\u0113 public\u0113 elektronisko saiti uz Pat\u0113r\u0113t\u0101ju str\u012bdu iz\u0161\u0137ir\u0161anas tie\u0161saistes platformu (ODRP). ODRP ir pieejama pat\u0113r\u0113t\u0101jiem, izmantojot \u0161\u0101du elektronisko saiti: http:\/\/ec.europa.eu\/odr. Iepriek\u0161 min\u0113t\u0101 k\u0101rt\u012bba ir balst\u012bta uz Likumu par \u0101rpustiesas pat\u0113r\u0113t\u0101ju str\u012bdu iz\u0161\u0137ir\u0161anu, Eiropas Parlamenta un Padomes Regulu (ES) Nr. 524\/2013 par pat\u0113r\u0113t\u0101ju str\u012bdu iz\u0161\u0137ir\u0161anu tie\u0161saist\u0113 un groz\u012bjumiem Regul\u0101 (EK) Nr. 2016\/2004 un Direkt\u012bvu 200.<\/p>\t\t\t\t\t\t<\/div>\n\t\t\t\t<\/div>\n\t\t\t\t\t<\/div>\n\t\t<\/div>\n\t\t\t\t\t<\/div>\n\t\t<\/section>\n\t\t\t\t<\/div>","protected":false},"excerpt":{"rendered":"<p>Splo\u0161ni pogoji Ti pogoji opisujejo pravila in predpise za uporabo za spletnega mesta MLM ENGINEERING MIHA FLANDER S.P., IN\u017dINIRING, ki se nahaja na https:\/\/mlm-engineering.com\/ in vse njene poddomene. Z dostopom do tega spletnega mesta predpostavljamo, da sprejemate te pogoje. Ne nadaljujte z uporabo\u00a0https:\/\/mlm-engineering.com\/, \u010de se ne strinjate z vsemi pogoji, navedenimi na tej strani. Naslednja [&hellip;]<\/p>","protected":false},"author":3,"featured_media":0,"parent":0,"menu_order":0,"comment_status":"closed","ping_status":"closed","template":"","meta":{"_seopress_robots_primary_cat":"","_seopress_titles_title":"","_seopress_titles_desc":"","_seopress_robots_index":"","ocean_post_layout":"full-screen","ocean_both_sidebars_style":"","ocean_both_sidebars_content_width":0,"ocean_both_sidebars_sidebars_width":0,"ocean_sidebar":"0","ocean_second_sidebar":"0","ocean_disable_margins":"on","ocean_add_body_class":"","ocean_shortcode_before_top_bar":"","ocean_shortcode_after_top_bar":"","ocean_shortcode_before_header":"","ocean_shortcode_after_header":"","ocean_has_shortcode":"","ocean_shortcode_after_title":"","ocean_shortcode_before_footer_widgets":"","ocean_shortcode_after_footer_widgets":"","ocean_shortcode_before_footer_bottom":"","ocean_shortcode_after_footer_bottom":"","ocean_display_top_bar":"default","ocean_display_header":"default","ocean_header_style":"","ocean_center_header_left_menu":"0","ocean_custom_header_template":"0","ocean_custom_logo":0,"ocean_custom_retina_logo":0,"ocean_custom_logo_max_width":0,"ocean_custom_logo_tablet_max_width":0,"ocean_custom_logo_mobile_max_width":0,"ocean_custom_logo_max_height":0,"ocean_custom_logo_tablet_max_height":0,"ocean_custom_logo_mobile_max_height":0,"ocean_header_custom_menu":"0","ocean_menu_typo_font_family":"0","ocean_menu_typo_font_subset":"","ocean_menu_typo_font_size":0,"ocean_menu_typo_font_size_tablet":0,"ocean_menu_typo_font_size_mobile":0,"ocean_menu_typo_font_size_unit":"px","ocean_menu_typo_font_weight":"","ocean_menu_typo_font_weight_tablet":"","ocean_menu_typo_font_weight_mobile":"","ocean_menu_typo_transform":"","ocean_menu_typo_transform_tablet":"","ocean_menu_typo_transform_mobile":"","ocean_menu_typo_line_height":0,"ocean_menu_typo_line_height_tablet":0,"ocean_menu_typo_line_height_mobile":0,"ocean_menu_typo_line_height_unit":"","ocean_menu_typo_spacing":0,"ocean_menu_typo_spacing_tablet":0,"ocean_menu_typo_spacing_mobile":0,"ocean_menu_typo_spacing_unit":"","ocean_menu_link_color":"","ocean_menu_link_color_hover":"","ocean_menu_link_color_active":"","ocean_menu_link_background":"","ocean_menu_link_hover_background":"","ocean_menu_link_active_background":"","ocean_menu_social_links_bg":"","ocean_menu_social_hover_links_bg":"","ocean_menu_social_links_color":"","ocean_menu_social_hover_links_color":"","ocean_disable_title":"on","ocean_disable_heading":"on","ocean_post_title":"","ocean_post_subheading":"","ocean_post_title_style":"","ocean_post_title_background_color":"","ocean_post_title_background":0,"ocean_post_title_bg_image_position":"","ocean_post_title_bg_image_attachment":"","ocean_post_title_bg_image_repeat":"","ocean_post_title_bg_image_size":"","ocean_post_title_height":0,"ocean_post_title_bg_overlay":0.5,"ocean_post_title_bg_overlay_color":"","ocean_disable_breadcrumbs":"off","ocean_breadcrumbs_color":"","ocean_breadcrumbs_separator_color":"","ocean_breadcrumbs_links_color":"","ocean_breadcrumbs_links_hover_color":"","ocean_display_footer_widgets":"default","ocean_display_footer_bottom":"default","ocean_custom_footer_template":"0","footnotes":""},"_links":{"self":[{"href":"https:\/\/mlm-engineering.com\/lv\/wp-json\/wp\/v2\/pages\/2195"}],"collection":[{"href":"https:\/\/mlm-engineering.com\/lv\/wp-json\/wp\/v2\/pages"}],"about":[{"href":"https:\/\/mlm-engineering.com\/lv\/wp-json\/wp\/v2\/types\/page"}],"author":[{"embeddable":true,"href":"https:\/\/mlm-engineering.com\/lv\/wp-json\/wp\/v2\/users\/3"}],"replies":[{"embeddable":true,"href":"https:\/\/mlm-engineering.com\/lv\/wp-json\/wp\/v2\/comments?post=2195"}],"version-history":[{"count":4,"href":"https:\/\/mlm-engineering.com\/lv\/wp-json\/wp\/v2\/pages\/2195\/revisions"}],"predecessor-version":[{"id":2436,"href":"https:\/\/mlm-engineering.com\/lv\/wp-json\/wp\/v2\/pages\/2195\/revisions\/2436"}],"wp:attachment":[{"href":"https:\/\/mlm-engineering.com\/lv\/wp-json\/wp\/v2\/media?parent=2195"}],"curies":[{"name":"wp","href":"https:\/\/api.w.org\/{rel}","templated":true}]}}