{"id":2209,"date":"2022-06-10T07:13:58","date_gmt":"2022-06-10T07:13:58","guid":{"rendered":"https:\/\/mlm-engineering.com\/?page_id=2209"},"modified":"2022-06-10T07:14:49","modified_gmt":"2022-06-10T07:14:49","slug":"politika-zasebnosti","status":"publish","type":"page","link":"https:\/\/mlm-engineering.com\/lv\/politika-zasebnosti\/","title":{"rendered":"Konfidencialit\u0101tes politika"},"content":{"rendered":"<div data-elementor-type=\"wp-page\" data-elementor-id=\"2209\" class=\"elementor elementor-2209\">\n\t\t\t\t\t\t<section class=\"elementor-section elementor-top-section elementor-element elementor-element-676f2f3 elementor-section-boxed elementor-section-height-default elementor-section-height-default\" data-id=\"676f2f3\" data-element_type=\"section\" data-settings=\"{&quot;background_background&quot;:&quot;classic&quot;}\">\n\t\t\t\t\t\t<div class=\"elementor-container elementor-column-gap-default\">\n\t\t\t\t\t<div class=\"elementor-column elementor-col-100 elementor-top-column elementor-element elementor-element-cda71a6\" data-id=\"cda71a6\" data-element_type=\"column\">\n\t\t\t<div class=\"elementor-widget-wrap elementor-element-populated\">\n\t\t\t\t\t\t<div class=\"elementor-element elementor-element-53e4b40 elementor-widget elementor-widget-heading\" data-id=\"53e4b40\" data-element_type=\"widget\" data-widget_type=\"heading.default\">\n\t\t\t\t<div class=\"elementor-widget-container\">\n\t\t\t<h2 class=\"elementor-heading-title elementor-size-default\">Konfidencialit\u0101tes politika<\/h2>\t\t<\/div>\n\t\t\t\t<\/div>\n\t\t\t\t<div class=\"elementor-element elementor-element-cfd40ef elementor-widget elementor-widget-text-editor\" data-id=\"cfd40ef\" data-element_type=\"widget\" data-widget_type=\"text-editor.default\">\n\t\t\t\t<div class=\"elementor-widget-container\">\n\t\t\t\t\t\t\t<ol><li><strong>KAS MUMS NEPIECIE\u0160AMAIS<\/strong><\/li><\/ol><p>M\u016bsu konfidencialit\u0101tes politika reglament\u0113 personas datu izmanto\u0161anu un glab\u0101\u0161anu. Ar m\u016bsu konfidencialit\u0101tes politiku varat iepaz\u012bties lap\u0101 Pazi\u0146ojums par konfidencialit\u0101ti (pievienota zem\u0101k). MLM ENGINEERING MIHA FLANDER S.P., ENGINEERING, CESTA POD RIFNIKOM 23 , 3230 \u0160ENTJUR ir t\u0101s sniegto personas datu p\u0101rzinis (datu subjekts: j\u016bs, klients, apmekl\u0113t\u0101js utt.). M\u0113s apkopojam \u0161\u0101dus personas datu veidus:<\/p><ul><li>E-pasta adrese;<\/li><li>V\u0101rds, uzv\u0101rds, adrese, e-pasta adrese un t\u0101lru\u0146a numurs;<\/li><li>Maks\u0101juma inform\u0101cija, piem\u0113ram, kred\u012btkartes vai debetkartes inform\u0101cija, Paypal un citas maks\u0101jumu metodes;<\/li><li>Personu apliecino\u0161u dokumentu kopijas, kas apliecina personas datu pareiz\u012bbu;<\/li><li>S\u012bkfaili;<\/li><li>Google Analytics un Yandex un Cloudflare apmekl\u0113jumu izseko\u0161ana;<\/li><li>Saites uz person\u012bgajiem profiliem soci\u0101laj\u0101s grup\u0101s.<\/li><\/ul><p>Katrs personas datu veids tiek ieg\u016bts, pamatojoties uz nepiecie\u0161am\u012bbu un ar atsevi\u0161\u0137u piekri\u0161anu.<\/p><ol start=\"2\"><li><strong>K\u0100P\u0112C MUMS TIE IR VAJADZ\u012aGI<\/strong><\/li><\/ol><p>J\u016bsu personas dati mums ir nepiecie\u0161ami \u0161\u0101du pakalpojumu snieg\u0161anai:<\/p><ol><li style=\"list-style-type: none;\"><ol><li>E-pasta adrese, lai atbild\u0113tu uz j\u016bsu e-pastiem vai zi\u0146ojumiem, kas nos\u016bt\u012bti, izmantojot kontaktu veidlapas;<\/li><li>E-pasta adrese pied\u0101v\u0101jumu un jaunumu bi\u013cetenu s\u016bt\u012b\u0161anai;<\/li><li>V\u0101rds, uzv\u0101rds, adrese, e-pasta adrese un t\u0101lru\u0146a numurs, lai sa\u0146emtu rezerv\u0101cijas, piepras\u012bjumus un nos\u016bt\u012btu pied\u0101v\u0101jumus vai saist\u012bb\u0101 ar citu j\u016bsu piepras\u012bjumu izpildi;<\/li><li>V\u0101rds, uzv\u0101rds, adrese, e-pasta adrese un t\u0101lru\u0146a numurs, lai ieg\u0101d\u0101tos d\u0101vanu kuponus, kuponus vai pakalpojumus un preces saist\u012bb\u0101 ar m\u016bsu pied\u0101v\u0101jumu;<\/li><li>Inform\u0101cija par maks\u0101\u0161anas l\u012bdzek\u013ciem un personu apliecino\u0161u dokumentu kopijas par pakalpojumu snieg\u0161anu;<\/li><li>E-pasta adrese automatiz\u0113tai tirgved\u012bbai (rezerv\u0101cijas apstiprin\u0101jumiem, pateic\u012bbas v\u0113stul\u0113m u. c.);<\/li><li>S\u012bkfaili t\u012bmek\u013ca viet\u0146u darb\u012bbai;<\/li><li>Sazi\u0146a soci\u0101laj\u0101s grup\u0101s ar person\u012bgajiem profiliem, kas apstiprina j\u016bsu saist\u012bbu ar mums;<\/li><li>V\u0101rds, uzv\u0101rds, adrese, e-pasta adrese un t\u0101lru\u0146a numurs, lai ar j\u016bsu iepriek\u0161\u0113ju at\u013cauju var\u0113tu piedal\u012bties loterij\u0101s vai cit\u0101s akcij\u0101s;<\/li><li>Apkopotie dati no Google Analytics vai Yandex Direct un Cloudflare apmekl\u0113jumu izseko\u0161anai un iek\u0161\u0113jai anal\u012bzei, lai uzlabotu saturu.<\/li><\/ol><\/li><\/ol><p>\u00a0<\/p><ol><li><strong>KO M\u0112S DAR\u0100M AR PERSONAS DATIEM<\/strong><\/li><\/ol><p>J\u016bsu personas datus apstr\u0101d\u0101 uz\u0146\u0113mums MLM ENGINEERING MIHA FLANDER S.P., ENGINEERING, CESTA POD RIFNIKOM 23 , 3230 \u0160ENTJUR, kas atrodas Slov\u0113nij\u0101. Dati tiek izvietoti un glab\u0101ti vietn\u0113 https:\/\/mlm-engineering.com\/, kas atrodas Eiropas Savien\u012bb\u0101 (V\u0101cij\u0101). Nevienam tre\u0161\u0101s puses pakalpojumu sniedz\u0113jam nav piek\u013cuves j\u016bsu datiem, iz\u0146emot gad\u012bjumus, kad to pieprasa likums.<\/p><ol start=\"4\"><li><strong>CIK ILGI TIE TIEK GLAB\u0100TI.<\/strong><\/li><\/ol><p>M\u0113s sav\u0101 t\u012bmek\u013ca vietn\u0113 izmantojam past\u0101v\u012bgos s\u012bkfailus, lai izveidotu saites ar soci\u0101lajiem pakalpojumiem un citiem kop\u012bgo\u0161anas pakalpojumu sniedz\u0113jiem, k\u0101 ar\u012b s\u012bkfailus, kas pal\u012bdz jums atk\u0101rtoti piek\u013c\u016bt iecien\u012bt\u0101kajam saturam m\u016bsu t\u012bmek\u013ca vietn\u0113.<\/p><ol start=\"5\"><li><strong>K\u0100DAS IR J\u016aSU TIES\u012aBAS<\/strong><\/li><\/ol><p>Ja uzskat\u0101t, ka m\u016bsu r\u012bc\u012bb\u0101 eso\u0161ie j\u016bsu personas dati ir nepareizi vai nepiln\u012bgi, jums ir iesp\u0113ja iesniegt piepras\u012bjumu p\u0101rskat\u012bt, labot vai dz\u0113st \u0161os datus. L\u016bdzu, sazinieties ar mums, izmantojot (datu piek\u013cuves piepras\u012bjuma veidlapu). Ja v\u0113laties iesniegt s\u016bdz\u012bbu par to, k\u0101 m\u0113s esam apstr\u0101d\u0101ju\u0161i j\u016bsu personas datus, l\u016bdzu, sazinieties ar datu aizsardz\u012bbas inspektoru vai datu aizsardz\u012bbas kontaktpersonu (DPC), rakstot uz info@mlm-engineering.com\/ vai rakstveid\u0101 uz adresi MLM ENGINEERING MIHA FLANDER S.P., ENGINEERING, CESTA POD RIFNIKOM 23 , 3230 \u0160ENTJUR. M\u016bsu DPC p\u0113c tam izskat\u012bs j\u016bsu s\u016bdz\u012bbu un inform\u0113s j\u016bs par lietas atrisin\u0101jumu. Ja j\u016bs joproj\u0101m uzskat\u0101t, ka j\u016bsu personas dati nav pien\u0101c\u012bgi apstr\u0101d\u0101ti saska\u0146\u0101 ar likumu, j\u016bs varat sazin\u0101ties ar inform\u0101cijas komis\u0101ru un iesniegt vi\u0146am s\u016bdz\u012bbu. J\u016bs varat piepras\u012bt piek\u013cuvi ar priv\u0101tumu saist\u012bt\u0101m politik\u0101m un dokumentiem, izmantojot \u012bpa\u0161u veidlapu, kas atrodama lap\u0101 \"Pazi\u0146ojums par priv\u0101tumu\".\u00a0<strong>Saist\u012btie dokumenti:<\/strong><\/p><ul><li>Personas datu aizsardz\u012bbas politika<\/li><li>Personas datu saglab\u0101\u0161anas politika (p\u0113c piepras\u012bjuma pa e-pastu vai person\u012bgi)<\/li><li>Personas datu glab\u0101\u0161anas grafiks (p\u0113c piepras\u012bjuma pa e-pastu vai person\u012bgi)<\/li><li>Pazi\u0146ojums par konfidencialit\u0101ti<\/li><li>Visp\u0101r\u012bgie noteikumi un nosac\u012bjumi<\/li><li>Piekri\u0161anas veidlapa<\/li><li>Piekri\u0161anas atsauk\u0161anas veidlapa<\/li><\/ul><p>\u0160ENTJUR, 10.6.2022, Ver. Dokuments: 1.0<\/p>\t\t\t\t\t\t<\/div>\n\t\t\t\t<\/div>\n\t\t\t\t\t<\/div>\n\t\t<\/div>\n\t\t\t\t\t<\/div>\n\t\t<\/section>\n\t\t\t\t<\/div>","protected":false},"excerpt":{"rendered":"<p>Politika zasebnosti KAJ POTREBUJEMO Na\u0161a politika varovanja osebnih podatkov ureja uporabo in shranjevanje podatkov. Politiko varovanja osebnih podatkov si lahko ogledate na strani Obvestilo o zasebnosti (priloga spodaj). MLM ENGINEERING MIHA FLANDER S.P., IN\u017dINIRING, CESTA POD RIFNIKOM 23 , 3230 \u0160ENTJUR je upravljalec osebnih podatkov, ki jih posreduje (subjekt podatkov: vi, kupec, obiskovalec itd.). Zbiramo [&hellip;]<\/p>","protected":false},"author":3,"featured_media":0,"parent":0,"menu_order":0,"comment_status":"closed","ping_status":"closed","template":"","meta":{"_seopress_robots_primary_cat":"","_seopress_titles_title":"","_seopress_titles_desc":"","_seopress_robots_index":"","ocean_post_layout":"full-screen","ocean_both_sidebars_style":"","ocean_both_sidebars_content_width":0,"ocean_both_sidebars_sidebars_width":0,"ocean_sidebar":"0","ocean_second_sidebar":"0","ocean_disable_margins":"on","ocean_add_body_class":"","ocean_shortcode_before_top_bar":"","ocean_shortcode_after_top_bar":"","ocean_shortcode_before_header":"","ocean_shortcode_after_header":"","ocean_has_shortcode":"","ocean_shortcode_after_title":"","ocean_shortcode_before_footer_widgets":"","ocean_shortcode_after_footer_widgets":"","ocean_shortcode_before_footer_bottom":"","ocean_shortcode_after_footer_bottom":"","ocean_display_top_bar":"default","ocean_display_header":"default","ocean_header_style":"","ocean_center_header_left_menu":"0","ocean_custom_header_template":"0","ocean_custom_logo":0,"ocean_custom_retina_logo":0,"ocean_custom_logo_max_width":0,"ocean_custom_logo_tablet_max_width":0,"ocean_custom_logo_mobile_max_width":0,"ocean_custom_logo_max_height":0,"ocean_custom_logo_tablet_max_height":0,"ocean_custom_logo_mobile_max_height":0,"ocean_header_custom_menu":"0","ocean_menu_typo_font_family":"0","ocean_menu_typo_font_subset":"","ocean_menu_typo_font_size":0,"ocean_menu_typo_font_size_tablet":0,"ocean_menu_typo_font_size_mobile":0,"ocean_menu_typo_font_size_unit":"px","ocean_menu_typo_font_weight":"","ocean_menu_typo_font_weight_tablet":"","ocean_menu_typo_font_weight_mobile":"","ocean_menu_typo_transform":"","ocean_menu_typo_transform_tablet":"","ocean_menu_typo_transform_mobile":"","ocean_menu_typo_line_height":0,"ocean_menu_typo_line_height_tablet":0,"ocean_menu_typo_line_height_mobile":0,"ocean_menu_typo_line_height_unit":"","ocean_menu_typo_spacing":0,"ocean_menu_typo_spacing_tablet":0,"ocean_menu_typo_spacing_mobile":0,"ocean_menu_typo_spacing_unit":"","ocean_menu_link_color":"","ocean_menu_link_color_hover":"","ocean_menu_link_color_active":"","ocean_menu_link_background":"","ocean_menu_link_hover_background":"","ocean_menu_link_active_background":"","ocean_menu_social_links_bg":"","ocean_menu_social_hover_links_bg":"","ocean_menu_social_links_color":"","ocean_menu_social_hover_links_color":"","ocean_disable_title":"on","ocean_disable_heading":"on","ocean_post_title":"","ocean_post_subheading":"","ocean_post_title_style":"","ocean_post_title_background_color":"","ocean_post_title_background":0,"ocean_post_title_bg_image_position":"","ocean_post_title_bg_image_attachment":"","ocean_post_title_bg_image_repeat":"","ocean_post_title_bg_image_size":"","ocean_post_title_height":0,"ocean_post_title_bg_overlay":0.5,"ocean_post_title_bg_overlay_color":"","ocean_disable_breadcrumbs":"off","ocean_breadcrumbs_color":"","ocean_breadcrumbs_separator_color":"","ocean_breadcrumbs_links_color":"","ocean_breadcrumbs_links_hover_color":"","ocean_display_footer_widgets":"default","ocean_display_footer_bottom":"default","ocean_custom_footer_template":"0","footnotes":""},"_links":{"self":[{"href":"https:\/\/mlm-engineering.com\/lv\/wp-json\/wp\/v2\/pages\/2209"}],"collection":[{"href":"https:\/\/mlm-engineering.com\/lv\/wp-json\/wp\/v2\/pages"}],"about":[{"href":"https:\/\/mlm-engineering.com\/lv\/wp-json\/wp\/v2\/types\/page"}],"author":[{"embeddable":true,"href":"https:\/\/mlm-engineering.com\/lv\/wp-json\/wp\/v2\/users\/3"}],"replies":[{"embeddable":true,"href":"https:\/\/mlm-engineering.com\/lv\/wp-json\/wp\/v2\/comments?post=2209"}],"version-history":[{"count":0,"href":"https:\/\/mlm-engineering.com\/lv\/wp-json\/wp\/v2\/pages\/2209\/revisions"}],"wp:attachment":[{"href":"https:\/\/mlm-engineering.com\/lv\/wp-json\/wp\/v2\/media?parent=2209"}],"curies":[{"name":"wp","href":"https:\/\/api.w.org\/{rel}","templated":true}]}}