{"id":2217,"date":"2022-06-10T07:15:57","date_gmt":"2022-06-10T07:15:57","guid":{"rendered":"https:\/\/mlm-engineering.com\/?page_id=2217"},"modified":"2022-06-10T07:16:21","modified_gmt":"2022-06-10T07:16:21","slug":"kolofon","status":"publish","type":"page","link":"https:\/\/mlm-engineering.com\/lv\/kolofon\/","title":{"rendered":"Kolofons"},"content":{"rendered":"<div data-elementor-type=\"wp-page\" data-elementor-id=\"2217\" class=\"elementor elementor-2217\">\n\t\t\t\t\t\t<section class=\"elementor-section elementor-top-section elementor-element elementor-element-676f2f3 elementor-section-boxed elementor-section-height-default elementor-section-height-default\" data-id=\"676f2f3\" data-element_type=\"section\" data-settings=\"{&quot;background_background&quot;:&quot;classic&quot;}\">\n\t\t\t\t\t\t<div class=\"elementor-container elementor-column-gap-default\">\n\t\t\t\t\t<div class=\"elementor-column elementor-col-100 elementor-top-column elementor-element elementor-element-cda71a6\" data-id=\"cda71a6\" data-element_type=\"column\">\n\t\t\t<div class=\"elementor-widget-wrap elementor-element-populated\">\n\t\t\t\t\t\t<div class=\"elementor-element elementor-element-53e4b40 elementor-widget elementor-widget-heading\" data-id=\"53e4b40\" data-element_type=\"widget\" data-widget_type=\"heading.default\">\n\t\t\t\t<div class=\"elementor-widget-container\">\n\t\t\t<h2 class=\"elementor-heading-title elementor-size-default\">Kolofons<\/h2>\t\t<\/div>\n\t\t\t\t<\/div>\n\t\t\t\t<div class=\"elementor-element elementor-element-cfd40ef elementor-widget elementor-widget-text-editor\" data-id=\"cfd40ef\" data-element_type=\"widget\" data-widget_type=\"text-editor.default\">\n\t\t\t\t<div class=\"elementor-widget-container\">\n\t\t\t\t\t\t\t<p>T\u012bmek\u013ca vietnes izstr\u0101d\u0101j\u0101m m\u0113s un m\u016bsu t\u012bmek\u013ca pakalpojumu sniedz\u0113js.<\/p><p><strong>T\u012bmek\u013ca viet\u0146u m\u0113r\u0137is<\/strong><br \/>Inform\u0101cija t\u012bmek\u013ca vietn\u0113 ir paredz\u0113ta tikai demonstr\u0101cijas nol\u016bkiem saist\u012bb\u0101 ar pamatdarb\u012bbu, kurai esam re\u0123istr\u0113ti, - galdniec\u012bbas izstr\u0101d\u0101jumu un interjera priek\u0161metu ra\u017eo\u0161anu. M\u0113s ap\u0146emamies, ka t\u012bmek\u013ca vietn\u0113 sniegt\u0101 inform\u0101cija ir patiesa, uzticama un kvalitat\u012bva.<br \/>M\u0113s neesam atbild\u012bgi par drukas k\u013c\u016bd\u0101m un paturam ties\u012bbas jebkur\u0101 laik\u0101 un bez iepriek\u0161\u0113ja br\u012bdin\u0101juma main\u012bt saturu, ja tas neatbilst m\u016bsu uz\u0146\u0113muma politikai.<\/p><p><strong>Lieto\u0161anas ties\u012bbas<\/strong><br \/>T\u012bmek\u013ca vietni un visu t\u0101s saturu aizsarg\u0101 r\u016bpniecisk\u0101 un intelektu\u0101l\u0101 \u012bpa\u0161uma ties\u012bbas. Jebk\u0101du inform\u0101ciju, tekstu, att\u0113lus vai citus grafiskos elementus, kas atrodami \u0161aj\u0101 t\u012bmek\u013ca vietn\u0113, dr\u012bkst izmantot tikai person\u012bgai, nekomerci\u0101lai lieto\u0161anai, un tos nedr\u012bkst pavairot, p\u0101rveidot, izplat\u012bt, licenc\u0113t vai izdot publik\u0101ciju veid\u0101, piln\u012bb\u0101 vai da\u013c\u0113ji, citiem nol\u016bkiem, iz\u0146emot apl\u016bko\u0161anu, bez iepriek\u0161\u0113jas rakstiskas administratora at\u013caujas.<\/p><p><strong>Atbild\u012bbas uz\u0146em\u0161an\u0101s<\/strong><br \/>Veidojot t\u012bmek\u013ca vietni, m\u0113s cen\u0161amies nodro\u0161in\u0101t, lai inform\u0101cija b\u016btu aktu\u0101la un prec\u012bza. M\u0113s negarant\u0113jam t\u0101s precizit\u0101ti vai piln\u012bgumu un neuz\u0146emamies nek\u0101du atbild\u012bbu par t\u0101s izmanto\u0161anu. Visi lietot\u0101ji izmanto public\u0113to saturu uz savu risku.<br \/>M\u0113s paturam ties\u012bbas jebkur\u0101 laik\u0101, jebk\u0101d\u0101 veid\u0101, jebk\u0101da iemesla d\u0113\u013c un bez iepriek\u0161\u0113ja br\u012bdin\u0101juma main\u012bt m\u016bsu viet\u0146u saturu.<\/p><p><strong>Tehnolo\u0123isk\u0101 \u012bsteno\u0161ana<\/strong><br \/>Tehnolo\u0123isko realiz\u0101ciju nodro\u0161in\u0101ja programm\u0113\u0161anas un dizaina a\u0123ent\u016bra sadarb\u012bb\u0101 ar m\u016bsu uz\u0146\u0113mumu.<\/p><p>\u00a0<\/p><p>Uz\u0146\u0113muma nosaukums: MLM ENGINEERING MIHA FLANDER S.P., ENGINEERING<br \/>Adrese: CESTA POD RIFNIKOM 23 , 3230 \u0160ENTJUR<br \/>E-pasts: info@mlm-engineering.com\/<br \/>T\u012bmek\u013ca vietne: https:\/\/mlm-engineering.com\/<\/p><p>\u0160ENTJUR, 10.6.2022<\/p>\t\t\t\t\t\t<\/div>\n\t\t\t\t<\/div>\n\t\t\t\t\t<\/div>\n\t\t<\/div>\n\t\t\t\t\t<\/div>\n\t\t<\/section>\n\t\t\t\t<\/div>","protected":false},"excerpt":{"rendered":"<p>Kolofon Spletne strani smo pripravili sami skupaj z izvajalcem spletnih storitev. Namen spletnih straniPodatki na spletni strani so predstavitvene narave s podro\u010dja osnovne dejavnosti za katere smo registrirani \u2013 proizvodnja stavbnega in notranjega pohi\u0161tva. Zavezujemo se, da so podatki na spletnem mestu resni\u010dni, zanesljivi in kakovostni.Ne odgovarjamo za morebitne tipkarske napake, pridr\u017eujemo si pravico, da [&hellip;]<\/p>","protected":false},"author":3,"featured_media":0,"parent":0,"menu_order":0,"comment_status":"closed","ping_status":"closed","template":"","meta":{"_seopress_robots_primary_cat":"","_seopress_titles_title":"","_seopress_titles_desc":"","_seopress_robots_index":"","ocean_post_layout":"full-screen","ocean_both_sidebars_style":"","ocean_both_sidebars_content_width":0,"ocean_both_sidebars_sidebars_width":0,"ocean_sidebar":"0","ocean_second_sidebar":"0","ocean_disable_margins":"on","ocean_add_body_class":"","ocean_shortcode_before_top_bar":"","ocean_shortcode_after_top_bar":"","ocean_shortcode_before_header":"","ocean_shortcode_after_header":"","ocean_has_shortcode":"","ocean_shortcode_after_title":"","ocean_shortcode_before_footer_widgets":"","ocean_shortcode_after_footer_widgets":"","ocean_shortcode_before_footer_bottom":"","ocean_shortcode_after_footer_bottom":"","ocean_display_top_bar":"default","ocean_display_header":"default","ocean_header_style":"","ocean_center_header_left_menu":"0","ocean_custom_header_template":"0","ocean_custom_logo":0,"ocean_custom_retina_logo":0,"ocean_custom_logo_max_width":0,"ocean_custom_logo_tablet_max_width":0,"ocean_custom_logo_mobile_max_width":0,"ocean_custom_logo_max_height":0,"ocean_custom_logo_tablet_max_height":0,"ocean_custom_logo_mobile_max_height":0,"ocean_header_custom_menu":"0","ocean_menu_typo_font_family":"0","ocean_menu_typo_font_subset":"","ocean_menu_typo_font_size":0,"ocean_menu_typo_font_size_tablet":0,"ocean_menu_typo_font_size_mobile":0,"ocean_menu_typo_font_size_unit":"px","ocean_menu_typo_font_weight":"","ocean_menu_typo_font_weight_tablet":"","ocean_menu_typo_font_weight_mobile":"","ocean_menu_typo_transform":"","ocean_menu_typo_transform_tablet":"","ocean_menu_typo_transform_mobile":"","ocean_menu_typo_line_height":0,"ocean_menu_typo_line_height_tablet":0,"ocean_menu_typo_line_height_mobile":0,"ocean_menu_typo_line_height_unit":"","ocean_menu_typo_spacing":0,"ocean_menu_typo_spacing_tablet":0,"ocean_menu_typo_spacing_mobile":0,"ocean_menu_typo_spacing_unit":"","ocean_menu_link_color":"","ocean_menu_link_color_hover":"","ocean_menu_link_color_active":"","ocean_menu_link_background":"","ocean_menu_link_hover_background":"","ocean_menu_link_active_background":"","ocean_menu_social_links_bg":"","ocean_menu_social_hover_links_bg":"","ocean_menu_social_links_color":"","ocean_menu_social_hover_links_color":"","ocean_disable_title":"on","ocean_disable_heading":"on","ocean_post_title":"","ocean_post_subheading":"","ocean_post_title_style":"","ocean_post_title_background_color":"","ocean_post_title_background":0,"ocean_post_title_bg_image_position":"","ocean_post_title_bg_image_attachment":"","ocean_post_title_bg_image_repeat":"","ocean_post_title_bg_image_size":"","ocean_post_title_height":0,"ocean_post_title_bg_overlay":0.5,"ocean_post_title_bg_overlay_color":"","ocean_disable_breadcrumbs":"off","ocean_breadcrumbs_color":"","ocean_breadcrumbs_separator_color":"","ocean_breadcrumbs_links_color":"","ocean_breadcrumbs_links_hover_color":"","ocean_display_footer_widgets":"default","ocean_display_footer_bottom":"default","ocean_custom_footer_template":"0","footnotes":""},"_links":{"self":[{"href":"https:\/\/mlm-engineering.com\/lv\/wp-json\/wp\/v2\/pages\/2217"}],"collection":[{"href":"https:\/\/mlm-engineering.com\/lv\/wp-json\/wp\/v2\/pages"}],"about":[{"href":"https:\/\/mlm-engineering.com\/lv\/wp-json\/wp\/v2\/types\/page"}],"author":[{"embeddable":true,"href":"https:\/\/mlm-engineering.com\/lv\/wp-json\/wp\/v2\/users\/3"}],"replies":[{"embeddable":true,"href":"https:\/\/mlm-engineering.com\/lv\/wp-json\/wp\/v2\/comments?post=2217"}],"version-history":[{"count":0,"href":"https:\/\/mlm-engineering.com\/lv\/wp-json\/wp\/v2\/pages\/2217\/revisions"}],"wp:attachment":[{"href":"https:\/\/mlm-engineering.com\/lv\/wp-json\/wp\/v2\/media?parent=2217"}],"curies":[{"name":"wp","href":"https:\/\/api.w.org\/{rel}","templated":true}]}}