{"id":432,"date":"2022-04-16T17:29:50","date_gmt":"2022-04-16T17:29:50","guid":{"rendered":"https:\/\/medical.oceanwp.org\/?page_id=432"},"modified":"2022-07-25T06:52:42","modified_gmt":"2022-07-25T06:52:42","slug":"novice","status":"publish","type":"page","link":"https:\/\/mlm-engineering.com\/nb\/novice\/","title":{"rendered":"Nyheter"},"content":{"rendered":"<div data-elementor-type=\"wp-page\" data-elementor-id=\"432\" class=\"elementor elementor-432\">\n\t\t\t\t\t\t<section class=\"elementor-section elementor-top-section elementor-element elementor-element-f5f0489 elementor-section-boxed elementor-section-height-default elementor-section-height-default\" data-id=\"f5f0489\" data-element_type=\"section\" data-settings=\"{&quot;background_background&quot;:&quot;classic&quot;}\">\n\t\t\t\t\t\t\t<div class=\"elementor-background-overlay\"><\/div>\n\t\t\t\t\t\t\t<div class=\"elementor-container elementor-column-gap-default\">\n\t\t\t\t\t<div class=\"elementor-column elementor-col-100 elementor-top-column elementor-element elementor-element-10890eb\" data-id=\"10890eb\" data-element_type=\"column\">\n\t\t\t<div class=\"elementor-widget-wrap elementor-element-populated\">\n\t\t\t\t\t\t<section class=\"elementor-section elementor-inner-section elementor-element elementor-element-22765d2 elementor-section-boxed elementor-section-height-default elementor-section-height-default\" data-id=\"22765d2\" data-element_type=\"section\">\n\t\t\t\t\t\t<div class=\"elementor-container elementor-column-gap-default\">\n\t\t\t\t\t<div class=\"elementor-column elementor-col-100 elementor-inner-column elementor-element elementor-element-994162d\" data-id=\"994162d\" data-element_type=\"column\">\n\t\t\t<div class=\"elementor-widget-wrap elementor-element-populated\">\n\t\t\t\t\t\t<div class=\"elementor-element elementor-element-898b02d elementor-widget elementor-widget-heading\" data-id=\"898b02d\" data-element_type=\"widget\" data-widget_type=\"heading.default\">\n\t\t\t\t<div class=\"elementor-widget-container\">\n\t\t\t<h1 class=\"elementor-heading-title elementor-size-default\">Nyheter<\/h1>\t\t<\/div>\n\t\t\t\t<\/div>\n\t\t\t\t\t<\/div>\n\t\t<\/div>\n\t\t\t\t\t<\/div>\n\t\t<\/section>\n\t\t\t\t\t<\/div>\n\t\t<\/div>\n\t\t\t\t\t<\/div>\n\t\t<\/section>\n\t\t\t\t<section class=\"elementor-section elementor-top-section elementor-element elementor-element-fa7fa91 elementor-section-boxed elementor-section-height-default elementor-section-height-default\" data-id=\"fa7fa91\" data-element_type=\"section\" data-settings=\"{&quot;background_background&quot;:&quot;classic&quot;}\">\n\t\t\t\t\t\t<div class=\"elementor-container elementor-column-gap-default\">\n\t\t\t\t\t<div class=\"elementor-column elementor-col-100 elementor-top-column elementor-element elementor-element-23d7f16\" data-id=\"23d7f16\" data-element_type=\"column\">\n\t\t\t<div class=\"elementor-widget-wrap elementor-element-populated\">\n\t\t\t\t\t\t<div class=\"elementor-element elementor-element-2545012 elementor-grid-3 elementor-grid-tablet-2 elementor-grid-mobile-1 elementor-posts--thumbnail-top elementor-widget elementor-widget-posts\" data-id=\"2545012\" data-element_type=\"widget\" data-settings=\"{&quot;classic_columns&quot;:&quot;3&quot;,&quot;classic_columns_tablet&quot;:&quot;2&quot;,&quot;classic_columns_mobile&quot;:&quot;1&quot;,&quot;classic_row_gap&quot;:{&quot;unit&quot;:&quot;px&quot;,&quot;size&quot;:35,&quot;sizes&quot;:[]},&quot;classic_row_gap_tablet&quot;:{&quot;unit&quot;:&quot;px&quot;,&quot;size&quot;:&quot;&quot;,&quot;sizes&quot;:[]},&quot;classic_row_gap_mobile&quot;:{&quot;unit&quot;:&quot;px&quot;,&quot;size&quot;:&quot;&quot;,&quot;sizes&quot;:[]}}\" data-widget_type=\"posts.classic\">\n\t\t\t\t<div class=\"elementor-widget-container\">\n\t\t\t\t\t<div class=\"elementor-posts-container elementor-posts elementor-posts--skin-classic elementor-grid\">\n\t\t\t\t<article class=\"elementor-post elementor-grid-item post-676 post type-post status-publish format-standard has-post-thumbnail hentry category-novice entry has-media\">\n\t\t\t\t<a class=\"elementor-post__thumbnail__link\" href=\"https:\/\/mlm-engineering.com\/nb\/osnovni-tipi-cnc-strojev\/\" >\n\t\t\t<div class=\"elementor-post__thumbnail\"><img decoding=\"async\" width=\"300\" height=\"142\" src=\"https:\/\/mlm-engineering.com\/wp-content\/uploads\/2022\/06\/mlm-17-1-300x142.jpg\" class=\"attachment-medium size-medium wp-image-2313\" alt=\"\" srcset=\"https:\/\/mlm-engineering.com\/wp-content\/uploads\/2022\/06\/mlm-17-1-300x142.jpg 300w, https:\/\/mlm-engineering.com\/wp-content\/uploads\/2022\/06\/mlm-17-1-1024x485.jpg 1024w, https:\/\/mlm-engineering.com\/wp-content\/uploads\/2022\/06\/mlm-17-1-768x364.jpg 768w, https:\/\/mlm-engineering.com\/wp-content\/uploads\/2022\/06\/mlm-17-1-1536x728.jpg 1536w, https:\/\/mlm-engineering.com\/wp-content\/uploads\/2022\/06\/mlm-17-1.jpg 1872w\" sizes=\"(max-width: 300px) 100vw, 300px\" \/><\/div>\n\t\t<\/a>\n\t\t\t\t<div class=\"elementor-post__text\">\n\t\t\t\t<h3 class=\"elementor-post__title\">\n\t\t\t<a href=\"https:\/\/mlm-engineering.com\/nb\/osnovni-tipi-cnc-strojev\/\" >\n\t\t\t\tGrunnleggende typer CNC-maskiner\t\t\t<\/a>\n\t\t<\/h3>\n\t\t\t\t<div class=\"elementor-post__meta-data\">\n\t\t\t\t\t<span class=\"elementor-post-date\">\n\t\t\t15. juni 2022\t\t<\/span>\n\t\t\t\t<span class=\"elementor-post-avatar\">\n\t\t\tNo Comments\t\t<\/span>\n\t\t\t\t<\/div>\n\t\t\t\t<div class=\"elementor-post__excerpt\">\n\t\t\t<p>CNC-maskiner er vanligst i metall- og treindustrien, men i den senere tid har de i \u00f8kende grad blitt brukt som 3D-skrivere til prototyping, noe som er i ferd med \u00e5 bli<\/p>\n\t\t<\/div>\n\t\t\n\t\t<a class=\"elementor-post__read-more\" href=\"https:\/\/mlm-engineering.com\/nb\/osnovni-tipi-cnc-strojev\/\" aria-label=\"Read more about Osnovni tipi CNC strojev\" >\n\t\t\tLes mer \"\t\t<\/a>\n\n\t\t\t\t<\/div>\n\t\t\t\t<\/article>\n\t\t\t\t<article class=\"elementor-post elementor-grid-item post-677 post type-post status-publish format-standard has-post-thumbnail hentry category-novice entry has-media\">\n\t\t\t\t<a class=\"elementor-post__thumbnail__link\" href=\"https:\/\/mlm-engineering.com\/nb\/tudi-v-prihodnje-bo-menda-vladalo-jeklo\/\" >\n\t\t\t<div class=\"elementor-post__thumbnail\"><img decoding=\"async\" width=\"300\" height=\"142\" src=\"https:\/\/mlm-engineering.com\/wp-content\/uploads\/2017\/08\/mlm-13-300x142.jpg\" class=\"attachment-medium size-medium wp-image-2271\" alt=\"\" srcset=\"https:\/\/mlm-engineering.com\/wp-content\/uploads\/2017\/08\/mlm-13-300x142.jpg 300w, https:\/\/mlm-engineering.com\/wp-content\/uploads\/2017\/08\/mlm-13-1024x485.jpg 1024w, https:\/\/mlm-engineering.com\/wp-content\/uploads\/2017\/08\/mlm-13-768x364.jpg 768w, https:\/\/mlm-engineering.com\/wp-content\/uploads\/2017\/08\/mlm-13-1536x728.jpg 1536w, https:\/\/mlm-engineering.com\/wp-content\/uploads\/2017\/08\/mlm-13.jpg 1872w\" sizes=\"(max-width: 300px) 100vw, 300px\" \/><\/div>\n\t\t<\/a>\n\t\t\t\t<div class=\"elementor-post__text\">\n\t\t\t\t<h3 class=\"elementor-post__title\">\n\t\t\t<a href=\"https:\/\/mlm-engineering.com\/nb\/tudi-v-prihodnje-bo-menda-vladalo-jeklo\/\" >\n\t\t\t\tSt\u00e5l kommer til \u00e5 fortsette \u00e5 dominere markedet.\t\t\t<\/a>\n\t\t<\/h3>\n\t\t\t\t<div class=\"elementor-post__meta-data\">\n\t\t\t\t\t<span class=\"elementor-post-date\">\n\t\t\t1. juni 2022\t\t<\/span>\n\t\t\t\t<span class=\"elementor-post-avatar\">\n\t\t\tNo Comments\t\t<\/span>\n\t\t\t\t<\/div>\n\t\t\t\t<div class=\"elementor-post__excerpt\">\n\t\t\t<p>Her kommer metallurgi - metallurgi. En periode med en n\u00e6rmest foraktfull holdning til den \"skitne\" og utviklingsmessig avskrevne metallurgien ser ut til \u00e5 ha blitt etterfulgt av en periode med erkjennelse av at Slovenias fremtid tross alt vil v\u00e6re basert p\u00e5<\/p>\n\t\t<\/div>\n\t\t\n\t\t<a class=\"elementor-post__read-more\" href=\"https:\/\/mlm-engineering.com\/nb\/tudi-v-prihodnje-bo-menda-vladalo-jeklo\/\" aria-label=\"Read more about Tudi v prihodnje bo menda vladalo jeklo\" >\n\t\t\tLes mer \"\t\t<\/a>\n\n\t\t\t\t<\/div>\n\t\t\t\t<\/article>\n\t\t\t\t<article class=\"elementor-post elementor-grid-item post-678 post type-post status-publish format-standard has-post-thumbnail hentry category-novice entry has-media\">\n\t\t\t\t<a class=\"elementor-post__thumbnail__link\" href=\"https:\/\/mlm-engineering.com\/nb\/kaj-je-cnc-stroj\/\" >\n\t\t\t<div class=\"elementor-post__thumbnail\"><img decoding=\"async\" width=\"300\" height=\"142\" src=\"https:\/\/mlm-engineering.com\/wp-content\/uploads\/2022\/05\/mlm-14-300x142.jpg\" class=\"attachment-medium size-medium wp-image-2292\" alt=\"\" srcset=\"https:\/\/mlm-engineering.com\/wp-content\/uploads\/2022\/05\/mlm-14-300x142.jpg 300w, https:\/\/mlm-engineering.com\/wp-content\/uploads\/2022\/05\/mlm-14-1024x485.jpg 1024w, https:\/\/mlm-engineering.com\/wp-content\/uploads\/2022\/05\/mlm-14-768x364.jpg 768w, https:\/\/mlm-engineering.com\/wp-content\/uploads\/2022\/05\/mlm-14-1536x728.jpg 1536w, https:\/\/mlm-engineering.com\/wp-content\/uploads\/2022\/05\/mlm-14.jpg 1872w\" sizes=\"(max-width: 300px) 100vw, 300px\" \/><\/div>\n\t\t<\/a>\n\t\t\t\t<div class=\"elementor-post__text\">\n\t\t\t\t<h3 class=\"elementor-post__title\">\n\t\t\t<a href=\"https:\/\/mlm-engineering.com\/nb\/kaj-je-cnc-stroj\/\" >\n\t\t\t\tHva er en CNC-maskin?\t\t\t<\/a>\n\t\t<\/h3>\n\t\t\t\t<div class=\"elementor-post__meta-data\">\n\t\t\t\t\t<span class=\"elementor-post-date\">\n\t\t\t29. mai 2022\t\t<\/span>\n\t\t\t\t<span class=\"elementor-post-avatar\">\n\t\t\tNo Comments\t\t<\/span>\n\t\t\t\t<\/div>\n\t\t\t\t<div class=\"elementor-post__excerpt\">\n\t\t\t<p>En CNC-maskin er en datastyrt maskin for mekanisk bearbeiding. Forkortelsen CNC kommer fra det engelske begrepet Computer Numerical Control. Begrepet i seg selv antyder<\/p>\n\t\t<\/div>\n\t\t\n\t\t<a class=\"elementor-post__read-more\" href=\"https:\/\/mlm-engineering.com\/nb\/kaj-je-cnc-stroj\/\" aria-label=\"Read more about Kaj je CNC stroj?\" >\n\t\t\tLes mer \"\t\t<\/a>\n\n\t\t\t\t<\/div>\n\t\t\t\t<\/article>\n\t\t\t\t<\/div>\n\t\t\n\t\t\t\t<\/div>\n\t\t\t\t<\/div>\n\t\t\t\t\t<\/div>\n\t\t<\/div>\n\t\t\t\t\t<\/div>\n\t\t<\/section>\n\t\t\t\t<\/div>","protected":false},"excerpt":{"rendered":"<p>Nyheter<\/p>","protected":false},"author":3,"featured_media":0,"parent":0,"menu_order":0,"comment_status":"closed","ping_status":"closed","template":"","meta":{"_seopress_robots_primary_cat":"","_seopress_titles_title":"","_seopress_titles_desc":"","_seopress_robots_index":"","ocean_post_layout":"full-screen","ocean_both_sidebars_style":"","ocean_both_sidebars_content_width":0,"ocean_both_sidebars_sidebars_width":0,"ocean_sidebar":"0","ocean_second_sidebar":"0","ocean_disable_margins":"on","ocean_add_body_class":"","ocean_shortcode_before_top_bar":"","ocean_shortcode_after_top_bar":"","ocean_shortcode_before_header":"","ocean_shortcode_after_header":"","ocean_has_shortcode":"","ocean_shortcode_after_title":"","ocean_shortcode_before_footer_widgets":"","ocean_shortcode_after_footer_widgets":"","ocean_shortcode_before_footer_bottom":"","ocean_shortcode_after_footer_bottom":"","ocean_display_top_bar":"default","ocean_display_header":"default","ocean_header_style":"","ocean_center_header_left_menu":"0","ocean_custom_header_template":"0","ocean_custom_logo":0,"ocean_custom_retina_logo":0,"ocean_custom_logo_max_width":0,"ocean_custom_logo_tablet_max_width":0,"ocean_custom_logo_mobile_max_width":0,"ocean_custom_logo_max_height":0,"ocean_custom_logo_tablet_max_height":0,"ocean_custom_logo_mobile_max_height":0,"ocean_header_custom_menu":"0","ocean_menu_typo_font_family":"0","ocean_menu_typo_font_subset":"","ocean_menu_typo_font_size":0,"ocean_menu_typo_font_size_tablet":0,"ocean_menu_typo_font_size_mobile":0,"ocean_menu_typo_font_size_unit":"px","ocean_menu_typo_font_weight":"","ocean_menu_typo_font_weight_tablet":"","ocean_menu_typo_font_weight_mobile":"","ocean_menu_typo_transform":"","ocean_menu_typo_transform_tablet":"","ocean_menu_typo_transform_mobile":"","ocean_menu_typo_line_height":0,"ocean_menu_typo_line_height_tablet":0,"ocean_menu_typo_line_height_mobile":0,"ocean_menu_typo_line_height_unit":"","ocean_menu_typo_spacing":0,"ocean_menu_typo_spacing_tablet":0,"ocean_menu_typo_spacing_mobile":0,"ocean_menu_typo_spacing_unit":"","ocean_menu_link_color":"","ocean_menu_link_color_hover":"","ocean_menu_link_color_active":"","ocean_menu_link_background":"","ocean_menu_link_hover_background":"","ocean_menu_link_active_background":"","ocean_menu_social_links_bg":"","ocean_menu_social_hover_links_bg":"","ocean_menu_social_links_color":"","ocean_menu_social_hover_links_color":"","ocean_disable_title":"on","ocean_disable_heading":"on","ocean_post_title":"","ocean_post_subheading":"","ocean_post_title_style":"","ocean_post_title_background_color":"","ocean_post_title_background":0,"ocean_post_title_bg_image_position":"","ocean_post_title_bg_image_attachment":"","ocean_post_title_bg_image_repeat":"","ocean_post_title_bg_image_size":"","ocean_post_title_height":0,"ocean_post_title_bg_overlay":0.5,"ocean_post_title_bg_overlay_color":"","ocean_disable_breadcrumbs":"off","ocean_breadcrumbs_color":"","ocean_breadcrumbs_separator_color":"","ocean_breadcrumbs_links_color":"","ocean_breadcrumbs_links_hover_color":"","ocean_display_footer_widgets":"default","ocean_display_footer_bottom":"default","ocean_custom_footer_template":"0","footnotes":""},"_links":{"self":[{"href":"https:\/\/mlm-engineering.com\/nb\/wp-json\/wp\/v2\/pages\/432"}],"collection":[{"href":"https:\/\/mlm-engineering.com\/nb\/wp-json\/wp\/v2\/pages"}],"about":[{"href":"https:\/\/mlm-engineering.com\/nb\/wp-json\/wp\/v2\/types\/page"}],"author":[{"embeddable":true,"href":"https:\/\/mlm-engineering.com\/nb\/wp-json\/wp\/v2\/users\/3"}],"replies":[{"embeddable":true,"href":"https:\/\/mlm-engineering.com\/nb\/wp-json\/wp\/v2\/comments?post=432"}],"version-history":[{"count":4,"href":"https:\/\/mlm-engineering.com\/nb\/wp-json\/wp\/v2\/pages\/432\/revisions"}],"predecessor-version":[{"id":2422,"href":"https:\/\/mlm-engineering.com\/nb\/wp-json\/wp\/v2\/pages\/432\/revisions\/2422"}],"wp:attachment":[{"href":"https:\/\/mlm-engineering.com\/nb\/wp-json\/wp\/v2\/media?parent=432"}],"curies":[{"name":"wp","href":"https:\/\/api.w.org\/{rel}","templated":true}]}}