{"id":2195,"date":"2022-06-10T07:11:23","date_gmt":"2022-06-10T07:11:23","guid":{"rendered":"https:\/\/mlm-engineering.com\/?page_id=2195"},"modified":"2022-07-31T12:50:22","modified_gmt":"2022-07-31T12:50:22","slug":"splosni-pogoji","status":"publish","type":"page","link":"https:\/\/mlm-engineering.com\/pt\/splosni-pogoji\/","title":{"rendered":"Termos e condi\u00e7\u00f5es gerais"},"content":{"rendered":"<div data-elementor-type=\"wp-page\" data-elementor-id=\"2195\" class=\"elementor elementor-2195\">\n\t\t\t\t\t\t<section class=\"elementor-section elementor-top-section elementor-element elementor-element-676f2f3 elementor-section-boxed elementor-section-height-default elementor-section-height-default\" data-id=\"676f2f3\" data-element_type=\"section\" data-settings=\"{&quot;background_background&quot;:&quot;classic&quot;}\">\n\t\t\t\t\t\t<div class=\"elementor-container elementor-column-gap-default\">\n\t\t\t\t\t<div class=\"elementor-column elementor-col-100 elementor-top-column elementor-element elementor-element-cda71a6\" data-id=\"cda71a6\" data-element_type=\"column\">\n\t\t\t<div class=\"elementor-widget-wrap elementor-element-populated\">\n\t\t\t\t\t\t<div class=\"elementor-element elementor-element-53e4b40 elementor-widget elementor-widget-heading\" data-id=\"53e4b40\" data-element_type=\"widget\" data-widget_type=\"heading.default\">\n\t\t\t\t<div class=\"elementor-widget-container\">\n\t\t\t<h2 class=\"elementor-heading-title elementor-size-default\">Termos e condi\u00e7\u00f5es gerais<\/h2>\t\t<\/div>\n\t\t\t\t<\/div>\n\t\t\t\t<div class=\"elementor-element elementor-element-cfd40ef elementor-widget elementor-widget-text-editor\" data-id=\"cfd40ef\" data-element_type=\"widget\" data-widget_type=\"text-editor.default\">\n\t\t\t\t<div class=\"elementor-widget-container\">\n\t\t\t\t\t\t\t<p>Estes termos e condi\u00e7\u00f5es descrevem as regras e regulamentos para a utiliza\u00e7\u00e3o do site da MLM ENGINEERING MIHA FLANDER S.P., ENGINEERING localizado em https:\/\/mlm-engineering.com\/ e todos os seus subdom\u00ednios. Ao aceder a este website, assumimos que o utilizador aceita estes termos e condi\u00e7\u00f5es. N\u00e3o continue a utilizar https:\/\/mlm-engineering.com\/ se n\u00e3o concordar com todos os termos e condi\u00e7\u00f5es indicados nesta p\u00e1gina.<\/p><p>A seguinte terminologia aplica-se a estes termos e condi\u00e7\u00f5es, \u00e0 declara\u00e7\u00e3o de privacidade e \u00e0 declara\u00e7\u00e3o de exonera\u00e7\u00e3o de responsabilidade e a todos os acordos: \"cliente\", \"voc\u00ea\" e \"seu\" referem-se a si, a pessoa que se regista neste s\u00edtio Web e que est\u00e1 sujeita aos termos e condi\u00e7\u00f5es da Empresa. \"Empresa\", \"Voc\u00ea\", \"N\u00f3s\", \"Nosso\" e \"N\u00f3s\" referem-se \u00e0 nossa empresa. \"Cliente\", \"Partes\" ou \"N\u00f3s\" referem-se tanto ao cliente como a n\u00f3s. Todos os termos e condi\u00e7\u00f5es referem-se \u00e0 oferta, aceita\u00e7\u00e3o e considera\u00e7\u00e3o do pagamento necess\u00e1rio para levar a cabo o processo da nossa assist\u00eancia ao Cliente da forma mais expedita poss\u00edvel, com o objetivo expresso de satisfazer as necessidades do Cliente para a presta\u00e7\u00e3o dos servi\u00e7os acima referidos, de acordo com e sujeito \u00e0 legisla\u00e7\u00e3o eslovena aplic\u00e1vel. Qualquer utiliza\u00e7\u00e3o da terminologia acima referida ou de outras palavras no singular, no plural, em mai\u00fasculas e\/ou ele\/ela ou eles\/elas s\u00e3o consideradas intercambi\u00e1veis e, por conseguinte, referem-se ao mesmo.<\/p><p><strong>Biscoitos<\/strong><\/p><p>Este s\u00edtio Web utiliza cookies. Ao aceder a https:\/\/mlm-engineering.com\/ est\u00e1 a concordar com a utiliza\u00e7\u00e3o de cookies de acordo com a MLM ENGINEERING MIHA FLANDER S.P., ENGINEERING, e com a pol\u00edtica de privacidade do website. A maioria dos websites interactivos utiliza cookies para nos permitir obter os detalhes do utilizador em cada visita. Utilizamos cookies no nosso s\u00edtio Web para permitir a funcionalidade de determinadas \u00e1reas e para facilitar a utiliza\u00e7\u00e3o por parte dos visitantes do nosso s\u00edtio Web. Alguns dos nossos parceiros afiliados \/ publicit\u00e1rios podem tamb\u00e9m utilizar cookies de terceiros.<\/p><p><strong>Licen\u00e7a<\/strong><\/p><p>Salvo indica\u00e7\u00e3o em contr\u00e1rio, a MLM ENGINEERING MIHA FLANDER S.P., ENGINEERING e\/ou os licenciantes do s\u00edtio Web s\u00e3o os detentores dos direitos de propriedade intelectual de todo o material contido em https:\/\/mlm-engineering.com\/. Todos os direitos de propriedade intelectual s\u00e3o reservados. O utilizador pode aceder a esta p\u00e1gina a partir de https:\/\/mlm-engineering.com\/ para seu uso pessoal, sujeito \u00e0s restri\u00e7\u00f5es estabelecidas nestes termos e condi\u00e7\u00f5es.<\/p><p>N\u00e3o pode:<\/p><ul><li>Para publicar material https:\/\/mlm-engineering.com\/brez permiss\u00f5es.<\/li><li>Vender, emprestar ou sublicenciar material com a autoriza\u00e7\u00e3o de https:\/\/mlm-engineering.com\/brez.<\/li><li>Reproduzir, duplicar ou copiar material com autoriza\u00e7\u00e3o de https:\/\/mlm-engineering.com\/brez.<\/li><li>Redistribuir conte\u00fados com a autoriza\u00e7\u00e3o de https:\/\/mlm-engineering.com\/brez.<\/li><\/ul><p>O presente acordo entra em vigor a partir da data do presente acordo ou do acesso direto ao nosso s\u00edtio Web.<\/p><p>Partes deste site oferecem aos utilizadores a oportunidade de publicar e partilhar opini\u00f5es e informa\u00e7\u00f5es sobre \u00e1reas espec\u00edficas do site. A MLM ENGINEERING MIHA FLANDER S.P., ENGINEERING n\u00e3o filtra, edita, publica ou rev\u00ea coment\u00e1rios antes da sua presen\u00e7a no site. Os coment\u00e1rios n\u00e3o reflectem os pontos de vista e opini\u00f5es da MLM ENGINEERING MIHA FLANDER S.P., ENGINEERING , dos seus agentes e\/ou afiliados. Os coment\u00e1rios reflectem os pontos de vista e opini\u00f5es da pessoa que os publica. Na medida do permitido pela lei aplic\u00e1vel, a MLM ENGINEERING MIHA FLANDER S.P., ENGINEERING , n\u00e3o ser\u00e1 responsabilizada pelos Coment\u00e1rios ou por qualquer responsabilidade, danos ou despesas de qualquer tipo incorridos e\/ou sofridos como resultado de qualquer utiliza\u00e7\u00e3o e\/ou publica\u00e7\u00e3o e\/ou aparecimento dos Coment\u00e1rios neste s\u00edtio Web.<\/p><p>A MLM ENGINEERING MIHA FLANDER S.P., ENGINEERING reserva-se o direito de monitorizar todos os coment\u00e1rios e de remover quaisquer coment\u00e1rios que possam ser considerados inapropriados, ofensivos ou que constituam uma viola\u00e7\u00e3o destes termos.<\/p><p>O utilizador garante e declara que:<\/p><ul><li>tem o direito de publicar coment\u00e1rios no nosso s\u00edtio Web e tem as autoriza\u00e7\u00f5es e os consentimentos necess\u00e1rios para o fazer;<\/li><li>os coment\u00e1rios n\u00e3o infringem quaisquer direitos de propriedade intelectual, incluindo restri\u00e7\u00f5es de direitos de autor, patentes ou marcas registadas de terceiros;<\/li><li>Os coment\u00e1rios n\u00e3o devem conter qualquer material difamat\u00f3rio, calunioso, difamat\u00f3rio, abusivo, obsceno ou ilegal que constitua uma invas\u00e3o de privacidade;<\/li><li>Os coment\u00e1rios n\u00e3o ser\u00e3o utilizados para solicitar ou promover vendas ou para representar actividades comerciais ou ilegais.<\/li><\/ul><p>Pelo presente, o utilizador concede \u00e0 MLM ENGINEERING MIHA FLANDER S.P., ENGINEERING uma licen\u00e7a n\u00e3o exclusiva para utilizar, reproduzir, editar e autorizar terceiros a utilizar, reproduzir e editar os seus coment\u00e1rios em todas as formas, feitios ou suportes.<\/p><p><strong>Hiperliga\u00e7\u00e3o para o nosso conte\u00fado<\/strong><\/p><p>As seguintes organiza\u00e7\u00f5es podem estabelecer liga\u00e7\u00f5es ao nosso s\u00edtio Web sem autoriza\u00e7\u00e3o pr\u00e9via por escrito:<\/p><ul><li>ag\u00eancias governamentais<\/li><li>motores de busca;<\/li><li>Not\u00edcias;<\/li><li>distribuidores de direct\u00f3rios em linha, que podem ligar ao nosso s\u00edtio Web da mesma forma que as hiperliga\u00e7\u00f5es para os s\u00edtios Web de outras empresas cotadas; e<\/li><li>empresas acreditadas em todo o sistema, com exce\u00e7\u00e3o de organiza\u00e7\u00f5es sem fins lucrativos, lojas de benefic\u00eancia e grupos de angaria\u00e7\u00e3o de fundos de benefic\u00eancia, que n\u00e3o podem ter hiperliga\u00e7\u00f5es para o nosso s\u00edtio Web.<\/li><\/ul><p>Estas organiza\u00e7\u00f5es podem estabelecer liga\u00e7\u00f5es \u00e0 nossa p\u00e1gina inicial, publica\u00e7\u00f5es ou outras informa\u00e7\u00f5es do s\u00edtio Web, desde que a liga\u00e7\u00e3o: (a) n\u00e3o seja enganosa de forma alguma; (b) n\u00e3o patrocine, endosse ou aprove indevidamente o s\u00edtio ligado e os seus produtos e\/ou servi\u00e7os; e (c) se enquadre no contexto do s\u00edtio Web da parte ligada.<\/p><p>Podemos considerar e aprovar outros pedidos de liga\u00e7\u00f5es dos seguintes tipos de organiza\u00e7\u00f5es:<\/p><ul><li>fontes comummente conhecidas de informa\u00e7\u00e3o aos consumidores e\/ou \u00e0s empresas;<\/li><li>comunidade ponto.com<\/li><li>associa\u00e7\u00f5es ou outros grupos representativos de institui\u00e7\u00f5es de solidariedade social;<\/li><li>distribuidores de direct\u00f3rios em linha;<\/li><li>portais de Internet;<\/li><li>empresas de contabilidade, jur\u00eddicas e de consultoria; e<\/li><li>institui\u00e7\u00f5es de ensino e associa\u00e7\u00f5es profissionais.<\/li><\/ul><p>Aprovaremos os pedidos de hiperliga\u00e7\u00e3o destas organiza\u00e7\u00f5es se decidirmos que: a) n\u00e3o seremos vistos como inadequados para n\u00f3s pr\u00f3prios ou para as nossas empresas acreditadas; b) a organiza\u00e7\u00e3o n\u00e3o tem um registo negativo connosco; c) o benef\u00edcio para n\u00f3s da visibilidade da hiperliga\u00e7\u00e3o \u00e9 compensado pela aus\u00eancia da MLM ENGINEERING MIHA FLANDER S.P., ENGINEERING; e d) a hiperliga\u00e7\u00e3o se insere no contexto de informa\u00e7\u00f5es gerais sobre o recurso.<\/p><p>Estas organiza\u00e7\u00f5es podem estabelecer uma liga\u00e7\u00e3o \u00e0 nossa p\u00e1gina inicial, desde que a liga\u00e7\u00e3o: (a) n\u00e3o seja enganosa de forma alguma; (b) n\u00e3o patrocine, endosse ou aprove indevidamente o s\u00edtio que estabelece a liga\u00e7\u00e3o e os seus produtos ou servi\u00e7os; e (c) se enquadre no contexto do s\u00edtio da parte que estabelece a liga\u00e7\u00e3o. Se for uma das organiza\u00e7\u00f5es acima indicadas e estiver interessado em estabelecer uma liga\u00e7\u00e3o ao nosso s\u00edtio Web, deve notificar-nos enviando uma mensagem de correio eletr\u00f3nico para info@mlm-engineering.com\/.<\/p><p>Indique o seu nome, o nome da sua organiza\u00e7\u00e3o, os dados de contacto, bem como o URL do seu s\u00edtio Web, uma lista de todos os URL a partir dos quais pretende estabelecer uma liga\u00e7\u00e3o ao nosso s\u00edtio Web e uma lista dos URL do nosso s\u00edtio Web aos quais pretende estabelecer uma liga\u00e7\u00e3o. Aguarde uma resposta de 2 a 3 semanas.<\/p><p>As organiza\u00e7\u00f5es aprovadas podem criar hiperliga\u00e7\u00f5es para o nosso s\u00edtio Web:<\/p><ul><li>utilizando o nome da nossa empresa ou<\/li><li>utilizando um \u00fanico localizador de recursos que est\u00e1 ligado a ou<\/li><li>utilizando qualquer outra descri\u00e7\u00e3o do nosso s\u00edtio Web que esteja relacionada com o que faz sentido no contexto e formato do conte\u00fado do s\u00edtio Web da parte ligada.<\/li><\/ul><p>N\u00e3o ser\u00e1 permitida a utiliza\u00e7\u00e3o do log\u00f3tipo da MLM ENGINEERING MIHA FLANDER S.P., ENGINEERING ou de outros conte\u00fados para a liga\u00e7\u00e3o na aus\u00eancia de um acordo de licen\u00e7a de marca registada.<\/p><p><strong>iFrame<\/strong><\/p><p>O utilizador n\u00e3o pode criar molduras nos nossos s\u00edtios Web que alterem de alguma forma a apresenta\u00e7\u00e3o visual ou o aspeto do nosso s\u00edtio Web sem a nossa aprova\u00e7\u00e3o pr\u00e9via e autoriza\u00e7\u00e3o por escrito.<\/p><p><strong>Responsabilidade substantiva<\/strong><\/p><p>N\u00e3o somos respons\u00e1veis por qualquer conte\u00fado que apare\u00e7a no seu s\u00edtio Web. O utilizador concorda em indemnizar, defender e isentar-nos de quaisquer reclama\u00e7\u00f5es que apare\u00e7am no seu s\u00edtio Web. Nenhuma liga\u00e7\u00e3o que possa ser interpretada como falsa, obscena ou criminosa, ou que infrinja, viole ou defenda a infra\u00e7\u00e3o ou outra viola\u00e7\u00e3o dos direitos de terceiros pode aparecer em qualquer s\u00edtio Web.<\/p><p><strong>Reserva de direitos<\/strong><\/p><p>Reservamo-nos o direito de solicitar a remo\u00e7\u00e3o de quaisquer liga\u00e7\u00f5es ou de qualquer liga\u00e7\u00e3o espec\u00edfica ao nosso s\u00edtio Web. O utilizador concorda em remover imediatamente todas as liga\u00e7\u00f5es ao nosso s\u00edtio Web, mediante pedido. Tamb\u00e9m nos reservamos o direito de alterar estes termos e condi\u00e7\u00f5es e a pol\u00edtica de liga\u00e7\u00e3o em qualquer altura. Ao estabelecer continuamente uma liga\u00e7\u00e3o ao nosso s\u00edtio Web, o utilizador concorda em respeitar e seguir estes termos e condi\u00e7\u00f5es.<\/p><p><strong>Remo\u00e7\u00e3o de liga\u00e7\u00f5es do nosso s\u00edtio Web<\/strong><\/p><p>Se encontrar uma liga\u00e7\u00e3o no nosso s\u00edtio Web que seja ofensiva por qualquer motivo, pode contactar-nos a qualquer momento para nos informar. Teremos em conta os pedidos de remo\u00e7\u00e3o de liga\u00e7\u00f5es, mas n\u00e3o seremos obrigados a responder-lhes diretamente. N\u00e3o garantimos que as informa\u00e7\u00f5es contidas neste s\u00edtio Web estejam correctas, nem garantimos a sua exaustividade ou exatid\u00e3o; nem prometemos assegurar que o s\u00edtio Web permanecer\u00e1 dispon\u00edvel ou que o material no s\u00edtio Web ser\u00e1 mantido atualizado.<\/p><p><strong>Declara\u00e7\u00e3o de exonera\u00e7\u00e3o de responsabilidade<\/strong><\/p><p>Na medida m\u00e1xima permitida pela legisla\u00e7\u00e3o aplic\u00e1vel, exclu\u00edmos todas as representa\u00e7\u00f5es, garantias e condi\u00e7\u00f5es em rela\u00e7\u00e3o ao nosso s\u00edtio Web e \u00e0 utiliza\u00e7\u00e3o do mesmo. Nada nesta declara\u00e7\u00e3o de exonera\u00e7\u00e3o de responsabilidade ser\u00e1:<\/p><p>As limita\u00e7\u00f5es e proibi\u00e7\u00f5es de responsabilidade estabelecidas nesta sec\u00e7\u00e3o e noutras partes da presente declara\u00e7\u00e3o de exonera\u00e7\u00e3o de responsabilidade: (a) aplicam-se ao par\u00e1grafo anterior; e (b) regem todas as obriga\u00e7\u00f5es decorrentes da declara\u00e7\u00e3o de exonera\u00e7\u00e3o de responsabilidade, incluindo obriga\u00e7\u00f5es contratuais decorrentes de contrato, indemniza\u00e7\u00e3o e viola\u00e7\u00e3o de deveres legais.<\/p><p>N\u00e3o seremos respons\u00e1veis por qualquer perda ou dano at\u00e9 que o s\u00edtio Web e as informa\u00e7\u00f5es e servi\u00e7os nele contidos sejam disponibilizados gratuitamente.<\/p><p><strong>Resolu\u00e7\u00e3o extrajudicial de lit\u00edgios de consumo<\/strong><\/p><p>A MLM ENGINEERING MIHA FLANDER S.P., ENGINEERING n\u00e3o reconhece qualquer prestador de servi\u00e7os de resolu\u00e7\u00e3o extrajudicial de lit\u00edgios de consumo como competente para a resolu\u00e7\u00e3o de um lit\u00edgio de consumo que possa ser apresentado por um consumidor nos termos da Lei sobre a Resolu\u00e7\u00e3o Extrajudicial de Lit\u00edgios de Consumo, de acordo com as normas legais. A Empresa, enquanto fornecedora de bens e servi\u00e7os, publica no seu s\u00edtio Web uma liga\u00e7\u00e3o eletr\u00f3nica para a Plataforma de Resolu\u00e7\u00e3o de Lit\u00edgios de Consumo em Linha (ODRP). A ODRP est\u00e1 dispon\u00edvel para os consumidores na seguinte liga\u00e7\u00e3o eletr\u00f3nica: http:\/\/ec.europa.eu\/odr. O regime acima referido baseia-se na Lei sobre a Resolu\u00e7\u00e3o Extrajudicial de Lit\u00edgios de Consumo, no Regulamento (UE) n.\u00ba 524\/2013 do Parlamento Europeu e do Conselho relativo \u00e0 resolu\u00e7\u00e3o de lit\u00edgios de consumo em linha e que altera o Regulamento (CE) n.\u00ba 2016\/2004 e na Diretiva 200.<\/p>\t\t\t\t\t\t<\/div>\n\t\t\t\t<\/div>\n\t\t\t\t\t<\/div>\n\t\t<\/div>\n\t\t\t\t\t<\/div>\n\t\t<\/section>\n\t\t\t\t<\/div>","protected":false},"excerpt":{"rendered":"<p>Splo\u0161ni pogoji Ti pogoji opisujejo pravila in predpise za uporabo za spletnega mesta MLM ENGINEERING MIHA FLANDER S.P., IN\u017dINIRING, ki se nahaja na https:\/\/mlm-engineering.com\/ in vse njene poddomene. Z dostopom do tega spletnega mesta predpostavljamo, da sprejemate te pogoje. Ne nadaljujte z uporabo\u00a0https:\/\/mlm-engineering.com\/, \u010de se ne strinjate z vsemi pogoji, navedenimi na tej strani. Naslednja [&hellip;]<\/p>","protected":false},"author":3,"featured_media":0,"parent":0,"menu_order":0,"comment_status":"closed","ping_status":"closed","template":"","meta":{"_seopress_robots_primary_cat":"","_seopress_titles_title":"","_seopress_titles_desc":"","_seopress_robots_index":"","ocean_post_layout":"full-screen","ocean_both_sidebars_style":"","ocean_both_sidebars_content_width":0,"ocean_both_sidebars_sidebars_width":0,"ocean_sidebar":"0","ocean_second_sidebar":"0","ocean_disable_margins":"on","ocean_add_body_class":"","ocean_shortcode_before_top_bar":"","ocean_shortcode_after_top_bar":"","ocean_shortcode_before_header":"","ocean_shortcode_after_header":"","ocean_has_shortcode":"","ocean_shortcode_after_title":"","ocean_shortcode_before_footer_widgets":"","ocean_shortcode_after_footer_widgets":"","ocean_shortcode_before_footer_bottom":"","ocean_shortcode_after_footer_bottom":"","ocean_display_top_bar":"default","ocean_display_header":"default","ocean_header_style":"","ocean_center_header_left_menu":"0","ocean_custom_header_template":"0","ocean_custom_logo":0,"ocean_custom_retina_logo":0,"ocean_custom_logo_max_width":0,"ocean_custom_logo_tablet_max_width":0,"ocean_custom_logo_mobile_max_width":0,"ocean_custom_logo_max_height":0,"ocean_custom_logo_tablet_max_height":0,"ocean_custom_logo_mobile_max_height":0,"ocean_header_custom_menu":"0","ocean_menu_typo_font_family":"0","ocean_menu_typo_font_subset":"","ocean_menu_typo_font_size":0,"ocean_menu_typo_font_size_tablet":0,"ocean_menu_typo_font_size_mobile":0,"ocean_menu_typo_font_size_unit":"px","ocean_menu_typo_font_weight":"","ocean_menu_typo_font_weight_tablet":"","ocean_menu_typo_font_weight_mobile":"","ocean_menu_typo_transform":"","ocean_menu_typo_transform_tablet":"","ocean_menu_typo_transform_mobile":"","ocean_menu_typo_line_height":0,"ocean_menu_typo_line_height_tablet":0,"ocean_menu_typo_line_height_mobile":0,"ocean_menu_typo_line_height_unit":"","ocean_menu_typo_spacing":0,"ocean_menu_typo_spacing_tablet":0,"ocean_menu_typo_spacing_mobile":0,"ocean_menu_typo_spacing_unit":"","ocean_menu_link_color":"","ocean_menu_link_color_hover":"","ocean_menu_link_color_active":"","ocean_menu_link_background":"","ocean_menu_link_hover_background":"","ocean_menu_link_active_background":"","ocean_menu_social_links_bg":"","ocean_menu_social_hover_links_bg":"","ocean_menu_social_links_color":"","ocean_menu_social_hover_links_color":"","ocean_disable_title":"on","ocean_disable_heading":"on","ocean_post_title":"","ocean_post_subheading":"","ocean_post_title_style":"","ocean_post_title_background_color":"","ocean_post_title_background":0,"ocean_post_title_bg_image_position":"","ocean_post_title_bg_image_attachment":"","ocean_post_title_bg_image_repeat":"","ocean_post_title_bg_image_size":"","ocean_post_title_height":0,"ocean_post_title_bg_overlay":0.5,"ocean_post_title_bg_overlay_color":"","ocean_disable_breadcrumbs":"off","ocean_breadcrumbs_color":"","ocean_breadcrumbs_separator_color":"","ocean_breadcrumbs_links_color":"","ocean_breadcrumbs_links_hover_color":"","ocean_display_footer_widgets":"default","ocean_display_footer_bottom":"default","ocean_custom_footer_template":"0","footnotes":""},"_links":{"self":[{"href":"https:\/\/mlm-engineering.com\/pt\/wp-json\/wp\/v2\/pages\/2195"}],"collection":[{"href":"https:\/\/mlm-engineering.com\/pt\/wp-json\/wp\/v2\/pages"}],"about":[{"href":"https:\/\/mlm-engineering.com\/pt\/wp-json\/wp\/v2\/types\/page"}],"author":[{"embeddable":true,"href":"https:\/\/mlm-engineering.com\/pt\/wp-json\/wp\/v2\/users\/3"}],"replies":[{"embeddable":true,"href":"https:\/\/mlm-engineering.com\/pt\/wp-json\/wp\/v2\/comments?post=2195"}],"version-history":[{"count":4,"href":"https:\/\/mlm-engineering.com\/pt\/wp-json\/wp\/v2\/pages\/2195\/revisions"}],"predecessor-version":[{"id":2436,"href":"https:\/\/mlm-engineering.com\/pt\/wp-json\/wp\/v2\/pages\/2195\/revisions\/2436"}],"wp:attachment":[{"href":"https:\/\/mlm-engineering.com\/pt\/wp-json\/wp\/v2\/media?parent=2195"}],"curies":[{"name":"wp","href":"https:\/\/api.w.org\/{rel}","templated":true}]}}