{"id":2195,"date":"2022-06-10T07:11:23","date_gmt":"2022-06-10T07:11:23","guid":{"rendered":"https:\/\/mlm-engineering.com\/?page_id=2195"},"modified":"2022-07-31T12:50:22","modified_gmt":"2022-07-31T12:50:22","slug":"splosni-pogoji","status":"publish","type":"page","link":"https:\/\/mlm-engineering.com\/ro\/splosni-pogoji\/","title":{"rendered":"Termeni \u0219i condi\u021bii generale"},"content":{"rendered":"<div data-elementor-type=\"wp-page\" data-elementor-id=\"2195\" class=\"elementor elementor-2195\">\n\t\t\t\t\t\t<section class=\"elementor-section elementor-top-section elementor-element elementor-element-676f2f3 elementor-section-boxed elementor-section-height-default elementor-section-height-default\" data-id=\"676f2f3\" data-element_type=\"section\" data-settings=\"{&quot;background_background&quot;:&quot;classic&quot;}\">\n\t\t\t\t\t\t<div class=\"elementor-container elementor-column-gap-default\">\n\t\t\t\t\t<div class=\"elementor-column elementor-col-100 elementor-top-column elementor-element elementor-element-cda71a6\" data-id=\"cda71a6\" data-element_type=\"column\">\n\t\t\t<div class=\"elementor-widget-wrap elementor-element-populated\">\n\t\t\t\t\t\t<div class=\"elementor-element elementor-element-53e4b40 elementor-widget elementor-widget-heading\" data-id=\"53e4b40\" data-element_type=\"widget\" data-widget_type=\"heading.default\">\n\t\t\t\t<div class=\"elementor-widget-container\">\n\t\t\t<h2 class=\"elementor-heading-title elementor-size-default\">Termeni \u0219i condi\u021bii generale<\/h2>\t\t<\/div>\n\t\t\t\t<\/div>\n\t\t\t\t<div class=\"elementor-element elementor-element-cfd40ef elementor-widget elementor-widget-text-editor\" data-id=\"cfd40ef\" data-element_type=\"widget\" data-widget_type=\"text-editor.default\">\n\t\t\t\t<div class=\"elementor-widget-container\">\n\t\t\t\t\t\t\t<p>Ace\u0219ti termeni \u0219i condi\u021bii descriu regulile \u0219i regulamentele de utilizare a site-ului web al MLM ENGINEERING MIHA FLANDER S.P., ENGINEERING situat la https:\/\/mlm-engineering.com\/ \u0219i a tuturor subdomeniilor sale. Prin accesarea acestui site, presupunem c\u0103 accepta\u021bi ace\u0219ti termeni \u0219i condi\u021bii. Nu continua\u021bi s\u0103 utiliza\u021bi https:\/\/mlm-engineering.com\/ dac\u0103 nu sunte\u021bi de acord cu to\u021bi termenii \u0219i condi\u021biile men\u021bionate pe aceast\u0103 pagin\u0103.<\/p><p>Urm\u0103toarea terminologie se aplic\u0103 la ace\u0219ti termeni \u0219i condi\u021bii, la declara\u021bia de confiden\u021bialitate \u0219i la nota de renun\u021bare la r\u0103spundere \u0219i la toate acordurile: \"client\", \"dumneavoastr\u0103\" \u0219i \"dumneavoastr\u0103\" se refer\u0103 la dumneavoastr\u0103, persoana care se \u00eenregistreaz\u0103 pe acest site web \u0219i care face obiectul termenilor \u0219i condi\u021biilor companiei. \"Companie\", \"dumneavoastr\u0103\", \"noi\", \"al nostru\" \u0219i \"noi\" se refer\u0103 la compania noastr\u0103. \"Client\", \"P\u0103r\u021bile\" sau \"Noi\" se refer\u0103 at\u00e2t la Client, c\u00e2t \u0219i la Noi. To\u021bi termenii \u0219i condi\u021biile se refer\u0103 la oferta, acceptarea \u0219i contrapresta\u021bia de plat\u0103 necesare pentru a realiza procesul de asisten\u021b\u0103 din partea noastr\u0103 pentru client \u00een cel mai rapid mod cu scopul expres de a satisface nevoile clientului pentru furnizarea serviciilor men\u021bionate mai sus, \u00een conformitate cu \u0219i sub rezerva legisla\u021biei slovene aplicabile. Orice utilizare a terminologiei de mai sus sau a altor cuvinte la singular, la plural, cu majuscule \u0219i\/sau el\/ea\/ea sau ei\/ele vor fi considerate interschimbabile \u0219i, prin urmare, se refer\u0103 la acela\u0219i lucru.<\/p><p><strong>Cookie-uri<\/strong><\/p><p>Acest site web utilizeaz\u0103 cookie-uri. Prin accesarea https:\/\/mlm-engineering.com\/ sunte\u021bi de acord cu utilizarea cookie-urilor \u00een acord cu MLM ENGINEERING MIHA FLANDER S.P., ENGINEERING, \u0219i cu politica de confiden\u021bialitate a site-ului. Majoritatea site-urilor web interactive folosesc cookie-uri pentru a ne permite s\u0103 ob\u021binem detaliile utilizatorului pentru fiecare vizit\u0103. Noi folosim cookie-uri pe site-ul nostru web pentru a permite func\u021bionalitatea anumitor zone \u0219i pentru a facilita utilizarea acestuia de c\u0103tre vizitatorii care viziteaz\u0103 site-ul nostru web. Unii dintre partenerii no\u0219tri afilia\u021bi \/ publicitari pot utiliza, de asemenea, cookie-uri de la ter\u021be p\u0103r\u021bi.<\/p><p><strong>Licen\u021b\u0103<\/strong><\/p><p>Cu excep\u021bia cazului \u00een care se specific\u0103 altfel, MLM ENGINEERING MIHA FLANDER S.P., ENGINEERING, \u0219i\/sau licen\u021biatorii site-ului sunt de\u021bin\u0103torii drepturilor de proprietate intelectual\u0103 pentru toate materialele de pe https:\/\/mlm-engineering.com\/. Toate drepturile de proprietate intelectual\u0103 sunt rezervate. Pute\u021bi accesa acest lucru de pe https:\/\/mlm-engineering.com\/ pentru uz personal, sub rezerva restric\u021biilor stabilite \u00een ace\u0219ti termeni \u0219i condi\u021bii.<\/p><p>Nu trebuie:<\/p><ul><li>Pentru a publica materialul https:\/\/mlm-engineering.com\/brez permisiuni.<\/li><li>S\u0103 vinde\u021bi, s\u0103 \u00eemprumuta\u021bi sau s\u0103 sublicen\u021bia\u021bi materialul cu acordul https:\/\/mlm-engineering.com\/brez.<\/li><li>Reproducerea, duplicarea sau copierea materialului cu permisiunea https:\/\/mlm-engineering.com\/brez.<\/li><li>Redistribui\u021bi con\u021binutul cu permisiunea https:\/\/mlm-engineering.com\/brez.<\/li><\/ul><p>Prezentul acord intr\u0103 \u00een vigoare la data semn\u0103rii acestuia sau la data acces\u0103rii directe a site-ului nostru web.<\/p><p>Unele p\u0103r\u021bi ale acestui site web ofer\u0103 utilizatorilor posibilitatea de a posta \u0219i de a \u00eemp\u0103rt\u0103\u0219i opinii \u0219i informa\u021bii \u00een anumite zone ale site-ului web. MLM ENGINEERING MIHA FLANDER S.P., ENGINEERING nu filtreaz\u0103, editeaz\u0103, public\u0103 sau revizuie\u0219te comentariile \u00eenainte ca acestea s\u0103 apar\u0103 pe site. Comentariile nu reflect\u0103 punctele de vedere \u0219i opiniile MLM ENGINEERING MIHA FLANDER S.P., ENGINEERING , ale agen\u021bilor \u0219i\/sau afilia\u021bilor s\u0103i. Comentariile reflect\u0103 punctele de vedere \u0219i opiniile persoanei care le posteaz\u0103. \u00cen m\u0103sura permis\u0103 de legea aplicabil\u0103, MLM ENGINEERING MIHA FLANDER S.P., ENGINEERING , nu va fi tras\u0103 la r\u0103spundere pentru Comentarii sau pentru orice r\u0103spundere, daune sau cheltuieli de orice fel suportate \u0219i\/sau suferite ca urmare a utiliz\u0103rii \u0219i\/sau public\u0103rii \u0219i\/sau apari\u021biei Comentariilor pe acest site.<\/p><p>MLM ENGINEERING MIHA FLANDER S.P., ENGINEERING \u00ee\u0219i rezerv\u0103 dreptul de a monitoriza toate comentariile \u0219i de a \u0219terge orice comentariu care poate fi considerat nepotrivit, ofensator sau care reprezint\u0103 o \u00eenc\u0103lcare a acestor termeni.<\/p><p>Garanta\u021bi \u0219i declara\u021bi c\u0103:<\/p><ul><li>ave\u021bi dreptul de a posta comentarii pe site-ul nostru web \u0219i ave\u021bi permisiunile \u0219i consim\u021b\u0103mintele necesare pentru a face acest lucru;<\/li><li>comentariile nu \u00eencalc\u0103 niciun drept de proprietate intelectual\u0103, inclusiv drepturi de autor, brevete sau restric\u021bii privind m\u0103rcile comerciale ale unor ter\u021be p\u0103r\u021bi;<\/li><li>Comentariile nu con\u021bin materiale def\u0103im\u0103toare, calomnioase, injurioase, abuzive, obscene sau materiale ilegale care constituie o \u00eenc\u0103lcare a vie\u021bii private;<\/li><li>Comentariile nu vor fi folosite pentru a solicita sau promova v\u00e2nz\u0103ri sau pentru a reprezenta activit\u0103\u021bi comerciale sau ilegale.<\/li><\/ul><p>Prin prezenta, acorda\u021bi MLM ENGINEERING MIHA FLANDER S.P., ENGINEERING o licen\u021b\u0103 neexclusiv\u0103 pentru a utiliza, reproduce, edita \u0219i autoriza pe al\u021bii s\u0103 utilizeze, reproduc\u0103 \u0219i editeze comentariile dvs. \u00een orice form\u0103, form\u0103 sau suport.<\/p><p><strong>Hyperlink c\u0103tre con\u021binutul nostru<\/strong><\/p><p>Urm\u0103toarele organiza\u021bii pot avea un link c\u0103tre site-ul nostru web f\u0103r\u0103 permisiune scris\u0103 prealabil\u0103:<\/p><ul><li>agen\u021bii guvernamentale<\/li><li>motoare de c\u0103utare;<\/li><li>\u0218tiri;<\/li><li>distribuitorii de directoare online, care pot avea leg\u0103turi c\u0103tre site-ul nostru web \u00een acela\u0219i mod ca \u0219i hyperlinkurile c\u0103tre site-urile web ale altor societ\u0103\u021bi cotate; \u0219i<\/li><li>\u00eentreprinderi acreditate din \u00eentregul sistem, cu excep\u021bia organiza\u021biilor non-profit, a magazinelor de caritate \u0219i a grupurilor de str\u00e2ngere de fonduri \u00een scopuri caritabile, care nu pot avea un hyperlink c\u0103tre site-ul nostru.<\/li><\/ul><p>Aceste organiza\u021bii pot crea un link c\u0103tre pagina noastr\u0103 de pornire, publica\u021bii sau alte informa\u021bii de pe site-ul nostru, cu condi\u021bia ca link-ul: (a) s\u0103 nu fie \u00een\u0219el\u0103tor \u00een niciun fel; (b) s\u0103 nu sponsorizeze, s\u0103 sprijine sau s\u0103 aprobe \u00een mod necorespunz\u0103tor site-ul legat \u0219i produsele \u0219i\/sau serviciile acestuia; \u0219i (c) s\u0103 se \u00eencadreze \u00een contextul site-ului web al p\u0103r\u021bii legate.<\/p><p>Este posibil s\u0103 lu\u0103m \u00een considerare \u0219i s\u0103 aprob\u0103m alte solicit\u0103ri de linkuri din partea urm\u0103toarelor tipuri de organiza\u021bii:<\/p><ul><li>surse cunoscute \u00een mod obi\u0219nuit de informa\u021bii pentru consumatori \u0219i\/sau \u00eentreprinderi;<\/li><li>comunitate dot.com<\/li><li>asocia\u021bii sau alte grupuri care reprezint\u0103 organiza\u021bii de caritate;<\/li><li>distribuitori de directoare online;<\/li><li>portaluri de internet;<\/li><li>firme de contabilitate, juridice \u0219i de consultan\u021b\u0103; \u0219i<\/li><li>institu\u021bii de \u00eenv\u0103\u021b\u0103m\u00e2nt \u0219i asocia\u021bii comerciale.<\/li><\/ul><p>Vom aproba solicit\u0103rile de link de la aceste organiza\u021bii dac\u0103 decidem c\u0103: a) nu vom fi f\u0103cu\u021bi s\u0103 p\u0103rem nepotrivi\u021bi fa\u021b\u0103 de noi \u00een\u0219ine sau fa\u021b\u0103 de companiile noastre acreditate; b) organiza\u021bia nu are un istoric negativ fa\u021b\u0103 de noi; c) beneficiul pentru noi al vizibilit\u0103\u021bii hyperlink-ului este compensat de absen\u021ba MLM ENGINEERING MIHA FLANDER S.P., ENGINEERING; \u0219i d) link-ul este \u00een contextul informa\u021biilor generale despre resurs\u0103.<\/p><p>Aceste organiza\u021bii pot avea un link c\u0103tre pagina noastr\u0103 de pornire at\u00e2ta timp c\u00e2t link-ul: (a) nu este \u00een\u0219el\u0103tor \u00een niciun fel; (b) nu sponsorizeaz\u0103, nu sus\u021bine sau nu aprob\u0103 \u00een mod necorespunz\u0103tor site-ul care face leg\u0103tura \u0219i produsele sau serviciile acestuia; \u0219i (c) se \u00eencadreaz\u0103 \u00een contextul site-ului p\u0103r\u021bii care face leg\u0103tura. Dac\u0103 sunte\u021bi una dintre organiza\u021biile enumerate mai sus \u0219i sunte\u021bi interesat s\u0103 crea\u021bi un link c\u0103tre site-ul nostru, trebuie s\u0103 ne notifica\u021bi prin trimiterea unui e-mail la info@mlm-engineering.com\/.<\/p><p>V\u0103 rug\u0103m s\u0103 furniza\u021bi numele dumneavoastr\u0103, numele organiza\u021biei dumneavoastr\u0103, datele de contact, precum \u0219i URL-ul site-ului dumneavoastr\u0103, o list\u0103 a tuturor URL-urilor de la care inten\u021biona\u021bi s\u0103 crea\u021bi un link c\u0103tre site-ul nostru \u0219i o list\u0103 a URL-urilor de pe site-ul nostru c\u0103tre care dori\u021bi s\u0103 crea\u021bi un link. V\u0103 rug\u0103m s\u0103 acorda\u021bi 2-3 s\u0103pt\u0103m\u00e2ni pentru un r\u0103spuns.<\/p><p>Organiza\u021biile autorizate pot face hyperlink c\u0103tre site-ul nostru:<\/p><ul><li>folosind numele companiei noastre sau<\/li><li>utiliz\u00e2nd un singur localizator de resurse care este legat sau<\/li><li>prin utilizarea oric\u0103rei alte descrieri a site-ului nostru web care este legat\u0103 de ceea ce are sens \u00een contextul \u0219i formatul con\u021binutului de pe site-ul web al p\u0103r\u021bii legate.<\/li><\/ul><p>Nu va fi permis\u0103 utilizarea logo-ului MLM ENGINEERING MIHA FLANDER S.P., ENGINEERING sau a altui con\u021binut pentru link \u00een absen\u021ba unui acord de licen\u021b\u0103 de marc\u0103 comercial\u0103.<\/p><p><strong>iFrame<\/strong><\/p><p>Nu ave\u021bi voie s\u0103 crea\u021bi cadre pe site-urile noastre web care s\u0103 modifice \u00een vreun fel prezentarea vizual\u0103 sau aspectul site-ului nostru web f\u0103r\u0103 aprobarea noastr\u0103 prealabil\u0103 \u0219i f\u0103r\u0103 permisiunea noastr\u0103 scris\u0103.<\/p><p><strong>Responsabilitate material\u0103<\/strong><\/p><p>Nu suntem r\u0103spunz\u0103tori pentru niciun con\u021binut care apare pe site-ul dvs. web. Sunte\u021bi de acord s\u0103 ne desp\u0103gubi\u021bi, s\u0103 ne ap\u0103ra\u021bi \u0219i s\u0103 ne exonera\u021bi de orice preten\u021bii care apar pe site-ul dvs. web. Pe orice site web nu poate ap\u0103rea niciun link care ar putea fi interpretat ca fiind fals, obscen sau criminal, sau care \u00eencalc\u0103, \u00eencalc\u0103 \u00een alt mod sau sus\u021bine \u00eenc\u0103lcarea sau alte \u00eenc\u0103lc\u0103ri ale drepturilor unei ter\u021be p\u0103r\u021bi.<\/p><p><strong>Rezerva de drepturi<\/strong><\/p><p>Ne rezerv\u0103m dreptul de a v\u0103 solicita s\u0103 elimina\u021bi orice link sau orice link specific c\u0103tre site-ul nostru. Sunte\u021bi de acord s\u0103 elimina\u021bi imediat toate linkurile c\u0103tre site-ul nostru web la cerere. De asemenea, ne rezerv\u0103m dreptul de a modifica \u00een orice moment ace\u0219ti termeni \u0219i condi\u021bii \u0219i politica de creare de linkuri. Prin crearea continu\u0103 a unui link c\u0103tre site-ul nostru web, sunte\u021bi de acord s\u0103 v\u0103 supune\u021bi \u0219i s\u0103 respecta\u021bi ace\u0219ti termeni \u0219i condi\u021bii.<\/p><p><strong>Eliminarea linkurilor de pe site-ul nostru<\/strong><\/p><p>Dac\u0103 g\u0103si\u021bi un link pe site-ul nostru care este ofensator din orice motiv, ne pute\u021bi contacta \u00een orice moment pentru a ne anun\u021ba. Vom lua \u00een considerare cererile de eliminare a linkurilor, dar nu vom fi obliga\u021bi s\u0103 le r\u0103spundem direct. Nu garant\u0103m c\u0103 informa\u021biile de pe acest site web sunt corecte \u0219i nici nu garant\u0103m c\u0103 acestea sunt complete sau exacte; nici nu promitem s\u0103 ne asigur\u0103m c\u0103 site-ul web va r\u0103m\u00e2ne disponibil sau c\u0103 materialul de pe site va fi actualizat.<\/p><p><strong>Disclaimer<\/strong><\/p><p>\u00cen cea mai mare m\u0103sur\u0103 permis\u0103 de legea aplicabil\u0103, excludem toate reprezent\u0103rile, garan\u021biile \u0219i condi\u021biile \u00een leg\u0103tur\u0103 cu site-ul nostru web \u0219i cu utilizarea acestui site web. Nimic din aceast\u0103 clauz\u0103 de renun\u021bare nu va:<\/p><p>Limit\u0103rile \u0219i interdic\u021biile de r\u0103spundere prev\u0103zute \u00een aceast\u0103 sec\u021biune \u0219i \u00een alte p\u0103r\u021bi ale prezentului Disclaimer: (a) se aplic\u0103 la paragraful precedent; \u0219i (b) reglementeaz\u0103 toate obliga\u021biile care decurg din acest Disclaimer, inclusiv obliga\u021biile contractuale care decurg din contract, desp\u0103gubiri \u0219i \u00eenc\u0103lcarea obliga\u021biilor legale.<\/p><p>Nu vom fi r\u0103spunz\u0103tori pentru nicio pierdere sau pagub\u0103 p\u00e2n\u0103 c\u00e2nd site-ul web \u0219i informa\u021biile \u0219i serviciile de pe site-ul web nu sunt puse la dispozi\u021bie \u00een mod gratuit.<\/p><p><strong>Solu\u021bionarea extrajudiciar\u0103 a litigiilor \u00een materie de consum<\/strong><\/p><p>MLM ENGINEERING MIHA FLANDER S.P., ENGINEERING nu recunoa\u0219te niciun furnizor de servicii de solu\u021bionare extrajudiciar\u0103 a litigiilor de consum ca fiind competent pentru solu\u021bionarea unui litigiu de consum care ar putea fi intentat de c\u0103tre un consumator \u00een conformitate cu Legea privind solu\u021bionarea extrajudiciar\u0103 a litigiilor de consum, \u00een conformitate cu normele legale. Societatea, \u00een calitate de furnizor de bunuri \u0219i servicii, public\u0103 pe site-ul s\u0103u un link electronic c\u0103tre Platforma de solu\u021bionare online a litigiilor \u00een materie de consum (ODRP). ODRP este disponibil\u0103 consumatorilor la urm\u0103torul link electronic: http:\/\/ec.europa.eu\/odr. Regimul men\u021bionat mai sus se bazeaz\u0103 pe Legea privind solu\u021bionarea extrajudiciar\u0103 a litigiilor \u00een materie de consum, Regulamentul (UE) nr. 524\/2013 al Parlamentului European \u0219i al Consiliului privind solu\u021bionarea online a litigiilor \u00een materie de consum \u0219i de modificare a Regulamentului (CE) nr. 2016\/2004 \u0219i Directiva 200.<\/p>\t\t\t\t\t\t<\/div>\n\t\t\t\t<\/div>\n\t\t\t\t\t<\/div>\n\t\t<\/div>\n\t\t\t\t\t<\/div>\n\t\t<\/section>\n\t\t\t\t<\/div>","protected":false},"excerpt":{"rendered":"<p>Splo\u0161ni pogoji Ti pogoji opisujejo pravila in predpise za uporabo za spletnega mesta MLM ENGINEERING MIHA FLANDER S.P., IN\u017dINIRING, ki se nahaja na https:\/\/mlm-engineering.com\/ in vse njene poddomene. Z dostopom do tega spletnega mesta predpostavljamo, da sprejemate te pogoje. Ne nadaljujte z uporabo\u00a0https:\/\/mlm-engineering.com\/, \u010de se ne strinjate z vsemi pogoji, navedenimi na tej strani. Naslednja [&hellip;]<\/p>","protected":false},"author":3,"featured_media":0,"parent":0,"menu_order":0,"comment_status":"closed","ping_status":"closed","template":"","meta":{"_seopress_robots_primary_cat":"","_seopress_titles_title":"","_seopress_titles_desc":"","_seopress_robots_index":"","ocean_post_layout":"full-screen","ocean_both_sidebars_style":"","ocean_both_sidebars_content_width":0,"ocean_both_sidebars_sidebars_width":0,"ocean_sidebar":"0","ocean_second_sidebar":"0","ocean_disable_margins":"on","ocean_add_body_class":"","ocean_shortcode_before_top_bar":"","ocean_shortcode_after_top_bar":"","ocean_shortcode_before_header":"","ocean_shortcode_after_header":"","ocean_has_shortcode":"","ocean_shortcode_after_title":"","ocean_shortcode_before_footer_widgets":"","ocean_shortcode_after_footer_widgets":"","ocean_shortcode_before_footer_bottom":"","ocean_shortcode_after_footer_bottom":"","ocean_display_top_bar":"default","ocean_display_header":"default","ocean_header_style":"","ocean_center_header_left_menu":"0","ocean_custom_header_template":"0","ocean_custom_logo":0,"ocean_custom_retina_logo":0,"ocean_custom_logo_max_width":0,"ocean_custom_logo_tablet_max_width":0,"ocean_custom_logo_mobile_max_width":0,"ocean_custom_logo_max_height":0,"ocean_custom_logo_tablet_max_height":0,"ocean_custom_logo_mobile_max_height":0,"ocean_header_custom_menu":"0","ocean_menu_typo_font_family":"0","ocean_menu_typo_font_subset":"","ocean_menu_typo_font_size":0,"ocean_menu_typo_font_size_tablet":0,"ocean_menu_typo_font_size_mobile":0,"ocean_menu_typo_font_size_unit":"px","ocean_menu_typo_font_weight":"","ocean_menu_typo_font_weight_tablet":"","ocean_menu_typo_font_weight_mobile":"","ocean_menu_typo_transform":"","ocean_menu_typo_transform_tablet":"","ocean_menu_typo_transform_mobile":"","ocean_menu_typo_line_height":0,"ocean_menu_typo_line_height_tablet":0,"ocean_menu_typo_line_height_mobile":0,"ocean_menu_typo_line_height_unit":"","ocean_menu_typo_spacing":0,"ocean_menu_typo_spacing_tablet":0,"ocean_menu_typo_spacing_mobile":0,"ocean_menu_typo_spacing_unit":"","ocean_menu_link_color":"","ocean_menu_link_color_hover":"","ocean_menu_link_color_active":"","ocean_menu_link_background":"","ocean_menu_link_hover_background":"","ocean_menu_link_active_background":"","ocean_menu_social_links_bg":"","ocean_menu_social_hover_links_bg":"","ocean_menu_social_links_color":"","ocean_menu_social_hover_links_color":"","ocean_disable_title":"on","ocean_disable_heading":"on","ocean_post_title":"","ocean_post_subheading":"","ocean_post_title_style":"","ocean_post_title_background_color":"","ocean_post_title_background":0,"ocean_post_title_bg_image_position":"","ocean_post_title_bg_image_attachment":"","ocean_post_title_bg_image_repeat":"","ocean_post_title_bg_image_size":"","ocean_post_title_height":0,"ocean_post_title_bg_overlay":0.5,"ocean_post_title_bg_overlay_color":"","ocean_disable_breadcrumbs":"off","ocean_breadcrumbs_color":"","ocean_breadcrumbs_separator_color":"","ocean_breadcrumbs_links_color":"","ocean_breadcrumbs_links_hover_color":"","ocean_display_footer_widgets":"default","ocean_display_footer_bottom":"default","ocean_custom_footer_template":"0","footnotes":""},"_links":{"self":[{"href":"https:\/\/mlm-engineering.com\/ro\/wp-json\/wp\/v2\/pages\/2195"}],"collection":[{"href":"https:\/\/mlm-engineering.com\/ro\/wp-json\/wp\/v2\/pages"}],"about":[{"href":"https:\/\/mlm-engineering.com\/ro\/wp-json\/wp\/v2\/types\/page"}],"author":[{"embeddable":true,"href":"https:\/\/mlm-engineering.com\/ro\/wp-json\/wp\/v2\/users\/3"}],"replies":[{"embeddable":true,"href":"https:\/\/mlm-engineering.com\/ro\/wp-json\/wp\/v2\/comments?post=2195"}],"version-history":[{"count":4,"href":"https:\/\/mlm-engineering.com\/ro\/wp-json\/wp\/v2\/pages\/2195\/revisions"}],"predecessor-version":[{"id":2436,"href":"https:\/\/mlm-engineering.com\/ro\/wp-json\/wp\/v2\/pages\/2195\/revisions\/2436"}],"wp:attachment":[{"href":"https:\/\/mlm-engineering.com\/ro\/wp-json\/wp\/v2\/media?parent=2195"}],"curies":[{"name":"wp","href":"https:\/\/api.w.org\/{rel}","templated":true}]}}