{"id":2195,"date":"2022-06-10T07:11:23","date_gmt":"2022-06-10T07:11:23","guid":{"rendered":"https:\/\/mlm-engineering.com\/?page_id=2195"},"modified":"2022-07-31T12:50:22","modified_gmt":"2022-07-31T12:50:22","slug":"splosni-pogoji","status":"publish","type":"page","link":"https:\/\/mlm-engineering.com\/sk\/splosni-pogoji\/","title":{"rendered":"V\u0161eobecn\u00e9 podmienky"},"content":{"rendered":"<div data-elementor-type=\"wp-page\" data-elementor-id=\"2195\" class=\"elementor elementor-2195\">\n\t\t\t\t\t\t<section class=\"elementor-section elementor-top-section elementor-element elementor-element-676f2f3 elementor-section-boxed elementor-section-height-default elementor-section-height-default\" data-id=\"676f2f3\" data-element_type=\"section\" data-settings=\"{&quot;background_background&quot;:&quot;classic&quot;}\">\n\t\t\t\t\t\t<div class=\"elementor-container elementor-column-gap-default\">\n\t\t\t\t\t<div class=\"elementor-column elementor-col-100 elementor-top-column elementor-element elementor-element-cda71a6\" data-id=\"cda71a6\" data-element_type=\"column\">\n\t\t\t<div class=\"elementor-widget-wrap elementor-element-populated\">\n\t\t\t\t\t\t<div class=\"elementor-element elementor-element-53e4b40 elementor-widget elementor-widget-heading\" data-id=\"53e4b40\" data-element_type=\"widget\" data-widget_type=\"heading.default\">\n\t\t\t\t<div class=\"elementor-widget-container\">\n\t\t\t<h2 class=\"elementor-heading-title elementor-size-default\">V\u0161eobecn\u00e9 podmienky<\/h2>\t\t<\/div>\n\t\t\t\t<\/div>\n\t\t\t\t<div class=\"elementor-element elementor-element-cfd40ef elementor-widget elementor-widget-text-editor\" data-id=\"cfd40ef\" data-element_type=\"widget\" data-widget_type=\"text-editor.default\">\n\t\t\t\t<div class=\"elementor-widget-container\">\n\t\t\t\t\t\t\t<p>Tieto podmienky stanovuj\u00fa pravidl\u00e1 a predpisy pre pou\u017e\u00edvanie webovej str\u00e1nky spolo\u010dnosti MLM ENGINEERING MIHA FLANDER S.P., ENGINEERING, ktor\u00e1 sa nach\u00e1dza na adrese https:\/\/mlm-engineering.com\/ a v\u0161etk\u00fdch jej subdom\u00e9n. Pr\u00edstupom na t\u00fato webov\u00fa lokalitu predpoklad\u00e1me, \u017ee tieto podmienky prij\u00edmate. Nepokra\u010dujte v pou\u017e\u00edvan\u00ed str\u00e1nky https:\/\/mlm-engineering.com\/, ak nes\u00fahlas\u00edte so v\u0161etk\u00fdmi podmienkami uveden\u00fdmi na tejto str\u00e1nke.<\/p><p>Na tieto podmienky, vyhl\u00e1senie o ochrane osobn\u00fdch \u00fadajov, ozn\u00e1menie o odmietnut\u00ed zodpovednosti a v\u0161etky dohody sa vz\u0165ahuje nasleduj\u00faca terminol\u00f3gia: \"z\u00e1kazn\u00edk\", \"vy\" a \"v\u00e1\u0161\" sa vz\u0165ahuje na v\u00e1s, osobu, ktor\u00e1 sa zaregistruje na tejto webovej lokalite a podlieha podmienkam spolo\u010dnosti. \"Spolo\u010dnos\u0165\", \"vy\", \"my\", \"na\u0161e\" a \"n\u00e1s\" sa vz\u0165ahuje na na\u0161u spolo\u010dnos\u0165. \"Z\u00e1kazn\u00edk\", \"Strany\" alebo \"My\" sa vz\u0165ahuje na z\u00e1kazn\u00edka aj na n\u00e1s. V\u0161etky podmienky sa vz\u0165ahuj\u00fa na ponuku, prijatie a \u00fahradu platieb potrebn\u00fdch na uskuto\u010dnenie procesu na\u0161ej pomoci Klientovi \u010do naj\u00fa\u010delnej\u0161\u00edm sp\u00f4sobom za v\u00fdslovn\u00fdm \u00fa\u010delom uspokojenia potrieb Klienta pri poskytovan\u00ed vy\u0161\u0161ie uveden\u00fdch slu\u017eieb v s\u00falade s platn\u00fdmi slovinsk\u00fdmi pr\u00e1vnymi predpismi a na ich z\u00e1klade. Ak\u00e9ko\u013evek pou\u017eitie vy\u0161\u0161ie uvedenej terminol\u00f3gie alebo in\u00fdch slov v jednotnom \u010d\u00edsle, mno\u017enom \u010d\u00edsle, s ve\u013ek\u00fdm za\u010diato\u010dn\u00fdm p\u00edsmenom a\/alebo on\/ona alebo oni sa pova\u017euje za zamenite\u013en\u00e9, a preto sa vz\u0165ahuje na to ist\u00e9.<\/p><p><strong>Cookies<\/strong><\/p><p>T\u00e1to webov\u00e1 str\u00e1nka pou\u017e\u00edva s\u00fabory cookie. Pr\u00edstupom na str\u00e1nku https:\/\/mlm-engineering.com\/ ste vyjadrili s\u00fahlas s pou\u017e\u00edvan\u00edm s\u00faborov cookie v s\u00falade s MLM ENGINEERING MIHA FLANDER S.P., ENGINEERING, a so z\u00e1sadami ochrany osobn\u00fdch \u00fadajov tejto webovej str\u00e1nky. V\u00e4\u010d\u0161ina interakt\u00edvnych webov\u00fdch str\u00e1nok pou\u017e\u00edva s\u00fabory cookie, ktor\u00e9 n\u00e1m umo\u017e\u0148uj\u00fa z\u00edska\u0165 \u00fadaje o pou\u017e\u00edvate\u013eovi pri ka\u017edej n\u00e1v\u0161teve. Na na\u0161ej webovej lokalite pou\u017e\u00edvame s\u00fabory cookie, aby sme umo\u017enili funk\u010dnos\u0165 ur\u010dit\u00fdch oblast\u00ed a u\u013eah\u010dili jej pou\u017e\u00edvanie n\u00e1v\u0161tevn\u00edkom, ktor\u00ed nav\u0161t\u00edvia na\u0161u webov\u00fa lokalitu. S\u00fabory cookie tret\u00edch str\u00e1n m\u00f4\u017eu pou\u017e\u00edva\u0165 aj niektor\u00ed na\u0161i partnersk\u00ed\/reklamn\u00ed partneri.<\/p><p><strong>Licencia<\/strong><\/p><p>Ak nie je uveden\u00e9 inak, spolo\u010dnos\u0165 MLM ENGINEERING MIHA FLANDER S.P., ENGINEERING a\/alebo poskytovatelia licencie na t\u00fato webov\u00fa lokalitu s\u00fa vlastn\u00edkmi pr\u00e1v du\u0161evn\u00e9ho vlastn\u00edctva pre v\u0161etky materi\u00e1ly na str\u00e1nke https:\/\/mlm-engineering.com\/. V\u0161etky pr\u00e1va du\u0161evn\u00e9ho vlastn\u00edctva s\u00fa vyhraden\u00e9. Pr\u00edstup na t\u00fato str\u00e1nku https:\/\/mlm-engineering.com\/ m\u00f4\u017eete z\u00edska\u0165 pre svoje osobn\u00e9 pou\u017eitie, pri\u010dom sa na v\u00e1s vz\u0165ahuj\u00fa obmedzenia uveden\u00e9 v t\u00fdchto podmienkach.<\/p><p>Nesmiete:<\/p><ul><li>Zverejnenie materi\u00e1lu https:\/\/mlm-engineering.com\/brez povolenia.<\/li><li>Pred\u00e1va\u0165, po\u017ei\u010diava\u0165 alebo poskytova\u0165 sublicencie na materi\u00e1l so s\u00fahlasom https:\/\/mlm-engineering.com\/brez.<\/li><li>Reprodukova\u0165, kop\u00edrova\u0165 alebo rozmno\u017eova\u0165 materi\u00e1l m\u00f4\u017eete len so s\u00fahlasom str\u00e1nky https:\/\/mlm-engineering.com\/brez.<\/li><li>Obsah m\u00f4\u017eete \u010falej \u0161\u00edri\u0165 s povolen\u00edm https:\/\/mlm-engineering.com\/brez.<\/li><\/ul><p>T\u00e1to zmluva nadob\u00fada platnos\u0165 d\u0148om uzavretia tejto zmluvy alebo d\u0148om priameho pr\u00edstupu na na\u0161u webov\u00fa str\u00e1nku.<\/p><p>\u010casti tejto webovej str\u00e1nky pon\u00fakaj\u00fa pou\u017e\u00edvate\u013eom mo\u017enos\u0165 zverej\u0148ova\u0165 a zdie\u013ea\u0165 n\u00e1zory a inform\u00e1cie o konkr\u00e9tnych oblastiach webovej str\u00e1nky. Spolo\u010dnos\u0165 MLM ENGINEERING MIHA FLANDER S.P., ENGINEERING nefiltruje, neupravuje, nezverej\u0148uje ani nekontroluje koment\u00e1re pred ich zverejnen\u00edm na webovej lokalite. Koment\u00e1re nevyjadruj\u00fa n\u00e1zory a stanovisk\u00e1 spolo\u010dnosti MLM ENGINEERING MIHA FLANDER S.P., ENGINEERING , jej z\u00e1stupcov a\/alebo pridru\u017een\u00fdch spolo\u010dnost\u00ed. Koment\u00e1re vyjadruj\u00fa n\u00e1zory a stanovisk\u00e1 osoby, ktor\u00e1 n\u00e1zor zverejnila. V rozsahu povolenom platn\u00fdmi pr\u00e1vnymi predpismi spolo\u010dnos\u0165 MLM ENGINEERING MIHA FLANDER S.P., ENGINEERING , nenesie zodpovednos\u0165 za Koment\u00e1re ani za \u017eiadnu zodpovednos\u0165, \u0161kody alebo v\u00fddavky ak\u00e9hoko\u013evek druhu, ktor\u00e9 vznikli a\/alebo vznikli v d\u00f4sledku ak\u00e9hoko\u013evek pou\u017eitia a\/alebo zverejnenia a\/alebo objavenia sa Koment\u00e1rov na tejto webovej lokalite.<\/p><p>Spolo\u010dnos\u0165 MLM ENGINEERING MIHA FLANDER S.P., ENGINEERING si vyhradzuje pr\u00e1vo monitorova\u0165 v\u0161etky koment\u00e1re a odstr\u00e1ni\u0165 v\u0161etky koment\u00e1re, ktor\u00e9 m\u00f4\u017eu by\u0165 pova\u017eovan\u00e9 za nevhodn\u00e9, ur\u00e1\u017eliv\u00e9 alebo m\u00f4\u017eu sp\u00f4sobi\u0165 poru\u0161enie t\u00fdchto podmienok.<\/p><p>Zaru\u010dujete a vyhlasujete, \u017ee:<\/p><ul><li>ste opr\u00e1vnen\u00ed uverej\u0148ova\u0165 koment\u00e1re na na\u0161ich webov\u00fdch str\u00e1nkach a m\u00e1te na to potrebn\u00e9 povolenia a s\u00fahlasy;<\/li><li>koment\u00e1re neporu\u0161uj\u00fa \u017eiadne pr\u00e1va du\u0161evn\u00e9ho vlastn\u00edctva vr\u00e1tane autorsk\u00fdch pr\u00e1v, patentov alebo ochrann\u00fdch zn\u00e1mok tret\u00edch str\u00e1n;<\/li><li>Koment\u00e1re neobsahuj\u00fa \u017eiadne hanliv\u00e9, ur\u00e1\u017eliv\u00e9, ohov\u00e1ra\u010dsk\u00e9, ur\u00e1\u017eliv\u00e9, obsc\u00e9nne alebo inak nez\u00e1konn\u00e9 materi\u00e1ly, ktor\u00e9 predstavuj\u00fa z\u00e1sah do s\u00fakromia;<\/li><li>Koment\u00e1re sa nepou\u017e\u00edvaj\u00fa na z\u00edskavanie alebo podporu predaja alebo na prezent\u00e1ciu komer\u010dn\u00fdch alebo nez\u00e1konn\u00fdch \u010dinnost\u00ed.<\/li><\/ul><p>T\u00fdmto ude\u013eujete spolo\u010dnosti MLM ENGINEERING MIHA FLANDER S.P., ENGINEERING nev\u00fdhradn\u00fa licenciu na pou\u017e\u00edvanie, reprodukciu, \u00fapravu a opr\u00e1vnenie in\u00fdch pou\u017e\u00edva\u0165, reprodukova\u0165 a upravova\u0165 va\u0161e koment\u00e1re v akejko\u013evek forme, podobe alebo m\u00e9diu.<\/p><p><strong>Hypertextov\u00fd odkaz na n\u00e1\u0161 obsah<\/strong><\/p><p>Nasleduj\u00face organiz\u00e1cie m\u00f4\u017eu odkazova\u0165 na na\u0161u webov\u00fa str\u00e1nku bez predch\u00e1dzaj\u00faceho p\u00edsomn\u00e9ho s\u00fahlasu:<\/p><ul><li>vl\u00e1dne agent\u00fary<\/li><li>vyh\u013ead\u00e1va\u010de;<\/li><li>Novinky;<\/li><li>distrib\u00fatori online katal\u00f3gov, ktor\u00ed m\u00f4\u017eu odkazova\u0165 na na\u0161e webov\u00e9 str\u00e1nky rovnak\u00fdm sp\u00f4sobom ako hypertextov\u00e9 odkazy na webov\u00e9 str\u00e1nky in\u00fdch spolo\u010dnost\u00ed uveden\u00fdch na zozname a<\/li><li>akreditovan\u00e9 podniky v r\u00e1mci cel\u00e9ho syst\u00e9mu, s v\u00fdnimkou neziskov\u00fdch organiz\u00e1ci\u00ed, charitat\u00edvnych obchodov a charitat\u00edvnych skup\u00edn, ktor\u00e9 nesm\u00fa hypertextovo odkazova\u0165 na na\u0161e webov\u00e9 str\u00e1nky.<\/li><\/ul><p>Tieto organiz\u00e1cie m\u00f4\u017eu odkazova\u0165 na na\u0161u domovsk\u00fa str\u00e1nku, publik\u00e1cie alebo in\u00e9 inform\u00e1cie na webovej str\u00e1nke za predpokladu, \u017ee odkaz: (a) nie je v \u017eiadnom pr\u00edpade klamliv\u00fd; (b) nevhodne nesponzoruje, neschva\u013euje ani neschva\u013euje odkazovan\u00fa str\u00e1nku a jej produkty a\/alebo slu\u017eby; a (c) zapad\u00e1 do kontextu webovej str\u00e1nky odkazovanej strany.<\/p><p>M\u00f4\u017eeme zv\u00e1\u017ei\u0165 a schv\u00e1li\u0165 \u010fal\u0161ie \u017eiadosti o prepojenia od nasleduj\u00facich typov organiz\u00e1ci\u00ed:<\/p><ul><li>v\u0161eobecne zn\u00e1me zdroje spotrebite\u013esk\u00fdch a\/alebo obchodn\u00fdch inform\u00e1ci\u00ed;<\/li><li>komunita dot.com<\/li><li>zdru\u017eenia alebo in\u00e9 skupiny zastupuj\u00face charitat\u00edvne organiz\u00e1cie;<\/li><li>online adres\u00e1r distrib\u00fatorov;<\/li><li>internetov\u00e9 port\u00e1ly;<\/li><li>\u00fa\u010dtovn\u00edcke, pr\u00e1vne a poradensk\u00e9 firmy a<\/li><li>vzdel\u00e1vacie in\u0161tit\u00facie a obchodn\u00e9 zdru\u017eenia.<\/li><\/ul><p>\u017diadosti o prepojenie od t\u00fdchto organiz\u00e1ci\u00ed schv\u00e1lime, ak rozhodneme, \u017ee: a) nebudeme vyzera\u0165 nevhodne pre seba alebo na\u0161e akreditovan\u00e9 spolo\u010dnosti; b) organiz\u00e1cia nem\u00e1 u n\u00e1s negat\u00edvny z\u00e1znam; c) pr\u00ednos vidite\u013enosti hypertextov\u00e9ho prepojenia pre n\u00e1s je vyv\u00e1\u017een\u00fd nepr\u00edtomnos\u0165ou spolo\u010dnosti MLM ENGINEERING MIHA FLANDER S.P., ENGINEERING; a d) prepojenie je v kontexte v\u0161eobecn\u00fdch inform\u00e1ci\u00ed o zdroji.<\/p><p>Tieto organiz\u00e1cie m\u00f4\u017eu odkazova\u0165 na na\u0161u domovsk\u00fa str\u00e1nku, pokia\u013e odkaz: (a) nie je v \u017eiadnom pr\u00edpade klamliv\u00fd; (b) nevhodne nesponzoruje, neschva\u013euje ani neschva\u013euje odkazuj\u00facu str\u00e1nku a jej produkty alebo slu\u017eby; a (c) zapad\u00e1 do kontextu str\u00e1nky odkazuj\u00facej strany. Ak ste jednou z vy\u0161\u0161ie uveden\u00fdch organiz\u00e1ci\u00ed a m\u00e1te z\u00e1ujem o prepojenie na na\u0161u webov\u00fa str\u00e1nku, mus\u00edte n\u00e1m to ozn\u00e1mi\u0165 zaslan\u00edm e-mailu na adresu info@mlm-engineering.com\/.<\/p><p>Uve\u010fte svoje meno, n\u00e1zov organiz\u00e1cie, kontaktn\u00e9 \u00fadaje, ako aj adresu URL va\u0161ej webovej str\u00e1nky, zoznam v\u0161etk\u00fdch adries URL, z ktor\u00fdch chcete odkazova\u0165 na na\u0161u webov\u00fa str\u00e1nku, a zoznam adries URL na na\u0161ej webovej str\u00e1nke, na ktor\u00e9 chcete odkazova\u0165. Na odpove\u010f si vyhra\u010fte 2 - 3 t\u00fd\u017edne.<\/p><p>Schv\u00e1len\u00e9 organiz\u00e1cie m\u00f4\u017eu na na\u0161u webov\u00fa str\u00e1nku odkazova\u0165:<\/p><ul><li>pou\u017e\u00edva\u0165 n\u00e1zov na\u0161ej spolo\u010dnosti alebo<\/li><li>pomocou jedn\u00e9ho lok\u00e1tora zdrojov, ktor\u00fd je prepojen\u00fd s alebo<\/li><li>pou\u017eit\u00edm ak\u00e9hoko\u013evek in\u00e9ho opisu na\u0161ej webovej str\u00e1nky, ktor\u00fd s\u00favis\u00ed s t\u00fdm, \u010do m\u00e1 zmysel v kontexte a form\u00e1te obsahu na webovej str\u00e1nke odkazuj\u00facej strany.<\/li><\/ul><p>V pr\u00edpade absencie licen\u010dnej zmluvy na ochrann\u00fa zn\u00e1mku nebude povolen\u00e9 pou\u017e\u00edva\u0165 logo MLM ENGINEERING MIHA FLANDER S.P., ENGINEERING ani in\u00fd obsah pre prepojenie.<\/p><p><strong>iFrame<\/strong><\/p><p>Na na\u0161ich webov\u00fdch str\u00e1nkach nesmiete vytv\u00e1ra\u0165 r\u00e1mce, ktor\u00e9 by ak\u00fdmko\u013evek sp\u00f4sobom menili vizu\u00e1lnu prezent\u00e1ciu alebo vzh\u013ead na\u0161ich webov\u00fdch str\u00e1nok bez n\u00e1\u0161ho predch\u00e1dzaj\u00faceho s\u00fahlasu a p\u00edsomn\u00e9ho povolenia.<\/p><p><strong>Hmotn\u00e1 zodpovednos\u0165<\/strong><\/p><p>Nezodpoved\u00e1me za \u017eiadny obsah, ktor\u00fd sa zobraz\u00ed na va\u0161ej webovej lokalite. S\u00fahlas\u00edte, \u017ee n\u00e1s od\u0161kodn\u00edte, budete n\u00e1s br\u00e1ni\u0165 a zbav\u00edte n\u00e1s zodpovednosti za ak\u00e9ko\u013evek n\u00e1roky, ktor\u00e9 sa objavia na va\u0161ej webovej lokalite. Na \u017eiadnej webovej lokalite sa nesmie objavi\u0165 \u017eiadny odkaz, ktor\u00fd by sa mohol pova\u017eova\u0165 za nepravdiv\u00fd, obsc\u00e9nny alebo trestn\u00fd, alebo ktor\u00fd poru\u0161uje, inak poru\u0161uje alebo propaguje poru\u0161enie alebo in\u00e9 poru\u0161enie pr\u00e1v akejko\u013evek tretej strany.<\/p><p><strong>V\u00fdhrada pr\u00e1v<\/strong><\/p><p>Vyhradzujeme si pr\u00e1vo po\u017eiada\u0165 v\u00e1s o odstr\u00e1nenie ak\u00fdchko\u013evek odkazov alebo konkr\u00e9tneho odkazu na na\u0161u webov\u00fa lokalitu. S\u00fahlas\u00edte, \u017ee na po\u017eiadanie okam\u017eite odstr\u00e1nite v\u0161etky odkazy na na\u0161u webov\u00fa lokalitu. Vyhradzujeme si tie\u017e pr\u00e1vo kedyko\u013evek zmeni\u0165 tieto podmienky a z\u00e1sady odkazovania. Neust\u00e1lym odkazovan\u00edm na na\u0161u webov\u00fa lokalitu s\u00fahlas\u00edte s t\u00fdmito podmienkami a s\u00fahlas\u00edte s ich dodr\u017eiavan\u00edm.<\/p><p><strong>Odstr\u00e1nenie odkazov z na\u0161ej webovej str\u00e1nky<\/strong><\/p><p>Ak na na\u0161ej webovej lokalite n\u00e1jdete odkaz, ktor\u00fd je z ak\u00e9hoko\u013evek d\u00f4vodu ur\u00e1\u017eliv\u00fd, m\u00f4\u017eete n\u00e1s kedyko\u013evek kontaktova\u0165 a upozorni\u0165 n\u00e1s na to. \u017diadosti o odstr\u00e1nenie odkazov zv\u00e1\u017eime, ale nie sme povinn\u00ed na ne priamo reagova\u0165. Nezaru\u010dujeme, \u017ee inform\u00e1cie na tejto webovej lokalite s\u00fa spr\u00e1vne, ani nezaru\u010dujeme ich \u00faplnos\u0165 alebo presnos\u0165; nes\u013eubujeme ani to, \u017ee webov\u00e1 lokalita zostane dostupn\u00e1 alebo \u017ee materi\u00e1ly na nej bud\u00fa aktualizovan\u00e9.<\/p><p><strong>Zrieknutie sa zodpovednosti<\/strong><\/p><p>V maxim\u00e1lnom rozsahu povolenom platn\u00fdmi z\u00e1konmi vylu\u010dujeme v\u0161etky vyhl\u00e1senia, z\u00e1ruky a podmienky t\u00fdkaj\u00face sa na\u0161ej webovej str\u00e1nky a pou\u017e\u00edvania tejto webovej str\u00e1nky. Ni\u010d v tomto vyhl\u00e1sen\u00ed o vyl\u00fa\u010den\u00ed zodpovednosti:<\/p><p>Obmedzenia a z\u00e1kazy zodpovednosti uveden\u00e9 v tomto oddiele a na in\u00fdch miestach tohto Vyhl\u00e1senia: (a) sa vz\u0165ahuj\u00fa na predch\u00e1dzaj\u00faci odsek; a (b) upravuj\u00fa v\u0161etky z\u00e1v\u00e4zky vypl\u00fdvaj\u00face z tohto Vyhl\u00e1senia vr\u00e1tane zmluvn\u00fdch z\u00e1v\u00e4zkov vypl\u00fdvaj\u00facich zo zmluvy, n\u00e1hrady \u0161kody a poru\u0161enia z\u00e1konnej povinnosti.<\/p><p>Nenesieme zodpovednos\u0165 za \u017eiadnu stratu alebo \u0161kodu, k\u00fdm webov\u00e1 str\u00e1nka a inform\u00e1cie a slu\u017eby na nej nebud\u00fa spr\u00edstupnen\u00e9 bezplatne.<\/p><p><strong>Mimos\u00fadne rie\u0161enie spotrebite\u013esk\u00fdch sporov<\/strong><\/p><p>Spolo\u010dnos\u0165 MLM ENGINEERING MIHA FLANDER S.P., ENGINEERING neuzn\u00e1va \u017eiadneho poskytovate\u013ea mimos\u00fadneho rie\u0161enia spotrebite\u013esk\u00fdch sporov za pr\u00edslu\u0161n\u00e9ho na rie\u0161enie spotrebite\u013esk\u00e9ho sporu, ktor\u00fd by mohol spotrebite\u013e uplatni\u0165 pod\u013ea z\u00e1kona o mimos\u00fadnom rie\u0161en\u00ed spotrebite\u013esk\u00fdch sporov v s\u00falade s pr\u00e1vnymi normami. Spolo\u010dnos\u0165 ako poskytovate\u013e tovarov a slu\u017eieb zverej\u0148uje na svojom webovom s\u00eddle elektronick\u00fd odkaz na platformu pre rie\u0161enie spotrebite\u013esk\u00fdch sporov online (ODRP). ODRP je spotrebite\u013eom k dispoz\u00edcii na tomto elektronickom odkaze: http:\/\/ec.europa.eu\/odr. Uveden\u00fd re\u017eim vych\u00e1dza zo z\u00e1kona o mimos\u00fadnom rie\u0161en\u00ed spotrebite\u013esk\u00fdch sporov, nariadenia Eur\u00f3pskeho parlamentu a Rady (E\u00da) \u010d. 524\/2013 o rie\u0161en\u00ed spotrebite\u013esk\u00fdch sporov online a o zmene nariadenia (ES) \u010d. 2016\/2004 a smernice 200.<\/p>\t\t\t\t\t\t<\/div>\n\t\t\t\t<\/div>\n\t\t\t\t\t<\/div>\n\t\t<\/div>\n\t\t\t\t\t<\/div>\n\t\t<\/section>\n\t\t\t\t<\/div>","protected":false},"excerpt":{"rendered":"<p>Splo\u0161ni pogoji Ti pogoji opisujejo pravila in predpise za uporabo za spletnega mesta MLM ENGINEERING MIHA FLANDER S.P., IN\u017dINIRING, ki se nahaja na https:\/\/mlm-engineering.com\/ in vse njene poddomene. Z dostopom do tega spletnega mesta predpostavljamo, da sprejemate te pogoje. Ne nadaljujte z uporabo\u00a0https:\/\/mlm-engineering.com\/, \u010de se ne strinjate z vsemi pogoji, navedenimi na tej strani. Naslednja [&hellip;]<\/p>","protected":false},"author":3,"featured_media":0,"parent":0,"menu_order":0,"comment_status":"closed","ping_status":"closed","template":"","meta":{"_seopress_robots_primary_cat":"","_seopress_titles_title":"","_seopress_titles_desc":"","_seopress_robots_index":"","ocean_post_layout":"full-screen","ocean_both_sidebars_style":"","ocean_both_sidebars_content_width":0,"ocean_both_sidebars_sidebars_width":0,"ocean_sidebar":"0","ocean_second_sidebar":"0","ocean_disable_margins":"on","ocean_add_body_class":"","ocean_shortcode_before_top_bar":"","ocean_shortcode_after_top_bar":"","ocean_shortcode_before_header":"","ocean_shortcode_after_header":"","ocean_has_shortcode":"","ocean_shortcode_after_title":"","ocean_shortcode_before_footer_widgets":"","ocean_shortcode_after_footer_widgets":"","ocean_shortcode_before_footer_bottom":"","ocean_shortcode_after_footer_bottom":"","ocean_display_top_bar":"default","ocean_display_header":"default","ocean_header_style":"","ocean_center_header_left_menu":"0","ocean_custom_header_template":"0","ocean_custom_logo":0,"ocean_custom_retina_logo":0,"ocean_custom_logo_max_width":0,"ocean_custom_logo_tablet_max_width":0,"ocean_custom_logo_mobile_max_width":0,"ocean_custom_logo_max_height":0,"ocean_custom_logo_tablet_max_height":0,"ocean_custom_logo_mobile_max_height":0,"ocean_header_custom_menu":"0","ocean_menu_typo_font_family":"0","ocean_menu_typo_font_subset":"","ocean_menu_typo_font_size":0,"ocean_menu_typo_font_size_tablet":0,"ocean_menu_typo_font_size_mobile":0,"ocean_menu_typo_font_size_unit":"px","ocean_menu_typo_font_weight":"","ocean_menu_typo_font_weight_tablet":"","ocean_menu_typo_font_weight_mobile":"","ocean_menu_typo_transform":"","ocean_menu_typo_transform_tablet":"","ocean_menu_typo_transform_mobile":"","ocean_menu_typo_line_height":0,"ocean_menu_typo_line_height_tablet":0,"ocean_menu_typo_line_height_mobile":0,"ocean_menu_typo_line_height_unit":"","ocean_menu_typo_spacing":0,"ocean_menu_typo_spacing_tablet":0,"ocean_menu_typo_spacing_mobile":0,"ocean_menu_typo_spacing_unit":"","ocean_menu_link_color":"","ocean_menu_link_color_hover":"","ocean_menu_link_color_active":"","ocean_menu_link_background":"","ocean_menu_link_hover_background":"","ocean_menu_link_active_background":"","ocean_menu_social_links_bg":"","ocean_menu_social_hover_links_bg":"","ocean_menu_social_links_color":"","ocean_menu_social_hover_links_color":"","ocean_disable_title":"on","ocean_disable_heading":"on","ocean_post_title":"","ocean_post_subheading":"","ocean_post_title_style":"","ocean_post_title_background_color":"","ocean_post_title_background":0,"ocean_post_title_bg_image_position":"","ocean_post_title_bg_image_attachment":"","ocean_post_title_bg_image_repeat":"","ocean_post_title_bg_image_size":"","ocean_post_title_height":0,"ocean_post_title_bg_overlay":0.5,"ocean_post_title_bg_overlay_color":"","ocean_disable_breadcrumbs":"off","ocean_breadcrumbs_color":"","ocean_breadcrumbs_separator_color":"","ocean_breadcrumbs_links_color":"","ocean_breadcrumbs_links_hover_color":"","ocean_display_footer_widgets":"default","ocean_display_footer_bottom":"default","ocean_custom_footer_template":"0","footnotes":""},"_links":{"self":[{"href":"https:\/\/mlm-engineering.com\/sk\/wp-json\/wp\/v2\/pages\/2195"}],"collection":[{"href":"https:\/\/mlm-engineering.com\/sk\/wp-json\/wp\/v2\/pages"}],"about":[{"href":"https:\/\/mlm-engineering.com\/sk\/wp-json\/wp\/v2\/types\/page"}],"author":[{"embeddable":true,"href":"https:\/\/mlm-engineering.com\/sk\/wp-json\/wp\/v2\/users\/3"}],"replies":[{"embeddable":true,"href":"https:\/\/mlm-engineering.com\/sk\/wp-json\/wp\/v2\/comments?post=2195"}],"version-history":[{"count":4,"href":"https:\/\/mlm-engineering.com\/sk\/wp-json\/wp\/v2\/pages\/2195\/revisions"}],"predecessor-version":[{"id":2436,"href":"https:\/\/mlm-engineering.com\/sk\/wp-json\/wp\/v2\/pages\/2195\/revisions\/2436"}],"wp:attachment":[{"href":"https:\/\/mlm-engineering.com\/sk\/wp-json\/wp\/v2\/media?parent=2195"}],"curies":[{"name":"wp","href":"https:\/\/api.w.org\/{rel}","templated":true}]}}