{"id":2209,"date":"2022-06-10T07:13:58","date_gmt":"2022-06-10T07:13:58","guid":{"rendered":"https:\/\/mlm-engineering.com\/?page_id=2209"},"modified":"2022-06-10T07:14:49","modified_gmt":"2022-06-10T07:14:49","slug":"politika-zasebnosti","status":"publish","type":"page","link":"https:\/\/mlm-engineering.com\/tr\/politika-zasebnosti\/","title":{"rendered":"Gizlilik Politikas\u0131"},"content":{"rendered":"<div data-elementor-type=\"wp-page\" data-elementor-id=\"2209\" class=\"elementor elementor-2209\">\n\t\t\t\t\t\t<section class=\"elementor-section elementor-top-section elementor-element elementor-element-676f2f3 elementor-section-boxed elementor-section-height-default elementor-section-height-default\" data-id=\"676f2f3\" data-element_type=\"section\" data-settings=\"{&quot;background_background&quot;:&quot;classic&quot;}\">\n\t\t\t\t\t\t<div class=\"elementor-container elementor-column-gap-default\">\n\t\t\t\t\t<div class=\"elementor-column elementor-col-100 elementor-top-column elementor-element elementor-element-cda71a6\" data-id=\"cda71a6\" data-element_type=\"column\">\n\t\t\t<div class=\"elementor-widget-wrap elementor-element-populated\">\n\t\t\t\t\t\t<div class=\"elementor-element elementor-element-53e4b40 elementor-widget elementor-widget-heading\" data-id=\"53e4b40\" data-element_type=\"widget\" data-widget_type=\"heading.default\">\n\t\t\t\t<div class=\"elementor-widget-container\">\n\t\t\t<h2 class=\"elementor-heading-title elementor-size-default\">Gizlilik Politikas\u0131<\/h2>\t\t<\/div>\n\t\t\t\t<\/div>\n\t\t\t\t<div class=\"elementor-element elementor-element-cfd40ef elementor-widget elementor-widget-text-editor\" data-id=\"cfd40ef\" data-element_type=\"widget\" data-widget_type=\"text-editor.default\">\n\t\t\t\t<div class=\"elementor-widget-container\">\n\t\t\t\t\t\t\t<ol><li><strong>NEYE \u0130HT\u0130YACIMIZ VAR<\/strong><\/li><\/ol><p>Gizlilik politikam\u0131z ki\u015fisel verilerin kullan\u0131m\u0131 ve saklanmas\u0131n\u0131 d\u00fczenler. Gizlilik politikam\u0131z\u0131 Gizlilik Bildirimi sayfas\u0131nda (a\u015fa\u011f\u0131da eklenmi\u015ftir) g\u00f6r\u00fcnt\u00fcleyebilirsiniz. MLM ENGINEERING MIHA FLANDER S.P., ENGINEERING, CESTA POD RIFNIKOM 23 , 3230 \u0160ENTJUR, sa\u011flad\u0131\u011f\u0131 ki\u015fisel verilerin denetleyicisidir (veri sahibi: siz, m\u00fc\u015fteri, ziyaret\u00e7i vb.). A\u015fa\u011f\u0131daki ki\u015fisel veri t\u00fcrlerini topluyoruz:<\/p><ul><li>E-posta adresi;<\/li><li>\u0130sim, Adres, E-posta adresi ve Telefon numaras\u0131;<\/li><li>Kredi veya banka kart\u0131 bilgileri, Paypal ve di\u011fer \u00f6deme y\u00f6ntemleri gibi \u00f6deme bilgileri;<\/li><li>Ki\u015fisel verilerin do\u011frulu\u011funu teyit eden kimlik belgelerinin kopyalar\u0131;<\/li><li>\u00c7erezler;<\/li><li>Google Analytics ve Yandex ve Cloudflare ziyaret takibi;<\/li><li>Sosyal gruplardaki ki\u015fisel profillere ba\u011flant\u0131lar.<\/li><\/ul><p>Her bir ki\u015fisel veri t\u00fcr\u00fc, gereklilik esas\u0131na dayal\u0131 olarak ve ayr\u0131 ayr\u0131 r\u0131za ile elde edilmektedir.<\/p><ol start=\"2\"><li><strong>NEDEN ONLARA IHTIYACIMIZ VAR<\/strong><\/li><\/ol><p>A\u015fa\u011f\u0131daki hizmetler i\u00e7in ki\u015fisel verilerinize ihtiyac\u0131m\u0131z var:<\/p><ol><li style=\"list-style-type: none;\"><ol><li>E-postalar\u0131n\u0131za veya ileti\u015fim formlar\u0131 arac\u0131l\u0131\u011f\u0131yla g\u00f6nderilen mesajlara yan\u0131t vermek i\u00e7in e-posta adresi;<\/li><li>Teklif ve haber b\u00fcltenleri g\u00f6ndermek i\u00e7in e-posta adresi;<\/li><li>Rezervasyonlar\u0131, sorular\u0131 almak ve teklif g\u00f6ndermek amac\u0131yla veya di\u011fer taleplerinizin yerine getirilmesiyle ba\u011flant\u0131l\u0131 olarak \u0130sim, Adres, E-posta adresi ve Telefon numaras\u0131;<\/li><li>Teklifimizle ba\u011flant\u0131l\u0131 olarak hediye \u00e7ekleri, kuponlar veya hizmetler ve \u00fcr\u00fcnler sat\u0131n almak i\u00e7in \u0130sim, Adres, E-posta Adresi ve Telefon Numaras\u0131;<\/li><li>Hizmetlerin sa\u011flanmas\u0131 i\u00e7in \u00f6deme ara\u00e7lar\u0131n\u0131n ayr\u0131nt\u0131lar\u0131 ve kimlik belgelerinin kopyalar\u0131;<\/li><li>Otomatik pazarlama i\u00e7in e-posta adresi (rezervasyon onaylar\u0131, te\u015fekk\u00fcr notlar\u0131, vb.);<\/li><li>Web sitelerinin \u00e7al\u0131\u015fmas\u0131 i\u00e7in \u00e7erezler;<\/li><li>Bizimle ba\u011flant\u0131n\u0131z\u0131 do\u011frulayan ki\u015fisel profillere sahip sosyal gruplar arac\u0131l\u0131\u011f\u0131yla ileti\u015fim kurmak;<\/li><li>\u00d6nceden izninizle ara s\u0131ra \u00e7ekili\u015fler veya di\u011fer promosyonlar i\u00e7in \u0130sim, Adres, E-posta Adresi ve Telefon Numaras\u0131;<\/li><li>\u0130\u00e7eri\u011fi iyile\u015ftirmek i\u00e7in ziyaretleri ve dahili analizleri izlemek amac\u0131yla Google Analytics veya Yandex Direct ve Cloudflare'den al\u0131nan toplu veriler.<\/li><\/ol><\/li><\/ol><p>\u00a0<\/p><ol><li><strong>KI\u0307\u015eI\u0307SEL VERI\u0307LERLE NE YAPIYORUZ<\/strong><\/li><\/ol><p>Ki\u015fisel verileriniz, Slovenya'da bulunan MLM ENGINEERING MIHA FLANDER S.P., ENGINEERING, CESTA POD RIFNIKOM 23 , 3230 \u0160ENTJUR taraf\u0131ndan i\u015flenmektedir. Veriler, Avrupa Birli\u011fi'nde (Almanya) bulunan https:\/\/mlm-engineering.com\/ adresinde bar\u0131nd\u0131r\u0131l\u0131r ve saklan\u0131r. Yasalar gerektirmedik\u00e7e, hi\u00e7bir \u00fc\u00e7\u00fcnc\u00fc taraf sa\u011flay\u0131c\u0131n\u0131n verilerinize eri\u015fimi yoktur.<\/p><ol start=\"4\"><li><strong>NE KADAR S\u00dcREYLE SAKLANDIKLARI<\/strong><\/li><\/ol><p>Web sitemizde sosyal hizmetlere ve di\u011fer \"payla\u015f\u0131m\" sa\u011flay\u0131c\u0131lar\u0131na ba\u011flanmak i\u00e7in kal\u0131c\u0131 \u00e7erezler ve web sitemizdeki favori i\u00e7eri\u011finize tekrar tekrar eri\u015fmenize yard\u0131mc\u0131 olmak i\u00e7in \u00e7erezler kullan\u0131yoruz.<\/p><ol start=\"5\"><li><strong>HAKLARINIZ NELERDIR<\/strong><\/li><\/ol><p>Hakk\u0131n\u0131zda tuttu\u011fumuz ki\u015fisel verilerin yanl\u0131\u015f veya eksik oldu\u011funu d\u00fc\u015f\u00fcn\u00fcyorsan\u0131z, bu verileri g\u00f6zden ge\u00e7irmek, d\u00fczeltmek veya silmek i\u00e7in bir talepte bulunma f\u0131rsat\u0131na sahipsiniz. Ki\u015fisel verilerinizi nas\u0131l i\u015fledi\u011fimiz hakk\u0131nda \u015fikayette bulunmak isterseniz, l\u00fctfen info@mlm-engineering.com\/ adresinden Veri Koruma G\u00f6revlisi veya Veri Koruma \u0130rtibat Ki\u015fisi (DPC) ile ileti\u015fime ge\u00e7in veya MLM ENGINEERING MIHA FLANDER S.P., ENGINEERING, CESTA POD RIFNIKOM 23 , 3230 \u0160ENTJUR adresine yaz\u0131l\u0131 olarak ba\u015fvurun. DPC'miz daha sonra \u015fikayetinizi ara\u015ft\u0131racak ve konunun \u00e7\u00f6z\u00fcm\u00fc hakk\u0131nda sizi bilgilendirecektir. Ki\u015fisel verilerinizin hala yasalara uygun \u015fekilde i\u015flenmedi\u011fini d\u00fc\u015f\u00fcn\u00fcyorsan\u0131z, Bilgi Komiseri ile ileti\u015fime ge\u00e7ebilir ve kendisine \u015fikayette bulunabilirsiniz. Gizlilik Bildirimi sayfas\u0131nda bulabilece\u011finiz \u00f6zel bir form kullanarak gizlilikle ilgili politikalara ve belgelere eri\u015fim talep edebilirsiniz.\u00a0<strong>\u0130lgili belgeler:<\/strong><\/p><ul><li>Ki\u015fisel Verilerin Korunmas\u0131 Politikas\u0131<\/li><li>Ki\u015fisel Veri Saklama Politikas\u0131 (e-posta yoluyla veya \u015fahsen talep \u00fczerine)<\/li><li>Ki\u015fisel verilerin saklanmas\u0131na ili\u015fkin program (e-posta veya \u015fahsen talep \u00fczerine)<\/li><li>Gizlilik Bildirimi<\/li><li>Genel H\u00fck\u00fcm ve Ko\u015fullar<\/li><li>Onay formu<\/li><li>Onay formunun geri \u00e7ekilmesi<\/li><\/ul><p>\u0160ENTJUR, 10.6.2022, Ver. Belge: 1.0<\/p>\t\t\t\t\t\t<\/div>\n\t\t\t\t<\/div>\n\t\t\t\t\t<\/div>\n\t\t<\/div>\n\t\t\t\t\t<\/div>\n\t\t<\/section>\n\t\t\t\t<\/div>","protected":false},"excerpt":{"rendered":"<p>Politika zasebnosti KAJ POTREBUJEMO Na\u0161a politika varovanja osebnih podatkov ureja uporabo in shranjevanje podatkov. Politiko varovanja osebnih podatkov si lahko ogledate na strani Obvestilo o zasebnosti (priloga spodaj). MLM ENGINEERING MIHA FLANDER S.P., IN\u017dINIRING, CESTA POD RIFNIKOM 23 , 3230 \u0160ENTJUR je upravljalec osebnih podatkov, ki jih posreduje (subjekt podatkov: vi, kupec, obiskovalec itd.). Zbiramo [&hellip;]<\/p>","protected":false},"author":3,"featured_media":0,"parent":0,"menu_order":0,"comment_status":"closed","ping_status":"closed","template":"","meta":{"_seopress_robots_primary_cat":"","_seopress_titles_title":"","_seopress_titles_desc":"","_seopress_robots_index":"","ocean_post_layout":"full-screen","ocean_both_sidebars_style":"","ocean_both_sidebars_content_width":0,"ocean_both_sidebars_sidebars_width":0,"ocean_sidebar":"0","ocean_second_sidebar":"0","ocean_disable_margins":"on","ocean_add_body_class":"","ocean_shortcode_before_top_bar":"","ocean_shortcode_after_top_bar":"","ocean_shortcode_before_header":"","ocean_shortcode_after_header":"","ocean_has_shortcode":"","ocean_shortcode_after_title":"","ocean_shortcode_before_footer_widgets":"","ocean_shortcode_after_footer_widgets":"","ocean_shortcode_before_footer_bottom":"","ocean_shortcode_after_footer_bottom":"","ocean_display_top_bar":"default","ocean_display_header":"default","ocean_header_style":"","ocean_center_header_left_menu":"0","ocean_custom_header_template":"0","ocean_custom_logo":0,"ocean_custom_retina_logo":0,"ocean_custom_logo_max_width":0,"ocean_custom_logo_tablet_max_width":0,"ocean_custom_logo_mobile_max_width":0,"ocean_custom_logo_max_height":0,"ocean_custom_logo_tablet_max_height":0,"ocean_custom_logo_mobile_max_height":0,"ocean_header_custom_menu":"0","ocean_menu_typo_font_family":"0","ocean_menu_typo_font_subset":"","ocean_menu_typo_font_size":0,"ocean_menu_typo_font_size_tablet":0,"ocean_menu_typo_font_size_mobile":0,"ocean_menu_typo_font_size_unit":"px","ocean_menu_typo_font_weight":"","ocean_menu_typo_font_weight_tablet":"","ocean_menu_typo_font_weight_mobile":"","ocean_menu_typo_transform":"","ocean_menu_typo_transform_tablet":"","ocean_menu_typo_transform_mobile":"","ocean_menu_typo_line_height":0,"ocean_menu_typo_line_height_tablet":0,"ocean_menu_typo_line_height_mobile":0,"ocean_menu_typo_line_height_unit":"","ocean_menu_typo_spacing":0,"ocean_menu_typo_spacing_tablet":0,"ocean_menu_typo_spacing_mobile":0,"ocean_menu_typo_spacing_unit":"","ocean_menu_link_color":"","ocean_menu_link_color_hover":"","ocean_menu_link_color_active":"","ocean_menu_link_background":"","ocean_menu_link_hover_background":"","ocean_menu_link_active_background":"","ocean_menu_social_links_bg":"","ocean_menu_social_hover_links_bg":"","ocean_menu_social_links_color":"","ocean_menu_social_hover_links_color":"","ocean_disable_title":"on","ocean_disable_heading":"on","ocean_post_title":"","ocean_post_subheading":"","ocean_post_title_style":"","ocean_post_title_background_color":"","ocean_post_title_background":0,"ocean_post_title_bg_image_position":"","ocean_post_title_bg_image_attachment":"","ocean_post_title_bg_image_repeat":"","ocean_post_title_bg_image_size":"","ocean_post_title_height":0,"ocean_post_title_bg_overlay":0.5,"ocean_post_title_bg_overlay_color":"","ocean_disable_breadcrumbs":"off","ocean_breadcrumbs_color":"","ocean_breadcrumbs_separator_color":"","ocean_breadcrumbs_links_color":"","ocean_breadcrumbs_links_hover_color":"","ocean_display_footer_widgets":"default","ocean_display_footer_bottom":"default","ocean_custom_footer_template":"0","footnotes":""},"_links":{"self":[{"href":"https:\/\/mlm-engineering.com\/tr\/wp-json\/wp\/v2\/pages\/2209"}],"collection":[{"href":"https:\/\/mlm-engineering.com\/tr\/wp-json\/wp\/v2\/pages"}],"about":[{"href":"https:\/\/mlm-engineering.com\/tr\/wp-json\/wp\/v2\/types\/page"}],"author":[{"embeddable":true,"href":"https:\/\/mlm-engineering.com\/tr\/wp-json\/wp\/v2\/users\/3"}],"replies":[{"embeddable":true,"href":"https:\/\/mlm-engineering.com\/tr\/wp-json\/wp\/v2\/comments?post=2209"}],"version-history":[{"count":0,"href":"https:\/\/mlm-engineering.com\/tr\/wp-json\/wp\/v2\/pages\/2209\/revisions"}],"wp:attachment":[{"href":"https:\/\/mlm-engineering.com\/tr\/wp-json\/wp\/v2\/media?parent=2209"}],"curies":[{"name":"wp","href":"https:\/\/api.w.org\/{rel}","templated":true}]}}