{"id":2209,"date":"2022-06-10T07:13:58","date_gmt":"2022-06-10T07:13:58","guid":{"rendered":"https:\/\/mlm-engineering.com\/?page_id=2209"},"modified":"2022-06-10T07:14:49","modified_gmt":"2022-06-10T07:14:49","slug":"politika-zasebnosti","status":"publish","type":"page","link":"https:\/\/mlm-engineering.com\/uk\/politika-zasebnosti\/","title":{"rendered":"\u041f\u043e\u043b\u0456\u0442\u0438\u043a\u0430 \u043a\u043e\u043d\u0444\u0456\u0434\u0435\u043d\u0446\u0456\u0439\u043d\u043e\u0441\u0442\u0456"},"content":{"rendered":"<div data-elementor-type=\"wp-page\" data-elementor-id=\"2209\" class=\"elementor elementor-2209\">\n\t\t\t\t\t\t<section class=\"elementor-section elementor-top-section elementor-element elementor-element-676f2f3 elementor-section-boxed elementor-section-height-default elementor-section-height-default\" data-id=\"676f2f3\" data-element_type=\"section\" data-settings=\"{&quot;background_background&quot;:&quot;classic&quot;}\">\n\t\t\t\t\t\t<div class=\"elementor-container elementor-column-gap-default\">\n\t\t\t\t\t<div class=\"elementor-column elementor-col-100 elementor-top-column elementor-element elementor-element-cda71a6\" data-id=\"cda71a6\" data-element_type=\"column\">\n\t\t\t<div class=\"elementor-widget-wrap elementor-element-populated\">\n\t\t\t\t\t\t<div class=\"elementor-element elementor-element-53e4b40 elementor-widget elementor-widget-heading\" data-id=\"53e4b40\" data-element_type=\"widget\" data-widget_type=\"heading.default\">\n\t\t\t\t<div class=\"elementor-widget-container\">\n\t\t\t<h2 class=\"elementor-heading-title elementor-size-default\">\u041f\u043e\u043b\u0456\u0442\u0438\u043a\u0430 \u043a\u043e\u043d\u0444\u0456\u0434\u0435\u043d\u0446\u0456\u0439\u043d\u043e\u0441\u0442\u0456<\/h2>\t\t<\/div>\n\t\t\t\t<\/div>\n\t\t\t\t<div class=\"elementor-element elementor-element-cfd40ef elementor-widget elementor-widget-text-editor\" data-id=\"cfd40ef\" data-element_type=\"widget\" data-widget_type=\"text-editor.default\">\n\t\t\t\t<div class=\"elementor-widget-container\">\n\t\t\t\t\t\t\t<ol><li><strong>KAJ POTREBUJEMO<\/strong><\/li><\/ol><p>Na\u0161a politika varovanja osebnih podatkov ureja uporabo in shranjevanje podatkov. Politiko varovanja osebnih podatkov si lahko ogledate na strani Obvestilo o zasebnosti (priloga spodaj). MLM ENGINEERING MIHA FLANDER S.P., IN\u017dINIRING, CESTA POD RIFNIKOM 23 , 3230 \u0160ENTJUR je upravljalec osebnih podatkov, ki jih posreduje (subjekt podatkov: vi, kupec, obiskovalec itd.). Zbiramo naslednje vrste osebnih podatkov:<\/p><ul><li>E-mail naslov;<\/li><li>Ime in Priimek, Naslov, E-naslov in Telefonska \u0161tevilka;<\/li><li>Podatke o pla\u010dilnih sredstvih, kot so podatki kreditnih ali pla\u010dilnih kartic, Paypal in ostali na\u010dini pla\u010dil;<\/li><li>Kopije osebnih dokumentov, ki potrdijo to\u010dnost osebnih podatkov;<\/li><li>Pi\u0161kotke;<\/li><li>Google Analytics in Yandex ter Cloudflare sledenje obiska;<\/li><li>Povezave z osebnimi profili na socialnih skupinah.<\/li><\/ul><p>Vsak osebni podatek po vrsti podatka pridobimo glede na nujnost in z lo\u010denim soglasjem.<\/p><ol start=\"2\"><li><strong>ZAKAJ JIH POTREBUJEMO<\/strong><\/li><\/ol><p>Va\u0161e osebne podatke potrebujemo za naslednje storitve:<\/p><ol><li style=\"list-style-type: none;\"><ol><li>E-mail naslov za odgovarjanje na va\u0161a e-mail sporo\u010dila ali sporo\u010dila, poslana preko kontaktnih obrazcev;<\/li><li>E-mail naslov za po\u0161iljanje ponudb in e-novic;<\/li><li>Ime in Priimek, Naslov, E-naslov in Telefonska \u0161tevilka za sprejemanje rezervacij, povpra\u0161evanj in po\u0161iljanje ponudb ali v zvezi z izpolnitvijo drugih Va\u0161ih zahtev;<\/li><li>Ime in Priimek, Naslov, E-naslov in Telefonska \u0161tevilka za nakup darilnih bonov, voucherjev ali storitev in predmetov v zvezi z na\u0161o ponudbo;<\/li><li>Podatke o pla\u010dilnih sredstvih in kopije osebnih dokumentov za izvedbo storitev;<\/li><li>E-mail naslov za avtomatiziran marketing (potrjevanje rezervacij, zahvale za prijave in podobno);<\/li><li>Pi\u0161kotki za delovanje spletnih stran;<\/li><li>Komuniciranje preko socialnih skupin z osebnimi profili, ki potrdijo povezavo z nami;<\/li><li>Ime in Priimek, Naslov, E-naslov in Telefonska \u0161tevilka za ob\u010dasne nagradne igre ali druge promocijske akcije z va\u0161im predhodnim dovoljenjem;<\/li><li>Agregirane podatke iz Google Analytics ali Yandex Direct ter Cloudflare za sledenje obiska in interno analitiko, s katero bomo izbolj\u0161evali vsebine.<\/li><\/ol><\/li><\/ol><p>\u00a0<\/p><ol><li><strong>KAJ PO\u010cNEMO Z OSEBNIMI PODATKI<\/strong><\/li><\/ol><p>Va\u0161i osebni podatki so obdelani v MLM ENGINEERING MIHA FLANDER S.P., IN\u017dINIRING, CESTA POD RIFNIKOM 23 , 3230 \u0160ENTJUR, ki je locirana v Sloveniji. Gostovanje in shranjevanje podatkov poteka https:\/\/mlm-engineering.com\/, ki je locirana v dr\u017eavah Evropske unije (Nem\u010dija). Noben tretji ponudnik nima dostopa do va\u0161ih podatkov, razen, \u010de je to potrebno zaradi zakonodaje.<\/p><ol start=\"4\"><li><strong>KAKO DOLGO JIH HRANIMO<\/strong><\/li><\/ol><p>Na na\u0161i spletni strani uporabljamo trajne pi\u0161kotke za povezave do socialnih storitev in ostalih \u201cdelitvenih\u201d ponudnikov in pi\u0161kotke, ki vam vedno znova pomagajo do va\u0161ih najbolj priljubljenih vsebin na na\u0161i spletni strani.<\/p><ol start=\"5\"><li><strong>KAK\u0160NE SO VA\u0160E PRAVICE<\/strong><\/li><\/ol><p>\u010ce mislite, da so osebni podatki, ki jih imamo o vas, napa\u010dni ali nepopolni, imate mo\u017enost, da po\u0161ljete zahtevo o pregledu teh podatkov, jih popravite ali jih izbri\u0161ete. Pi\u0161ite nam preko (Obrazec za zahtevek za dostop do podatkovnih podatkov). V primeru, da se \u017eelite prito\u017eiti, kako smo obdelali va\u0161e osebne podatke, se obrnite na poobla\u0161\u010deno osebo za varstvo podatkov oz. Kontaktna oseba za za\u0161\u010dito podatkov (DPC, Data Protection Contact)\u00a0 na e-naslov\u00a0info@mlm-engineering.com\/\u00a0ali pisno na MLM ENGINEERING MIHA FLANDER S.P., IN\u017dINIRING, CESTA POD RIFNIKOM 23 , 3230 \u0160ENTJUR. Na\u0161 DPC bo nato preu\u010dil va\u0161o prito\u017ebo in vas obvestil o re\u0161itvi zadeve. \u010ce \u0161e vedno menite, da va\u0161i osebni podatki niso bili ustrezno obdelani v skladu z zakonom, se lahko obrnete na Informacijskega poobla\u0161\u010denca in vlo\u017eite prito\u017ebo pri njem. S posebnim obrazcem, ki ga najdete na strani Obvestilo o zasebnosti lahko zahtevate dostop do politik in dokumentov, ki so povezani z zasebnostjo.\u00a0<strong>Povezani dokumenti:<\/strong><\/p><ul><li>Politika varovanja osebnih podatkov<\/li><li>Politika hrambe osebnih podatkov (na zahtevo po e-po\u0161ti ali osebno)<\/li><li>Urnik hrambe osebnih podatkov\u00a0(na zahtevo po e-po\u0161ti ali osebno)<\/li><li>Obvestilo o zasebnosti<\/li><li>\u0417\u0430\u0433\u0430\u043b\u044c\u043d\u0456 \u043f\u043e\u043b\u043e\u0436\u0435\u043d\u043d\u044f \u0442\u0430 \u0443\u043c\u043e\u0432\u0438<\/li><li>Obrazec za soglasje<\/li><li>Obrazec za umik soglasja<\/li><\/ul><p>\u0160ENTJUR, 10.6.2022, Ver. Dokumenta: 1.0<\/p>\t\t\t\t\t\t<\/div>\n\t\t\t\t<\/div>\n\t\t\t\t\t<\/div>\n\t\t<\/div>\n\t\t\t\t\t<\/div>\n\t\t<\/section>\n\t\t\t\t<\/div>","protected":false},"excerpt":{"rendered":"<p>Politika zasebnosti KAJ POTREBUJEMO Na\u0161a politika varovanja osebnih podatkov ureja uporabo in shranjevanje podatkov. Politiko varovanja osebnih podatkov si lahko ogledate na strani Obvestilo o zasebnosti (priloga spodaj). MLM ENGINEERING MIHA FLANDER S.P., IN\u017dINIRING, CESTA POD RIFNIKOM 23 , 3230 \u0160ENTJUR je upravljalec osebnih podatkov, ki jih posreduje (subjekt podatkov: vi, kupec, obiskovalec itd.). Zbiramo [&hellip;]<\/p>","protected":false},"author":3,"featured_media":0,"parent":0,"menu_order":0,"comment_status":"closed","ping_status":"closed","template":"","meta":{"_seopress_robots_primary_cat":"","_seopress_titles_title":"","_seopress_titles_desc":"","_seopress_robots_index":"","ocean_post_layout":"full-screen","ocean_both_sidebars_style":"","ocean_both_sidebars_content_width":0,"ocean_both_sidebars_sidebars_width":0,"ocean_sidebar":"0","ocean_second_sidebar":"0","ocean_disable_margins":"on","ocean_add_body_class":"","ocean_shortcode_before_top_bar":"","ocean_shortcode_after_top_bar":"","ocean_shortcode_before_header":"","ocean_shortcode_after_header":"","ocean_has_shortcode":"","ocean_shortcode_after_title":"","ocean_shortcode_before_footer_widgets":"","ocean_shortcode_after_footer_widgets":"","ocean_shortcode_before_footer_bottom":"","ocean_shortcode_after_footer_bottom":"","ocean_display_top_bar":"default","ocean_display_header":"default","ocean_header_style":"","ocean_center_header_left_menu":"0","ocean_custom_header_template":"0","ocean_custom_logo":0,"ocean_custom_retina_logo":0,"ocean_custom_logo_max_width":0,"ocean_custom_logo_tablet_max_width":0,"ocean_custom_logo_mobile_max_width":0,"ocean_custom_logo_max_height":0,"ocean_custom_logo_tablet_max_height":0,"ocean_custom_logo_mobile_max_height":0,"ocean_header_custom_menu":"0","ocean_menu_typo_font_family":"0","ocean_menu_typo_font_subset":"","ocean_menu_typo_font_size":0,"ocean_menu_typo_font_size_tablet":0,"ocean_menu_typo_font_size_mobile":0,"ocean_menu_typo_font_size_unit":"px","ocean_menu_typo_font_weight":"","ocean_menu_typo_font_weight_tablet":"","ocean_menu_typo_font_weight_mobile":"","ocean_menu_typo_transform":"","ocean_menu_typo_transform_tablet":"","ocean_menu_typo_transform_mobile":"","ocean_menu_typo_line_height":0,"ocean_menu_typo_line_height_tablet":0,"ocean_menu_typo_line_height_mobile":0,"ocean_menu_typo_line_height_unit":"","ocean_menu_typo_spacing":0,"ocean_menu_typo_spacing_tablet":0,"ocean_menu_typo_spacing_mobile":0,"ocean_menu_typo_spacing_unit":"","ocean_menu_link_color":"","ocean_menu_link_color_hover":"","ocean_menu_link_color_active":"","ocean_menu_link_background":"","ocean_menu_link_hover_background":"","ocean_menu_link_active_background":"","ocean_menu_social_links_bg":"","ocean_menu_social_hover_links_bg":"","ocean_menu_social_links_color":"","ocean_menu_social_hover_links_color":"","ocean_disable_title":"on","ocean_disable_heading":"on","ocean_post_title":"","ocean_post_subheading":"","ocean_post_title_style":"","ocean_post_title_background_color":"","ocean_post_title_background":0,"ocean_post_title_bg_image_position":"","ocean_post_title_bg_image_attachment":"","ocean_post_title_bg_image_repeat":"","ocean_post_title_bg_image_size":"","ocean_post_title_height":0,"ocean_post_title_bg_overlay":0.5,"ocean_post_title_bg_overlay_color":"","ocean_disable_breadcrumbs":"off","ocean_breadcrumbs_color":"","ocean_breadcrumbs_separator_color":"","ocean_breadcrumbs_links_color":"","ocean_breadcrumbs_links_hover_color":"","ocean_display_footer_widgets":"default","ocean_display_footer_bottom":"default","ocean_custom_footer_template":"0","footnotes":""},"_links":{"self":[{"href":"https:\/\/mlm-engineering.com\/uk\/wp-json\/wp\/v2\/pages\/2209"}],"collection":[{"href":"https:\/\/mlm-engineering.com\/uk\/wp-json\/wp\/v2\/pages"}],"about":[{"href":"https:\/\/mlm-engineering.com\/uk\/wp-json\/wp\/v2\/types\/page"}],"author":[{"embeddable":true,"href":"https:\/\/mlm-engineering.com\/uk\/wp-json\/wp\/v2\/users\/3"}],"replies":[{"embeddable":true,"href":"https:\/\/mlm-engineering.com\/uk\/wp-json\/wp\/v2\/comments?post=2209"}],"version-history":[{"count":0,"href":"https:\/\/mlm-engineering.com\/uk\/wp-json\/wp\/v2\/pages\/2209\/revisions"}],"wp:attachment":[{"href":"https:\/\/mlm-engineering.com\/uk\/wp-json\/wp\/v2\/media?parent=2209"}],"curies":[{"name":"wp","href":"https:\/\/api.w.org\/{rel}","templated":true}]}}